{"id":1208,"date":"2022-02-10T03:03:41","date_gmt":"2022-02-10T02:03:41","guid":{"rendered":"https:\/\/lfiduras.com\/?page_id=1208"},"modified":"2026-03-27T07:50:52","modified_gmt":"2026-03-27T00:50:52","slug":"recrutement","status":"publish","type":"page","link":"https:\/\/lfiduras.com\/index.php\/recrutement\/","title":{"rendered":"Emploi &amp; Recrutement"},"content":{"rendered":"\n<div style=\"height:10px\" aria-hidden=\"true\" class=\"wp-block-spacer\"><\/div>\n\n\n\n<h2 class=\"wp-block-heading\">Derni\u00e8res actualit\u00e9s<\/h2>\n\n\n\n<p class=\"has-cyan-bluish-gray-color has-text-color has-link-color wp-elements-9eaa836c6f4e7ef1fc7c616a97090834\"><em>Aucune actualit\u00e9 recrutement pour le moment.<\/em><\/p>\n\n\n\n<div style=\"height:20px\" aria-hidden=\"true\" class=\"wp-block-spacer\"><\/div>\n\n\n\n<hr class=\"wp-block-separator has-alpha-channel-opacity\"\/>\n\n\n\n<div style=\"height:10px\" aria-hidden=\"true\" class=\"wp-block-spacer\"><\/div>\n\n\n\n<h1 class=\"wp-block-heading has-text-align-center\">Recrutement des personnels de droit local<\/h1>\n\n\n\n<p><\/p>\n\n\n\n<h3 class=\"wp-block-heading has-text-align-center\">Postes \u00e0 pourvoir pour l&#8217;ann\u00e9e scolaire 2026-2027<br><\/h3>\n\n\n\n<h4 class=\"wp-block-heading\">PERSONNELS ENSEIGNANTS<\/h4>\n\n\n\n<p>Les postes indiqu\u00e9s ci-dessous ont \u00e9t\u00e9 publi\u00e9s sur la plateforme <strong>Talents<\/strong> de l\u2019AEFE (<strong><a href=\"https:\/\/talents.aefe.fr\/fr\">https:\/\/talents.aefe.fr\/fr<\/a><\/strong>). Pour postuler, merci de vous rendre sur le site et d\u2019utiliser les liens indiqu\u00e9s.<\/p>\n\n\n\n<p>Le <strong>dossier de candidature<\/strong> doit \u00eatre <strong>d\u00fbment compl\u00e9t\u00e9 et accompagn\u00e9 de tous les justificatifs<\/strong>. <strong>Toutes les pi\u00e8ces doivent \u00eatre scann\u00e9es en un seul fichier PDF<\/strong>, lisible et dans le bon sens de lecture, puis envoy\u00e9es via la plateforme <strong>Talents<\/strong> (fonction \u00ab ajout de pi\u00e8ces jointes \u00bb).<\/p>\n\n\n\n<ul class=\"wp-block-list\">\n<li><strong><a href=\"https:\/\/lfiduras.com\/lfiduras\/wp-content\/uploads\/2025\/12\/Dossier-de-candidature-Enseignant.pdf\" data-type=\"link\" data-id=\"https:\/\/lfiduras.com\/lfiduras\/wp-content\/uploads\/2025\/12\/Dossier-de-candidature-Enseignant.pdf\" target=\"_blank\" rel=\"noreferrer noopener\">Dossier de candidature Enseignant<\/a><\/strong><\/li>\n<\/ul>\n\n\n\n<p>\u26a0\ufe0f <strong>Attention<\/strong> : les candidats ayant d\u00e9j\u00e0 postul\u00e9 sur les postes en <strong>d\u00e9tachement<\/strong> doivent \u00e9galement <strong>renvoyer leur dossier de candidature en PDL (contrat local)<\/strong>. Une <strong>vigilance particuli\u00e8re est demand\u00e9e concernant les pi\u00e8ces obligatoires<\/strong> : tout <strong>dossier incomplet ne sera pas class\u00e9<\/strong>.<\/p>\n\n\n\n<p><strong><mark style=\"background-color:rgba(0, 0, 0, 0)\" class=\"has-inline-color has-vivid-red-color\">Date limite de candidature : dimanche 25 janvier 2026<\/mark><\/strong> (23h59 &#8211; heure de Paris)<\/p>\n\n\n\n<p><em>Les enseignants du 2<sup>nd<\/sup>&nbsp;degr\u00e9 sont susceptibles d\u2019enseigner de la 6<sup>e<\/sup>&nbsp;\u00e0 la terminale g\u00e9n\u00e9rale.<\/em><\/p>\n\n\n\n<div style=\"height:10px\" aria-hidden=\"true\" class=\"wp-block-spacer\"><\/div>\n\n\n\n<h6 class=\"wp-block-heading\"><strong>Second degr\u00e9 &#8211; postes vacants \u00e0 temps plein&nbsp;: <\/strong><\/h6>\n\n\n\n<ul class=\"wp-block-list\">\n<li>1 Professeur(e) d&#8217;Histoire g\u00e9ographie en anglais pour SIB\/BFI et anglais LVA- F\/H &#8211; <a href=\"https:\/\/lfiduras.com\/lfiduras\/wp-content\/uploads\/2025\/01\/Job-description-SIB-2025.pdf\">(Fiche de poste)<\/a> &#8211; 2 History and Geography Teachers in English for SIB\/BFI and English LVA<\/li>\n<\/ul>\n\n\n\n<div style=\"height:10px\" aria-hidden=\"true\" class=\"wp-block-spacer\"><\/div>\n\n\n\n<hr class=\"wp-block-separator has-alpha-channel-opacity is-style-dots\"\/>\n\n\n\n<h3 class=\"wp-block-heading has-text-align-center\">Postes (\u00e0 temps plein) susceptibles d&#8217;\u00eatre vacants pour l&#8217;ann\u00e9e scolaire 2026-2027<\/h3>\n\n\n\n<h6 class=\"wp-block-heading\"><strong>Second degr\u00e9 &#8211; postes susceptibles d&#8217;\u00eatre vacants \u00e0 temps plein&nbsp;: <\/strong><\/h6>\n\n\n\n<ul class=\"wp-block-list\">\n<li>1 Professeur(e)s d&#8217;EPS &#8211; F\/H<\/li>\n<\/ul>\n\n\n\n<div style=\"height:10px\" aria-hidden=\"true\" class=\"wp-block-spacer\"><\/div>\n\n\n\n<hr class=\"wp-block-separator has-alpha-channel-opacity\"\/>\n\n\n\n<h4 class=\"wp-block-heading\">PERSONNEL NON ENSEIGNANT &#8211; vacant<\/h4>\n\n\n\n<p class=\"has-cyan-bluish-gray-color has-text-color has-link-color wp-elements-e2ab3b2411c5ae616829fe9c07d4995f\"><em>Aucun poste n\u2019est propos\u00e9 actuellement.<\/em><\/p>\n\n\n\n<div style=\"height:5px\" aria-hidden=\"true\" class=\"wp-block-spacer\"><\/div>\n\n\n\n<p>Pour postuler, merci de vous rendre sur le site et d\u2019utiliser les liens indiqu\u00e9s. Le <strong>dossier de candidature<\/strong> doit \u00eatre <strong>d\u00fbment compl\u00e9t\u00e9 et accompagn\u00e9 de tous les justificatifs<\/strong>. <strong>Toutes les pi\u00e8ces doivent \u00eatre scann\u00e9es en un seul fichier PDF<\/strong>, lisible et dans le bon sens de lecture, puis envoy\u00e9es via la plateforme <strong>Talents<\/strong> (fonction \u00ab ajout de pi\u00e8ces jointes \u00bb).<\/p>\n\n\n\n<ul class=\"wp-block-list\">\n<li><a href=\"https:\/\/lfiduras.com\/lfiduras\/wp-content\/uploads\/2025\/12\/Dossier-de-candidature-Enseignant.pdf\" target=\"_blank\" rel=\"noreferrer noopener\"><strong>Dossier de candidature Non Enseignant<\/strong><\/a><\/li>\n<\/ul>\n\n\n\n<div style=\"height:10px\" aria-hidden=\"true\" class=\"wp-block-spacer\"><\/div>\n\n\n\n<hr class=\"wp-block-separator has-alpha-channel-opacity is-style-wide\"\/>\n\n\n\n<div style=\"height:5px\" aria-hidden=\"true\" class=\"wp-block-spacer\"><\/div>\n\n\n\n<h2 class=\"wp-block-heading has-text-align-center\">R\u00e9mun\u00e9ration PDL<\/h2>\n\n\n\n<h4 class=\"wp-block-heading\"><strong>Personnel enseignant<\/strong><\/h4>\n\n\n\n<p>La r\u00e9mun\u00e9ration varie de 2245 \u20ac \u00e0 2895 \u20ac en d\u00e9but de contrat en fonction de la qualification et de l\u2019anciennet\u00e9 acquise et peut aller jusqu\u2019\u00e0 3518 \u20ac en fin d\u2019engagement hors heures suppl\u00e9mentaires et IMP.<\/p>\n\n\n\n<p>S\u2019ajoute une prime annuelle de suivi des \u00e9l\u00e8ves de 1200 \u20ac (1<sup>er<\/sup>&nbsp;degr\u00e9) 1214 \u20ac (2<sup>nd<\/sup>&nbsp;degr\u00e9) et \u00e9ventuellement au coll\u00e8ge et au lyc\u00e9e une prime de professeur principal de 1246 \u20ac ou 1426 \u20ac en fonction du niveau de classe de la 6<sup>e<\/sup>&nbsp;\u00e0 la Term.<\/p>\n\n\n\n<p>Versement d&#8217;une prime d&#8217;installation de 1000 euros pour les nouveaux personnels recrut\u00e9s hors du Vietnam.<\/p>\n\n\n\n<p>Une indemnit\u00e9 de fin de service est vers\u00e9e en fin d\u2019engagement correspondant \u00e0 un demi mois de salaire par ann\u00e9e d\u2019anciennet\u00e9.<\/p>\n\n\n\n<p><strong>Les enseignants(es) des diff\u00e9rentes disciplines pr\u00e9ciseront leurs aptitudes particuli\u00e8res en informatique ou dans tout autre domaine de comp\u00e9tences compl\u00e9mentaires \u00e0 l\u2019enseignement (ma\u00eetrise de l\u2019anglais, exp\u00e9rience en FLE\/FLSCO, exp\u00e9rience \u00e0 l\u2019\u00e9tranger, etc.), ainsi que toute exp\u00e9rience personnelle de nature \u00e0 valoriser leur candidature.<\/strong><\/p>\n\n\n\n<p>Les candidat(e)s non-vietnamien(ne)s doivent s\u2019assurer de remplir les conditions d\u2019embauche d\u2019un salari\u00e9 \u00e9tranger au Vietnam :<\/p>\n\n\n\n<ul class=\"wp-block-list\">\n<li><strong>Personnels enseignants<\/strong> : titulaire de l&#8217;\u00e9ducation nationale et 3 ans d&#8217;exp\u00e9rience (\u00e0 temps plein hors du Vietnam) ou titulaire d&#8217;un dipl\u00f4me de master d\u2019enseignement dans la discipline enseign\u00e9e et 3 ans d&#8217;exp\u00e9rience dans l&#8217;enseignement (\u00e0 temps plein hors du Vietnam).<\/li>\n<\/ul>\n\n\n\n<hr class=\"wp-block-separator has-alpha-channel-opacity is-style-dots\"\/>\n\n\n\n<h4 class=\"wp-block-heading\"><strong>Personnel non enseignant<\/strong><\/h4>\n\n\n\n<p>La r\u00e9mun\u00e9ration varie en fonction des postes.<br>Versement d&#8217;une prime d&#8217;installation de 1000 euros pour les nouveaux personnels recrut\u00e9s hors du Vietnam.<\/p>\n\n\n\n<p>Les candidat(e)s non-vietnamien(ne)s doivent s\u2019assurer de remplir les conditions d\u2019embauche d\u2019un salari\u00e9 \u00e9tranger au Vietnam : <\/p>\n\n\n\n<ul class=\"wp-block-list\">\n<li><strong>Pour les personnels non-enseignants<\/strong> : dipl\u00f4me de BTS (au moins) ou sup\u00e9rieur (licence, bachelor&#8230;) et exp\u00e9rience d\u2019au moins 3 ans (\u00e0 temps plein) dans la fonction.<\/li>\n<\/ul>\n\n\n\n<div style=\"height:10px\" aria-hidden=\"true\" class=\"wp-block-spacer\"><\/div>\n\n\n\n<hr class=\"wp-block-separator has-alpha-channel-opacity is-style-dots\"\/>\n\n\n\n<h2 class=\"wp-block-heading has-text-align-center\">Poste en remplacement<\/h2>\n\n\n\n<div class=\"wp-block-media-text is-stacked-on-mobile\" style=\"grid-template-columns:30% auto\"><figure class=\"wp-block-media-text__media\"><img fetchpriority=\"high\" decoding=\"async\" width=\"1024\" height=\"1024\" src=\"https:\/\/lfiduras.com\/lfiduras\/wp-content\/uploads\/2025\/10\/Annonce-Recrutement-1024x1024.png\" alt=\"\" class=\"wp-image-8820 size-full\" srcset=\"https:\/\/lfiduras.com\/lfiduras\/wp-content\/uploads\/2025\/10\/Annonce-Recrutement-1024x1024.png 1024w, https:\/\/lfiduras.com\/lfiduras\/wp-content\/uploads\/2025\/10\/Annonce-Recrutement-300x300.png 300w, https:\/\/lfiduras.com\/lfiduras\/wp-content\/uploads\/2025\/10\/Annonce-Recrutement-150x150.png 150w, https:\/\/lfiduras.com\/lfiduras\/wp-content\/uploads\/2025\/10\/Annonce-Recrutement-768x768.png 768w, https:\/\/lfiduras.com\/lfiduras\/wp-content\/uploads\/2025\/10\/Annonce-Recrutement.png 1080w\" sizes=\"(max-width: 1024px) 100vw, 1024px\" \/><\/figure><div class=\"wp-block-media-text__content\">\n<p>\ud83d\udce2 <strong>Offre d\u2019emploi \u2013 Professeur d\u2019Histoire &#8211; G\u00e9ographie (H\/F)<\/strong><\/p>\n\n\n\n<p>Le Lyc\u00e9e Fran\u00e7ais International Duras recrute un(e) professeur(e) d\u2019Histoire &#8211; G\u00e9ographie \u00e0 temps complet pour un remplacement sur l&#8217;ann\u00e9e scolaire 2025- 2026.<\/p>\n\n\n\n<p>\u2022 Prise de poste : <strong>imm\u00e9diate<\/strong><\/p>\n\n\n\n<p>\u2022 Dur\u00e9e du contrat : <strong>ann\u00e9e scolaire 2025-2026<\/strong><\/p>\n\n\n\n<p>\u2022 Volume horaire : <strong>temps complet<\/strong> (18,5h\/semaine)<\/p>\n\n\n\n<p>\u2022 Niveaux concern\u00e9s : 6\u00e8me, 5\u00e8me, 4\u00e8me et 2nde<\/p>\n\n\n\n<p>\ud83d\udce9 Les candidatures (CV et lettre de motivation) sont \u00e0 adresser \u00e0 : recrutement@lfiduras.com<\/p>\n<\/div><\/div>\n\n\n\n<hr class=\"wp-block-separator has-alpha-channel-opacity is-style-dots\"\/>\n\n\n\n<p><\/p>\n\n\n\n<div class=\"wp-block-media-text is-stacked-on-mobile\" style=\"grid-template-columns:30% auto\"><figure class=\"wp-block-media-text__media\"><img decoding=\"async\" width=\"1024\" height=\"1024\" src=\"https:\/\/lfiduras.com\/lfiduras\/wp-content\/uploads\/2025\/10\/Poste-Infirmier-scolaire-1024x1024.png\" alt=\"\" class=\"wp-image-8852 size-full\" srcset=\"https:\/\/lfiduras.com\/lfiduras\/wp-content\/uploads\/2025\/10\/Poste-Infirmier-scolaire-1024x1024.png 1024w, https:\/\/lfiduras.com\/lfiduras\/wp-content\/uploads\/2025\/10\/Poste-Infirmier-scolaire-300x300.png 300w, https:\/\/lfiduras.com\/lfiduras\/wp-content\/uploads\/2025\/10\/Poste-Infirmier-scolaire-150x150.png 150w, https:\/\/lfiduras.com\/lfiduras\/wp-content\/uploads\/2025\/10\/Poste-Infirmier-scolaire-768x768.png 768w, https:\/\/lfiduras.com\/lfiduras\/wp-content\/uploads\/2025\/10\/Poste-Infirmier-scolaire.png 1080w\" sizes=\"(max-width: 1024px) 100vw, 1024px\" \/><\/figure><div class=\"wp-block-media-text__content\">\n<p>\ud83d\udce2 <strong>Offre d\u2019emploi \u2013 Infirmier(\u00e8re) scolaire (mi-temps)<\/strong><\/p>\n\n\n\n<p>Le Lyc\u00e9e Fran\u00e7ais International Duras  recherche un(e) <strong>infirmier(\u00e8re) scolaire<\/strong> \u00e0 mi-temps (20h hebdomadaires), <strong>en remplacement du 5 janvier au 17 avril 2026<\/strong>.<br>Sous l\u2019autorit\u00e9 du chef d\u2019\u00e9tablissement, il\/elle assure <strong>l\u2019accueil, l\u2019\u00e9coute et le suivi des \u00e9l\u00e8ves<\/strong>, participe \u00e0 la <strong>promotion de la sant\u00e9<\/strong>, \u00e0 la <strong>protection de l\u2019enfance<\/strong> et au <strong>bien-\u00eatre scolaire<\/strong>.<\/p>\n\n\n\n<p>\u2022 Dur\u00e9e du contrat : <strong><strong>du 5 janvier au 17 avril 2026<\/strong>.<\/strong><\/p>\n\n\n\n<p>\u2022 Volume horaire : <strong>temps partiel <\/strong>(20h\/semaine)<\/p>\n\n\n\n<p>\ud83d\udc49 <a href=\"https:\/\/lfiduras.com\/lfiduras\/wp-content\/uploads\/2025\/10\/Fiche-de-poste-infirmier.pdf\" target=\"_blank\" rel=\"noreferrer noopener\">Consulter la fiche de poste compl\u00e8te (PDF)<\/a><\/p>\n\n\n\n<p>\ud83d\udce9 Les candidatures (CV et lettre de motivation) sont \u00e0 adresser \u00e0 : recrutement@lfiduras.com<\/p>\n<\/div><\/div>\n\n\n\n<hr class=\"wp-block-separator has-alpha-channel-opacity\"\/>\n\n\n\n<h4 class=\"wp-block-heading\"><strong>Vacataires pour remplacements professeurs des \u00e9coles<\/strong><\/h4>\n\n\n\n<p>Le lyc\u00e9e fran\u00e7ais international Marguerite Duras recherche des vacataires pour des remplacements de professeurs des \u00e9coles (1er degr\u00e9). <br>Contact :&nbsp;<a href=\"mailto:directeur@lfiduras.com\">directeur@lfiduras.com<\/a><\/p>\n\n\n\n<div style=\"height:20px\" aria-hidden=\"true\" class=\"wp-block-spacer\"><\/div>\n\n\n\n<hr class=\"wp-block-separator has-alpha-channel-opacity\"\/>\n\n\n\n<h2 class=\"wp-block-heading\">Guide \u00e0 destination de nouveaux personnels<\/h2>\n\n\n\n<p><\/p>\n\n\n<div class=\"wp-block-image is-resized\">\n<figure class=\"alignleft size-large\"><a href=\"https:\/\/lfiduras.com\/lfiduras\/wp-content\/uploads\/2025\/03\/Copie-de-Livret-Accueil-A4-MAJ-mars2025.pdf\"><img decoding=\"async\" width=\"224\" height=\"320\" src=\"https:\/\/lfiduras.com\/lfiduras\/wp-content\/uploads\/2022\/03\/Livret-Accueil-IMG-1.jpg\" alt=\"\" class=\"wp-image-1253\" srcset=\"https:\/\/lfiduras.com\/lfiduras\/wp-content\/uploads\/2022\/03\/Livret-Accueil-IMG-1.jpg 224w, https:\/\/lfiduras.com\/lfiduras\/wp-content\/uploads\/2022\/03\/Livret-Accueil-IMG-1-210x300.jpg 210w\" sizes=\"(max-width: 224px) 100vw, 224px\" \/><\/a><figcaption class=\"wp-element-caption\">Afin de faciliter votre arriv\u00e9e \u00e0 Ho Chi Minh Ville, ce livret d&#8217;accueil vous apportera quelques informations.<\/figcaption><\/figure><\/div>","protected":false},"excerpt":{"rendered":"<p>Derni\u00e8res actualit\u00e9s Aucune actualit\u00e9 recrutement pour le moment. Recrutement des personnels de droit local Postes \u00e0 pourvoir pour l&#8217;ann\u00e9e scolaire 2026-2027 PERSONNELS ENSEIGNANTS Les postes indiqu\u00e9s ci-dessous ont \u00e9t\u00e9 publi\u00e9s sur la plateforme Talents de l\u2019AEFE (https:\/\/talents.aefe.fr\/fr). Pour postuler, merci de vous rendre sur le site et d\u2019utiliser les liens indiqu\u00e9s. Le dossier de candidature [&hellip;]<\/p>\n","protected":false},"author":2,"featured_media":0,"parent":0,"menu_order":0,"comment_status":"closed","ping_status":"closed","template":"","meta":{"footnotes":""},"class_list":["post-1208","page","type-page","status-publish","hentry","post"],"_links":{"self":[{"href":"https:\/\/lfiduras.com\/index.php\/wp-json\/wp\/v2\/pages\/1208","targetHints":{"allow":["GET"]}}],"collection":[{"href":"https:\/\/lfiduras.com\/index.php\/wp-json\/wp\/v2\/pages"}],"about":[{"href":"https:\/\/lfiduras.com\/index.php\/wp-json\/wp\/v2\/types\/page"}],"author":[{"embeddable":true,"href":"https:\/\/lfiduras.com\/index.php\/wp-json\/wp\/v2\/users\/2"}],"replies":[{"embeddable":true,"href":"https:\/\/lfiduras.com\/index.php\/wp-json\/wp\/v2\/comments?post=1208"}],"version-history":[{"count":310,"href":"https:\/\/lfiduras.com\/index.php\/wp-json\/wp\/v2\/pages\/1208\/revisions"}],"predecessor-version":[{"id":9380,"href":"https:\/\/lfiduras.com\/index.php\/wp-json\/wp\/v2\/pages\/1208\/revisions\/9380"}],"wp:attachment":[{"href":"https:\/\/lfiduras.com\/index.php\/wp-json\/wp\/v2\/media?parent=1208"}],"curies":[{"name":"wp","href":"https:\/\/api.w.org\/{rel}","templated":true}]}}