{"id":1542,"date":"2022-05-24T06:45:49","date_gmt":"2022-05-24T04:45:49","guid":{"rendered":"https:\/\/lfiduras.com\/?page_id=1542"},"modified":"2025-07-10T08:56:14","modified_gmt":"2025-07-10T01:56:14","slug":"fournitures","status":"publish","type":"page","link":"https:\/\/lfiduras.com\/index.php\/fournitures\/","title":{"rendered":"Fournitures et ouvrages"},"content":{"rendered":"<div class=\"wp-block-image\">\n<figure class=\"alignright size-large is-resized\"><img fetchpriority=\"high\" decoding=\"async\" width=\"640\" height=\"293\" src=\"https:\/\/lfiduras.com\/lfiduras\/wp-content\/uploads\/2022\/05\/crayons.jpg\" alt=\"\" class=\"wp-image-1543\" style=\"width:375px;height:172px\" srcset=\"https:\/\/lfiduras.com\/lfiduras\/wp-content\/uploads\/2022\/05\/crayons.jpg 640w, https:\/\/lfiduras.com\/lfiduras\/wp-content\/uploads\/2022\/05\/crayons-300x137.jpg 300w\" sizes=\"(max-width: 640px) 100vw, 640px\" \/><\/figure><\/div>\n\n\n<p>Un certain nombre de fournitures et de&nbsp;manuels&nbsp;sont \u00e0 acheter par les familles.<\/p>\n\n\n<p><span style=\"color: #1f7301;\"><strong><span class=\"has-inline-color\" data-rich-text-format-boundary=\"true\">Ouvrages<\/span> <\/strong><\/span><br data-rich-text-line-break=\"true\" \/>Les <strong>manuels scolaires du secondaire<\/strong> seront pr\u00eat\u00e9s aux \u00e9l\u00e8ves pour toute la dur\u00e9e de l\u2019ann\u00e9e scolaire 2025-2026<br \/>Certaines \u0153uvres \u00e9tudi\u00e9es en classe restent toutefois \u00e0 la charge des familles.<\/p>\n<p>Comme chaque ann\u00e9e, la librairie Nam Phong vous invite \u00e0 passer vos commandes des livres qui sont \u00e0 la charge des familles pour la rentr\u00e9e scolaire 2025 et de les r\u00e9gler en b\u00e9n\u00e9ficiant d\u2019une remise sp\u00e9ciale pr\u00e9commande de 25% sur prix publics pratiqu\u00e9s lors de la disponibilit\u00e9 des livres fin Ao\u00fbt\/d\u00e9but Septembre :<\/p>\n<p>&#8211;\u00a0<b>de pr\u00e9f\u00e9rence jusqu&#8217;au 12 juillet 2025, \u00e0 la librairie (r\u00e8glement CB, cash ou virement)<br \/><\/b>&#8211; \u00e0 partir du 14 juillet 2025, uniquement par mail : <a href=\"mailto:lib.namphong@gmail.com\" target=\"_blank\" rel=\"noopener\">lib.namphong@gmail.com<\/a> (r\u00e8glement par virement)<\/p>\n<p><strong>A<\/strong>dresse : 36 Bui Vien, D1, Ho Chi Minh Ville<br \/><a href=\"http:\/\/www.namphongsaigon.com\/\" target=\"_blank\" rel=\"noopener\">http:\/\/www.namphongsaigon.com<\/a><br \/><a href=\"mailto:lib.namphong@gmail.com\">lib.namphong@gmail.com<\/a><br \/>T\u00e9l : +84 (0)28 39 14 78 58<\/p>\n<h3 style=\"text-align: center;\"><a href=\"https:\/\/lfiduras.com\/lfiduras\/wp-content\/uploads\/2025\/06\/Ouvrages-a-la-charge-des-familles-2025-2026-2.pdf\">Liste des ouvrages \u00e0 acheter pour la rentr\u00e9e 2025<\/a><\/h3>\n<div class=\"reset\">\n<p><b>Nous attirons votre attention sur le fait que ces \u0153uvres\u00a0doivent imp\u00e9rativement toutes \u00eatre achet\u00e9es\u00a0<\/b><u>avant la rentr\u00e9e scolaire<\/u><b>\u00a0(pas au fur et \u00e0 mesure de l\u2019ann\u00e9e).<\/b><\/p>\n<p>L\u2019\u00e9l\u00e8ve pourra garder son \u00e9dition s\u2019il poss\u00e8de d\u00e9j\u00e0 l\u2019\u0153uvre demand\u00e9e dans une autre\u00a0 \u00e9dition que celle qui est demand\u00e9e.<\/p>\n<p>En revanche, en raison des diverses traductions que proposent les diverses \u00e9ditions, il doit imp\u00e9rativement faire l\u2019acquisition de l\u2019\u00e9dition demand\u00e9e pour :<br \/>\u2013 Les M\u00e9tamorphoses d\u2019Ovide et L\u2019Odyss\u00e9e d\u2019Hom\u00e8re (en Sixi\u00e8me)<\/p>\n<\/div>\n<div dir=\"auto\">Pensez \u00e0 jeter un \u0153il au groupe \u201cFoire aux livres\u201d de l\u2019UPMD pour trouver ou revendre des livres d\u2019occasion !<\/div>\n<div dir=\"auto\"><span class=\"html-span xexx8yu x4uap5 x18d9i69 xkhd6sd x1hl2dhg x16tdsg8 x1vvkbs x3nfvp2 x1j61x8r x1fcty0u xdj266r xat24cr xgzva0m xhhsvwb xxymvpz xlup9mm x1kky2od\"><img decoding=\"async\" class=\"xz74otr x168nmei x13lgxp2 x5pf9jr xo71vjh\" src=\"https:\/\/static.xx.fbcdn.net\/images\/emoji.php\/v9\/t51\/1\/16\/1f449.png\" alt=\"\ud83d\udc49\" width=\"16\" height=\"16\" \/><\/span> <span class=\"html-span xdj266r x11i5rnm xat24cr x1mh8g0r xexx8yu x4uap5 x18d9i69 xkhd6sd x1hl2dhg x16tdsg8 x1vvkbs\"><a class=\"x1i10hfl xjbqb8w x1ejq31n xd10rxx x1sy0etr x17r0tee x972fbf xcfux6l x1qhh985 xm0m39n x9f619 x1ypdohk xt0psk2 xe8uvvx xdj266r x11i5rnm xat24cr x1mh8g0r xexx8yu x4uap5 x18d9i69 xkhd6sd x16tdsg8 x1hl2dhg xggy1nq x1a2a7pz xkrqix3 x1sur9pj x1fey0fg x1s688f\" tabindex=\"0\" role=\"link\" href=\"https:\/\/www.facebook.com\/groups\/491908895381795\/?__cft__[0]=AZWBQssdsvgOGuvWwthi4quAELqzkH0MmxpamZag9K3rjDQn1ZwkqZPQREyMB5hKGRVSx9U-x-0RzpPo5trfT1EKtM51wJfKZ7bKENQ1tegMY9zvR3fPxeUMALblz7i7Cdcgzcho7XnUZw9EOs6KnOJV&amp;__tn__=-UK-R\" target=\"_blank\" rel=\"noopener\"><span class=\"xt0psk2\"><span class=\"xjp7ctv\">https:\/\/www.facebook.com\/groups\/491908895381795\/?ref=share<\/span><\/span><\/a><\/span><\/div>\n<div class=\"reset\">\n<p><em><b>N\u2019h\u00e9sitez pas \u00e0 vous rapprocher des familles des classes sup\u00e9rieures dans l\u2019hypoth\u00e8se ou celles-ci peuvent \u00eatre en possession des ouvrages qui vous int\u00e9ressent.<\/b><\/em><\/p>\n<\/div>\n\n\n<hr class=\"wp-block-separator has-alpha-channel-opacity\"\/>\n\n\n\n<p class=\"has-medium-font-size\"><mark style=\"background-color:rgba(0, 0, 0, 0);color:#1f7301\" class=\"has-inline-color\"><strong>Au secondaire (6<sup>eme<\/sup>\u00a0\u00e0 Terminale)<\/strong><br><\/mark><\/p>\n\n\n<div class=\"wp-block-image is-style-default\">\n<figure class=\"aligncenter size-large is-resized\"><a href=\"https:\/\/lfiduras.com\/lfiduras\/wp-content\/uploads\/2025\/07\/Fournitures-scolaires-secondaires-2025-2026.pdf\"><img decoding=\"async\" width=\"411\" height=\"281\" src=\"https:\/\/lfiduras.com\/lfiduras\/wp-content\/uploads\/2022\/05\/fournitures-IMG.png\" alt=\"\" class=\"wp-image-1544\" style=\"width:368px;height:252px\" srcset=\"https:\/\/lfiduras.com\/lfiduras\/wp-content\/uploads\/2022\/05\/fournitures-IMG.png 411w, https:\/\/lfiduras.com\/lfiduras\/wp-content\/uploads\/2022\/05\/fournitures-IMG-300x205.png 300w\" sizes=\"(max-width: 411px) 100vw, 411px\" \/><\/a><\/figure><\/div>\n\n\n<hr class=\"wp-block-separator has-css-opacity\"\/>\n\n\n\n<p class=\"has-medium-font-size\"><strong><span style=\"background-color:rgba(0, 0, 0, 0);color:#1f7301\" class=\"has-inline-color\">Au primaire <\/span><\/strong><\/p>\n\n\n\n<p><strong>Fournitures scolaire<\/strong>s<\/p>\n\n\n\n<div class=\"wp-block-columns is-layout-flex wp-container-core-columns-is-layout-9d6595d7 wp-block-columns-is-layout-flex\">\n<div class=\"wp-block-column is-layout-flow wp-block-column-is-layout-flow\"><div class=\"wp-block-image is-resized\">\n<figure class=\"aligncenter size-large\"><a href=\"https:\/\/lfiduras.com\/lfiduras\/wp-content\/uploads\/2025\/06\/Fournitures-scolaires-Primaire-rentree-2025_2026_FR.pdf\"><img loading=\"lazy\" decoding=\"async\" width=\"250\" height=\"167\" src=\"https:\/\/lfiduras.com\/lfiduras\/wp-content\/uploads\/2022\/07\/iconeDrapFrancais-1.png\" alt=\"\" class=\"wp-image-2303\" style=\"width:177px;height:auto\"\/><\/a><figcaption class=\"wp-element-caption\">Liste en fran\u00e7ais<\/figcaption><\/figure><\/div><\/div>\n\n\n\n<div class=\"wp-block-column is-layout-flow wp-block-column-is-layout-flow\"><div class=\"wp-block-image is-resized\">\n<figure class=\"aligncenter size-large\"><a href=\"https:\/\/lfiduras.com\/lfiduras\/wp-content\/uploads\/2025\/06\/Fournitures_scolaires2025-2026-VN.pdf\"><img loading=\"lazy\" decoding=\"async\" width=\"225\" height=\"225\" src=\"https:\/\/lfiduras.com\/lfiduras\/wp-content\/uploads\/2022\/07\/ICONVIET-1.png\" alt=\"\" class=\"wp-image-2304\" style=\"width:127px;height:auto\" srcset=\"https:\/\/lfiduras.com\/lfiduras\/wp-content\/uploads\/2022\/07\/ICONVIET-1.png 225w, https:\/\/lfiduras.com\/lfiduras\/wp-content\/uploads\/2022\/07\/ICONVIET-1-150x150.png 150w\" sizes=\"(max-width: 225px) 100vw, 225px\" \/><\/a><figcaption class=\"wp-element-caption\">Tieng Viet<\/figcaption><\/figure><\/div><\/div>\n\n\n\n<div class=\"wp-block-column is-layout-flow wp-block-column-is-layout-flow\"><div class=\"wp-block-image is-resized\">\n<figure class=\"aligncenter size-large\"><img loading=\"lazy\" decoding=\"async\" width=\"170\" height=\"171\" src=\"https:\/\/lfiduras.com\/lfiduras\/wp-content\/uploads\/2022\/07\/icone_anglais-1.jpg\" alt=\"\" class=\"wp-image-2305\" style=\"width:126px;height:auto\" srcset=\"https:\/\/lfiduras.com\/lfiduras\/wp-content\/uploads\/2022\/07\/icone_anglais-1.jpg 170w, https:\/\/lfiduras.com\/lfiduras\/wp-content\/uploads\/2022\/07\/icone_anglais-1-150x150.jpg 150w\" sizes=\"(max-width: 170px) 100vw, 170px\" \/><figcaption class=\"wp-element-caption\">Anglais<\/figcaption><\/figure><\/div><\/div>\n<\/div>\n\n\n\n<p><strong>Fournitures classes de CP<\/strong> :<br><a href=\"https:\/\/lfiduras.com\/lfiduras\/wp-content\/uploads\/2025\/07\/Fournitures_2025_2026__CP_FR.pdf\"><strong>FR <\/strong><\/a><br><a href=\"https:\/\/lfiduras.com\/lfiduras\/wp-content\/uploads\/2025\/07\/Fournitures_2025_2026_CP_VN.pdf\"><strong>VN<\/strong><\/a><\/p>\n\n\n\n<p><em><strong>.<\/strong><\/em><\/p>\n","protected":false},"excerpt":{"rendered":"<p>Un certain nombre de fournitures et de&nbsp;manuels&nbsp;sont \u00e0 acheter par les familles. Ouvrages Les manuels scolaires du secondaire seront pr\u00eat\u00e9s aux \u00e9l\u00e8ves pour toute la dur\u00e9e de l\u2019ann\u00e9e scolaire 2025-2026Certaines \u0153uvres \u00e9tudi\u00e9es en classe restent toutefois \u00e0 la charge des familles. Comme chaque ann\u00e9e, la librairie Nam Phong vous invite \u00e0 passer vos commandes des [&hellip;]<\/p>\n","protected":false},"author":2,"featured_media":0,"parent":0,"menu_order":0,"comment_status":"closed","ping_status":"closed","template":"","meta":{"footnotes":""},"class_list":["post-1542","page","type-page","status-publish","hentry","post"],"_links":{"self":[{"href":"https:\/\/lfiduras.com\/index.php\/wp-json\/wp\/v2\/pages\/1542","targetHints":{"allow":["GET"]}}],"collection":[{"href":"https:\/\/lfiduras.com\/index.php\/wp-json\/wp\/v2\/pages"}],"about":[{"href":"https:\/\/lfiduras.com\/index.php\/wp-json\/wp\/v2\/types\/page"}],"author":[{"embeddable":true,"href":"https:\/\/lfiduras.com\/index.php\/wp-json\/wp\/v2\/users\/2"}],"replies":[{"embeddable":true,"href":"https:\/\/lfiduras.com\/index.php\/wp-json\/wp\/v2\/comments?post=1542"}],"version-history":[{"count":78,"href":"https:\/\/lfiduras.com\/index.php\/wp-json\/wp\/v2\/pages\/1542\/revisions"}],"predecessor-version":[{"id":8576,"href":"https:\/\/lfiduras.com\/index.php\/wp-json\/wp\/v2\/pages\/1542\/revisions\/8576"}],"wp:attachment":[{"href":"https:\/\/lfiduras.com\/index.php\/wp-json\/wp\/v2\/media?parent=1542"}],"curies":[{"name":"wp","href":"https:\/\/api.w.org\/{rel}","templated":true}]}}