{"id":162,"date":"2021-01-25T10:52:28","date_gmt":"2021-01-25T09:52:28","guid":{"rendered":"https:\/\/lfiduras.com\/?page_id=162"},"modified":"2024-09-05T14:38:21","modified_gmt":"2024-09-05T07:38:21","slug":"le-mot-de-la-proviseure","status":"publish","type":"page","link":"https:\/\/lfiduras.com\/index.php\/le-mot-de-la-proviseure\/","title":{"rendered":"Le mot du proviseur"},"content":{"rendered":"\n<figure class=\"wp-block-image alignfull size-large\"><img fetchpriority=\"high\" decoding=\"async\" width=\"1024\" height=\"152\" src=\"https:\/\/lfiduras.com\/lfiduras\/wp-content\/uploads\/2021\/03\/slidetest31-1024x152.jpg\" alt=\"\" class=\"wp-image-251\" srcset=\"https:\/\/lfiduras.com\/lfiduras\/wp-content\/uploads\/2021\/03\/slidetest31-1024x152.jpg 1024w, https:\/\/lfiduras.com\/lfiduras\/wp-content\/uploads\/2021\/03\/slidetest31-300x44.jpg 300w, https:\/\/lfiduras.com\/lfiduras\/wp-content\/uploads\/2021\/03\/slidetest31-768x114.jpg 768w, https:\/\/lfiduras.com\/lfiduras\/wp-content\/uploads\/2021\/03\/slidetest31.jpg 1169w\" sizes=\"(max-width: 1024px) 100vw, 1024px\" \/><\/figure>\n\n\n\n<p><em>Chers parents,<\/em><\/p>\n\n\n<div class=\"wp-block-image is-style-default\">\n<figure class=\"alignright size-large\"><img decoding=\"async\" width=\"391\" height=\"500\" src=\"https:\/\/lfiduras.com\/lfiduras\/wp-content\/uploads\/2022\/09\/JH-Mota-2-site.jpg\" alt=\"\" class=\"wp-image-2398\" srcset=\"https:\/\/lfiduras.com\/lfiduras\/wp-content\/uploads\/2022\/09\/JH-Mota-2-site.jpg 391w, https:\/\/lfiduras.com\/lfiduras\/wp-content\/uploads\/2022\/09\/JH-Mota-2-site-235x300.jpg 235w\" sizes=\"(max-width: 391px) 100vw, 391px\" \/><figcaption class=\"wp-element-caption\"><em>M. Jean-Hugues MOTA<\/em><\/figcaption><\/figure><\/div>\n\n\n<p><em>Apr\u00e8s la rentr\u00e9e et la reprise des cours, octobre sonne le d\u00e9marrage des activit\u00e9s p\u00e9riscolaires, des clubs, des entra\u00eenements de l\u2019association sportive. C\u2019est aussi le temps des premiers \u00e9v\u00e8nements qui vont mailler les diff\u00e9rents parcours de vos enfants : sant\u00e9, culture, avenir, citoyennet\u00e9 &#8230;<\/em><\/p>\n\n\n\n<p><em>C\u2019est donc le moment pour moi de vous parler d\u2019\u00e9quilibre, condition sine qua non de la bonne sant\u00e9 mentale et physique de nos enfants, de leur \u00e9panouissement. Il y a un temps pour tout, pour la famille, les amis, l\u2019\u00e9cole, le travail personnel (devoirs), les clubs et associations, avec soi-m\u00eame, \u00e0 rien faire &#8230;<\/em><\/p>\n\n\n\n<p><em>Tous ces temps ne sont pas \u00e9quivalents. Ils ne sont pas substituables.Ils ne doivent pas non plus \u00eatre r\u00e9gl\u00e9s comme du papier \u00e0 musique. Ainsi, nos enfants doivent \u00eatre associ\u00e9s aux choix d\u2019organisation de leur journ\u00e9e, de leur semaine, dans un cadre fix\u00e9 par les adultes mais dans lequel ils doivent exercer une part croissante d\u2019autonomie, exprimer leur choix, se confronter \u00e0 l\u2019erreur et \u00e0 la frustration de ne pas tout r\u00e9ussir, de ne pas tout avoir, apprendre \u00e0 penser collectif, prendre conscience de faire partie d\u2019un tout ou l\u2019interaction est la r\u00e8gle.<\/em><\/p>\n\n\n\n<p><em>Il ne s\u2019agit pas pour eux de moins en faire mais bien de mieux faire dans un souci d\u2019efficacit\u00e9 et d\u2019harmonie.<\/em><\/p>\n\n\n\n<p><em>Tissons pour eux et avec eux, au sein m\u00eame de notre communaut\u00e9 scolaire, des relations humaines durables parce que respectueuses de toutes nos diff\u00e9rences, parce que propres \u00e0 les faire grandir et \u00e0 faire de leur scolarit\u00e9 un parcours gagnant.<\/em><\/p>\n\n\n\n<p><em>Le Proviseur<\/em><br><em>Jean-Hugues MOTA<\/em><br><\/p>\n\n\n\n<p><\/p>\n\n\n\n<hr class=\"wp-block-separator has-css-opacity\"\/>\n\n\n\n<p><\/p>\n\n\n\n<p><\/p>\n\n\n\n<p><\/p>\n","protected":false},"excerpt":{"rendered":"<p>Chers parents, Apr\u00e8s la rentr\u00e9e et la reprise des cours, octobre sonne le d\u00e9marrage des activit\u00e9s p\u00e9riscolaires, des clubs, des entra\u00eenements de l\u2019association sportive. C\u2019est aussi le temps des premiers \u00e9v\u00e8nements qui vont mailler les diff\u00e9rents parcours de vos enfants : sant\u00e9, culture, avenir, citoyennet\u00e9 &#8230; C\u2019est donc le moment pour moi de vous parler [&hellip;]<\/p>\n","protected":false},"author":2,"featured_media":0,"parent":0,"menu_order":0,"comment_status":"closed","ping_status":"closed","template":"templates\/template-full-notitle.php","meta":{"footnotes":""},"class_list":["post-162","page","type-page","status-publish","hentry","post"],"_links":{"self":[{"href":"https:\/\/lfiduras.com\/index.php\/wp-json\/wp\/v2\/pages\/162","targetHints":{"allow":["GET"]}}],"collection":[{"href":"https:\/\/lfiduras.com\/index.php\/wp-json\/wp\/v2\/pages"}],"about":[{"href":"https:\/\/lfiduras.com\/index.php\/wp-json\/wp\/v2\/types\/page"}],"author":[{"embeddable":true,"href":"https:\/\/lfiduras.com\/index.php\/wp-json\/wp\/v2\/users\/2"}],"replies":[{"embeddable":true,"href":"https:\/\/lfiduras.com\/index.php\/wp-json\/wp\/v2\/comments?post=162"}],"version-history":[{"count":19,"href":"https:\/\/lfiduras.com\/index.php\/wp-json\/wp\/v2\/pages\/162\/revisions"}],"predecessor-version":[{"id":6958,"href":"https:\/\/lfiduras.com\/index.php\/wp-json\/wp\/v2\/pages\/162\/revisions\/6958"}],"wp:attachment":[{"href":"https:\/\/lfiduras.com\/index.php\/wp-json\/wp\/v2\/media?parent=162"}],"curies":[{"name":"wp","href":"https:\/\/api.w.org\/{rel}","templated":true}]}}