{"id":1700,"date":"2022-06-06T08:31:49","date_gmt":"2022-06-06T06:31:49","guid":{"rendered":"https:\/\/lfiduras.com\/?page_id=1700"},"modified":"2025-06-19T14:29:41","modified_gmt":"2025-06-19T07:29:41","slug":"conseil-decole-et-comptes-rendus","status":"publish","type":"page","link":"https:\/\/lfiduras.com\/index.php\/conseil-decole-et-comptes-rendus\/","title":{"rendered":"Conseil d&#8217;\u00e9cole et comptes rendus"},"content":{"rendered":"<div class=\"wp-block-image\">\n<figure class=\"alignright size-large\"><img fetchpriority=\"high\" decoding=\"async\" width=\"325\" height=\"265\" src=\"https:\/\/lfiduras.com\/lfiduras\/wp-content\/uploads\/2022\/06\/Ardoise.png\" alt=\"\" class=\"wp-image-2177\" srcset=\"https:\/\/lfiduras.com\/lfiduras\/wp-content\/uploads\/2022\/06\/Ardoise.png 325w, https:\/\/lfiduras.com\/lfiduras\/wp-content\/uploads\/2022\/06\/Ardoise-300x245.png 300w\" sizes=\"(max-width: 325px) 100vw, 325px\" \/><\/figure><\/div>\n\n\n<p><strong>COMPTE-RENDUS DES CONSEILS D\u2019ECOLE<\/strong><\/p>\n\n\n\n<p><\/p>\n\n\n\n<p><a href=\"https:\/\/lfiduras.com\/lfiduras\/wp-content\/uploads\/2025\/06\/CR-CEcole-mars-2025.pdf\">Compte rendu du Conseil d&#8217;Ecole du 24 mars 2025<\/a><br><a href=\"https:\/\/lfiduras.com\/lfiduras\/wp-content\/uploads\/2025\/03\/CR-CEcole-nov-2024.pdf\">Compte rendu du Conseil d&#8217;Ecole du 13 novembre 2024<\/a><br><a href=\"https:\/\/lfiduras.com\/lfiduras\/wp-content\/uploads\/2024\/11\/CR-CEcole-juin-2024.pdf\">Compte rendu du Conseil d&#8217;\u00e9cole du 19 juin 2024<\/a><br><a href=\"https:\/\/lfiduras.com\/lfiduras\/wp-content\/uploads\/2024\/06\/CR-CEcole-mars-2024.pdf\">Compte rendu du Conseil d&#8217;Ecole du 13 mars 2024<\/a><br><a href=\"https:\/\/lfiduras.com\/lfiduras\/wp-content\/uploads\/2023\/03\/CR-CEcole-oct-2022.pdf\"><br><\/a><\/p>\n\n\n\n<div style=\"height:17px\" aria-hidden=\"true\" class=\"wp-block-spacer\"><\/div>\n\n\n\n<p class=\"has-text-align-left\"><strong><u>Attributions<\/u><\/strong><\/p>\n\n\n\n<p>Le conseil d\u2019\u00e9cole adopte le r\u00e8glement int\u00e9rieur de l\u2019\u00e9cole sur proposition du directeur d\u2019\u00e9cole.<\/p>\n\n\n\n<p>Ce conseil est obligatoirement consult\u00e9 pour avis sur toutes les questions ayant trait au fonctionnement et \u00e0 la vie de l\u2019\u00e9cole, notamment sur :<\/p>\n\n\n\n<ul class=\"wp-block-list\">\n<li>&nbsp;les structures p\u00e9dagogiques ;<\/li>\n\n\n\n<li>&nbsp;l\u2019organisation du temps et du calendrier scolaires ;<\/li>\n\n\n\n<li>&nbsp;le projet d\u2019\u00e9cole ou le projet d\u2019\u00e9tablissement dans sa partie 1er degr\u00e9 sur proposition du conseil des ma\u00eetres ;<\/li>\n\n\n\n<li>&nbsp;les actions particuli\u00e8res permettant d\u2019assurer une meilleure utilisation des moyens allou\u00e9s \u00e0 l\u2019\u00e9cole et une bonne adaptation \u00e0 son environnement ; \u00d8 les conditions d\u2019am\u00e9nagement de la scolarisation des \u00e9l\u00e8ves \u00e0 besoins \u00e9ducatifs particuliers ;<\/li>\n\n\n\n<li>&nbsp;les projets et l\u2019organisation des classes de d\u00e9couverte ;<\/li>\n\n\n\n<li>&nbsp;les questions relatives \u00e0 l\u2019hygi\u00e8ne, \u00e0 la sant\u00e9 et la s\u00e9curit\u00e9 des \u00e9l\u00e8ves dans le cadre scolaire et p\u00e9riscolaire ;<\/li>\n\n\n\n<li>&nbsp;les principes de choix des mat\u00e9riels et outils p\u00e9dagogiques ;<\/li>\n\n\n\n<li>&nbsp;les questions relatives \u00e0 l\u2019accueil, \u00e0 l\u2019information des parents d\u2019\u00e9l\u00e8ves et les modalit\u00e9s g\u00e9n\u00e9rales de leur participation \u00e0 la vie scolaire.<\/li>\n\n\n\n<li>&nbsp;le programme d\u2019actions annuel du conseil \u00e9cole-coll\u00e8ge ;<\/li>\n\n\n\n<li>&nbsp;le programme d\u2019actions annuel contre toutes les formes de violence, de discrimination et de harc\u00e8lement ;<\/li>\n\n\n\n<li>&nbsp;le programme d\u2019action annuel d\u2019\u00e9ducation au d\u00e9veloppement durable.<\/li>\n<\/ul>\n\n\n\n<h4 class=\"wp-block-heading\"><strong>Composition<\/strong><\/h4>\n\n\n\n<p><strong><u>Avec droit de vote&nbsp;:<\/u><\/strong><\/p>\n\n\n\n<ul class=\"wp-block-list\">\n<li>le directeur d\u2019\u00e9cole,<\/li>\n\n\n\n<li>12 enseignants dont au moins un par niveau d\u2019enseignement,<\/li>\n\n\n\n<li>un des enseignants sp\u00e9cialis\u00e9s intervenant dans l\u2019\u00e9cole, lorsque le poste existe, choisi par le conseil des ma\u00eetres,<\/li>\n\n\n\n<li>12 repr\u00e9sentants des parents d\u2019\u00e9l\u00e8ves, dont au moins un par niveau d\u2019enseignement.<\/li>\n<\/ul>\n\n\n\n<p><strong><u>Avec voix consultative<\/u><\/strong><br>&#8211; le chef d\u2019\u00e9tablissement, ou, en cas d\u2019emp\u00eachement, son adjoint<br>&#8211; le secr\u00e9taire g\u00e9n\u00e9ral,<br>&#8211; l\u2019inspecteur de l\u2019\u00e9ducation nationale en r\u00e9sidence.<\/p>\n\n\n\n<h4 class=\"wp-block-heading\"><strong>Parents d\u2019\u00e9l\u00e8ves&nbsp;:<\/strong><\/h4>\n\n\n\n<ul class=\"wp-block-list\">\n<li>Juliette Catteau<\/li>\n\n\n\n<li>J\u00e9r\u00f4me Barotin<\/li>\n\n\n\n<li>Olivier Darius<\/li>\n\n\n\n<li>Kimmie Nguyen<\/li>\n\n\n\n<li>Cao Phonh&nbsp;Duong<\/li>\n\n\n\n<li>H\u00e9l\u00e8ne Huynh<\/li>\n<\/ul>\n\n\n\n<div style=\"height:30px\" aria-hidden=\"true\" class=\"wp-block-spacer\"><\/div>\n\n\n\n<figure class=\"wp-block-image size-large is-resized\"><img decoding=\"async\" width=\"1024\" height=\"628\" src=\"https:\/\/lfiduras.com\/lfiduras\/wp-content\/uploads\/2024\/12\/conseil_ecole_24_25-1024x628.png\" alt=\"\" class=\"wp-image-7457\" style=\"width:812px;height:auto\" srcset=\"https:\/\/lfiduras.com\/lfiduras\/wp-content\/uploads\/2024\/12\/conseil_ecole_24_25-1024x628.png 1024w, https:\/\/lfiduras.com\/lfiduras\/wp-content\/uploads\/2024\/12\/conseil_ecole_24_25-300x184.png 300w, https:\/\/lfiduras.com\/lfiduras\/wp-content\/uploads\/2024\/12\/conseil_ecole_24_25-768x471.png 768w, https:\/\/lfiduras.com\/lfiduras\/wp-content\/uploads\/2024\/12\/conseil_ecole_24_25.png 1044w\" sizes=\"(max-width: 1024px) 100vw, 1024px\" \/><\/figure>\n\n\n\n<h4 class=\"wp-block-heading\"><strong>Enseignants<\/strong><\/h4>\n\n\n\n<p><em>A chaque conseil, il faudra la pr\u00e9sence d\u2019un professeur d\u2019anglais et d\u2019une professeure de vietnamien.<\/em><\/p>\n\n\n\n<p><strong>Le proc\u00e8s-verbal<\/strong>&nbsp;est dress\u00e9 par le pr\u00e9sident, adopt\u00e9 \u00e0 l\u2019ouverture de la s\u00e9ance suivante. Il est transmis aux membres du conseil d\u2019\u00e9cole et du conseil d\u2019\u00e9tablissement et affich\u00e9 dans les locaux de l\u2019\u00e9cole pour une dur\u00e9e de quatre mois ainsi que sur le site internet. Les membres de la communaut\u00e9 \u00e9ducative sont inform\u00e9s de la mise \u00e0 disposition des proc\u00e8s-verbaux.<\/p>\n\n\n\n<hr class=\"wp-block-separator has-css-opacity\"\/>\n\n\n\n<p class=\"has-text-align-center\"><strong>COMPTE-RENDUS DES CONSEILS D\u2019ECOLE \u2013 ann\u00e9e 2021-2022<\/strong> <strong>et 2022-2023<\/strong><\/p>\n\n\n\n<p><a href=\"https:\/\/lfiduras.com\/lfiduras\/wp-content\/uploads\/2023\/11\/CONSEIL-ECOLE-DU-21-JUIN-2023.pdf\">Compte rendu du 3eme Conseil d&#8217;\u00e9cole &#8211; 21 juin 2023<br><\/a><a href=\"https:\/\/lfiduras.com\/lfiduras\/wp-content\/uploads\/2023\/06\/CR-CEcole-mars2023-1.pdf\">Compte rendu du 2nd Conseil d&#8217;\u00e9cole &#8211; 22 mars 2023<\/a><br><a href=\"https:\/\/lfiduras.com\/lfiduras\/wp-content\/uploads\/2023\/03\/CR-CEcole-oct-2022.pdf\">Compte rendu du 1er Conseil d&#8217;\u00e9cole &#8211; 19 octobre 2022<\/a><\/p>\n\n\n\n<p><\/p>\n\n\n\n<p><a href=\"https:\/\/lfiduras.com\/lfiduras\/wp-content\/uploads\/2022\/06\/CR-CEcole-JUIN-2022.pdf\">Compte rendu du 3\u00e8me Conseil d&#8217;\u00e9cole &#8211; 15 juin 2022<br><\/a><a href=\"https:\/\/lfiduras.com\/lfiduras\/wp-content\/uploads\/2022\/06\/CR-CEcole-nov-2021.pdf\"><\/a><a href=\"https:\/\/lfiduras.com\/lfiduras\/wp-content\/uploads\/2022\/06\/CR-CEcole-mars-2022.pdf\">Compte rendu du 2nd Conseil d&#8217;\u00e9cole &#8211; 16 mars 2022<\/a><br><a href=\"https:\/\/lfiduras.com\/lfiduras\/wp-content\/uploads\/2022\/06\/CR-CEcole-nov-2021.pdf\">Compte rendu du 1er Conseil d&#8217;\u00e9cole &#8211; 10 novembre 2021<\/a><br><\/p>\n","protected":false},"excerpt":{"rendered":"<p>COMPTE-RENDUS DES CONSEILS D\u2019ECOLE Compte rendu du Conseil d&#8217;Ecole du 24 mars 2025Compte rendu du Conseil d&#8217;Ecole du 13 novembre 2024Compte rendu du Conseil d&#8217;\u00e9cole du 19 juin 2024Compte rendu du Conseil d&#8217;Ecole du 13 mars 2024 Attributions Le conseil d\u2019\u00e9cole adopte le r\u00e8glement int\u00e9rieur de l\u2019\u00e9cole sur proposition du directeur d\u2019\u00e9cole. Ce conseil est [&hellip;]<\/p>\n","protected":false},"author":2,"featured_media":0,"parent":0,"menu_order":0,"comment_status":"closed","ping_status":"closed","template":"","meta":{"footnotes":""},"class_list":["post-1700","page","type-page","status-publish","hentry","post"],"_links":{"self":[{"href":"https:\/\/lfiduras.com\/index.php\/wp-json\/wp\/v2\/pages\/1700","targetHints":{"allow":["GET"]}}],"collection":[{"href":"https:\/\/lfiduras.com\/index.php\/wp-json\/wp\/v2\/pages"}],"about":[{"href":"https:\/\/lfiduras.com\/index.php\/wp-json\/wp\/v2\/types\/page"}],"author":[{"embeddable":true,"href":"https:\/\/lfiduras.com\/index.php\/wp-json\/wp\/v2\/users\/2"}],"replies":[{"embeddable":true,"href":"https:\/\/lfiduras.com\/index.php\/wp-json\/wp\/v2\/comments?post=1700"}],"version-history":[{"count":27,"href":"https:\/\/lfiduras.com\/index.php\/wp-json\/wp\/v2\/pages\/1700\/revisions"}],"predecessor-version":[{"id":8481,"href":"https:\/\/lfiduras.com\/index.php\/wp-json\/wp\/v2\/pages\/1700\/revisions\/8481"}],"wp:attachment":[{"href":"https:\/\/lfiduras.com\/index.php\/wp-json\/wp\/v2\/media?parent=1700"}],"curies":[{"name":"wp","href":"https:\/\/api.w.org\/{rel}","templated":true}]}}