{"id":1729,"date":"2022-06-06T09:43:41","date_gmt":"2022-06-06T07:43:41","guid":{"rendered":"https:\/\/lfiduras.com\/?page_id=1729"},"modified":"2023-09-15T09:23:39","modified_gmt":"2023-09-15T02:23:39","slug":"conseil-pedagogique","status":"publish","type":"page","link":"https:\/\/lfiduras.com\/index.php\/conseil-pedagogique\/","title":{"rendered":"Conseil p\u00e9dagogique"},"content":{"rendered":"\n<p>Un conseil p\u00e9dagogique est mis en place dans les \u00e9tablissements comprenant un enseignement du second degr\u00e9.<\/p>\n\n\n\n<p>Selon le contexte, le chef d\u2019\u00e9tablissement, s\u2019il le juge opportun peut mettre en place deux conseils p\u00e9dagogiques, l\u2019un pour le coll\u00e8ge, l\u2019autre pour le lyc\u00e9e.<\/p>\n\n\n\n<p><strong><u>Attributions<\/u><\/strong><\/p>\n\n\n\n<p>Pour l&#8217;exercice des comp\u00e9tences, le conseil p\u00e9dagogique :<\/p>\n\n\n\n<p><strong>1\u00b0 est r\u00e9uni sur<\/strong> :<br>&#8211; la coordination des enseignements ;<br>&#8211; l&#8217;organisation des enseignements en groupes de comp\u00e9tences ;<br>&#8211; les dispositifs d&#8217;aide et de soutien aux \u00e9l\u00e8ves ;<br>&#8211; la coordination relative \u00e0 la notation et \u00e0 l&#8217;\u00e9valuation des activit\u00e9s scolaires ;<br>&#8211; les modalit\u00e9s g\u00e9n\u00e9rales d&#8217;accompagnement des changements d&#8217;orientation ;<br>&#8211; les modalit\u00e9s des \u00e9changes linguistiques et culturels.<\/p>\n\n\n\n<p><strong>2\u00b0<\/strong> formule des propositions quant aux modalit\u00e9s d&#8217;organisation de l&#8217;accompagnement personnalis\u00e9, que le chef d&#8217;\u00e9tablissement soumet ensuite au conseil d\u2019\u00e9tablissement.<\/p>\n\n\n\n<p><strong>3\u00b0<\/strong> pr\u00e9pare en liaison avec les \u00e9quipes p\u00e9dagogiques :<br>&#8211; la partie p\u00e9dagogique du projet d&#8217;\u00e9tablissement, en vue de son adoption par le conseil d&#8217;\u00e9tablissement ;<br>&#8211; les propositions d&#8217;exp\u00e9rimentation p\u00e9dagogique.<br>&#8211; les missions particuli\u00e8res et leur r\u00e9partition<\/p>\n\n\n\n<p><strong>4\u00b0<\/strong> assiste le chef d&#8217;\u00e9tablissement pour l&#8217;\u00e9laboration du rapport sur le fonctionnement p\u00e9dagogique de l&#8217;\u00e9tablissement.<\/p>\n\n\n\n<p><strong>5\u00b0<\/strong> peut \u00eatre saisi, de toutes questions d&#8217;ordre p\u00e9dagogique par le chef d&#8217;\u00e9tablissement, le conseil d&#8217;\u00e9tablissement ou conseil du second degr\u00e9. Il adopte son r\u00e8glement int\u00e9rieur.<\/p>\n\n\n\n<p><strong><u>Composition<\/u><\/strong><br>Le conseil p\u00e9dagogique<strong>, pr\u00e9sid\u00e9 par le chef d\u2019\u00e9tablissement<\/strong>, comprend au moins :<br>&#8211; un professeur principal par niveau d\u2019enseignement ;<br>&#8211; un professeur pour chaque champ disciplinaire.<\/p>\n\n\n\n<p><strong>Le conseil p\u00e9dagogique pr\u00e9pare un compte-rendu<\/strong> de s\u00e9ance, qui est port\u00e9 \u00e0 la connaissance du conseil d&#8217;\u00e9tablissement.<\/p>\n\n\n\n<p><\/p>\n\n\n\n<p class=\"has-text-align-center\"><strong>COMPOSITION DU CONSEIL PEDAGOGIQUE 2023-2024<\/strong><br><a href=\"https:\/\/lfiduras.com\/lfiduras\/wp-content\/uploads\/2023\/09\/Acte-conseil-peda-20213-24.pdf\">D\u00e9cision N\u00b03\/243002G\/2023-2024<\/a><\/p>\n\n\n<div class=\"wp-block-image\">\n<figure class=\"aligncenter size-full is-resized\"><img fetchpriority=\"high\" decoding=\"async\" src=\"https:\/\/lfiduras.com\/lfiduras\/wp-content\/uploads\/2023\/09\/Conseil-pedagogique-2023-2024.png\" alt=\"\" class=\"wp-image-4772\" width=\"381\" height=\"612\" srcset=\"https:\/\/lfiduras.com\/lfiduras\/wp-content\/uploads\/2023\/09\/Conseil-pedagogique-2023-2024.png 335w, https:\/\/lfiduras.com\/lfiduras\/wp-content\/uploads\/2023\/09\/Conseil-pedagogique-2023-2024-187x300.png 187w\" sizes=\"(max-width: 381px) 100vw, 381px\" \/><\/figure><\/div>","protected":false},"excerpt":{"rendered":"<p>Un conseil p\u00e9dagogique est mis en place dans les \u00e9tablissements comprenant un enseignement du second degr\u00e9. Selon le contexte, le chef d\u2019\u00e9tablissement, s\u2019il le juge opportun peut mettre en place deux conseils p\u00e9dagogiques, l\u2019un pour le coll\u00e8ge, l\u2019autre pour le lyc\u00e9e. Attributions Pour l&#8217;exercice des comp\u00e9tences, le conseil p\u00e9dagogique : 1\u00b0 est r\u00e9uni sur :&#8211; [&hellip;]<\/p>\n","protected":false},"author":2,"featured_media":0,"parent":0,"menu_order":0,"comment_status":"closed","ping_status":"closed","template":"","meta":{"footnotes":""},"class_list":["post-1729","page","type-page","status-publish","hentry","post"],"_links":{"self":[{"href":"https:\/\/lfiduras.com\/index.php\/wp-json\/wp\/v2\/pages\/1729","targetHints":{"allow":["GET"]}}],"collection":[{"href":"https:\/\/lfiduras.com\/index.php\/wp-json\/wp\/v2\/pages"}],"about":[{"href":"https:\/\/lfiduras.com\/index.php\/wp-json\/wp\/v2\/types\/page"}],"author":[{"embeddable":true,"href":"https:\/\/lfiduras.com\/index.php\/wp-json\/wp\/v2\/users\/2"}],"replies":[{"embeddable":true,"href":"https:\/\/lfiduras.com\/index.php\/wp-json\/wp\/v2\/comments?post=1729"}],"version-history":[{"count":3,"href":"https:\/\/lfiduras.com\/index.php\/wp-json\/wp\/v2\/pages\/1729\/revisions"}],"predecessor-version":[{"id":4773,"href":"https:\/\/lfiduras.com\/index.php\/wp-json\/wp\/v2\/pages\/1729\/revisions\/4773"}],"wp:attachment":[{"href":"https:\/\/lfiduras.com\/index.php\/wp-json\/wp\/v2\/media?parent=1729"}],"curies":[{"name":"wp","href":"https:\/\/api.w.org\/{rel}","templated":true}]}}