{"id":1733,"date":"2022-06-06T09:48:53","date_gmt":"2022-06-06T07:48:53","guid":{"rendered":"https:\/\/lfiduras.com\/?page_id=1733"},"modified":"2024-12-03T13:31:01","modified_gmt":"2024-12-03T06:31:01","slug":"cvlc","status":"publish","type":"page","link":"https:\/\/lfiduras.com\/index.php\/cvlc\/","title":{"rendered":"CVLC"},"content":{"rendered":"\n<h3 class=\"wp-block-heading\">2024\/2025<\/h3>\n\n\n\n<p><a href=\"https:\/\/lfiduras.com\/lfiduras\/wp-content\/uploads\/2024\/12\/Composition-Conseil-CVLC-2024-2025-3.pdf\"><strong>Composition du CVLC<\/strong><\/a> <\/p>\n\n\n\n<hr class=\"wp-block-separator has-css-opacity\"\/>\n\n\n\n<p>Le conseil des d\u00e9l\u00e9gu\u00e9s pour la vie lyc\u00e9enne et coll\u00e9gienne (CVLC) se r\u00e9unit plusieurs fois par an et travaille sur un ordre du jour pr\u00e9cis pour formuler avis et propositions.<\/p>\n\n\n\n<p><strong>R\u00e9unions du CVLC<\/strong><\/p>\n\n\n\n<p>Avant chaque s\u00e9ance du conseil d\u2019administration du lyc\u00e9e, le CVLC se r\u00e9unit sur convocation du chef d\u2019\u00e9tablissement.<br>Il peut aussi se r\u00e9unir en s\u00e9ance extraordinaire, si la moiti\u00e9 des repr\u00e9sentants lyc\u00e9ens le demande.<\/p>\n\n\n\n<p><strong>Ordre du jour du CVLC<\/strong><\/p>\n\n\n\n<p>C\u2019est le chef d\u2019\u00e9tablissement qui fixe l\u2019ordre du jour. Il y inscrit tous les points demand\u00e9s par au moins la moiti\u00e9 des membres du conseil et qui rel\u00e8vent de ses attributions.<\/p>\n\n\n\n<p><strong>R\u00f4le du C.V.L.C<\/strong><\/p>\n\n\n\n<p>Le conseil de la vie lyc\u00e9enne et coll\u00e9gienne formule des propositions sur :<\/p>\n\n\n\n<p>\u2013 les questions relatives aux principes g\u00e9n\u00e9raux de l\u2019organisation de la scolarit\u00e9, \u00e0 l\u2019organisation du temps scolaire, \u00e0 l\u2019\u00e9laboration du projet d\u2019\u00e9tablissement et du r\u00e8glement int\u00e9rieur, ainsi que sur les questions relatives aux \u00e9quipements, \u00e0 la restauration et \u00e0 l\u2019internat ;<br>\u2013&nbsp; les modalit\u00e9s d\u2019organisation du travail personnel et de l\u2019accompagnement des \u00e9l\u00e8ves ainsi que sur les \u00e9changes linguistiques et culturels en partenariat avec les \u00e9tablissements d\u2019enseignement \u00e9trangers ;<br>\u2013&nbsp; les actions ayant pour objet d\u2019am\u00e9liorer le bien-\u00eatre des \u00e9l\u00e8ves et le climat scolaire et de promouvoir les pratiques participatives ;<br>\u2013&nbsp; la mise en \u0153uvre des parcours \u00e9ducatifs mis en place au coll\u00e8ge ;<br>\u2013 la formation des repr\u00e9sentants des \u00e9l\u00e8ves.<\/p>\n\n\n\n<p><strong>Les lyc\u00e9ens \u00e9mettent des avis et formulent des propositions qui sont port\u00e9es \u00e0 la connaissance du conseil d\u2019\u00e9tablissement. Le conseil des d\u00e9l\u00e9gu\u00e9s pour la vie lyc\u00e9enne exerce les attributions suivantes :<\/strong><\/p>\n\n\n\n<p><strong>1\u00b0 il formule des propositions sur la formation des repr\u00e9sentants des \u00e9l\u00e8ves,<\/strong><\/p>\n\n\n\n<p><strong>2\u00b0 il est obligatoirement consult\u00e9 sur :<\/strong><\/p>\n\n\n\n<ul class=\"wp-block-list\">\n<li><strong>les questions relatives aux principes g\u00e9n\u00e9raux de l\u2019organisation des \u00e9tudes, sur l\u2019organisation du temps scolaire, l\u2019\u00e9laboration du projet d\u2019\u00e9tablissement et du r\u00e8glement int\u00e9rieur, ainsi que les questions de restauration et d\u2019internat ;<\/strong><\/li>\n\n\n\n<li><strong>les modalit\u00e9s g\u00e9n\u00e9rales de l\u2019organisation du travail personnel, de l\u2019accompagnement personnalis\u00e9, des dispositifs d\u2019accompagnement des changements d\u2019orientation, du soutien et de l\u2019aide aux \u00e9l\u00e8ves, des \u00e9changes linguistiques et culturels en partenariat avec les \u00e9tablissements d\u2019enseignement europ\u00e9ens et \u00e9trangers ;<\/strong><\/li>\n\n\n\n<li><strong>l\u2019information relative \u00e0 l\u2019orientation, aux \u00e9tudes scolaires et universitaires et aux carri\u00e8res professionnelles ;<\/strong><\/li>\n\n\n\n<li><strong>la sant\u00e9, l\u2019hygi\u00e8ne et la s\u00e9curit\u00e9, l\u2019am\u00e9nagement des espaces destin\u00e9s \u00e0 la vie lyc\u00e9enne ;<\/strong><\/li>\n\n\n\n<li><strong>sur l\u2019organisation des activit\u00e9s sportives, culturelles et p\u00e9riscolaires. Le vice-pr\u00e9sident du conseil des d\u00e9l\u00e9gu\u00e9s pour la vie lyc\u00e9enne pr\u00e9sente au conseil du second degr\u00e9 et au conseil d\u2019\u00e9tablissement les avis et les propositions, ainsi que les comptes rendus de s\u00e9ance.<\/strong><\/li>\n<\/ul>\n\n\n\n<p><strong><u>Composition et fonctionnement&nbsp;:<\/u><\/strong><\/p>\n\n\n\n<p>Le conseil de la vie lyc\u00e9enne et coll\u00e9gienne comprend :<br>\u2013 le chef d\u2019\u00e9tablissement, pr\u00e9side,<br>\u2013 des repr\u00e9sentants des \u00e9l\u00e8ves,<br>\u2013 au moins deux repr\u00e9sentants des personnels dont un personnel enseignant<br>\u2013 au moins un repr\u00e9sentant des parents d\u2019\u00e9l\u00e8ves.<\/p>\n\n\n\n<p>Le conseil d\u2019\u00e9tablissement d\u00e9lib\u00e8re sur le nombre et la qualit\u00e9 des membres du CVLC, les modalit\u00e9s d\u2019\u00e9lection ou de d\u00e9signation de ses membres, les modalit\u00e9s de son fonctionnement ainsi que les conditions dans lesquelles ses propositions lui sont pr\u00e9sent\u00e9es.<\/p>\n\n\n\n<p>Les membres du conseil de la vie coll\u00e9gienne sont \u00e9lus ou d\u00e9sign\u00e9s au plus tard \u00e0 la fin de l\u2019ann\u00e9e civile suivant la rentr\u00e9e scolaire.<\/p>\n\n\n\n<p><strong>Avis et propositions du CVLC<\/strong><\/p>\n\n\n\n<p>\u00c0 chaque s\u00e9ance, le CVLC \u00e9met des avis et fait des propositions. Il pr\u00e9pare aussi un compte-rendu de s\u00e9ance. L\u2019ensemble est port\u00e9 \u00e0 la connaissance du conseil d\u2019administration et peut \u00eatre affich\u00e9 dans le l\u2019\u00e9tablissement.<\/p>\n\n\n\n<p>Le CVLC peut aussi se doter d\u2019un r\u00e8glement int\u00e9rieur, en conformit\u00e9 avec les dispositions r\u00e9glementaires en vigueur.<\/p>\n","protected":false},"excerpt":{"rendered":"<p>2024\/2025 Composition du CVLC Le conseil des d\u00e9l\u00e9gu\u00e9s pour la vie lyc\u00e9enne et coll\u00e9gienne (CVLC) se r\u00e9unit plusieurs fois par an et travaille sur un ordre du jour pr\u00e9cis pour formuler avis et propositions. R\u00e9unions du CVLC Avant chaque s\u00e9ance du conseil d\u2019administration du lyc\u00e9e, le CVLC se r\u00e9unit sur convocation du chef d\u2019\u00e9tablissement.Il peut [&hellip;]<\/p>\n","protected":false},"author":2,"featured_media":0,"parent":0,"menu_order":0,"comment_status":"closed","ping_status":"closed","template":"","meta":{"footnotes":""},"class_list":["post-1733","page","type-page","status-publish","hentry","post"],"_links":{"self":[{"href":"https:\/\/lfiduras.com\/index.php\/wp-json\/wp\/v2\/pages\/1733","targetHints":{"allow":["GET"]}}],"collection":[{"href":"https:\/\/lfiduras.com\/index.php\/wp-json\/wp\/v2\/pages"}],"about":[{"href":"https:\/\/lfiduras.com\/index.php\/wp-json\/wp\/v2\/types\/page"}],"author":[{"embeddable":true,"href":"https:\/\/lfiduras.com\/index.php\/wp-json\/wp\/v2\/users\/2"}],"replies":[{"embeddable":true,"href":"https:\/\/lfiduras.com\/index.php\/wp-json\/wp\/v2\/comments?post=1733"}],"version-history":[{"count":5,"href":"https:\/\/lfiduras.com\/index.php\/wp-json\/wp\/v2\/pages\/1733\/revisions"}],"predecessor-version":[{"id":7384,"href":"https:\/\/lfiduras.com\/index.php\/wp-json\/wp\/v2\/pages\/1733\/revisions\/7384"}],"wp:attachment":[{"href":"https:\/\/lfiduras.com\/index.php\/wp-json\/wp\/v2\/media?parent=1733"}],"curies":[{"name":"wp","href":"https:\/\/api.w.org\/{rel}","templated":true}]}}