{"id":1738,"date":"2022-06-06T09:57:22","date_gmt":"2022-06-06T07:57:22","guid":{"rendered":"https:\/\/lfiduras.com\/?page_id=1738"},"modified":"2024-12-03T13:32:41","modified_gmt":"2024-12-03T06:32:41","slug":"conseil-de-discipline","status":"publish","type":"page","link":"https:\/\/lfiduras.com\/index.php\/conseil-de-discipline\/","title":{"rendered":"Conseil de discipline 2023-2024"},"content":{"rendered":"\n<p>Les proc\u00e9dures disciplinaires s\u2019appliquent dans les \u00e9tablissements d&#8217;enseignement du second degr\u00e9.<\/p>\n\n\n\n<p>L\u2019Agence entend rappeler le caract\u00e8re sensible de la mati\u00e8re disciplinaire, dans la mesure o\u00f9 les d\u00e9cisions prises sont susceptibles de faire grief aux int\u00e9ress\u00e9s.<\/p>\n\n\n\n<p>Pr\u00e9alablement \u00e0 la mise en \u0153uvre d\u2019une proc\u00e9dure disciplinaire, le chef d\u2019\u00e9tablissement et l\u2019\u00e9quipe \u00e9ducative recherchent, dans la mesure du possible, toute mesure utile de nature \u00e9ducative, notamment par le biais de la commission \u00e9ducative.<\/p>\n\n\n\n<p>L&#8217;accent doit \u00eatre est mis sur la responsabilisation des \u00e9l\u00e8ves. La convocation du conseil de discipline appara\u00eet ainsi comme une solution ultime et grave.<strong><\/strong><\/p>\n\n\n\n<p>Le conseil de discipline comprend :<\/p>\n\n\n\n<ul class=\"wp-block-list\">\n<li>le chef d&#8217;\u00e9tablissement, pr\u00e9sident ;<\/li>\n\n\n\n<li>le chef d\u2019\u00e9tablissement adjoint,<\/li>\n\n\n\n<li>le conseiller principal d&#8217;\u00e9ducation ;<\/li>\n\n\n\n<li>ou le secr\u00e9taire g\u00e9n\u00e9ral ;<\/li>\n\n\n\n<li>5 repr\u00e9sentants des personnels dont quatre au titre des personnels d&#8217;enseignement et d&#8217;\u00e9ducation et un au titre des personnels administratifs, sociaux et de sant\u00e9, techniques, ouvriers et de service ;<\/li>\n\n\n\n<li>3 repr\u00e9sentants des parents d&#8217;\u00e9l\u00e8ves et deux repr\u00e9sentants des \u00e9l\u00e8ves dans les coll\u00e8ges ou deux repr\u00e9sentants des parents d&#8217;\u00e9l\u00e8ves et trois repr\u00e9sentants des \u00e9l\u00e8ves dans les lyc\u00e9es.<strong><\/strong><\/li>\n<\/ul>\n\n\n\n<figure class=\"wp-block-image size-full is-resized\"><img fetchpriority=\"high\" decoding=\"async\" width=\"583\" height=\"718\" src=\"https:\/\/lfiduras.com\/lfiduras\/wp-content\/uploads\/2024\/12\/Conseil-discipline.png\" alt=\"\" class=\"wp-image-7386\" style=\"aspect-ratio:0.8689138576779026;width:737px;height:auto\" srcset=\"https:\/\/lfiduras.com\/lfiduras\/wp-content\/uploads\/2024\/12\/Conseil-discipline.png 583w, https:\/\/lfiduras.com\/lfiduras\/wp-content\/uploads\/2024\/12\/Conseil-discipline-244x300.png 244w\" sizes=\"(max-width: 583px) 100vw, 583px\" \/><\/figure>\n\n\n\n<p>Les repr\u00e9sentants des personnels et des parents d&#8217;\u00e9l\u00e8ves sont \u00e9lus chaque ann\u00e9e en leur sein par les membres titulaires et suppl\u00e9ants du conseil d&#8217;\u00e9tablissement appartenant \u00e0 leurs cat\u00e9gories respectives. Les repr\u00e9sentants des \u00e9l\u00e8ves sont d\u00e9sign\u00e9s par les \u00e9l\u00e8ves \u00e9lus au conseil d\u2019\u00e9tablissement, parmi les d\u00e9l\u00e9gu\u00e9s des \u00e9l\u00e8ves ou les \u00e9lus au CVL. Pour chaque membre du conseil, un suppl\u00e9ant est \u00e9lu ou d\u00e9sign\u00e9 dans les m\u00eames conditions.<\/p>\n\n\n\n<p><strong>Principes<\/strong><br>Un conseil de discipline est instaur\u00e9 dans les \u00e9tablissements comprenant un enseignement du second degr\u00e9 et, le cas \u00e9ch\u00e9ant, un pour le coll\u00e8ge et un pour le lyc\u00e9e.<\/p>\n\n\n\n<p>C\u2019est au chef d\u2019\u00e9tablissement qu\u2019il revient d\u2019appr\u00e9cier s\u2019il y a lieu d\u2019engager des poursuites disciplinaires \u00e0 l\u2019encontre d\u2019un \u00e9l\u00e8ve.<\/p>\n\n\n\n<p>Lorsque le chef d\u2019\u00e9tablissement, saisi par \u00e9crit d\u2019une demande de saisine du conseil de discipline \u00e9manant d\u2019un membre de la communaut\u00e9 scolaire, d\u00e9cide de ne pas engager de proc\u00e9dure disciplinaire, il lui notifie sa d\u00e9cision motiv\u00e9e.<\/p>\n\n\n\n<p>Le chef d\u2019\u00e9tablissement peut d\u00e9cider, \u00e0 titre exceptionnel, de d\u00e9localiser le conseil de discipline afin de prendre en compte une situation locale particuli\u00e8re.<\/p>\n\n\n\n<p>Dans le respect du droit local, le r\u00e8glement int\u00e9rieur fixe les sanctions qui peuvent \u00eatre prononc\u00e9es \u00e0 l\u2019encontre des \u00e9l\u00e8ves, qui peuvent \u00eatre les suivantes :<\/p>\n\n\n\n<p>1\u00b0 L\u2019avertissement ;<br>2\u00b0 Le bl\u00e2me ;<br>3\u00b0 L\u2019exclusion temporaire, qui ne peut exc\u00e9der huit jours, de l\u2019\u00e9tablissement ou de l\u2019un de ses services annexes ;<br>4\u00b0 L\u2019exclusion d\u00e9finitive de l\u2019\u00e9tablissement ou de l\u2019un de ses services annexes.<\/p>\n\n\n\n<p>Le choix de la sanction doit \u00eatre proportionn\u00e9 au manquement constat\u00e9. Les sanctions peuvent \u00eatre assorties d\u2019un sursis total ou partiel. La lev\u00e9e du sursis implique une nouvelle convocation du conseil de discipline.<\/p>\n\n\n\n<p>Toute sanction, hormis l\u2019exclusion d\u00e9finitive, est effac\u00e9e du dossier administratif de l\u2019\u00e9l\u00e8ve au bout d\u2019un an.<\/p>\n\n\n\n<p>Le r\u00e8glement int\u00e9rieur peut pr\u00e9voir en outre des mesures d\u2019accompagnement, de pr\u00e9vention et de r\u00e9paration.<\/p>\n\n\n\n<p>Le chef d\u2019\u00e9tablissement ou l\u2019un de ses adjoints, peut prononcer seul les sanctions de l\u2019avertissement, du bl\u00e2me ou de l\u2019exclusion temporaire de huit jours au plus de l\u2019\u00e9tablissement lorsqu\u2019elles sont pr\u00e9vues par le r\u00e8glement int\u00e9rieur de l\u2019\u00e9tablissement \u00e9labor\u00e9 conform\u00e9ment aux dispositions de l\u2019article R. 451-11 du code de l\u2019\u00e9ducation.<\/p>\n\n\n\n<p>Il peut \u00e9galement prononcer et appliquer les mesures de pr\u00e9vention, de r\u00e9paration et d\u2019accompagnement pr\u00e9vues par le r\u00e8glement int\u00e9rieur.<\/p>\n\n\n\n<p>Le conseil de discipline est comp\u00e9tent, d\u00e8s lors qu&#8217;il est saisi, pour prononcer toutes les sanctions pr\u00e9vues au r\u00e8glement int\u00e9rieur de l\u2019\u00e9tablissement, y compris celles qui peuvent l&#8217;\u00eatre par le seul chef d&#8217;\u00e9tablissement.<\/p>\n\n\n\n<p>Le conseil de discipline peut \u00e9galement prescrire les mesures de pr\u00e9vention, de r\u00e9paration et d\u2019accompagnement pr\u00e9vues au r\u00e8glement int\u00e9rieur.<\/p>\n\n\n\n<p>L\u2019organisation de la proc\u00e9dure disciplinaire est \u00e9galement pr\u00e9cis\u00e9e par le r\u00e8glement int\u00e9rieur.<\/p>\n\n\n\n<p><strong>Recours contre les d\u00e9cisions du conseil de discipline 3-1 :<\/strong><br>Les sanctions prononc\u00e9es peuvent faire l\u2019objet d\u2019un recours gracieux aupr\u00e8s du directeur de l\u2019AEFE. Elles sont des d\u00e9cisions administratives susceptibles de recours (dans un d\u00e9lai de 2 mois apr\u00e8s la notification de la d\u00e9cision, d\u00e9lai augment\u00e9 le cas \u00e9ch\u00e9ant d\u2019un d\u00e9lai suppl\u00e9mentaire de distance de 2 mois) devant le tribunal administratif de Paris.<\/p>\n","protected":false},"excerpt":{"rendered":"<p>Les proc\u00e9dures disciplinaires s\u2019appliquent dans les \u00e9tablissements d&#8217;enseignement du second degr\u00e9. L\u2019Agence entend rappeler le caract\u00e8re sensible de la mati\u00e8re disciplinaire, dans la mesure o\u00f9 les d\u00e9cisions prises sont susceptibles de faire grief aux int\u00e9ress\u00e9s. Pr\u00e9alablement \u00e0 la mise en \u0153uvre d\u2019une proc\u00e9dure disciplinaire, le chef d\u2019\u00e9tablissement et l\u2019\u00e9quipe \u00e9ducative recherchent, dans la mesure du [&hellip;]<\/p>\n","protected":false},"author":2,"featured_media":0,"parent":0,"menu_order":0,"comment_status":"closed","ping_status":"closed","template":"","meta":{"footnotes":""},"class_list":["post-1738","page","type-page","status-publish","hentry","post"],"_links":{"self":[{"href":"https:\/\/lfiduras.com\/index.php\/wp-json\/wp\/v2\/pages\/1738","targetHints":{"allow":["GET"]}}],"collection":[{"href":"https:\/\/lfiduras.com\/index.php\/wp-json\/wp\/v2\/pages"}],"about":[{"href":"https:\/\/lfiduras.com\/index.php\/wp-json\/wp\/v2\/types\/page"}],"author":[{"embeddable":true,"href":"https:\/\/lfiduras.com\/index.php\/wp-json\/wp\/v2\/users\/2"}],"replies":[{"embeddable":true,"href":"https:\/\/lfiduras.com\/index.php\/wp-json\/wp\/v2\/comments?post=1738"}],"version-history":[{"count":3,"href":"https:\/\/lfiduras.com\/index.php\/wp-json\/wp\/v2\/pages\/1738\/revisions"}],"predecessor-version":[{"id":7387,"href":"https:\/\/lfiduras.com\/index.php\/wp-json\/wp\/v2\/pages\/1738\/revisions\/7387"}],"wp:attachment":[{"href":"https:\/\/lfiduras.com\/index.php\/wp-json\/wp\/v2\/media?parent=1738"}],"curies":[{"name":"wp","href":"https:\/\/api.w.org\/{rel}","templated":true}]}}