{"id":1741,"date":"2022-06-06T10:11:58","date_gmt":"2022-06-06T08:11:58","guid":{"rendered":"https:\/\/lfiduras.com\/?page_id=1741"},"modified":"2024-12-03T13:34:20","modified_gmt":"2024-12-03T06:34:20","slug":"commission-hygiene-et-securite-de-la-communaute-scolaire","status":"publish","type":"page","link":"https:\/\/lfiduras.com\/index.php\/commission-hygiene-et-securite-de-la-communaute-scolaire\/","title":{"rendered":"Commission hygi\u00e8ne et s\u00e9curite de la communaut\u00e9 scolaire"},"content":{"rendered":"\n<p><strong>Attributions<\/strong><br>La commission hygi\u00e8ne et s\u00e9curit\u00e9 est consult\u00e9e sur les domaines suivants :<br>&#8211; l\u2019hygi\u00e8ne et la s\u00e9curit\u00e9 de la communaut\u00e9 \u00e9ducative ;<br>&#8211; la proposition d\u2019actions de formation \u00e0 destination des membres de la communaut\u00e9 \u00e9ducative \u00e0 mettre en \u0153uvre dans le domaine de l\u2019hygi\u00e8ne et la s\u00e9curit\u00e9 ;<br>&#8211; le respect et la veille de toutes les dispositions l\u00e9gales en mati\u00e8re d\u2019hygi\u00e8ne et de s\u00e9curit\u00e9 ;<br>&nbsp;&#8211; le bilan des exercices d\u2019\u00e9vacuation incendie ou risque intrusion ;<br>&#8211; les mesures de s\u00e9curit\u00e9 \u00e0 prendre en lien avec l\u2019ambassade et le conseiller s\u00e9curit\u00e9 de l\u2019AEFE.<\/p>\n\n\n\n<p>La commission peut proposer des actions ou mesures \u00e0 mettre en \u0153uvre dans ces diff\u00e9rents domaines, a minima dans le respect des dispositions du droit local.<\/p>\n\n\n\n<p>Dans l\u2019exercice de leurs attributions, toute facilit\u00e9 sera accord\u00e9e aux membres de la commission pour permettre leur participation active (visite de sites, participation aux exercices (ex : incendie, etc\u2026).<\/p>\n\n\n\n<figure class=\"wp-block-image size-full is-resized\"><img fetchpriority=\"high\" decoding=\"async\" width=\"547\" height=\"442\" src=\"https:\/\/lfiduras.com\/lfiduras\/wp-content\/uploads\/2024\/12\/hygiene-et-securite-communaute.png\" alt=\"\" class=\"wp-image-7388\" style=\"width:749px;height:705px\" srcset=\"https:\/\/lfiduras.com\/lfiduras\/wp-content\/uploads\/2024\/12\/hygiene-et-securite-communaute.png 547w, https:\/\/lfiduras.com\/lfiduras\/wp-content\/uploads\/2024\/12\/hygiene-et-securite-communaute-300x242.png 300w\" sizes=\"(max-width: 547px) 100vw, 547px\" \/><\/figure>\n\n\n\n<p><strong><u>Expert&nbsp;:<\/u><\/strong>&nbsp;&nbsp;&nbsp;&nbsp; Service infirmier<\/p>\n\n\n\n<p><strong>Le compte-rendu<\/strong> de chaque s\u00e9ance sera \u00e9tabli, valid\u00e9 et communiqu\u00e9 selon les m\u00eames modalit\u00e9s qu\u2019au conseil d\u2019\u00e9tablissement.<\/p>\n\n\n\n<p>A savoir qu\u2019il est \u00e9tabli sous la responsabilit\u00e9 du chef d\u2019\u00e9tablissement et transmis aux membres du conseil, \u00e0 l\u2019AEFE et aux autres entit\u00e9s dont rel\u00e8ve \u00e9ventuellement l\u2019\u00e9tablissement. Il est adopt\u00e9 \u00e0 l\u2019ouverture de la s\u00e9ance suivante, affich\u00e9 dans les locaux de l\u2019\u00e9tablissement pour une dur\u00e9e de quatre mois et sur le site internet. Les membres de la communaut\u00e9 \u00e9ducative sont inform\u00e9s de la mise \u00e0 disposition des proc\u00e8s-verbaux. Il est affich\u00e9 dans les locaux de l\u2019\u00e9tablissement pour une dur\u00e9e de 4 mois.<br><\/p>\n","protected":false},"excerpt":{"rendered":"<p>AttributionsLa commission hygi\u00e8ne et s\u00e9curit\u00e9 est consult\u00e9e sur les domaines suivants :&#8211; l\u2019hygi\u00e8ne et la s\u00e9curit\u00e9 de la communaut\u00e9 \u00e9ducative ;&#8211; la proposition d\u2019actions de formation \u00e0 destination des membres de la communaut\u00e9 \u00e9ducative \u00e0 mettre en \u0153uvre dans le domaine de l\u2019hygi\u00e8ne et la s\u00e9curit\u00e9 ;&#8211; le respect et la veille de toutes les [&hellip;]<\/p>\n","protected":false},"author":2,"featured_media":0,"parent":0,"menu_order":0,"comment_status":"closed","ping_status":"closed","template":"","meta":{"footnotes":""},"class_list":["post-1741","page","type-page","status-publish","hentry","post"],"_links":{"self":[{"href":"https:\/\/lfiduras.com\/index.php\/wp-json\/wp\/v2\/pages\/1741","targetHints":{"allow":["GET"]}}],"collection":[{"href":"https:\/\/lfiduras.com\/index.php\/wp-json\/wp\/v2\/pages"}],"about":[{"href":"https:\/\/lfiduras.com\/index.php\/wp-json\/wp\/v2\/types\/page"}],"author":[{"embeddable":true,"href":"https:\/\/lfiduras.com\/index.php\/wp-json\/wp\/v2\/users\/2"}],"replies":[{"embeddable":true,"href":"https:\/\/lfiduras.com\/index.php\/wp-json\/wp\/v2\/comments?post=1741"}],"version-history":[{"count":3,"href":"https:\/\/lfiduras.com\/index.php\/wp-json\/wp\/v2\/pages\/1741\/revisions"}],"predecessor-version":[{"id":7389,"href":"https:\/\/lfiduras.com\/index.php\/wp-json\/wp\/v2\/pages\/1741\/revisions\/7389"}],"wp:attachment":[{"href":"https:\/\/lfiduras.com\/index.php\/wp-json\/wp\/v2\/media?parent=1741"}],"curies":[{"name":"wp","href":"https:\/\/api.w.org\/{rel}","templated":true}]}}