{"id":1748,"date":"2022-06-06T10:14:31","date_gmt":"2022-06-06T08:14:31","guid":{"rendered":"https:\/\/lfiduras.com\/?page_id=1748"},"modified":"2024-12-03T13:36:57","modified_gmt":"2024-12-03T06:36:57","slug":"conseil-ecole-college","status":"publish","type":"page","link":"https:\/\/lfiduras.com\/index.php\/conseil-ecole-college\/","title":{"rendered":"Conseil \u00e9cole-coll\u00e8ge"},"content":{"rendered":"\n<p>Le conseil \u00e9cole-coll\u00e8ge contribue \u00e0 am\u00e9liorer la continuit\u00e9 p\u00e9dagogique et \u00e9ducative entre l\u2019\u00e9cole et le coll\u00e8ge. Il m\u00e8ne des actions p\u00e9dagogiques, \u00e0 tout niveau, sur l&#8217;ensemble des cycles, en coop\u00e9ration avec les instances locales. Le programme de ces actions et le bilan des r\u00e9alisations est pr\u00e9sent\u00e9 aux m\u00eames instances et peuvent \u00eatre port\u00e9s \u00e0 la connaissance de l\u2019IEN sur sa demande. Ces derniers concernent les enseignements, les enseignants et les enseign\u00e9s de l\u2019enseignement primaire et du coll\u00e8ge.<\/p>\n\n\n\n<p>Il ne se limite donc pas \u00e0 assurer la liaison entre la classe de CM2 et celle de sixi\u00e8me, d\u00e9sormais associ\u00e9es au sein d&#8217;un m\u00eame cycle 3 (CM1, CM2, 6\u00e8me).<\/p>\n\n\n\n<figure class=\"wp-block-image size-full is-resized\"><img fetchpriority=\"high\" decoding=\"async\" width=\"701\" height=\"396\" src=\"https:\/\/lfiduras.com\/lfiduras\/wp-content\/uploads\/2024\/12\/ecole-college.png\" alt=\"\" class=\"wp-image-7392\" style=\"width:767px;height:529px\" srcset=\"https:\/\/lfiduras.com\/lfiduras\/wp-content\/uploads\/2024\/12\/ecole-college.png 701w, https:\/\/lfiduras.com\/lfiduras\/wp-content\/uploads\/2024\/12\/ecole-college-300x169.png 300w\" sizes=\"(max-width: 701px) 100vw, 701px\" \/><\/figure>\n","protected":false},"excerpt":{"rendered":"<p>Le conseil \u00e9cole-coll\u00e8ge contribue \u00e0 am\u00e9liorer la continuit\u00e9 p\u00e9dagogique et \u00e9ducative entre l\u2019\u00e9cole et le coll\u00e8ge. Il m\u00e8ne des actions p\u00e9dagogiques, \u00e0 tout niveau, sur l&#8217;ensemble des cycles, en coop\u00e9ration avec les instances locales. Le programme de ces actions et le bilan des r\u00e9alisations est pr\u00e9sent\u00e9 aux m\u00eames instances et peuvent \u00eatre port\u00e9s \u00e0 la [&hellip;]<\/p>\n","protected":false},"author":2,"featured_media":0,"parent":0,"menu_order":0,"comment_status":"closed","ping_status":"closed","template":"","meta":{"footnotes":""},"class_list":["post-1748","page","type-page","status-publish","hentry","post"],"_links":{"self":[{"href":"https:\/\/lfiduras.com\/index.php\/wp-json\/wp\/v2\/pages\/1748","targetHints":{"allow":["GET"]}}],"collection":[{"href":"https:\/\/lfiduras.com\/index.php\/wp-json\/wp\/v2\/pages"}],"about":[{"href":"https:\/\/lfiduras.com\/index.php\/wp-json\/wp\/v2\/types\/page"}],"author":[{"embeddable":true,"href":"https:\/\/lfiduras.com\/index.php\/wp-json\/wp\/v2\/users\/2"}],"replies":[{"embeddable":true,"href":"https:\/\/lfiduras.com\/index.php\/wp-json\/wp\/v2\/comments?post=1748"}],"version-history":[{"count":3,"href":"https:\/\/lfiduras.com\/index.php\/wp-json\/wp\/v2\/pages\/1748\/revisions"}],"predecessor-version":[{"id":7393,"href":"https:\/\/lfiduras.com\/index.php\/wp-json\/wp\/v2\/pages\/1748\/revisions\/7393"}],"wp:attachment":[{"href":"https:\/\/lfiduras.com\/index.php\/wp-json\/wp\/v2\/media?parent=1748"}],"curies":[{"name":"wp","href":"https:\/\/api.w.org\/{rel}","templated":true}]}}