{"id":1751,"date":"2022-06-06T10:16:30","date_gmt":"2022-06-06T08:16:30","guid":{"rendered":"https:\/\/lfiduras.com\/?page_id=1751"},"modified":"2024-12-03T13:38:00","modified_gmt":"2024-12-03T06:38:00","slug":"cellule-de-pilotage-de-la-formation-continue","status":"publish","type":"page","link":"https:\/\/lfiduras.com\/index.php\/cellule-de-pilotage-de-la-formation-continue\/","title":{"rendered":"Cellule de pilotage de la formation continue"},"content":{"rendered":"\n<p><strong>Attributions<\/strong><\/p>\n\n\n\n<p>La cellule de formation continue d\u00e9finit la politique de formation et de d\u00e9veloppement professionnel de l\u2019ensemble des personnels de l\u2019\u00e9tablissement, en respectant les orientations d\u00e9finies par l\u2019Agence, le projet de zone, le projet d\u2019\u00e9tablissement et, dans les \u00e9tablissements conventionn\u00e9s et partenaires, les orientations strat\u00e9giques de l&#8217;organisme gestionnaire en mati\u00e8re de formation.<br><br>Elle assure le lien entre les demandes exprim\u00e9es par les personnels et les instances de la mutualisation\/l\u2019IRF. Elle veille au respect des proc\u00e9dures d\u00e9finies par l\u2019AEFE.<br><\/p>\n\n\n\n<figure class=\"wp-block-image size-full is-resized\"><img fetchpriority=\"high\" decoding=\"async\" width=\"717\" height=\"498\" src=\"https:\/\/lfiduras.com\/lfiduras\/wp-content\/uploads\/2024\/12\/Formation-continue.png\" alt=\"\" class=\"wp-image-7394\" style=\"width:802px;height:481px\" srcset=\"https:\/\/lfiduras.com\/lfiduras\/wp-content\/uploads\/2024\/12\/Formation-continue.png 717w, https:\/\/lfiduras.com\/lfiduras\/wp-content\/uploads\/2024\/12\/Formation-continue-300x208.png 300w\" sizes=\"(max-width: 717px) 100vw, 717px\" \/><\/figure>\n\n\n\n<p>Les repr\u00e9sentants des personnels sont des personnels volontaires, d\u00e9sign\u00e9s et mandat\u00e9s par les repr\u00e9sentants \u00e9lus au conseil d\u2019\u00e9tablissement de leurs coll\u00e8ges respectifs. Les titulaires et leurs suppl\u00e9ants sont d\u00e9sign\u00e9s lors du premier conseil d\u2019\u00e9tablissement qui suit les \u00e9lections des repr\u00e9sentants des personnels. A la demande des membres de la cellule de formation continue, le chef d\u2019\u00e9tablissement peut inviter un expert en fonction de l\u2019ordre du jour.<\/p>\n\n\n\n<p><strong>Un compte rendu<\/strong> d\u00e9taill\u00e9 de ses travaux sera adress\u00e9 au conseil d\u2019\u00e9tablissement et \u00e0 l\u2019\u00e9tablissement mutualisateur de la zone. Ce compte rendu est consultable et doit \u00eatre diffus\u00e9 \u00e0 l\u2019ensemble des personnels.<\/p>\n","protected":false},"excerpt":{"rendered":"<p>Attributions La cellule de formation continue d\u00e9finit la politique de formation et de d\u00e9veloppement professionnel de l\u2019ensemble des personnels de l\u2019\u00e9tablissement, en respectant les orientations d\u00e9finies par l\u2019Agence, le projet de zone, le projet d\u2019\u00e9tablissement et, dans les \u00e9tablissements conventionn\u00e9s et partenaires, les orientations strat\u00e9giques de l&#8217;organisme gestionnaire en mati\u00e8re de formation. Elle assure le [&hellip;]<\/p>\n","protected":false},"author":2,"featured_media":0,"parent":0,"menu_order":0,"comment_status":"closed","ping_status":"closed","template":"","meta":{"footnotes":""},"class_list":["post-1751","page","type-page","status-publish","hentry","post"],"_links":{"self":[{"href":"https:\/\/lfiduras.com\/index.php\/wp-json\/wp\/v2\/pages\/1751","targetHints":{"allow":["GET"]}}],"collection":[{"href":"https:\/\/lfiduras.com\/index.php\/wp-json\/wp\/v2\/pages"}],"about":[{"href":"https:\/\/lfiduras.com\/index.php\/wp-json\/wp\/v2\/types\/page"}],"author":[{"embeddable":true,"href":"https:\/\/lfiduras.com\/index.php\/wp-json\/wp\/v2\/users\/2"}],"replies":[{"embeddable":true,"href":"https:\/\/lfiduras.com\/index.php\/wp-json\/wp\/v2\/comments?post=1751"}],"version-history":[{"count":4,"href":"https:\/\/lfiduras.com\/index.php\/wp-json\/wp\/v2\/pages\/1751\/revisions"}],"predecessor-version":[{"id":7395,"href":"https:\/\/lfiduras.com\/index.php\/wp-json\/wp\/v2\/pages\/1751\/revisions\/7395"}],"wp:attachment":[{"href":"https:\/\/lfiduras.com\/index.php\/wp-json\/wp\/v2\/media?parent=1751"}],"curies":[{"name":"wp","href":"https:\/\/api.w.org\/{rel}","templated":true}]}}