{"id":1754,"date":"2022-06-06T10:19:00","date_gmt":"2022-06-06T08:19:00","guid":{"rendered":"https:\/\/lfiduras.com\/?page_id=1754"},"modified":"2024-12-03T13:39:12","modified_gmt":"2024-12-03T06:39:12","slug":"commission-relative-a-lhygiene-a-la-securite-et-aux-conditions-de-travail-du-personnel","status":"publish","type":"page","link":"https:\/\/lfiduras.com\/index.php\/commission-relative-a-lhygiene-a-la-securite-et-aux-conditions-de-travail-du-personnel\/","title":{"rendered":"Commission relative \u00e0 l&#8217;hygi\u00e8ne, \u00e0 la s\u00e9curit\u00e9 et aux conditions de travail du personnel"},"content":{"rendered":"\n<p>Une commission hygi\u00e8ne, s\u00e9curit\u00e9 et conditions de travail est institu\u00e9e dans les \u00e9tablissements pour ce qui concerne les domaines li\u00e9s \u00e0 l\u2019hygi\u00e8ne, \u00e0 la s\u00e9curit\u00e9 et aux conditions de travail des personnels de l\u2019\u00e9tablissement.<\/p>\n\n\n\n<p>Cette commission est instaur\u00e9e dans tous les \u00e9tablissements dans le respect, a minima, des dispositions du droit local. Si la loi locale impose une instance, ayant des pr\u00e9rogatives proches, un \u00e9quilibre entre le fonctionnement des deux instances devra \u00eatre recherch\u00e9 dans le dialogue et la concertation, afin de cr\u00e9er, si possible, une CHSCT jumel\u00e9e.<\/p>\n\n\n\n<p>Pour les \u00e9tablissements relevant d\u2019un groupement de gestion, la commission hygi\u00e8ne, s\u00e9curit\u00e9 et conditions de travail \u00e9mane du conseil de groupement de gestion.<\/p>\n\n\n\n<p><strong>Attributions<\/strong><\/p>\n\n\n\n<p>Le conseil d\u2019\u00e9tablissement d\u00e9l\u00e8gue \u00e0 une commission hygi\u00e8ne, s\u00e9curit\u00e9 et conditions de travail des personnels, les domaines suivants :<\/p>\n\n\n\n<ul class=\"wp-block-list\">\n<li>analyse et promotion de la pr\u00e9vention des risques professionnels ;<\/li>\n\n\n\n<li>proposition d\u2019actions de pr\u00e9vention du harc\u00e8lement au travail ;<\/li>\n\n\n\n<li>suggestion de toute mesure de nature \u00e0 am\u00e9liorer l\u2019hygi\u00e8ne, la s\u00e9curit\u00e9 et les conditions de travail ;<\/li>\n\n\n\n<li>propositions d\u2019actions de formation \u00e0 l\u2019hygi\u00e8ne et \u00e0 la s\u00e9curit\u00e9, en lien avec la cellule de formation continue.<\/li>\n<\/ul>\n\n\n\n<p><\/p>\n\n\n\n<figure class=\"wp-block-image size-full is-resized\"><img fetchpriority=\"high\" decoding=\"async\" width=\"716\" height=\"400\" src=\"https:\/\/lfiduras.com\/lfiduras\/wp-content\/uploads\/2024\/12\/Hygiene.png\" alt=\"\" class=\"wp-image-7396\" style=\"width:767px;height:458px\" srcset=\"https:\/\/lfiduras.com\/lfiduras\/wp-content\/uploads\/2024\/12\/Hygiene.png 716w, https:\/\/lfiduras.com\/lfiduras\/wp-content\/uploads\/2024\/12\/Hygiene-300x168.png 300w\" sizes=\"(max-width: 716px) 100vw, 716px\" \/><\/figure>\n\n\n\n<p><\/p>\n","protected":false},"excerpt":{"rendered":"<p>Une commission hygi\u00e8ne, s\u00e9curit\u00e9 et conditions de travail est institu\u00e9e dans les \u00e9tablissements pour ce qui concerne les domaines li\u00e9s \u00e0 l\u2019hygi\u00e8ne, \u00e0 la s\u00e9curit\u00e9 et aux conditions de travail des personnels de l\u2019\u00e9tablissement. Cette commission est instaur\u00e9e dans tous les \u00e9tablissements dans le respect, a minima, des dispositions du droit local. Si la loi [&hellip;]<\/p>\n","protected":false},"author":2,"featured_media":0,"parent":0,"menu_order":0,"comment_status":"closed","ping_status":"closed","template":"","meta":{"footnotes":""},"class_list":["post-1754","page","type-page","status-publish","hentry","post"],"_links":{"self":[{"href":"https:\/\/lfiduras.com\/index.php\/wp-json\/wp\/v2\/pages\/1754","targetHints":{"allow":["GET"]}}],"collection":[{"href":"https:\/\/lfiduras.com\/index.php\/wp-json\/wp\/v2\/pages"}],"about":[{"href":"https:\/\/lfiduras.com\/index.php\/wp-json\/wp\/v2\/types\/page"}],"author":[{"embeddable":true,"href":"https:\/\/lfiduras.com\/index.php\/wp-json\/wp\/v2\/users\/2"}],"replies":[{"embeddable":true,"href":"https:\/\/lfiduras.com\/index.php\/wp-json\/wp\/v2\/comments?post=1754"}],"version-history":[{"count":3,"href":"https:\/\/lfiduras.com\/index.php\/wp-json\/wp\/v2\/pages\/1754\/revisions"}],"predecessor-version":[{"id":7397,"href":"https:\/\/lfiduras.com\/index.php\/wp-json\/wp\/v2\/pages\/1754\/revisions\/7397"}],"wp:attachment":[{"href":"https:\/\/lfiduras.com\/index.php\/wp-json\/wp\/v2\/media?parent=1754"}],"curies":[{"name":"wp","href":"https:\/\/api.w.org\/{rel}","templated":true}]}}