{"id":1825,"date":"2022-06-07T05:42:35","date_gmt":"2022-06-07T03:42:35","guid":{"rendered":"https:\/\/lfiduras.com\/?page_id=1825"},"modified":"2024-09-16T15:36:18","modified_gmt":"2024-09-16T08:36:18","slug":"ecole-inclusive","status":"publish","type":"page","link":"https:\/\/lfiduras.com\/index.php\/ecole-inclusive\/","title":{"rendered":"Ecole inclusive"},"content":{"rendered":"<div class=\"wp-block-image\">\n<figure class=\"alignright size-full\"><img decoding=\"async\" width=\"189\" height=\"259\" src=\"https:\/\/lfiduras.com\/lfiduras\/wp-content\/uploads\/2023\/09\/ecole_inclusive.png\" alt=\"\" class=\"wp-image-4800\"\/><\/figure><\/div>\n\n\n<p>Le Lyc\u00e9e Fran\u00e7ais International Marguerite Duras a instaur\u00e9 un&nbsp; dispositif de suivi des \u00e9l\u00e8ves \u00e0 besoins \u00e9ducatifs particuliers (EBEP). L\u2019objectif est de proposer un plan d\u2019actions et d\u2019\u00e9laborer un protocole p\u00e9dagogique qui r\u00e9pond au mieux aux besoins de scolarisation de l\u2019\u00e9l\u00e8ve, en interne et\/ou avec des aides ext\u00e9rieures.<\/p>\n\n\n\n<p>Selon les besoins de l\u2019\u00e9l\u00e8ve et toujours en accord avec les parents, plusieurs documents peuvent \u00eatre \u00e9tablis pour pr\u00e9voir les am\u00e9nagements et adaptations p\u00e9dagogiques :<br>\u2013 un<strong>&nbsp;PPRE<\/strong>&nbsp;(Programme Personnalis\u00e9 de R\u00e9ussite \u00c9ducative) peut \u00eatre \u00e9labor\u00e9 par l\u2019\u00e9tablissement pour organiser des actions cibl\u00e9es sur des comp\u00e9tences pr\u00e9cises.<br>\u2013 un&nbsp;<strong>PAP<\/strong>&nbsp;(Plan d\u2019Accompagnement Personnalis\u00e9) peut \u00eatre organis\u00e9 au niveau de l\u2019\u00e9tablissement, en cas de troubles sp\u00e9cifique des apprentissages reconnu par un m\u00e9decin.<br>\u2013 un&nbsp;<strong>PPS<\/strong>&nbsp;(Projet Personnalis\u00e9 de Scolarisation) peut \u00eatre \u00e9tabli en cas de situation d\u2019handicap reconnu par une MDPH pour organiser les am\u00e9nagements et adaptations p\u00e9dagogiques necessaires.<br>\u2013 un&nbsp;<strong>PAI<\/strong>&nbsp;(Projet d\u2019Accueil Individualis\u00e9) peut \u00eatre mis en place dans l\u2019\u00e9tablissement apr\u00e8s l\u2019avis d\u2019un m\u00e9decin qui pr\u00e9cise le trouble de sant\u00e9.<\/p>\n\n\n\n<p>Les parents sont partie int\u00e9grante de l\u2019\u00e9quipe \u00e9ducative qui m\u00e8ne un travail coll\u00e9gial pour concevoir et suivre le programme d\u2019appui \u00e0 mettre en place. La famille peut faire appel \u00e0 des personnes ext\u00e9rieures qui suivent l\u2019\u00e9l\u00e8ve dans le cadre d\u2019un suivi hors \u00e9tablissement scolaire : th\u00e9rapeute, orthophoniste, psychologue, etc.<\/p>\n\n\n\n<p>Actuellement, plusieurs personnes de l\u2019\u00e9tablissement sont \u00e0 votre disposition pour \u00e9tablir avec vous, les documents n\u00e9cessaires au suivi de votre enfant et assurer l\u2019interface avec l\u2019\u00e9quipe p\u00e9dagogique de sa classe :<\/p>\n\n\n\n<p>Pour le premier degr\u00e9 : la Directrice \u2013 Mme V\u00e9ronique ECALLE \u2013&nbsp;<a href=\"mailto:directeur@lfiduras.com\">directeur@lfiduras.com<\/a><\/p>\n\n\n\n<p>Pour le second degr\u00e9 \u2013 les professeurs r\u00e9f\u00e9rents EBEP :<br>Juliette ALFONSI \u2013\u00a0<a href=\"mailto:alfonsi.juliette@professeurs.lfiduras.com\">alfonsi.juliette@professeurs.lfiduras.com<\/a><br>Ad\u00e8le CORDE \u2013\u00a0<a href=\"mailto:dumesnil.emmanuel@professeurs.lfiduras.com\"><a href=\"mailto:corde.adele@professeurs.lfiduras.com\">corde.adele@professeurs.lfiduras.com<\/a><\/a>\u00a0\u2013<\/p>\n\n\n\n<p>Le service infirmier :&nbsp;<a href=\"mailto:infirmerie@lfiduras.com\">infirmerie@lfiduras.com<\/a><br>Pierre AUNILLON \u2013&nbsp;<a href=\"mailto:aunillon.pierre@lfiduras.com\">aunillon.pierre@lfiduras.com<\/a><\/p>\n\n\n\n<p><strong><em>Les enseignants r<\/em><\/strong><strong><em>\u00e9f\u00e9rents au 2nd degr\u00e9\u00a0<\/em><\/strong>vous ont pr\u00e9par\u00e9 un document explicatif sur la mise en place du dispositif et sur les principales missions des enseignants EABEP .<\/p>\n\n\n\n<p class=\"has-text-align-center\"><a href=\"https:\/\/lfiduras.com\/lfiduras\/wp-content\/uploads\/2023\/09\/Pre\u0301sentation-EBEP-11-09-2021-VC-2.pdf\">EABEP<\/a><\/p>\n\n\n<div class=\"wp-block-image\">\n<figure class=\"aligncenter size-full is-resized\"><a href=\"https:\/\/lfiduras.com\/lfiduras\/wp-content\/uploads\/2023\/09\/Pre\u0301sentation-EBEP-11-09-2021-VC-2.pdf\"><img fetchpriority=\"high\" decoding=\"async\" width=\"900\" height=\"305\" src=\"https:\/\/lfiduras.com\/lfiduras\/wp-content\/uploads\/2023\/09\/Capture-decran-EABEP.png\" alt=\"\" class=\"wp-image-4795\" style=\"width:600px\" srcset=\"https:\/\/lfiduras.com\/lfiduras\/wp-content\/uploads\/2023\/09\/Capture-decran-EABEP.png 900w, https:\/\/lfiduras.com\/lfiduras\/wp-content\/uploads\/2023\/09\/Capture-decran-EABEP-300x102.png 300w, https:\/\/lfiduras.com\/lfiduras\/wp-content\/uploads\/2023\/09\/Capture-decran-EABEP-768x260.png 768w\" sizes=\"(max-width: 900px) 100vw, 900px\" \/><\/a><\/figure><\/div>","protected":false},"excerpt":{"rendered":"<p>Le Lyc\u00e9e Fran\u00e7ais International Marguerite Duras a instaur\u00e9 un&nbsp; dispositif de suivi des \u00e9l\u00e8ves \u00e0 besoins \u00e9ducatifs particuliers (EBEP). L\u2019objectif est de proposer un plan d\u2019actions et d\u2019\u00e9laborer un protocole p\u00e9dagogique qui r\u00e9pond au mieux aux besoins de scolarisation de l\u2019\u00e9l\u00e8ve, en interne et\/ou avec des aides ext\u00e9rieures. Selon les besoins de l\u2019\u00e9l\u00e8ve et toujours [&hellip;]<\/p>\n","protected":false},"author":2,"featured_media":0,"parent":0,"menu_order":0,"comment_status":"closed","ping_status":"closed","template":"","meta":{"footnotes":""},"class_list":["post-1825","page","type-page","status-publish","hentry","post"],"_links":{"self":[{"href":"https:\/\/lfiduras.com\/index.php\/wp-json\/wp\/v2\/pages\/1825","targetHints":{"allow":["GET"]}}],"collection":[{"href":"https:\/\/lfiduras.com\/index.php\/wp-json\/wp\/v2\/pages"}],"about":[{"href":"https:\/\/lfiduras.com\/index.php\/wp-json\/wp\/v2\/types\/page"}],"author":[{"embeddable":true,"href":"https:\/\/lfiduras.com\/index.php\/wp-json\/wp\/v2\/users\/2"}],"replies":[{"embeddable":true,"href":"https:\/\/lfiduras.com\/index.php\/wp-json\/wp\/v2\/comments?post=1825"}],"version-history":[{"count":7,"href":"https:\/\/lfiduras.com\/index.php\/wp-json\/wp\/v2\/pages\/1825\/revisions"}],"predecessor-version":[{"id":7012,"href":"https:\/\/lfiduras.com\/index.php\/wp-json\/wp\/v2\/pages\/1825\/revisions\/7012"}],"wp:attachment":[{"href":"https:\/\/lfiduras.com\/index.php\/wp-json\/wp\/v2\/media?parent=1825"}],"curies":[{"name":"wp","href":"https:\/\/api.w.org\/{rel}","templated":true}]}}