{"id":1944,"date":"2022-06-09T06:06:22","date_gmt":"2022-06-09T04:06:22","guid":{"rendered":"https:\/\/lfiduras.com\/?page_id=1944"},"modified":"2022-06-09T06:06:23","modified_gmt":"2022-06-09T04:06:23","slug":"agora","status":"publish","type":"page","link":"https:\/\/lfiduras.com\/index.php\/agora\/","title":{"rendered":"Agora"},"content":{"rendered":"\n<div class=\"wp-block-image\"><figure class=\"alignleft\"><a href=\"https:\/\/youtu.be\/kT3lZ_mT6Ic\"><img decoding=\"async\" src=\"http:\/\/lfiduras.com\/wp-content\/uploads\/2021\/09\/ImgAgora.png\" alt=\"\" class=\"wp-image-11196\"\/><\/a><\/figure><\/div>\n\n\n\n<h3 class=\"wp-block-heading\">Pr\u00e9sentation AGORA<\/h3>\n\n\n\n<p>La plateforme&nbsp;AGORA Monde,&nbsp;www.agora-aefe.fr, rassemblant d\u00e9sormais plus de 70.000 utilisateurs fait&nbsp;partie des outils num\u00e9riques qui illustrent la force du r\u00e9seau AEFE. Cet outil, d\u00e9velopp\u00e9 par l\u2019AEFE, est&nbsp;mis \u00e0 votre disposition et celle de vos enfants pour les accompagner dans la construction de leur parcours&nbsp;d\u2019orientation.<\/p>\n\n\n\n<p>La plateforme AGORA Monde a pour objectif de mettre en relation les \u00e9l\u00e8ves des lyc\u00e9es fran\u00e7ais du monde\u00a0avec les anciens \u00e9l\u00e8ves aujourd\u2019hui \u00e9tudiants; la finalit\u00e9 \u00e9tant d\u2019\u00e9changer sur l\u2019orientation et la vie \u00e9tudiante.<br>Partages d\u2019exp\u00e9riences, conseils, vid\u00e9os t\u00e9moignages et articles sont mis \u00e0 la disposition des lyc\u00e9ens pour\u00a0construire leur avenir.<\/p>\n\n\n\n<p><\/p>\n\n\n\n<h2 class=\"wp-block-heading\">Comment <strong>s\u2019inscrire sur AGORA ?<br><a href=\"https:\/\/drive.google.com\/file\/d\/12S_73_26ImJmUn-e7UY_0Xg4NPym7vfR\/view\"><\/a><a href=\"https:\/\/drive.google.com\/file\/d\/12S_73_26ImJmUn-e7UY_0Xg4NPym7vfR\/view\"><\/a><\/strong><\/h2>\n\n\n\n<figure class=\"wp-block-image\"><a href=\"https:\/\/drive.google.com\/file\/d\/12S_73_26ImJmUn-e7UY_0Xg4NPym7vfR\/view\"><img decoding=\"async\" src=\"http:\/\/lfiduras.com\/wp-content\/uploads\/2019\/11\/Preview_video_tutoinscription_AGORA-300x173.jpg\" alt=\"\"\/><\/a><\/figure>\n","protected":false},"excerpt":{"rendered":"<p>Pr\u00e9sentation AGORA La plateforme&nbsp;AGORA Monde,&nbsp;www.agora-aefe.fr, rassemblant d\u00e9sormais plus de 70.000 utilisateurs fait&nbsp;partie des outils num\u00e9riques qui illustrent la force du r\u00e9seau AEFE. Cet outil, d\u00e9velopp\u00e9 par l\u2019AEFE, est&nbsp;mis \u00e0 votre disposition et celle de vos enfants pour les accompagner dans la construction de leur parcours&nbsp;d\u2019orientation. La plateforme AGORA Monde a pour objectif de mettre en [&hellip;]<\/p>\n","protected":false},"author":2,"featured_media":0,"parent":0,"menu_order":0,"comment_status":"closed","ping_status":"closed","template":"","meta":{"footnotes":""},"class_list":["post-1944","page","type-page","status-publish","hentry","post"],"_links":{"self":[{"href":"https:\/\/lfiduras.com\/index.php\/wp-json\/wp\/v2\/pages\/1944","targetHints":{"allow":["GET"]}}],"collection":[{"href":"https:\/\/lfiduras.com\/index.php\/wp-json\/wp\/v2\/pages"}],"about":[{"href":"https:\/\/lfiduras.com\/index.php\/wp-json\/wp\/v2\/types\/page"}],"author":[{"embeddable":true,"href":"https:\/\/lfiduras.com\/index.php\/wp-json\/wp\/v2\/users\/2"}],"replies":[{"embeddable":true,"href":"https:\/\/lfiduras.com\/index.php\/wp-json\/wp\/v2\/comments?post=1944"}],"version-history":[{"count":1,"href":"https:\/\/lfiduras.com\/index.php\/wp-json\/wp\/v2\/pages\/1944\/revisions"}],"predecessor-version":[{"id":1945,"href":"https:\/\/lfiduras.com\/index.php\/wp-json\/wp\/v2\/pages\/1944\/revisions\/1945"}],"wp:attachment":[{"href":"https:\/\/lfiduras.com\/index.php\/wp-json\/wp\/v2\/media?parent=1944"}],"curies":[{"name":"wp","href":"https:\/\/api.w.org\/{rel}","templated":true}]}}