{"id":1946,"date":"2022-06-09T06:07:24","date_gmt":"2022-06-09T04:07:24","guid":{"rendered":"https:\/\/lfiduras.com\/?page_id=1946"},"modified":"2022-06-09T06:09:45","modified_gmt":"2022-06-09T04:09:45","slug":"onisep-2","status":"publish","type":"page","link":"https:\/\/lfiduras.com\/index.php\/onisep-2\/","title":{"rendered":"Onisep"},"content":{"rendered":"\n<h1 class=\"wp-block-heading\"><\/h1>\n\n\n\n<p><em>Le&nbsp;kiosque ONISEP est \u00e0 la disposition des \u00e9l\u00e8ves et des professeurs au CDI<\/em><\/p>\n\n\n\n<figure class=\"wp-block-image\"><img decoding=\"async\" src=\"http:\/\/lfiduras.com\/wp-content\/uploads\/2021\/06\/Kiosque-onisep.jpg\" alt=\"\" class=\"wp-image-10835\"\/><\/figure>\n\n\n\n<p><strong>L\u2019Onisep \u00e9labore et diffuse toute l\u2019information sur les formations et les m\u00e9tiers aupr\u00e8s des \u00e9l\u00e8ves, des parents et des \u00e9quipes \u00e9ducatives.<\/strong><\/p>\n\n\n\n<div class=\"wp-block-image\"><figure class=\"aligncenter is-resized\"><a href=\"http:\/\/lfiduras.com\/wp-content\/uploads\/2020\/11\/ContenusKiosqueenligneseptembre2020.pdf\"><img fetchpriority=\"high\" decoding=\"async\" src=\"http:\/\/lfiduras.com\/wp-content\/uploads\/2020\/11\/Contenu_Kiosque.jpg\" alt=\"\" class=\"wp-image-8928\" width=\"512\" height=\"376\"\/><\/a><\/figure><\/div>\n\n\n\n<p><\/p>\n\n\n\n<p><\/p>\n\n\n\n<p><\/p>\n\n\n\n<p><\/p>\n\n\n\n<hr class=\"wp-block-separator\"\/>\n\n\n\n<p>Vous pouvez vous rendre sur le site de l\u2019 ONISEP, vous aurez acc\u00e8s \u00e0 l\u2019ensemble des informations.<\/p>\n\n\n\n<p>Vous trouverez ici les liens vers les diff\u00e9rentes plateformes de l\u2019ONISEP.<\/p>\n\n\n\n<figure class=\"wp-block-image\"><a href=\"http:\/\/www.monorientationenligne.fr\/qr\/aefe.php\"><img decoding=\"async\" src=\"http:\/\/lfiduras.com\/wp-content\/uploads\/2020\/11\/onisep1.png\" alt=\"\" class=\"wp-image-8924\"\/><\/a><\/figure>\n\n\n\n<figure class=\"wp-block-image\"><a href=\"https:\/\/oniseptv.onisep.fr\/\"><img decoding=\"async\" src=\"http:\/\/lfiduras.com\/wp-content\/uploads\/2020\/11\/onisep2.png\" alt=\"\" class=\"wp-image-8925\"\/><\/a><\/figure>\n\n\n\n<figure class=\"wp-block-image\"><a href=\"http:\/\/www.onisep-services.fr\/\"><img decoding=\"async\" src=\"http:\/\/lfiduras.com\/wp-content\/uploads\/2020\/11\/onisep3.png\" alt=\"\" class=\"wp-image-8926\"\/><\/a><\/figure>\n\n\n\n<figure class=\"wp-block-image\"><a href=\"http:\/\/lfiduras.com\/wp-content\/uploads\/2020\/11\/onisep-lyon-ressources-parents.pdf\"><img decoding=\"async\" src=\"http:\/\/lfiduras.com\/wp-content\/uploads\/2020\/11\/Ronisep2.png\" alt=\"\" class=\"wp-image-8987\"\/><\/a><\/figure>\n\n\n\n<figure class=\"wp-block-image\"><a href=\"http:\/\/lfiduras.com\/wp-content\/uploads\/2020\/11\/onisep-lyon-ressources-formations.pdf\"><img decoding=\"async\" src=\"http:\/\/lfiduras.com\/wp-content\/uploads\/2020\/11\/RONISEP.png\" alt=\"\" class=\"wp-image-8986\"\/><\/a><\/figure>\n","protected":false},"excerpt":{"rendered":"<p>Le&nbsp;kiosque ONISEP est \u00e0 la disposition des \u00e9l\u00e8ves et des professeurs au CDI L\u2019Onisep \u00e9labore et diffuse toute l\u2019information sur les formations et les m\u00e9tiers aupr\u00e8s des \u00e9l\u00e8ves, des parents et des \u00e9quipes \u00e9ducatives. Vous pouvez vous rendre sur le site de l\u2019 ONISEP, vous aurez acc\u00e8s \u00e0 l\u2019ensemble des informations. Vous trouverez ici les [&hellip;]<\/p>\n","protected":false},"author":2,"featured_media":0,"parent":0,"menu_order":0,"comment_status":"closed","ping_status":"closed","template":"","meta":{"footnotes":""},"class_list":["post-1946","page","type-page","status-publish","hentry","post"],"_links":{"self":[{"href":"https:\/\/lfiduras.com\/index.php\/wp-json\/wp\/v2\/pages\/1946","targetHints":{"allow":["GET"]}}],"collection":[{"href":"https:\/\/lfiduras.com\/index.php\/wp-json\/wp\/v2\/pages"}],"about":[{"href":"https:\/\/lfiduras.com\/index.php\/wp-json\/wp\/v2\/types\/page"}],"author":[{"embeddable":true,"href":"https:\/\/lfiduras.com\/index.php\/wp-json\/wp\/v2\/users\/2"}],"replies":[{"embeddable":true,"href":"https:\/\/lfiduras.com\/index.php\/wp-json\/wp\/v2\/comments?post=1946"}],"version-history":[{"count":5,"href":"https:\/\/lfiduras.com\/index.php\/wp-json\/wp\/v2\/pages\/1946\/revisions"}],"predecessor-version":[{"id":1951,"href":"https:\/\/lfiduras.com\/index.php\/wp-json\/wp\/v2\/pages\/1946\/revisions\/1951"}],"wp:attachment":[{"href":"https:\/\/lfiduras.com\/index.php\/wp-json\/wp\/v2\/media?parent=1946"}],"curies":[{"name":"wp","href":"https:\/\/api.w.org\/{rel}","templated":true}]}}