{"id":201,"date":"2021-03-09T09:46:49","date_gmt":"2021-03-09T08:46:49","guid":{"rendered":"https:\/\/lfiduras.com\/?page_id=201"},"modified":"2021-06-25T10:14:17","modified_gmt":"2021-06-25T08:14:17","slug":"presentation-de-laefe","status":"publish","type":"page","link":"https:\/\/lfiduras.com\/index.php\/presentation-de-laefe\/","title":{"rendered":"Pr\u00e9sentation de l&#8217;AEFE"},"content":{"rendered":"\t\t<div data-elementor-type=\"wp-page\" data-elementor-id=\"201\" class=\"elementor elementor-201\">\n\t\t\t\t\t\t<section class=\"elementor-section elementor-top-section elementor-element elementor-element-9dba498 elementor-section-boxed elementor-section-height-default elementor-section-height-default\" data-id=\"9dba498\" data-element_type=\"section\">\n\t\t\t\t\t\t<div class=\"elementor-container elementor-column-gap-default\">\n\t\t\t\t\t<div class=\"elementor-column elementor-col-100 elementor-top-column elementor-element elementor-element-60a0eefd\" data-id=\"60a0eefd\" data-element_type=\"column\">\n\t\t\t<div class=\"elementor-widget-wrap elementor-element-populated\">\n\t\t\t\t\t\t<div class=\"elementor-element elementor-element-2fa53f46 elementor-widget elementor-widget-text-editor\" data-id=\"2fa53f46\" data-element_type=\"widget\" data-widget_type=\"text-editor.default\">\n\t\t\t\t<div class=\"elementor-widget-container\">\n\t\t\t\t\t\t\t<!-- wp:image {\"id\":706,\"sizeSlug\":\"large\",\"linkDestination\":\"none\"} -->\n<figure class=\"wp-block-image size-large\"><a href=\"https:\/\/www.aefe.fr\/\"><img decoding=\"async\" width=\"306\" height=\"125\" class=\"wp-image-706\" src=\"https:\/\/lfiduras.com\/lfiduras\/wp-content\/uploads\/2021\/06\/CaptureAEFE.png\" alt=\"\" srcset=\"https:\/\/lfiduras.com\/lfiduras\/wp-content\/uploads\/2021\/06\/CaptureAEFE.png 306w, https:\/\/lfiduras.com\/lfiduras\/wp-content\/uploads\/2021\/06\/CaptureAEFE-300x123.png 300w\" sizes=\"(max-width: 306px) 100vw, 306px\" \/><\/a><\/figure>\n<!-- \/wp:image --><!-- wp:paragraph -->\n<p>Cr\u00e9\u00e9e en 1990, l\u2019<a href=\"https:\/\/www.aefe.fr\/\" target=\"_blank\" rel=\"noreferrer noopener\">Agence pour l\u2019Enseignement Fran\u00e7ais \u00e0 l\u2019\u00c9tranger (AEFE)<\/a>\u00a0est un \u00e9tablissement public national plac\u00e9 sous la tutelle du\u00a0<a href=\"https:\/\/www.diplomatie.gouv.fr\/fr\/\" target=\"_blank\" rel=\"noreferrer noopener\">Minist\u00e8re de l\u2019Europe et des Affaires \u00e9trang\u00e8res<\/a>.<\/p>\n<!-- \/wp:paragraph --><!-- wp:paragraph -->\n<p>Elle assure les missions de service public relatives \u00e0 l\u2019\u00e9ducation en faveur des enfants fran\u00e7ais r\u00e9sidant hors de France et contribue au rayonnement de la langue et de la culture fran\u00e7aises ainsi qu\u2019au renforcement des relations entre les syst\u00e8mes \u00e9ducatifs fran\u00e7ais et \u00e9trangers.<\/p>\n<!-- \/wp:paragraph --><!-- wp:paragraph -->\n<p>Le principal objectif de l\u2019AEFE est de servir et promouvoir un r\u00e9seau scolaire unique au monde, constitu\u00e9 de 535 \u00e9tablissements implant\u00e9s dans 139 pays.<\/p>\n<!-- \/wp:paragraph --><!-- wp:paragraph -->\n<p>Faisant partie du r\u00e9seau AEFE, les \u00e9l\u00e8ves du Lfiduras peuvent fr\u00e9quenter les \u00e9coles du monde entier, de la maternelle au Baccalaur\u00e9at, sans interruption. Au sein de ce r\u00e9seau international, attractif et ouvert, le syst\u00e8me \u00e9ducatif fran\u00e7ais offre une formation enrichissante et transf\u00e9rable d\u2019une \u00e9cole du r\u00e9seau \u00e0 l\u2019autre aux \u00e9l\u00e8ves de la r\u00e9gion et du monde.<\/p>\n<!-- \/wp:paragraph --><!-- wp:paragraph -->\n<p>Pour en savoir plus sur l\u2019AEFE et le r\u00e9seau scolaire fran\u00e7ais, rendez-vous sur\u00a0<a href=\"https:\/\/www.aefe.fr\/\" target=\"_blank\" rel=\"noreferrer noopener\">www.aefe.fr<\/a>.<\/p>\n<!-- \/wp:paragraph --><!-- wp:paragraph -->\n<p>\u00a0<\/p>\n<!-- \/wp:paragraph -->\n<div style=\"position: relative; padding-bottom: 56.25%; height: 0; overflow: hidden;\"><iframe style=\"width: 100%; height: 100%; position: absolute; left: 0px; top: 0px; overflow: hidden;\" src=\"https:\/\/www.dailymotion.com\/embed\/video\/x2j4f0m\" width=\"100%\" height=\"100%\" frameborder=\"0\" allowfullscreen=\"allowfullscreen\"> <\/iframe><\/div>\n<!-- wp:spacer {\"height\":52} -->\n<div class=\"wp-block-spacer\" style=\"height: 52px;\" aria-hidden=\"true\">\u00a0<\/div>\n<!-- \/wp:spacer --><!-- wp:paragraph {\"align\":\"left\"} -->\n<p class=\"has-text-align-left\"><strong>L&#8217;AEFE en chiffres &#8211; janvier 2020<\/strong><\/p>\n<!-- \/wp:paragraph --><!-- wp:image {\"align\":\"left\",\"id\":714,\"width\":257,\"sizeSlug\":\"large\",\"linkDestination\":\"none\"} -->\n<div class=\"wp-block-image\">\n<figure class=\"alignleft size-large is-resized\"><a href=\"https:\/\/lfiduras.com\/lfiduras\/wp-content\/uploads\/2021\/06\/brochure-enseignement-francais-janvier-2020-version-web.pdf\"><img decoding=\"async\" class=\"wp-image-714\" src=\"https:\/\/lfiduras.com\/lfiduras\/wp-content\/uploads\/2021\/06\/LivretAEFE.png\" alt=\"\" width=\"257\" srcset=\"https:\/\/lfiduras.com\/lfiduras\/wp-content\/uploads\/2021\/06\/LivretAEFE.png 357w, https:\/\/lfiduras.com\/lfiduras\/wp-content\/uploads\/2021\/06\/LivretAEFE-211x300.png 211w\" sizes=\"(max-width: 357px) 100vw, 357px\" \/><\/a><\/figure>\n<\/div>\n<!-- \/wp:image --><!-- wp:paragraph -->\n<p>\u00a0<\/p>\n<!-- \/wp:paragraph -->\t\t\t\t\t\t<\/div>\n\t\t\t\t<\/div>\n\t\t\t\t\t<\/div>\n\t\t<\/div>\n\t\t\t\t\t<\/div>\n\t\t<\/section>\n\t\t\t\t<section class=\"elementor-section elementor-top-section elementor-element elementor-element-778aeed elementor-section-boxed elementor-section-height-default elementor-section-height-default\" data-id=\"778aeed\" data-element_type=\"section\">\n\t\t\t\t\t\t<div class=\"elementor-container elementor-column-gap-default\">\n\t\t\t\t\t<div class=\"elementor-column elementor-col-100 elementor-top-column elementor-element elementor-element-6fb0094\" data-id=\"6fb0094\" data-element_type=\"column\">\n\t\t\t<div class=\"elementor-widget-wrap elementor-element-populated\">\n\t\t\t\t\t\t<div class=\"elementor-element elementor-element-5bb48c8 elementor-tabs-view-horizontal elementor-widget elementor-widget-tabs\" data-id=\"5bb48c8\" data-element_type=\"widget\" data-widget_type=\"tabs.default\">\n\t\t\t\t<div class=\"elementor-widget-container\">\n\t\t\t\t\t<div class=\"elementor-tabs\">\n\t\t\t<div class=\"elementor-tabs-wrapper\" role=\"tablist\" >\n\t\t\t\t\t\t\t\t\t<div id=\"elementor-tab-title-9611\" class=\"elementor-tab-title elementor-tab-desktop-title\" aria-selected=\"true\" data-tab=\"1\" role=\"tab\" tabindex=\"0\" aria-controls=\"elementor-tab-content-9611\" aria-expanded=\"false\">Pr\u00e9sentation de l'AEFE<\/div>\n\t\t\t\t\t\t\t\t\t<div id=\"elementor-tab-title-9612\" class=\"elementor-tab-title elementor-tab-desktop-title\" aria-selected=\"false\" data-tab=\"2\" role=\"tab\" tabindex=\"-1\" aria-controls=\"elementor-tab-content-9612\" aria-expanded=\"false\">Zone Asie-Pacifique<\/div>\n\t\t\t\t\t\t\t<\/div>\n\t\t\t<div class=\"elementor-tabs-content-wrapper\" role=\"tablist\" aria-orientation=\"vertical\">\n\t\t\t\t\t\t\t\t\t<div class=\"elementor-tab-title elementor-tab-mobile-title\" aria-selected=\"true\" data-tab=\"1\" role=\"tab\" tabindex=\"0\" aria-controls=\"elementor-tab-content-9611\" aria-expanded=\"false\">Pr\u00e9sentation de l'AEFE<\/div>\n\t\t\t\t\t<div id=\"elementor-tab-content-9611\" class=\"elementor-tab-content elementor-clearfix\" data-tab=\"1\" role=\"tabpanel\" aria-labelledby=\"elementor-tab-title-9611\" tabindex=\"0\" hidden=\"false\"><p><img decoding=\"async\" class=\"alignnone size-medium wp-image-707\" src=\"https:\/\/lfiduras.com\/lfiduras\/wp-content\/uploads\/2021\/06\/CaptureAEFE-1-300x123.png\" alt=\"\" width=\"300\" height=\"123\" srcset=\"https:\/\/lfiduras.com\/lfiduras\/wp-content\/uploads\/2021\/06\/CaptureAEFE-1-300x123.png 300w, https:\/\/lfiduras.com\/lfiduras\/wp-content\/uploads\/2021\/06\/CaptureAEFE-1.png 306w\" sizes=\"(max-width: 300px) 100vw, 300px\" \/><\/p>\n<p>Cr\u00e9\u00e9e en 1990, l\u2019<a href=\"https:\/\/www.aefe.fr\/\" target=\"_blank\" rel=\"noreferrer noopener\">Agence pour l\u2019Enseignement Fran\u00e7ais \u00e0 l\u2019\u00c9tranger (AEFE)<\/a>&nbsp;est un \u00e9tablissement public national plac\u00e9 sous la tutelle du&nbsp;<a href=\"https:\/\/www.diplomatie.gouv.fr\/fr\/\" target=\"_blank\" rel=\"noreferrer noopener\">Minist\u00e8re de l\u2019Europe et des Affaires \u00e9trang\u00e8res<\/a>.<\/p>\n<p>\u00e9tablissement public national plac\u00e9 sous la tutelle du&nbsp;<a href=\"https:\/\/www.diplomatie.gouv.fr\/fr\/\" target=\"_blank\" rel=\"noreferrer noopener\">Minist\u00e8re de l\u2019Europe et des Affaires \u00e9trang\u00e8res<\/a>.<\/p>\n<p>Elle assure les missions de service public relatives \u00e0 l\u2019\u00e9ducation en faveur des enfants fran\u00e7ais r\u00e9sidant hors de France et contribue au rayonnement de la langue et de la culture fran\u00e7aises ainsi qu\u2019au renforcement des relations entre les syst\u00e8mes \u00e9ducatifs fran\u00e7ais et \u00e9trangers.<\/p>\n<p>Le principal objectif de l\u2019AEFE est de servir et promouvoir un r\u00e9seau scolaire unique au monde, constitu\u00e9 de 535 \u00e9tablissements implant\u00e9s dans 139 pays.<\/p>\n<p>Faisant partie du r\u00e9seau AEFE, les \u00e9l\u00e8ves du Lfiduras peuvent fr\u00e9quenter les \u00e9coles du monde entier, de la maternelle au Baccalaur\u00e9at, sans interruption. Au sein de ce r\u00e9seau international, attractif et ouvert, le syst\u00e8me \u00e9ducatif fran\u00e7ais offre une formation enrichissante et transf\u00e9rable d\u2019une \u00e9cole du r\u00e9seau \u00e0 l\u2019autre aux \u00e9l\u00e8ves de la r\u00e9gion et du monde.<\/p>\n<p>Pour en savoir plus sur l\u2019AEFE et le r\u00e9seau scolaire fran\u00e7ais, rendez-vous sur&nbsp;<a href=\"https:\/\/www.aefe.fr\/\" target=\"_blank\" rel=\"noreferrer noopener\">www.aefe.fr<\/a>.<\/p>\n<p>&nbsp;<\/p>\n<p>&nbsp;<\/p>\n<p><!-- \/wp:paragraph --><\/p>\n<p><!-- wp:paragraph --><!-- \/wp:paragraph --><\/p>\n<p><!-- wp:paragraph --><!-- \/wp:paragraph --><\/p>\n<p><!-- wp:paragraph --><!-- \/wp:paragraph --><\/p>\n<p><!-- wp:paragraph --><!-- \/wp:paragraph --><\/p>\n<div style=\"position: relative; padding-bottom: 56.25%; height: 0; overflow: hidden;\"><iframe style=\"width: 100%; height: 100%; position: absolute; left: 0px; top: 0px; overflow: hidden;\" src=\"https:\/\/www.dailymotion.com\/embed\/video\/x2j4f0m\" width=\"100%\" height=\"100%\" frameborder=\"0\" allowfullscreen=\"allowfullscreen\"> <\/iframe><\/div>\n<p><!-- wp:spacer {\"height\":52} --><\/p>\n<div class=\"wp-block-spacer\" style=\"height: 52px;\" aria-hidden=\"true\">&nbsp;<\/div><div class=\"wp-block-spacer\" style=\"height: 52px;\" aria-hidden=\"true\"><strong style=\"font-size: 13px;\">L&#8217;AEFE en chiffres &#8211; janvier 2020<\/strong><\/div>\n<p><!-- \/wp:paragraph --><\/p>\n<p><!-- wp:image {\"align\":\"left\",\"id\":714,\"width\":257,\"sizeSlug\":\"large\",\"linkDestination\":\"none\"} --><\/p>\n<div class=\"wp-block-image\">\n<figure class=\"alignleft size-large is-resized\"><a href=\"https:\/\/lfiduras.com\/lfiduras\/wp-content\/uploads\/2021\/06\/brochure-enseignement-francais-janvier-2020-version-web.pdf\"><img decoding=\"async\" class=\"wp-image-714\" src=\"https:\/\/lfiduras.com\/lfiduras\/wp-content\/uploads\/2021\/06\/LivretAEFE.png\" alt=\"\" width=\"257\" srcset=\"https:\/\/lfiduras.com\/lfiduras\/wp-content\/uploads\/2021\/06\/LivretAEFE.png 357w, https:\/\/lfiduras.com\/lfiduras\/wp-content\/uploads\/2021\/06\/LivretAEFE-211x300.png 211w\" sizes=\"(max-width: 357px) 100vw, 357px\" \/><\/a><\/figure>\n<\/div>\n<p><!-- \/wp:image --><\/p>\n<p><!-- wp:paragraph --><\/p>\n<p>&nbsp;<\/p>\n<p><!-- \/wp:paragraph --><\/p><\/div>\n\t\t\t\t\t\t\t\t\t<div class=\"elementor-tab-title elementor-tab-mobile-title\" aria-selected=\"false\" data-tab=\"2\" role=\"tab\" tabindex=\"-1\" aria-controls=\"elementor-tab-content-9612\" aria-expanded=\"false\">Zone Asie-Pacifique<\/div>\n\t\t\t\t\t<div id=\"elementor-tab-content-9612\" class=\"elementor-tab-content elementor-clearfix\" data-tab=\"2\" role=\"tabpanel\" aria-labelledby=\"elementor-tab-title-9612\" tabindex=\"0\" hidden=\"hidden\"><p><img fetchpriority=\"high\" decoding=\"async\" class=\"size-full wp-image-369 alignleft\" src=\"https:\/\/lfiduras.com\/lfiduras\/wp-content\/uploads\/2021\/05\/zoneasiepaicfiquetrs.png\" alt=\"\" width=\"225\" height=\"225\" srcset=\"https:\/\/lfiduras.com\/lfiduras\/wp-content\/uploads\/2021\/05\/zoneasiepaicfiquetrs.png 225w, https:\/\/lfiduras.com\/lfiduras\/wp-content\/uploads\/2021\/05\/zoneasiepaicfiquetrs-150x150.png 150w\" sizes=\"(max-width: 225px) 100vw, 225px\" \/>Dans la Zone Asie-Pacifique, 21.000 \u00e9l\u00e8ves sont scolaris\u00e9s de Port-Vila \u00e0 Rangoun et de Sydney \u00e0 Oulan-Bator, dans 37 \u00e9tablissements situ\u00e9s en Asie et dans le Pacifique. En croissance constante dans une zone fortement concurrentielle par son nombre d\u2019\u00e9tablissements internationaux, la zone Asie-Pacifique, complexe par sa diversit\u00e9, vari\u00e9e sur le plan g\u00e9ographique, politique, \u00e9conomique, religieux et culturel, est une zone dynamique marqu\u00e9e par un fort taux d\u2019expatriation.<\/p>\n<p>La zone Asie-Pacifique se d\u00e9marque par son dynamisme au travers de nombreux projets inter-\u00e9tablissements. Ce sont pr\u00e8s d\u2019une cinquantaine de projets qui sont men\u00e9s chaque ann\u00e9es autour de th\u00e8mes culturels, scientifiques ou sportifs.<\/p>\n<p>Tournois de football, rugby, basketball ou badminton, comp\u00e9tition de natation, rencontres autour du livre et avec des auteurs, webradio\u2026 Les occasions de se rencontrer, partager nos valeurs et d\u00e9velopper notre r\u00e9seau sont nombreuses.<\/p>\n<p>Chaque ann\u00e9e scolaire, ce sont pr\u00e8s de 7000 \u00e9l\u00e8ves qui participent \u00e0 un projet de zone\/monde.<\/p><\/div>\n\t\t\t\t\t\t\t<\/div>\n\t\t<\/div>\n\t\t\t\t<\/div>\n\t\t\t\t<\/div>\n\t\t\t\t\t<\/div>\n\t\t<\/div>\n\t\t\t\t\t<\/div>\n\t\t<\/section>\n\t\t\t\t<\/div>\n\t\t","protected":false},"excerpt":{"rendered":"<p>Cr\u00e9\u00e9e en 1990, l\u2019Agence pour l\u2019Enseignement Fran\u00e7ais \u00e0 l\u2019\u00c9tranger (AEFE)\u00a0est un \u00e9tablissement public national plac\u00e9 sous la tutelle du\u00a0Minist\u00e8re de l\u2019Europe et des Affaires \u00e9trang\u00e8res. Elle assure les missions de service public relatives \u00e0 l\u2019\u00e9ducation en faveur des enfants fran\u00e7ais r\u00e9sidant hors de France et contribue au rayonnement de la langue et de la culture [&hellip;]<\/p>\n","protected":false},"author":2,"featured_media":0,"parent":0,"menu_order":0,"comment_status":"closed","ping_status":"closed","template":"","meta":{"footnotes":""},"class_list":["post-201","page","type-page","status-publish","hentry","post"],"_links":{"self":[{"href":"https:\/\/lfiduras.com\/index.php\/wp-json\/wp\/v2\/pages\/201","targetHints":{"allow":["GET"]}}],"collection":[{"href":"https:\/\/lfiduras.com\/index.php\/wp-json\/wp\/v2\/pages"}],"about":[{"href":"https:\/\/lfiduras.com\/index.php\/wp-json\/wp\/v2\/types\/page"}],"author":[{"embeddable":true,"href":"https:\/\/lfiduras.com\/index.php\/wp-json\/wp\/v2\/users\/2"}],"replies":[{"embeddable":true,"href":"https:\/\/lfiduras.com\/index.php\/wp-json\/wp\/v2\/comments?post=201"}],"version-history":[{"count":20,"href":"https:\/\/lfiduras.com\/index.php\/wp-json\/wp\/v2\/pages\/201\/revisions"}],"predecessor-version":[{"id":734,"href":"https:\/\/lfiduras.com\/index.php\/wp-json\/wp\/v2\/pages\/201\/revisions\/734"}],"wp:attachment":[{"href":"https:\/\/lfiduras.com\/index.php\/wp-json\/wp\/v2\/media?parent=201"}],"curies":[{"name":"wp","href":"https:\/\/api.w.org\/{rel}","templated":true}]}}