{"id":203,"date":"2021-03-09T09:46:49","date_gmt":"2021-03-09T08:46:49","guid":{"rendered":"https:\/\/lfiduras.com\/?page_id=203"},"modified":"2022-06-06T08:12:35","modified_gmt":"2022-06-06T06:12:35","slug":"projet-detablissement","status":"publish","type":"page","link":"https:\/\/lfiduras.com\/index.php\/projet-detablissement\/","title":{"rendered":"Projet d&#8217;\u00e9tablissement"},"content":{"rendered":"\n<div class=\"wp-block-image\"><figure class=\"alignright size-large is-resized\"><img fetchpriority=\"high\" decoding=\"async\" src=\"https:\/\/lfiduras.com\/lfiduras\/wp-content\/uploads\/2022\/06\/PE_2021_2024_IMG.png\" alt=\"\" class=\"wp-image-1692\" width=\"379\" height=\"320\" srcset=\"https:\/\/lfiduras.com\/lfiduras\/wp-content\/uploads\/2022\/06\/PE_2021_2024_IMG.png 606w, https:\/\/lfiduras.com\/lfiduras\/wp-content\/uploads\/2022\/06\/PE_2021_2024_IMG-300x253.png 300w\" sizes=\"(max-width: 379px) 100vw, 379px\" \/><\/figure><\/div>\n\n\n\n<p>Le projet d\u2019\u00e9tablissement d\u00e9finit les conditions dans lesquelles les programmes \u00e9ducatifs nationaux sont mis en \u0153uvre dans l&#8217;\u00e9tablissement.<\/p>\n\n\n\n<p>Le projet d&#8217;\u00e9tablissement indique notamment les moyens mis en \u0153uvre pour assurer la r\u00e9ussite de tous les \u00e9l\u00e8ves et associer les parents \u00e0 ces objectifs.<\/p>\n\n\n\n<p><\/p>\n\n\n\n<div class=\"wp-block-file\"><a href=\"https:\/\/lfiduras.com\/lfiduras\/wp-content\/uploads\/2021\/05\/Projet-detablissement-proposition.pdf\" target=\"_blank\" rel=\"noreferrer noopener\">Projet d&#8217;\u00e9tablissement \u00e0 consulter ou \u00e0<\/a><a href=\"https:\/\/lfiduras.com\/lfiduras\/wp-content\/uploads\/2021\/05\/Projet-detablissement-proposition.pdf\" class=\"wp-block-file__button\" download>T\u00e9l\u00e9charger<\/a><\/div>\n","protected":false},"excerpt":{"rendered":"<p>Le projet d\u2019\u00e9tablissement d\u00e9finit les conditions dans lesquelles les programmes \u00e9ducatifs nationaux sont mis en \u0153uvre dans l&#8217;\u00e9tablissement. Le projet d&#8217;\u00e9tablissement indique notamment les moyens mis en \u0153uvre pour assurer la r\u00e9ussite de tous les \u00e9l\u00e8ves et associer les parents \u00e0 ces objectifs.<\/p>\n","protected":false},"author":2,"featured_media":0,"parent":0,"menu_order":0,"comment_status":"closed","ping_status":"closed","template":"","meta":{"footnotes":""},"class_list":["post-203","page","type-page","status-publish","hentry","post"],"_links":{"self":[{"href":"https:\/\/lfiduras.com\/index.php\/wp-json\/wp\/v2\/pages\/203","targetHints":{"allow":["GET"]}}],"collection":[{"href":"https:\/\/lfiduras.com\/index.php\/wp-json\/wp\/v2\/pages"}],"about":[{"href":"https:\/\/lfiduras.com\/index.php\/wp-json\/wp\/v2\/types\/page"}],"author":[{"embeddable":true,"href":"https:\/\/lfiduras.com\/index.php\/wp-json\/wp\/v2\/users\/2"}],"replies":[{"embeddable":true,"href":"https:\/\/lfiduras.com\/index.php\/wp-json\/wp\/v2\/comments?post=203"}],"version-history":[{"count":11,"href":"https:\/\/lfiduras.com\/index.php\/wp-json\/wp\/v2\/pages\/203\/revisions"}],"predecessor-version":[{"id":1694,"href":"https:\/\/lfiduras.com\/index.php\/wp-json\/wp\/v2\/pages\/203\/revisions\/1694"}],"wp:attachment":[{"href":"https:\/\/lfiduras.com\/index.php\/wp-json\/wp\/v2\/media?parent=203"}],"curies":[{"name":"wp","href":"https:\/\/api.w.org\/{rel}","templated":true}]}}