{"id":204,"date":"2021-03-09T09:46:49","date_gmt":"2021-03-09T08:46:49","guid":{"rendered":"https:\/\/lfiduras.com\/?page_id=204"},"modified":"2025-12-11T14:48:16","modified_gmt":"2025-12-11T07:48:16","slug":"les-equipes","status":"publish","type":"page","link":"https:\/\/lfiduras.com\/index.php\/les-equipes\/","title":{"rendered":"Les \u00e9quipes"},"content":{"rendered":"\n<h3 class=\"wp-block-heading\"><\/h3>\n\n\n\n<ul class=\"wp-block-list\">\n<li>Proviseur: M. Jean-Hugues MOTA<\/li>\n\n\n\n<li>Proviseure Adjointe: Mme Noura MALFROID<\/li>\n\n\n\n<li>Directrice \u00e9cole primaire: Mme Muriel ALTMAYER-HENZIEN<\/li>\n\n\n\n<li>Secr\u00e9taire g\u00e9n\u00e9ral:&nbsp; M. Claude OULHEN<\/li>\n\n\n\n<li>C.P.E: M. Pierre-Paul ALFONSI<\/li>\n<\/ul>\n\n\n\n<p><strong>Administration<\/strong><\/p>\n\n\n\n<ul class=\"wp-block-list\">\n<li>Assistante de direction\/charg\u00e9e des relations ext\u00e9rieures:&nbsp;Mme Thi Loan NGUYEN<\/li>\n\n\n\n<li>Assistant de communication:&nbsp;Mme Tuong-Ha NGUYEN<\/li>\n\n\n\n<li>Assistante du second degr\u00e9:&nbsp; Mme Thi Hoang Dung HOANG<\/li>\n\n\n\n<li>Assistante du premier degr\u00e9:&nbsp; Mme&nbsp;Thi Minh Ngoc DINH<\/li>\n\n\n\n<li>Adjoint au Secr\u00e9taire G\u00e9n\u00e9ral:&nbsp;M. Thanh Phuoc THINH<\/li>\n\n\n\n<li>Assistante d\u2019Intendance:&nbsp; Mme&nbsp;Thi Ly TRAN<\/li>\n\n\n\n<li>Assistante budg\u00e9taire:&nbsp; Mme Thi Quynh Anh LE<\/li>\n\n\n\n<li>Assistante Ressources Humaines et de Gestion : Mme Viviane Thuy VU<\/li>\n\n\n\n<li>Assistante Comptable:&nbsp; Mme Ngoc Hieu THAI<\/li>\n\n\n\n<li>Assistante administrative : Mme Van Anh NGUYEN LE<\/li>\n<\/ul>\n\n\n\n<p><strong>Encadrement scolaire<\/strong><\/p>\n\n\n\n<ul class=\"wp-block-list\">\n<li>Infirmiers\n<ul class=\"wp-block-list\">\n<li>M. Pierre AUNILLON<\/li>\n\n\n\n<li>Mme Anne-Elisabeth SCHMIDT<\/li>\n<\/ul>\n<\/li>\n\n\n\n<li>Laborantin: M.Hoang Thien Tri LUU<\/li>\n\n\n\n<li>Surveillants\n<ul class=\"wp-block-list\">\n<li>M. Theodore HUYNH<\/li>\n\n\n\n<li>Mme Thi kim Ng\u00e2n LY<\/li>\n\n\n\n<li>Mme Pham Thuy Hoan<\/li>\n\n\n\n<li>Mme&nbsp;Thanh Tuyen NGUYEN<\/li>\n\n\n\n<li>Mme Thi Tra Linh TRAN<\/li>\n\n\n\n<li>Mme Luu Ngoc Phuong Minh<\/li>\n<\/ul>\n<\/li>\n\n\n\n<li>Surveillant piscine: M. Dinh Anh VAN<\/li>\n<\/ul>\n\n\n\n<p><strong>Service informatique<\/strong><\/p>\n\n\n\n<ul class=\"wp-block-list\">\n<li>M. Steve J.<\/li>\n\n\n\n<li>M.&nbsp;Thai Dung NGUYEN<\/li>\n<\/ul>\n\n\n\n<p><strong>Enseignants<\/strong><\/p>\n\n\n\n<p><strong>Professeurs des \u00c9coles<\/strong><\/p>\n\n\n\n<ul class=\"wp-block-list\">\n<li>PS\/MS : Mme Marion AMEUR<\/li>\n\n\n\n<li>MS :&nbsp;Mme Marie H\u00e9l\u00e8ne BARNES<\/li>\n\n\n\n<li>GSA&nbsp;: M.&nbsp;Fran\u00e7ois NGUYEN<\/li>\n\n\n\n<li>GSB&nbsp;: Mme Fr\u00e9d\u00e9rique MARECHAL <\/li>\n\n\n\n<li>CPA : Mme&nbsp;Elodie REYMONDON<\/li>\n\n\n\n<li>CPB : Mme Myriam FOURNIER<\/li>\n\n\n\n<li>CPC : Mme Virginie PETIT<\/li>\n\n\n\n<li>CE1A : M. Olivier MARTIN<\/li>\n\n\n\n<li>CE1B : Mme Agathe SEMBLAT<\/li>\n\n\n\n<li>CE1C : Mme Aline DILLENSCHNEIDER<\/li>\n\n\n\n<li>CE2A : M.&nbsp;Pierre FLECKINGER  <\/li>\n\n\n\n<li>CE2B : Mme Tiep Nhu TAN<\/li>\n\n\n\n<li>CE2\/CM1 : M. C\u00e9dric BESSET<\/li>\n\n\n\n<li>CM1A : Mme Sophie MAI<\/li>\n\n\n\n<li>CM1B : Mme Val\u00e9rie DUMOULIN<\/li>\n\n\n\n<li>CM1C : Mme Mai Anh NGUYEN DUY<\/li>\n\n\n\n<li>CM1D : Mme&nbsp;C\u00e9line FORESTELLO<\/li>\n\n\n\n<li>CM2A : M. Yannick MARY<\/li>\n\n\n\n<li>CM2B : M. Romain DUREY<\/li>\n\n\n\n<li>CM2C : Mme H\u00e9l\u00e8ne NGUYEN PIERSON<\/li>\n<\/ul>\n\n\n\n<p><strong>Assistantes maternelles<\/strong><\/p>\n\n\n\n<ul class=\"wp-block-list\">\n<li>PS : Mme Hong Du NGUYEN<\/li>\n\n\n\n<li>MSA : Mme Thi Thuy NGUYEN <\/li>\n\n\n\n<li>GS A :&nbsp;Mme LE Thi Xuan Hoa<\/li>\n\n\n\n<li>GS B : Mme Nguyen Minh Tuyen LAI<\/li>\n<\/ul>\n\n\n\n<p><strong>Professeurs de langues au primaire<\/strong><\/p>\n\n\n\n<ul class=\"wp-block-list\">\n<li>FLSco : Mme Elo\u00efse BENNETT-CHEVANCE<\/li>\n\n\n\n<li>Anglais : Mme Cl\u00e9mence APOLIT<\/li>\n\n\n\n<li>Anglais : Mme Emilie GOTTE<\/li>\n\n\n\n<li>Anglais :  M. Tram LE TRUONG PHUONG<\/li>\n\n\n\n<li>Anglais : M. Tobias POCOCK<\/li>\n\n\n\n<li>Vietnamien :&nbsp; Mme Thi Thuy Duong NGUYEN<\/li>\n\n\n\n<li>Vietnamien : Mme Thi Hoang Anh NGUYEN<\/li>\n\n\n\n<li>Vietnamien : Mme Thi Bich Ngoc NGUYEN<\/li>\n\n\n\n<li>Vietnamien : Mme Thi Thai Hien TRAN<\/li>\n<\/ul>\n\n\n\n<p><strong>Centres de documentation<\/strong><\/p>\n\n\n\n<ul class=\"wp-block-list\">\n<li>BCD (primaire) M. Freddy NADOLNY<\/li>\n\n\n\n<li>CDI (secondaire) Mme Anne-Catherine GUILLET (professeure documentaliste) <br>\u2013 Mme Van Anh NGUYEN LE (aide documentaliste) <\/li>\n<\/ul>\n\n\n\n<p><strong>Professeurs du secondaire<\/strong><\/p>\n\n\n\n<ul class=\"wp-block-list\">\n<li>Anglais\n<ul class=\"wp-block-list\">\n<li>Mme Doroth\u00e9e BOURG<\/li>\n\n\n\n<li>M. Alexandre DUBARD<\/li>\n\n\n\n<li>Mme Edith DUBARD<\/li>\n\n\n\n<li>Mme Pauline GIROUD<\/li>\n\n\n\n<li>M. Fran\u00e7ois LAPAUW<\/li>\n\n\n\n<li>Mme Jeannine LIM<\/li>\n\n\n\n<li>Mme Caroline NGUYEN-DUY<\/li>\n\n\n\n<li>M. Charles WHITEHURST<\/li>\n<\/ul>\n<\/li>\n<\/ul>\n\n\n\n<ul class=\"wp-block-list\">\n<li>Arts plastiques\n<ul class=\"wp-block-list\">\n<li>Mme Ana POTIER<\/li>\n\n\n\n<li>Mme Christine VERNY<\/li>\n<\/ul>\n<\/li>\n\n\n\n<li>Chinois\n<ul class=\"wp-block-list\">\n<li>M. Chun-Sheng PENG <\/li>\n<\/ul>\n<\/li>\n\n\n\n<li>EPS\n<ul class=\"wp-block-list\">\n<li>Mme Julie ALBAGLI<\/li>\n\n\n\n<li>M. Benoit EGO<\/li>\n\n\n\n<li>M. William GUIVARCH<\/li>\n\n\n\n<li>M. Pierre ONANA<\/li>\n\n\n\n<li>M. Samuel  WICHTERMANN<\/li>\n<\/ul>\n<\/li>\n\n\n\n<li>Espagnol\n<ul class=\"wp-block-list\">\n<li>M. Angelo MARQUEZ<\/li>\n\n\n\n<li>Mme Oc\u00e9ane TOKMAK<\/li>\n<\/ul>\n<\/li>\n\n\n\n<li>FLSco\n<ul class=\"wp-block-list\">\n<li>M. Christophe DALLOT<\/li>\n<\/ul>\n<\/li>\n\n\n\n<li>Lettres classiques\n<ul class=\"wp-block-list\">\n<li>Mme Sarah DUCOS<\/li>\n\n\n\n<li>Mme Maylis FAUCHER <\/li>\n<\/ul>\n<\/li>\n\n\n\n<li>Lettres modernes\n<ul class=\"wp-block-list\">\n<li>M. Fabien GIARD<\/li>\n\n\n\n<li>Mme Siek-Thor LIM<\/li>\n\n\n\n<li>Mme Karine POUNOUSSAMY<\/li>\n\n\n\n<li>Mme Sara SISMONDI<\/li>\n\n\n\n<li>M. Xavier VUILLERMET<\/li>\n<\/ul>\n<\/li>\n<\/ul>\n\n\n\n<ul class=\"wp-block-list\">\n<li>Histoire-G\u00e9ographie\n<ul class=\"wp-block-list\">\n<li>Mme Ad\u00e8le CORDE<\/li>\n\n\n\n<li>Mme Val\u00e9rie FLOQUET<\/li>\n\n\n\n<li>M. Dao Fabien HUMEAU<\/li>\n\n\n\n<li>Mme Alexandra JOUVE<\/li>\n\n\n\n<li>M. David RIVOIRE<\/li>\n\n\n\n<li>Mme Elsa SYBILLIN<\/li>\n<\/ul>\n<\/li>\n\n\n\n<li>Math\u00e9matiques\n<ul class=\"wp-block-list\">\n<li>M. Fr\u00e9d\u00e9ric BEAU<\/li>\n\n\n\n<li>M. Romain DEBETZ<\/li>\n\n\n\n<li>M. Franck DUMOULIN<\/li>\n\n\n\n<li>Mme Charlotte KHUAT<\/li>\n\n\n\n<li>Mme Hou Kay LOR<\/li>\n\n\n\n<li>M. Taylan MALFROID<\/li>\n\n\n\n<li>M. Konrad RENARD<\/li>\n\n\n\n<li>M. Yannick THARREAU<\/li>\n<\/ul>\n<\/li>\n\n\n\n<li>Musique\n<ul class=\"wp-block-list\">\n<li>M. St\u00e9phane INCARDONA<\/li>\n<\/ul>\n<\/li>\n\n\n\n<li>Philosophie\n<ul class=\"wp-block-list\">\n<li>M. Sylvain DUMONT<\/li>\n<\/ul>\n<\/li>\n\n\n\n<li>SES\n<ul class=\"wp-block-list\">\n<li>M. Jean ENGEL<\/li>\n<\/ul>\n<\/li>\n\n\n\n<li>Physique-Chimie\n<ul class=\"wp-block-list\">\n<li>M. Guillaume JANVIER<\/li>\n\n\n\n<li>M. R\u00e9my GOROG<\/li>\n\n\n\n<li>Mme Phuong NGO<\/li>\n\n\n\n<li>M. Yves SCHOENAUER<\/li>\n<\/ul>\n<\/li>\n<\/ul>\n\n\n\n<ul id=\"block-d8ec4d1d-c0bd-40de-b7a5-e1309b2db2b8\" class=\"wp-block-list\">\n<li>SVT<ul><li>Mme Juliette ALFONSI<\/li><\/ul>\n<ul class=\"wp-block-list\">\n<li>M. Florent BOURG<\/li>\n\n\n\n<li>M. Abdelaziz SAUSSI EL ALAOUI<\/li>\n\n\n\n<li>M. Paul THIENPONT<\/li>\n<\/ul>\n<\/li>\n\n\n\n<li>Technologie\n<ul class=\"wp-block-list\">\n<li>M. Pierre NGO<\/li>\n<\/ul>\n<\/li>\n\n\n\n<li>Vietnamien\n<ul class=\"wp-block-list\">\n<li>Mme LAM Xuan Tho<\/li>\n<\/ul>\n<\/li>\n<\/ul>\n\n\n\n<p><strong>Personnel ATOS<\/strong><\/p>\n\n\n\n<ul class=\"wp-block-list\">\n<li>Responsable maintenance\n<ul class=\"wp-block-list\">\n<li>DOAN Vinh Hao<\/li>\n<\/ul>\n<\/li>\n\n\n\n<li>M\u00e9nage\n<ul class=\"wp-block-list\">\n<li>DINH Thi Nguyet Minh<\/li>\n\n\n\n<li>LE Thi Thuong<\/li>\n\n\n\n<li>NGUYEN Thi Nen<\/li>\n\n\n\n<li>VO Thi Th\u00e2n<\/li>\n<\/ul>\n<\/li>\n\n\n\n<li>Gardiens\n<ul class=\"wp-block-list\">\n<li>DONG Th\u00ea Tu\u00e2n Anh<\/li>\n\n\n\n<li>HO Vi\u00eat Hai Nguy\u00ean<\/li>\n\n\n\n<li>TRAN Duy Lai<\/li>\n<\/ul>\n<\/li>\n\n\n\n<li>Ouvriers\n<ul class=\"wp-block-list\">\n<li>NGUYEN Duc T\u00e2m<\/li>\n\n\n\n<li>TRAN Van Hiep<\/li>\n<\/ul>\n<\/li>\n<\/ul>\n\n\n\n<p><\/p>\n","protected":false},"excerpt":{"rendered":"<p>Administration Encadrement scolaire Service informatique Enseignants Professeurs des \u00c9coles Assistantes maternelles Professeurs de langues au primaire Centres de documentation Professeurs du secondaire Personnel ATOS<\/p>\n","protected":false},"author":2,"featured_media":0,"parent":0,"menu_order":0,"comment_status":"closed","ping_status":"closed","template":"","meta":{"footnotes":""},"class_list":["post-204","page","type-page","status-publish","hentry","post"],"_links":{"self":[{"href":"https:\/\/lfiduras.com\/index.php\/wp-json\/wp\/v2\/pages\/204","targetHints":{"allow":["GET"]}}],"collection":[{"href":"https:\/\/lfiduras.com\/index.php\/wp-json\/wp\/v2\/pages"}],"about":[{"href":"https:\/\/lfiduras.com\/index.php\/wp-json\/wp\/v2\/types\/page"}],"author":[{"embeddable":true,"href":"https:\/\/lfiduras.com\/index.php\/wp-json\/wp\/v2\/users\/2"}],"replies":[{"embeddable":true,"href":"https:\/\/lfiduras.com\/index.php\/wp-json\/wp\/v2\/comments?post=204"}],"version-history":[{"count":72,"href":"https:\/\/lfiduras.com\/index.php\/wp-json\/wp\/v2\/pages\/204\/revisions"}],"predecessor-version":[{"id":9064,"href":"https:\/\/lfiduras.com\/index.php\/wp-json\/wp\/v2\/pages\/204\/revisions\/9064"}],"wp:attachment":[{"href":"https:\/\/lfiduras.com\/index.php\/wp-json\/wp\/v2\/media?parent=204"}],"curies":[{"name":"wp","href":"https:\/\/api.w.org\/{rel}","templated":true}]}}