{"id":205,"date":"2021-03-09T09:46:49","date_gmt":"2021-03-09T08:46:49","guid":{"rendered":"https:\/\/lfiduras.com\/?page_id=205"},"modified":"2021-06-24T05:51:08","modified_gmt":"2021-06-24T03:51:08","slug":"presentation-du-lfi","status":"publish","type":"page","link":"https:\/\/lfiduras.com\/index.php\/presentation-du-lfi\/","title":{"rendered":"Pr\u00e9sentation du LFI"},"content":{"rendered":"\n<p>Le\u00a0<strong><em>Lyc\u00e9e Fran\u00e7ais International Marguerite Duras de H\u00f4 Chi Minh-Ville\u00a0<\/em><\/strong>est un \u00e9tablissement public homologu\u00e9 par le Minist\u00e8re fran\u00e7ais de l\u2019\u00c9ducation Nationale. Il fait partie du r\u00e9seau\u00a0<a href=\"http:\/\/www.aefe.fr\/\">AEFE<\/a>\u00a0qui regroupe de plus de 535 \u00e9coles, coll\u00e8ges et lyc\u00e9es \u00e9tablis hors de France, dans 139 pays, et qui proposent un enseignement conforme \u00e0 l\u2019exigence des programmes de l\u2019\u00c9ducation Nationale fran\u00e7aise. Il est\u00a0le seul homologu\u00e9 \u00e0 H\u00f4 Chi Minh-Ville pour faire passer les examens du Dipl\u00f4me National du Brevet et du Baccalaur\u00e9at.<\/p>\n\n\n\n<p>Depuis la rentr\u00e9e 2010 le lyc\u00e9e dispose, sur plus de 24 000 m\u00b2, de b\u00e2timents neufs et \u00e9quip\u00e9s,&nbsp;sp\u00e9cialement con\u00e7us par un cabinet d\u2019architecte.<\/p>\n\n\n\n<p>1200 enfants sont scolaris\u00e9s, de la petite section de maternelle (\u00e0 partir de 3 ans) \u00e0 la classe de Terminale du Lyc\u00e9e.<\/p>\n\n\n\n<p>L\u2019enseignement dispens\u00e9 est conforme aux programmes fran\u00e7ais et le Lyc\u00e9e reste exigeant quant aux conditions de vie et d\u2019enseignement sur le site&nbsp;:<\/p>\n\n\n\n<ul class=\"wp-block-list\"><li>Am\u00e9nagements tourn\u00e9s vers l<strong>\u2019\u00e9panouissement et le bien \u00eatre<\/strong>&nbsp;des enfants&nbsp;: restaurant scolaire, caf\u00e9t\u00e9ria, foyer, espaces verts<\/li><li><strong>Installations sportives<\/strong>&nbsp;: terrain de football, gymnase, piscine, \u2026<\/li><li><strong>Classes bilingues<\/strong><\/li><li>Importance donn\u00e9e au&nbsp;<strong>th\u00e9\u00e2tre<\/strong>, par les options propos\u00e9es au lyc\u00e9e et la salle de spectacle d\u00e9di\u00e9e<\/li><li><strong>Classes num\u00e9riques<\/strong>&nbsp;au lyc\u00e9e&nbsp;: les \u00e9l\u00e8ves sont dot\u00e9s d\u2019ordinateurs portables et b\u00e9n\u00e9ficient d\u2019un enseignement tirant le meilleur parti des technologies num\u00e9riques et du travail collaboratif. Les salles sont particuli\u00e8rement \u00e9quip\u00e9es&nbsp;: laboratoires de sciences, tableaux num\u00e9riques interactifs, acc\u00e8s internet<\/li><li><strong>Voyages et sorties<\/strong>&nbsp;de d\u00e9couvertes<\/li><li><strong>Equipe p\u00e9dagogique<\/strong>&nbsp;constitu\u00e9e plus de \u00be d\u2019enseignants titulaires de l\u2019\u00c9ducation Nationale, les autres \u00e9tant recrut\u00e9s en fonction de leurs comp\u00e9tences<\/li><\/ul>\n\n\n\n<p>Le Lyc\u00e9e Fran\u00e7ais International se donne tous les moyens mis \u00e0 sa disposition pour assurer aux enfants les meilleures chances de r\u00e9ussite scolaire et favoriser leur \u00e9panouissement.<\/p>\n\n\n\n<div class=\"wp-block-image\"><figure class=\"aligncenter size-large\"><img fetchpriority=\"high\" decoding=\"async\" width=\"300\" height=\"437\" src=\"https:\/\/lfiduras.com\/lfiduras\/wp-content\/uploads\/2021\/05\/Portrait-de-MargueriteMini.jpg\" alt=\"\" class=\"wp-image-317\" srcset=\"https:\/\/lfiduras.com\/lfiduras\/wp-content\/uploads\/2021\/05\/Portrait-de-MargueriteMini.jpg 300w, https:\/\/lfiduras.com\/lfiduras\/wp-content\/uploads\/2021\/05\/Portrait-de-MargueriteMini-206x300.jpg 206w\" sizes=\"(max-width: 300px) 100vw, 300px\" \/><figcaption><em>&nbsp;N\u00e9e au&nbsp;Vietnam,&nbsp;Marguerite Duras, c\u00e9l\u00e8bre \u00e9crivaine fran\u00e7aise, n\u2019a jamais cess\u00e9 de se souvenir du pays dans son \u0153uvre.<\/em><br><br><br><\/figcaption><\/figure><\/div>\n\n\n\n<p>Retrouvez quelques photos et vid\u00e9os du lyc\u00e9e sur la <a href=\"https:\/\/lfiduras.com\/index.php\/visite-et-video\/\">page d\u00e9di\u00e9e<\/a>.<\/p>\n","protected":false},"excerpt":{"rendered":"<p>Le\u00a0Lyc\u00e9e Fran\u00e7ais International Marguerite Duras de H\u00f4 Chi Minh-Ville\u00a0est un \u00e9tablissement public homologu\u00e9 par le Minist\u00e8re fran\u00e7ais de l\u2019\u00c9ducation Nationale. Il fait partie du r\u00e9seau\u00a0AEFE\u00a0qui regroupe de plus de 535 \u00e9coles, coll\u00e8ges et lyc\u00e9es \u00e9tablis hors de France, dans 139 pays, et qui proposent un enseignement conforme \u00e0 l\u2019exigence des programmes de l\u2019\u00c9ducation Nationale fran\u00e7aise. [&hellip;]<\/p>\n","protected":false},"author":2,"featured_media":0,"parent":0,"menu_order":0,"comment_status":"closed","ping_status":"closed","template":"","meta":{"footnotes":""},"class_list":["post-205","page","type-page","status-publish","hentry","post"],"_links":{"self":[{"href":"https:\/\/lfiduras.com\/index.php\/wp-json\/wp\/v2\/pages\/205","targetHints":{"allow":["GET"]}}],"collection":[{"href":"https:\/\/lfiduras.com\/index.php\/wp-json\/wp\/v2\/pages"}],"about":[{"href":"https:\/\/lfiduras.com\/index.php\/wp-json\/wp\/v2\/types\/page"}],"author":[{"embeddable":true,"href":"https:\/\/lfiduras.com\/index.php\/wp-json\/wp\/v2\/users\/2"}],"replies":[{"embeddable":true,"href":"https:\/\/lfiduras.com\/index.php\/wp-json\/wp\/v2\/comments?post=205"}],"version-history":[{"count":6,"href":"https:\/\/lfiduras.com\/index.php\/wp-json\/wp\/v2\/pages\/205\/revisions"}],"predecessor-version":[{"id":711,"href":"https:\/\/lfiduras.com\/index.php\/wp-json\/wp\/v2\/pages\/205\/revisions\/711"}],"wp:attachment":[{"href":"https:\/\/lfiduras.com\/index.php\/wp-json\/wp\/v2\/media?parent=205"}],"curies":[{"name":"wp","href":"https:\/\/api.w.org\/{rel}","templated":true}]}}