{"id":2085,"date":"2022-06-16T04:12:03","date_gmt":"2022-06-16T02:12:03","guid":{"rendered":"https:\/\/lfiduras.com\/?page_id=2085"},"modified":"2026-03-09T15:59:55","modified_gmt":"2026-03-09T08:59:55","slug":"sinscrire-se-reinscrire","status":"publish","type":"page","link":"https:\/\/lfiduras.com\/index.php\/sinscrire-se-reinscrire\/","title":{"rendered":"S&#8217;inscrire &#8211; Se r\u00e9inscrire"},"content":{"rendered":"\n<p><\/p>\n\n\n\n<p><strong>RENTREE SCOLAIRE 2026-2027<\/strong><\/p>\n\n\n\n<figure class=\"wp-block-image size-large\"><img fetchpriority=\"high\" decoding=\"async\" width=\"1024\" height=\"256\" src=\"https:\/\/lfiduras.com\/lfiduras\/wp-content\/uploads\/2026\/03\/thang-11-12-2026-3-1024x256.png\" alt=\"\" class=\"wp-image-9342\" srcset=\"https:\/\/lfiduras.com\/lfiduras\/wp-content\/uploads\/2026\/03\/thang-11-12-2026-3-1024x256.png 1024w, https:\/\/lfiduras.com\/lfiduras\/wp-content\/uploads\/2026\/03\/thang-11-12-2026-3-300x75.png 300w, https:\/\/lfiduras.com\/lfiduras\/wp-content\/uploads\/2026\/03\/thang-11-12-2026-3-768x192.png 768w, https:\/\/lfiduras.com\/lfiduras\/wp-content\/uploads\/2026\/03\/thang-11-12-2026-3-1536x384.png 1536w, https:\/\/lfiduras.com\/lfiduras\/wp-content\/uploads\/2026\/03\/thang-11-12-2026-3.png 1584w\" sizes=\"(max-width: 1024px) 100vw, 1024px\" \/><\/figure>\n\n\n\n<p>La campagne des inscriptions et r\u00e9inscriptions pour la rentr\u00e9e 2026-2027 est ouverte du <strong>09 au 29 mars 2026<\/strong>.<\/p>\n\n\n\n<p>La d\u00e9marche s\u2019effectue en ligne, sur EDUKA : <a href=\"https:\/\/lfiduras.eduka.school\/\">https:\/\/lfiduras.eduka.school\/<\/a><\/p>\n\n\n\n<ul class=\"wp-block-list\">\n<li>Tutoriel<a href=\"https:\/\/lfiduras.com\/lfiduras\/wp-content\/uploads\/2026\/02\/Tutoriel-Inscription-2026-2027-sur-EDUKA.pdf\" target=\"_blank\" rel=\"noreferrer noopener\"> inscription<\/a><\/li>\n\n\n\n<li>Tutoriel <a href=\"https:\/\/lfiduras.com\/lfiduras\/wp-content\/uploads\/2026\/03\/Tutoriel-Reinscription-2026-2027-sur-EDUKA-003.ppt-Lecture-seuleCompatibility-Mode.ppt-1.pdf\" target=\"_blank\" rel=\"noreferrer noopener\">r\u00e9inscription<\/a><br><\/li>\n<\/ul>\n\n\n\n<p>Cette d\u00e9marche de faire le dossier de r\u00e9inscription est <strong>obligatoire<\/strong>. Veuillez respecter cette p\u00e9riode car les candidatures re\u00e7ues apr\u00e8s la date limite de d\u00e9p\u00f4t des dossiers seront trait\u00e9es fin juin en fonction des places rest\u00e9es vacantes.<\/p>\n\n\n\n<p><\/p>\n\n\n\n<p><b>Si vous envisagez de quitter l&#8217;\u00e9tablissement, merci de le signaler par email<\/b>.<\/p>\n\n\n\n<hr class=\"wp-block-separator has-alpha-channel-opacity is-style-dots\"\/>\n\n\n\n<p><strong><u>CANDIDATURE A LA SECTION INTERNATIONALE BRITANNIQUE (SIB)<\/u><\/strong><\/p>\n\n\n\n<p>Pour les candidatures en<b> SIB (Section Internationale Britannique)<\/b> veuillez <a href=\"https:\/\/lfiduras.com\/index.php\/candidature-sib\/\">consultez la page d\u00e9di\u00e9e<\/a>.<b><br><\/b><\/p>\n\n\n\n<p>&nbsp;<\/p>\n\n\n\n<p>&nbsp;<\/p>\n\n\n\n<hr class=\"wp-block-separator has-alpha-channel-opacity\"\/>\n\n\n\n<p>&nbsp;<strong>T\u1ef0U TR\u01af\u1edcNG N\u0102M H\u1eccC 2026-2027<\/strong><\/p>\n\n\n\n<p>Giai \u0111o\u1ea1n l\u00e0m h\u1ed3 s\u01a1 ghi danh m\u1edbi (cho c\u00e1c h\u1ecdc sinh ch\u01b0a theo h\u1ecdc \u1edf tr\u01b0\u1eddng) v\u00e0 ghi danh l\u1ea1i (cho h\u1ecdc sinh \u0111\u00e3 theo h\u1ecdc \u1edf tr\u01b0\u1eddng) cho n\u0103m h\u1ecdc 2026-2027 s\u1ebd di\u1ec5n ra t<strong>\u1eeb ng\u00e0y 09 \u0111\u1ebfn 29 th\u00e1ng 03 n\u0103m 2026<\/strong>, tr\u00ean trang EDUKA :&nbsp;<a href=\"https:\/\/lfiduras.eduka.school\/\">https:\/\/lfiduras.eduka.school\/<\/a><\/p>\n\n\n\n<ul class=\"wp-block-list\">\n<li>T\u00e0i li\u1ec7u h\u01b0\u1edbng d\u1eabn c\u00e1c b\u01b0\u1edbc l\u00e0m h\u1ed3 s\u01a1 \u0111\u0103ng k\u00fd ghi danh m\u1edbi&nbsp;: <a href=\"https:\/\/lfiduras.com\/lfiduras\/wp-content\/uploads\/2026\/02\/Tutoriel-Inscription-2026-2027-sur-EDUKA.pdf\" target=\"_blank\" rel=\"noreferrer noopener\">Tutoriel inscription<\/a><\/li>\n\n\n\n<li>T\u00e0i li\u1ec7u h\u01b0\u1edbng d\u1eabn c\u00e1c b\u01b0\u1edbc l\u00e0m h\u1ed3 s\u01a1 \u0111\u0103ng k\u00fd ghi danh l\u1ea1i&nbsp;: <a href=\"https:\/\/lfiduras.com\/lfiduras\/wp-content\/uploads\/2026\/03\/Tutoriel-Reinscription-2026-2027-sur-EDUKA-003.ppt-Lecture-seuleCompatibility-Mode.ppt-1.pdf\" target=\"_blank\" rel=\"noreferrer noopener\">Tutoriel r\u00e9inscription<\/a><\/li>\n<\/ul>\n\n\n\n<p><\/p>\n\n\n\n<p>Vi\u1ec7c l\u00e0m h\u1ed3 s\u01a1 ghi danh l\u1ea1i h\u00e0ng n\u0103m l\u00e0 b\u1eaft bu\u1ed9c. Vui l\u00f2ng l\u00e0m h\u1ed3 s\u01a1 \u0111\u00fang th\u1eddi h\u1ea1n, v\u00ec c\u00e1c h\u1ed3 s\u01a1 n\u1ed9p tr\u1ec5 h\u1ea1n s\u1ebd ch\u1ec9 \u0111\u01b0\u1ee3c x\u00e9t duy\u1ec7t v\u00e0o cu\u1ed1i th\u00e1ng 06 t\u00f9y theo s\u1ed1 l\u01b0\u1ee3ng ch\u1ed7 c\u00f2n tr\u1ed1ng.<\/p>\n\n\n\n<p>N\u1ebfu ph\u1ee5 huynh c\u00f3 \u00fd \u0111\u1ecbnh s\u1ebd chuy\u1ec3n tr\u01b0\u1eddng cho con em v\u00e0o cu\u1ed1i n\u0103m h\u1ecdc n\u00e0y, vui l\u00f2ng th\u00f4ng b\u00e1o cho tr\u01b0\u1eddng qua email.<\/p>\n\n\n\n<hr class=\"wp-block-separator has-alpha-channel-opacity is-style-dots\"\/>\n\n\n\n<p><strong><u>\u0110\u0102NG K\u00dd THI V\u00c0O H\u1ec6 ANH NG\u1eee QU\u1ed0C T\u1ebe (SIB)<\/u><\/strong><\/p>\n\n\n\n<p>N\u1ebfu ph\u1ee5 huynh mu\u1ed1n \u0111\u0103ng k\u00fd H\u1ec7 Anh ng\u1eef Qu\u1ed1c t\u1ebf (<a href=\"https:\/\/lfiduras.com\/index.php\/candidature-sib\/\">SIB<\/a>) cho con em (d\u00e0nh cho h\u1ecdc sinh t\u1eeb kh\u1ed1i l\u1edbp 2 \u0111\u1ebfn l\u1edbp 12), vui l\u00f2ng xem th\u00f4ng tin v\u1ec1 H\u1ec7 n\u00e0y t\u1ea1i \u0111\u00e2y&nbsp;: <a href=\"https:\/\/lfiduras.com\/index.php\/candidature-sib\/\">H\u1ec7 Anh ng\u1eef Qu\u1ed1c t\u1ebf (SIB)<\/a><\/p>\n\n\n\n<p><\/p>\n","protected":false},"excerpt":{"rendered":"<p>RENTREE SCOLAIRE 2026-2027 La campagne des inscriptions et r\u00e9inscriptions pour la rentr\u00e9e 2026-2027 est ouverte du 09 au 29 mars 2026. La d\u00e9marche s\u2019effectue en ligne, sur EDUKA : https:\/\/lfiduras.eduka.school\/ Cette d\u00e9marche de faire le dossier de r\u00e9inscription est obligatoire. Veuillez respecter cette p\u00e9riode car les candidatures re\u00e7ues apr\u00e8s la date limite de d\u00e9p\u00f4t des [&hellip;]<\/p>\n","protected":false},"author":2,"featured_media":0,"parent":0,"menu_order":0,"comment_status":"closed","ping_status":"closed","template":"","meta":{"footnotes":""},"class_list":["post-2085","page","type-page","status-publish","hentry","post"],"_links":{"self":[{"href":"https:\/\/lfiduras.com\/index.php\/wp-json\/wp\/v2\/pages\/2085","targetHints":{"allow":["GET"]}}],"collection":[{"href":"https:\/\/lfiduras.com\/index.php\/wp-json\/wp\/v2\/pages"}],"about":[{"href":"https:\/\/lfiduras.com\/index.php\/wp-json\/wp\/v2\/types\/page"}],"author":[{"embeddable":true,"href":"https:\/\/lfiduras.com\/index.php\/wp-json\/wp\/v2\/users\/2"}],"replies":[{"embeddable":true,"href":"https:\/\/lfiduras.com\/index.php\/wp-json\/wp\/v2\/comments?post=2085"}],"version-history":[{"count":151,"href":"https:\/\/lfiduras.com\/index.php\/wp-json\/wp\/v2\/pages\/2085\/revisions"}],"predecessor-version":[{"id":9343,"href":"https:\/\/lfiduras.com\/index.php\/wp-json\/wp\/v2\/pages\/2085\/revisions\/9343"}],"wp:attachment":[{"href":"https:\/\/lfiduras.com\/index.php\/wp-json\/wp\/v2\/media?parent=2085"}],"curies":[{"name":"wp","href":"https:\/\/api.w.org\/{rel}","templated":true}]}}