{"id":225,"date":"2021-03-09T09:54:24","date_gmt":"2021-03-09T08:54:24","guid":{"rendered":"https:\/\/lfiduras.com\/?page_id=225"},"modified":"2022-10-20T13:49:13","modified_gmt":"2022-10-20T06:49:13","slug":"visite-et-video","status":"publish","type":"page","link":"https:\/\/lfiduras.com\/index.php\/visite-et-video\/","title":{"rendered":"Pr\u00e9sentation du LFI"},"content":{"rendered":"<div class=\"wp-block-image\">\n<figure class=\"alignright\"><img decoding=\"async\" src=\"https:\/\/lfiduras.com\/lfiduras\/wp-content\/uploads\/2021\/05\/Portrait-de-MargueriteMini.jpg\" alt=\"L\u2019attribut alt de cette image est vide, son nom de fichier est Portrait-de-MargueriteMini.jpg.\"\/><\/figure><\/div>\n\n\n<p>Le&nbsp;<strong><em>Lyc\u00e9e Fran\u00e7ais International Marguerite Duras de H\u00f4 Chi Minh-Ville&nbsp;<\/em><\/strong>est un \u00e9tablissement public homologu\u00e9 par le Minist\u00e8re fran\u00e7ais de l\u2019\u00c9ducation Nationale. Il fait partie du r\u00e9seau&nbsp;<a href=\"http:\/\/www.aefe.fr\/\">AEFE<\/a>&nbsp;qui regroupe de plus de 535 \u00e9coles, coll\u00e8ges et lyc\u00e9es \u00e9tablis hors de France, dans 139 pays, et qui proposent un enseignement conforme \u00e0 l\u2019exigence des programmes de l\u2019\u00c9ducation Nationale fran\u00e7aise. Il est&nbsp;le seul homologu\u00e9 \u00e0 H\u00f4 Chi Minh-Ville pour faire passer les examens du Dipl\u00f4me National du Brevet et du Baccalaur\u00e9at.<\/p>\n\n\n\n<p>Depuis la rentr\u00e9e 2010 le lyc\u00e9e dispose, sur plus de 24 000 m\u00b2, de b\u00e2timents neufs et \u00e9quip\u00e9s,&nbsp;sp\u00e9cialement con\u00e7us par un cabinet d\u2019architecte.<\/p>\n\n\n\n<p>1200 enfants sont scolaris\u00e9s, de la petite section de maternelle (\u00e0 partir de 3 ans) \u00e0 la classe de Terminale du Lyc\u00e9e.<\/p>\n\n\n\n<p>L\u2019enseignement dispens\u00e9 est conforme aux programmes fran\u00e7ais et le Lyc\u00e9e reste exigeant quant aux conditions de vie et d\u2019enseignement sur le site&nbsp;:<\/p>\n\n\n\n<ul class=\"wp-block-list\"><li>Am\u00e9nagements tourn\u00e9s vers l<strong>\u2019\u00e9panouissement et le bien \u00eatre<\/strong>\u00a0des enfants\u00a0: restaurant scolaire, caf\u00e9t\u00e9ria, foyer, espaces verts<\/li><li><strong>Installations sportives<\/strong>\u00a0: terrain de football, gymnase, piscine, \u2026<\/li><li><span style=\"color: initial;\">Importance donn\u00e9e au\u00a0<\/span><strong style=\"color: initial;\">th\u00e9\u00e2tre<\/strong><span style=\"color: initial;\">, par les options propos\u00e9es au lyc\u00e9e et la salle de spectacle d\u00e9di\u00e9e<\/span><\/li><li><strong>Classes num\u00e9riques<\/strong>\u00a0au lyc\u00e9e\u00a0: d\u00e8s la classe de 2nde, chaque \u00e9l\u00e8ve doit apporter son ordinateur portable au lyc\u00e9e. Ils b\u00e9n\u00e9ficient d\u2019un enseignement tirant le meilleur parti des technologies num\u00e9riques et du travail collaboratif. Les salles sont particuli\u00e8rement \u00e9quip\u00e9es\u00a0: laboratoires de sciences, tableaux num\u00e9riques interactifs, acc\u00e8s internet<\/li><li><strong>Voyages et sorties<\/strong>\u00a0de d\u00e9couvertes<\/li><li><strong>Equipe p\u00e9dagogique<\/strong>\u00a0constitu\u00e9e plus de \u00be d\u2019enseignants titulaires de l\u2019\u00c9ducation Nationale, les autres \u00e9tant recrut\u00e9s en fonction de leurs comp\u00e9tences<\/li><\/ul>\n\n\n\n<p>Le Lyc\u00e9e Fran\u00e7ais International se donne tous les moyens mis \u00e0 sa disposition pour assurer aux enfants les meilleures chances de r\u00e9ussite scolaire et favoriser leur \u00e9panouissement.<\/p>\n\n\n\n<p>Retrouvez quelques photos et vid\u00e9os du lyc\u00e9e sur la&nbsp;<a href=\"https:\/\/lfiduras.com\/index.php\/visite-et-video\/?customize_changeset_uuid=ab5db167-1568-463f-8568-65f9d355a9b8&amp;customize_autosaved=on\">page d\u00e9di\u00e9e<\/a>.<\/p>\n\n\n\n<p><\/p>\n\n\n\n<p><\/p>\n\n\n\n<p>Petite pr\u00e9sentation vid\u00e9o de notre \u00e9tablissement.<\/p>\n\n\n\n<figure class=\"wp-block-embed is-type-video is-provider-youtube wp-block-embed-youtube wp-embed-aspect-16-9 wp-has-aspect-ratio\"><div class=\"wp-block-embed__wrapper\">\n<iframe title=\"Pr\u00e9sentation du LFIDURAS\" width=\"720\" height=\"405\" src=\"https:\/\/www.youtube.com\/embed\/VIpBiRApAj4?feature=oembed\" frameborder=\"0\" allow=\"accelerometer; autoplay; clipboard-write; encrypted-media; gyroscope; picture-in-picture\" allowfullscreen><\/iframe>\n<\/div><\/figure>\n\n\n\n<p><\/p>\n\n\n\n<p><\/p>\n\n\n\n<p><\/p>\n\n\n\n<hr class=\"wp-block-separator has-css-opacity\"\/>\n\n\n\n<p class=\"has-text-align-center\" id=\"plaquette\"><strong>Plaquette de pr\u00e9sentation en fran\u00e7ais et en vietnamien&nbsp;<\/strong><\/p>\n\n\n\n<figure class=\"wp-block-table is-style-stripes\"><table><tbody><tr><td class=\"has-text-align-center\" data-align=\"center\"><a href=\"https:\/\/lfiduras.com\/lfiduras\/wp-content\/uploads\/2022\/06\/Livret-Lfiduras-FR.pdf\"><img decoding=\"async\" src=\"https:\/\/lfiduras.com\/lfiduras\/wp-content\/uploads\/2021\/05\/CouvFlyerFRSite.png\" alt=\"L\u2019attribut alt de cette image est vide, son nom de fichier est CouvFlyerFRSite.png.\" style=\"width: undefinedpx;\"><\/a><\/td><td class=\"has-text-align-left\" data-align=\"left\"><a href=\"https:\/\/lfiduras.com\/lfiduras\/wp-content\/uploads\/2022\/06\/Livret-Lfiduras-VN.pdf\"><img decoding=\"async\" src=\"https:\/\/lfiduras.com\/lfiduras\/wp-content\/uploads\/2021\/05\/CouvFlyerVNSite.png\" alt=\"L\u2019attribut alt de cette image est vide, son nom de fichier est CouvFlyerVNSite.png.\"><\/a><\/td><\/tr><tr><td class=\"has-text-align-center\" data-align=\"center\">Fran\u00e7ais<\/td><td class=\"has-text-align-left\" data-align=\"left\">Vietnamien<\/td><\/tr><\/tbody><\/table><\/figure>\n\n\n\n<p><\/p>\n","protected":false},"excerpt":{"rendered":"<p>Le&nbsp;Lyc\u00e9e Fran\u00e7ais International Marguerite Duras de H\u00f4 Chi Minh-Ville&nbsp;est un \u00e9tablissement public homologu\u00e9 par le Minist\u00e8re fran\u00e7ais de l\u2019\u00c9ducation Nationale. Il fait partie du r\u00e9seau&nbsp;AEFE&nbsp;qui regroupe de plus de 535 \u00e9coles, coll\u00e8ges et lyc\u00e9es \u00e9tablis hors de France, dans 139 pays, et qui proposent un enseignement conforme \u00e0 l\u2019exigence des programmes de l\u2019\u00c9ducation Nationale fran\u00e7aise. [&hellip;]<\/p>\n","protected":false},"author":2,"featured_media":0,"parent":0,"menu_order":0,"comment_status":"closed","ping_status":"closed","template":"","meta":{"footnotes":""},"class_list":["post-225","page","type-page","status-publish","hentry","post"],"_links":{"self":[{"href":"https:\/\/lfiduras.com\/index.php\/wp-json\/wp\/v2\/pages\/225","targetHints":{"allow":["GET"]}}],"collection":[{"href":"https:\/\/lfiduras.com\/index.php\/wp-json\/wp\/v2\/pages"}],"about":[{"href":"https:\/\/lfiduras.com\/index.php\/wp-json\/wp\/v2\/types\/page"}],"author":[{"embeddable":true,"href":"https:\/\/lfiduras.com\/index.php\/wp-json\/wp\/v2\/users\/2"}],"replies":[{"embeddable":true,"href":"https:\/\/lfiduras.com\/index.php\/wp-json\/wp\/v2\/comments?post=225"}],"version-history":[{"count":25,"href":"https:\/\/lfiduras.com\/index.php\/wp-json\/wp\/v2\/pages\/225\/revisions"}],"predecessor-version":[{"id":2567,"href":"https:\/\/lfiduras.com\/index.php\/wp-json\/wp\/v2\/pages\/225\/revisions\/2567"}],"wp:attachment":[{"href":"https:\/\/lfiduras.com\/index.php\/wp-json\/wp\/v2\/media?parent=225"}],"curies":[{"name":"wp","href":"https:\/\/api.w.org\/{rel}","templated":true}]}}