{"id":227,"date":"2021-03-09T09:54:25","date_gmt":"2021-03-09T08:54:25","guid":{"rendered":"https:\/\/lfiduras.com\/?page_id=227"},"modified":"2026-01-06T14:52:00","modified_gmt":"2026-01-06T07:52:00","slug":"protocole-sanitaire","status":"publish","type":"page","link":"https:\/\/lfiduras.com\/index.php\/protocole-sanitaire\/","title":{"rendered":"Sant\u00e9 et s\u00e9curit\u00e9"},"content":{"rendered":"\n<p>Qualit\u00e9 de l\u2019air \u2013<a href=\"https:\/\/lfiduras.com\/lfiduras\/wp-content\/uploads\/2023\/09\/Protocole-Pollution.pdf\"> Protocole pollution du lyc\u00e9e<\/a><\/p>\n\n\n\n<div name=\"airvisual_widget\" key=\"6555d564c554844a60775321\"><\/div> \n<script type=\"text\/javascript\" src=\"https:\/\/widget.iqair.com\/script\/widget_v3.0.js\"><\/script>\n\n\n\n<p><\/p>\n\n\n\n<p><\/p>\n\n\n\n<p><\/p>\n\n\n\n<p><\/p>\n","protected":false},"excerpt":{"rendered":"<p>Qualit\u00e9 de l\u2019air \u2013 Protocole pollution du lyc\u00e9e<\/p>\n","protected":false},"author":2,"featured_media":0,"parent":0,"menu_order":0,"comment_status":"closed","ping_status":"closed","template":"","meta":{"footnotes":""},"class_list":["post-227","page","type-page","status-publish","hentry","post"],"_links":{"self":[{"href":"https:\/\/lfiduras.com\/index.php\/wp-json\/wp\/v2\/pages\/227","targetHints":{"allow":["GET"]}}],"collection":[{"href":"https:\/\/lfiduras.com\/index.php\/wp-json\/wp\/v2\/pages"}],"about":[{"href":"https:\/\/lfiduras.com\/index.php\/wp-json\/wp\/v2\/types\/page"}],"author":[{"embeddable":true,"href":"https:\/\/lfiduras.com\/index.php\/wp-json\/wp\/v2\/users\/2"}],"replies":[{"embeddable":true,"href":"https:\/\/lfiduras.com\/index.php\/wp-json\/wp\/v2\/comments?post=227"}],"version-history":[{"count":19,"href":"https:\/\/lfiduras.com\/index.php\/wp-json\/wp\/v2\/pages\/227\/revisions"}],"predecessor-version":[{"id":9110,"href":"https:\/\/lfiduras.com\/index.php\/wp-json\/wp\/v2\/pages\/227\/revisions\/9110"}],"wp:attachment":[{"href":"https:\/\/lfiduras.com\/index.php\/wp-json\/wp\/v2\/media?parent=227"}],"curies":[{"name":"wp","href":"https:\/\/api.w.org\/{rel}","templated":true}]}}