{"id":228,"date":"2021-03-09T09:54:25","date_gmt":"2021-03-09T08:54:25","guid":{"rendered":"https:\/\/lfiduras.com\/?page_id=228"},"modified":"2025-02-24T15:43:56","modified_gmt":"2025-02-24T08:43:56","slug":"rgpd","status":"publish","type":"page","link":"https:\/\/lfiduras.com\/index.php\/rgpd\/","title":{"rendered":"RGPD"},"content":{"rendered":"\n<p>Vous trouverez ci-dessous les \u00e9l\u00e9ments relatifs au R\u00e8glement G\u00e9n\u00e9ral sur la Protection des Donn\u00e9es du Lfiduras. <\/p>\n\n\n<div class=\"wp-block-image\">\n<figure class=\"alignright size-large is-resized\"><img decoding=\"async\" width=\"304\" height=\"160\" src=\"https:\/\/lfiduras.com\/lfiduras\/wp-content\/uploads\/2021\/05\/rgpd.jpg\" alt=\"\" class=\"wp-image-347\" style=\"width:238px;height:125px\" srcset=\"https:\/\/lfiduras.com\/lfiduras\/wp-content\/uploads\/2021\/05\/rgpd.jpg 304w, https:\/\/lfiduras.com\/lfiduras\/wp-content\/uploads\/2021\/05\/rgpd-300x158.jpg 300w\" sizes=\"(max-width: 304px) 100vw, 304px\" \/><\/figure><\/div>\n\n\n<p><a href=\"https:\/\/lfiduras.com\/lfiduras\/wp-content\/uploads\/2025\/02\/2018-09-politique-generale-protection-donnees-aefe.pdf\">Politique g\u00e9n\u00e9rale de protection des donn\u00e9es de l\u2019AEFE<\/a><\/p>\n\n\n\n<p><a href=\"https:\/\/lfiduras.com\/lfiduras\/wp-content\/uploads\/2024\/02\/Politique-generale-protection-donnees-LfiDuras19-02-1.pdf\">Politique g\u00e9n\u00e9rale de protection des donn\u00e9es \u00e0 caract\u00e8re personnel du lyc\u00e9e fran\u00e7ais international Marguerite Duras<\/a><\/p>\n\n\n\n<p><a href=\"https:\/\/lfiduras.com\/lfiduras\/wp-content\/uploads\/2025\/02\/Politique-Cookies_LfiDuras-1.pdf\">Politique d\u2019utilisation des cookies du site du LFIDURAS<\/a><\/p>\n\n\n\n<p><a href=\"https:\/\/lfiduras.com\/lfiduras\/wp-content\/uploads\/2025\/02\/Politique_confidentialite\u0301_LfiDuras.pdf\">Politique de confidentialit\u00e9 du site LfiDuras<\/a><\/p>\n\n\n\n<p><a href=\"https:\/\/lfiduras.com\/lfiduras\/wp-content\/uploads\/2024\/06\/Declaration-engagement-de-protection-des-donnees-des-eleves_MAJ21juin2024.pdf\">D\u00e9claration de protection \u00e0 l\u2019\u00e9gard des donn\u00e9es personnelles des \u00e9l\u00e8ves et des parents ou responsables l\u00e9gaux.<\/a><\/p>\n\n\n\n<p><a href=\"https:\/\/lfiduras.com\/lfiduras\/wp-content\/uploads\/2022\/05\/Declaration-engagement-de-protection-des-donnees-des-personnels.pdf\">D\u00e9claration de protection \u00e0 l\u2019\u00e9gard des donn\u00e9es personnelles des personnels<br>du lyc\u00e9e fran\u00e7ais international Marguerite Duras.<\/a><\/p>\n\n\n\n<p><\/p>\n","protected":false},"excerpt":{"rendered":"<p>Vous trouverez ci-dessous les \u00e9l\u00e9ments relatifs au R\u00e8glement G\u00e9n\u00e9ral sur la Protection des Donn\u00e9es du Lfiduras. Politique g\u00e9n\u00e9rale de protection des donn\u00e9es de l\u2019AEFE Politique g\u00e9n\u00e9rale de protection des donn\u00e9es \u00e0 caract\u00e8re personnel du lyc\u00e9e fran\u00e7ais international Marguerite Duras Politique d\u2019utilisation des cookies du site du LFIDURAS Politique de confidentialit\u00e9 du site LfiDuras D\u00e9claration de [&hellip;]<\/p>\n","protected":false},"author":2,"featured_media":0,"parent":0,"menu_order":0,"comment_status":"closed","ping_status":"closed","template":"","meta":{"footnotes":""},"class_list":["post-228","page","type-page","status-publish","hentry","post"],"_links":{"self":[{"href":"https:\/\/lfiduras.com\/index.php\/wp-json\/wp\/v2\/pages\/228","targetHints":{"allow":["GET"]}}],"collection":[{"href":"https:\/\/lfiduras.com\/index.php\/wp-json\/wp\/v2\/pages"}],"about":[{"href":"https:\/\/lfiduras.com\/index.php\/wp-json\/wp\/v2\/types\/page"}],"author":[{"embeddable":true,"href":"https:\/\/lfiduras.com\/index.php\/wp-json\/wp\/v2\/users\/2"}],"replies":[{"embeddable":true,"href":"https:\/\/lfiduras.com\/index.php\/wp-json\/wp\/v2\/comments?post=228"}],"version-history":[{"count":27,"href":"https:\/\/lfiduras.com\/index.php\/wp-json\/wp\/v2\/pages\/228\/revisions"}],"predecessor-version":[{"id":7852,"href":"https:\/\/lfiduras.com\/index.php\/wp-json\/wp\/v2\/pages\/228\/revisions\/7852"}],"wp:attachment":[{"href":"https:\/\/lfiduras.com\/index.php\/wp-json\/wp\/v2\/media?parent=228"}],"curies":[{"name":"wp","href":"https:\/\/api.w.org\/{rel}","templated":true}]}}