{"id":229,"date":"2021-03-09T09:54:25","date_gmt":"2021-03-09T08:54:25","guid":{"rendered":"https:\/\/lfiduras.com\/?page_id=229"},"modified":"2025-11-18T15:43:02","modified_gmt":"2025-11-18T08:43:02","slug":"contacts","status":"publish","type":"page","link":"https:\/\/lfiduras.com\/index.php\/contacts\/","title":{"rendered":"Contacts"},"content":{"rendered":"\n<h5 class=\"wp-block-heading\">LYC\u00c9E FRAN\u00c7AIS MARGUERITE DURAS<\/h5>\n\n\n<div class=\"wp-block-image\">\n<figure class=\"alignright size-large\"><img fetchpriority=\"high\" decoding=\"async\" width=\"236\" height=\"213\" src=\"https:\/\/lfiduras.com\/lfiduras\/wp-content\/uploads\/2021\/05\/contact.jpg\" alt=\"\" class=\"wp-image-351\"\/><\/figure><\/div>\n\n\n<p>Lyc\u00e9e Fran\u00e7ais International Marguerite Duras<br>260, route N\u00b0 11 \u2013 Long Binh \u2013<br>Ho Chi Minh Ville \u2013 Vietnam<\/p>\n\n\n\n<h5 class=\"wp-block-heading\">T\u00e9l\u00e9phone : +84 (028) 37 25 22 08<\/h5>\n\n\n\n<p>Secr\u00e9tariat de Direction :&nbsp;<a href=\"mailto:sec.direction@lfiduras.com\">sec.direction@lfiduras.com<\/a><\/p>\n\n\n\n<p>Secr\u00e9tariat du premier degr\u00e9&nbsp;:&nbsp;<a href=\"mailto:sec.primaire@lfiduras.com\">sec.primaire@lfiduras.com<\/a><\/p>\n\n\n\n<p>Secr\u00e9tariat du second degr\u00e9&nbsp;:&nbsp;<a href=\"mailto:sec.secondaire@lfiduras.com\">sec.secondaire@lfiduras.com<\/a><\/p>\n\n\n\n<p>Bureau de la Vie Scolaire :\u00a0<a href=\"mailto:surveillantssecondaire@goupes.lfiduras.com\"><a href=\"mailto:vie.scolaire@lfiduras.com\">vie.scolaire@lfiduras.com<\/a><\/a><\/p>\n\n\n\n<p>Service Comptabilit\u00e9:&nbsp;<a href=\"mailto:assistant.comptable@lfiduras.com\">assistant.comptable@lfiduras.com<\/a><\/p>\n\n\n\n<p>Conseiller Principal d\u2019Education:&nbsp;<a href=\"mailto:cpe@lfiduras.com\">cpe@lfiduras.com<\/a><\/p>\n\n\n\n<p>Activit\u00e9s periscolaires:&nbsp;<a href=\"mailto:periscolaires@lfiduras.com\">periscolaires@lfiduras.com<\/a><\/p>\n\n\n\n<hr class=\"wp-block-separator has-css-opacity\"\/>\n\n\n\n<iframe src=\"https:\/\/www.google.com\/maps\/embed?pb=!1m18!1m12!1m3!1d4659.573511591396!2d106.82261130014086!3d10.87096665688038!2m3!1f0!2f0!3f0!3m2!1i1024!2i768!4f13.1!3m3!1m2!1s0x3174df560dbeaac5%3A0xe34f7da6db8dc272!2zVHLGsOG7nW5nIFF14buRYyB04bq_IFBow6FwIE1hcmd1ZXJpdGUgRHVyYXM!5e0!3m2!1sfr!2s!4v1652060350184!5m2!1sfr!2s\" width=\"400\" height=\"300\" style=\"border:0;\" allowfullscreen=\"\" loading=\"lazy\" referrerpolicy=\"no-referrer-when-downgrade\"><\/iframe>\n\n\n\n<p><\/p>\n","protected":false},"excerpt":{"rendered":"<p>LYC\u00c9E FRAN\u00c7AIS MARGUERITE DURAS Lyc\u00e9e Fran\u00e7ais International Marguerite Duras260, route N\u00b0 11 \u2013 Long Binh \u2013Ho Chi Minh Ville \u2013 Vietnam T\u00e9l\u00e9phone : +84 (028) 37 25 22 08 Secr\u00e9tariat de Direction :&nbsp;sec.direction@lfiduras.com Secr\u00e9tariat du premier degr\u00e9&nbsp;:&nbsp;sec.primaire@lfiduras.com Secr\u00e9tariat du second degr\u00e9&nbsp;:&nbsp;sec.secondaire@lfiduras.com Bureau de la Vie Scolaire :\u00a0vie.scolaire@lfiduras.com Service Comptabilit\u00e9:&nbsp;assistant.comptable@lfiduras.com Conseiller Principal d\u2019Education:&nbsp;cpe@lfiduras.com Activit\u00e9s periscolaires:&nbsp;periscolaires@lfiduras.com<\/p>\n","protected":false},"author":2,"featured_media":0,"parent":0,"menu_order":0,"comment_status":"closed","ping_status":"closed","template":"","meta":{"footnotes":""},"class_list":["post-229","page","type-page","status-publish","hentry","post"],"_links":{"self":[{"href":"https:\/\/lfiduras.com\/index.php\/wp-json\/wp\/v2\/pages\/229","targetHints":{"allow":["GET"]}}],"collection":[{"href":"https:\/\/lfiduras.com\/index.php\/wp-json\/wp\/v2\/pages"}],"about":[{"href":"https:\/\/lfiduras.com\/index.php\/wp-json\/wp\/v2\/types\/page"}],"author":[{"embeddable":true,"href":"https:\/\/lfiduras.com\/index.php\/wp-json\/wp\/v2\/users\/2"}],"replies":[{"embeddable":true,"href":"https:\/\/lfiduras.com\/index.php\/wp-json\/wp\/v2\/comments?post=229"}],"version-history":[{"count":12,"href":"https:\/\/lfiduras.com\/index.php\/wp-json\/wp\/v2\/pages\/229\/revisions"}],"predecessor-version":[{"id":8965,"href":"https:\/\/lfiduras.com\/index.php\/wp-json\/wp\/v2\/pages\/229\/revisions\/8965"}],"wp:attachment":[{"href":"https:\/\/lfiduras.com\/index.php\/wp-json\/wp\/v2\/media?parent=229"}],"curies":[{"name":"wp","href":"https:\/\/api.w.org\/{rel}","templated":true}]}}