{"id":2366,"date":"2022-09-12T03:20:25","date_gmt":"2022-09-12T01:20:25","guid":{"rendered":"https:\/\/lfiduras.com\/?page_id=2366"},"modified":"2026-04-17T14:59:53","modified_gmt":"2026-04-17T07:59:53","slug":"appels-doffres","status":"publish","type":"page","link":"https:\/\/lfiduras.com\/index.php\/appels-doffres\/","title":{"rendered":"Appels d&#8217;offres \/ H\u1ed3 s\u01a1 th\u1ea7u"},"content":{"rendered":"\n<h2 class=\"wp-block-heading\"><\/h2>\n\n\n\n<p><strong>Prestation de transport scolaire<\/strong> pour les \u00e9l\u00e8ves du Lyc\u00e9e Fran\u00e7ais International Marguerite Duras, Ho Chi Minh Ville, Vietnam &#8211; Ann\u00e9es 2026 \/2029 :<\/p>\n\n\n\n<p><em>D\u1ecbch v\u1ee5 xe \u0111\u01b0a \u0111\u00f3n h\u1ecdc sinh cho h\u1ecdc sinh c\u1ee7a Tr\u01b0\u1eddng Qu\u1ed1c t\u1ebf Ph\u00e1p Marguerite Duras, Th\u00e0nh ph\u1ed1 H\u1ed3 Ch\u00ed Minh, Vi\u1ec7t Nam &#8211; giai \u0111o\u1ea1n 2026\/2029:<\/em><\/p>\n\n\n\n<div class=\"wp-block-columns is-layout-flex wp-container-core-columns-is-layout-9d6595d7 wp-block-columns-is-layout-flex\">\n<div class=\"wp-block-column is-layout-flow wp-block-column-is-layout-flow\">\n<p><strong>Documentation en fran\u00e7ais<\/strong><\/p>\n\n\n\n<ol class=\"wp-block-list\">\n<li><a href=\"https:\/\/lfiduras.com\/lfiduras\/wp-content\/uploads\/2026\/04\/1.-LFIMD-Annonce-courte.pdf\" target=\"_blank\" rel=\"noreferrer noopener\">Annonce courte<\/a><\/li>\n\n\n\n<li><a href=\"https:\/\/lfiduras.com\/lfiduras\/wp-content\/uploads\/2026\/04\/2.-Appels-doffres-transport-scolaire-HCMV.pdf\" target=\"_blank\" rel=\"noreferrer noopener\">Appels d&#8217;offres transport scolaire<\/a><\/li>\n\n\n\n<li><a href=\"https:\/\/lfiduras.com\/lfiduras\/wp-content\/uploads\/2026\/04\/3.-Annexe-4.pdf\" target=\"_blank\" rel=\"noreferrer noopener\">Annexe 4<\/a><\/li>\n\n\n\n<li><a href=\"https:\/\/lfiduras.com\/lfiduras\/wp-content\/uploads\/2026\/04\/4.-Formulaire-de-soumission.docx\" target=\"_blank\" rel=\"noreferrer noopener\">Formulaire de soumission<\/a><\/li>\n\n\n\n<li><a href=\"https:\/\/lfiduras.com\/lfiduras\/wp-content\/uploads\/2026\/04\/5.-Duras-Bus-Line-2025-2026.pdf\" target=\"_blank\" rel=\"noreferrer noopener\">Duras Bus Line 2025-2026<\/a><\/li>\n\n\n\n<li><a href=\"https:\/\/lfiduras.com\/lfiduras\/wp-content\/uploads\/2026\/04\/Calendrier-transport-scolaire-2026-2027.pdf\" target=\"_blank\" rel=\"noreferrer noopener\">Calendrier transport scolaire 2026-2027<\/a><\/li>\n<\/ol>\n<\/div>\n\n\n\n<div class=\"wp-block-column is-layout-flow wp-block-column-is-layout-flow\">\n<p><strong>T\u00e0i li\u1ec7u b\u1eb1ng ti\u1ebfng Vi\u1ec7t<\/strong><\/p>\n\n\n\n<ol class=\"wp-block-list\">\n<li><a href=\"https:\/\/lfiduras.com\/lfiduras\/wp-content\/uploads\/2026\/04\/1.-LFIMD-Thong-bao-ngan.pdf\" target=\"_blank\" rel=\"noreferrer noopener\">Th\u00f4ng b\u00e1o ng\u1eafn<\/a><\/li>\n\n\n\n<li><a href=\"https:\/\/lfiduras.com\/lfiduras\/wp-content\/uploads\/2026\/04\/2.-Ho-so-moi-thau-tim-kiem-don-vi-cung-cap-dich-vu-van-chuyen-hoc-sinh.pdf\" target=\"_blank\" rel=\"noreferrer noopener\">H\u1ed3 s\u01a1 m\u1eddi th\u1ea7u t\u00ecm ki\u1ebfm \u0111\u01a1n v\u1ecb cung c\u1ea5p d\u1ecbch v\u1ee5 v\u1eadn chuy\u1ec3n h\u1ecdc sinh<\/a><\/li>\n\n\n\n<li><a href=\"https:\/\/lfiduras.com\/lfiduras\/wp-content\/uploads\/2026\/04\/3.-Phu-luc-4.pdf\" target=\"_blank\" rel=\"noreferrer noopener\">Ph\u1ee5 l\u1ee5c 4<\/a><\/li>\n\n\n\n<li><a href=\"https:\/\/lfiduras.com\/lfiduras\/wp-content\/uploads\/2026\/04\/4.-Mau-ho-so-du-thau.docx\" target=\"_blank\" rel=\"noreferrer noopener\">M\u1eabu h\u1ed3 s\u01a1 d\u1ef1 th\u1ea7u<\/a><\/li>\n\n\n\n<li><a href=\"https:\/\/lfiduras.com\/lfiduras\/wp-content\/uploads\/2026\/04\/5.-Duras-Bus-Line-2025-2026.pdf\" target=\"_blank\" rel=\"noreferrer noopener\">Duras Bus Line 2025-2026<\/a><\/li>\n\n\n\n<li><a href=\"https:\/\/lfiduras.com\/lfiduras\/wp-content\/uploads\/2026\/04\/Calendrier-transport-scolaire-2026-2027.pdf\" target=\"_blank\" rel=\"noreferrer noopener\">L\u1ecbch tr\u00ecnh xe \u0111\u01b0a \u0111\u00f3n h\u1ecdc sinh 2026-2027<\/a><\/li>\n<\/ol>\n<\/div>\n<\/div>\n\n\n<div class=\"wp-block-image\">\n<figure class=\"alignright size-full is-resized\"><img fetchpriority=\"high\" decoding=\"async\" width=\"275\" height=\"183\" src=\"https:\/\/lfiduras.com\/lfiduras\/wp-content\/uploads\/2022\/11\/appel-doffres.jpg\" alt=\"\" class=\"wp-image-2637\" style=\"aspect-ratio:1.5125;width:194px;height:auto\" srcset=\"https:\/\/lfiduras.com\/lfiduras\/wp-content\/uploads\/2022\/11\/appel-doffres.jpg 275w, https:\/\/lfiduras.com\/lfiduras\/wp-content\/uploads\/2022\/11\/appel-doffres-272x182.jpg 272w\" sizes=\"(max-width: 275px) 100vw, 275px\" \/><\/figure><\/div>\n\n\n<p><br><br><\/p>\n\n\n\n<div style=\"height:21px\" aria-hidden=\"true\" class=\"wp-block-spacer\"><\/div>\n\n\n\n<div style=\"height:22px\" aria-hidden=\"true\" class=\"wp-block-spacer\"><\/div>\n\n\n\n<p><\/p>\n","protected":false},"excerpt":{"rendered":"<p>Prestation de transport scolaire pour les \u00e9l\u00e8ves du Lyc\u00e9e Fran\u00e7ais International Marguerite Duras, Ho Chi Minh Ville, Vietnam &#8211; Ann\u00e9es 2026 \/2029 : D\u1ecbch v\u1ee5 xe \u0111\u01b0a \u0111\u00f3n h\u1ecdc sinh cho h\u1ecdc sinh c\u1ee7a Tr\u01b0\u1eddng Qu\u1ed1c t\u1ebf Ph\u00e1p Marguerite Duras, Th\u00e0nh ph\u1ed1 H\u1ed3 Ch\u00ed Minh, Vi\u1ec7t Nam &#8211; giai \u0111o\u1ea1n 2026\/2029: Documentation en fran\u00e7ais T\u00e0i [&hellip;]<\/p>\n","protected":false},"author":2,"featured_media":0,"parent":0,"menu_order":0,"comment_status":"closed","ping_status":"closed","template":"","meta":{"footnotes":""},"class_list":["post-2366","page","type-page","status-publish","hentry","post"],"_links":{"self":[{"href":"https:\/\/lfiduras.com\/index.php\/wp-json\/wp\/v2\/pages\/2366","targetHints":{"allow":["GET"]}}],"collection":[{"href":"https:\/\/lfiduras.com\/index.php\/wp-json\/wp\/v2\/pages"}],"about":[{"href":"https:\/\/lfiduras.com\/index.php\/wp-json\/wp\/v2\/types\/page"}],"author":[{"embeddable":true,"href":"https:\/\/lfiduras.com\/index.php\/wp-json\/wp\/v2\/users\/2"}],"replies":[{"embeddable":true,"href":"https:\/\/lfiduras.com\/index.php\/wp-json\/wp\/v2\/comments?post=2366"}],"version-history":[{"count":43,"href":"https:\/\/lfiduras.com\/index.php\/wp-json\/wp\/v2\/pages\/2366\/revisions"}],"predecessor-version":[{"id":9424,"href":"https:\/\/lfiduras.com\/index.php\/wp-json\/wp\/v2\/pages\/2366\/revisions\/9424"}],"wp:attachment":[{"href":"https:\/\/lfiduras.com\/index.php\/wp-json\/wp\/v2\/media?parent=2366"}],"curies":[{"name":"wp","href":"https:\/\/api.w.org\/{rel}","templated":true}]}}