{"id":2702,"date":"2022-11-18T14:40:26","date_gmt":"2022-11-18T07:40:26","guid":{"rendered":"https:\/\/lfiduras.com\/?page_id=2702"},"modified":"2023-08-29T11:12:15","modified_gmt":"2023-08-29T04:12:15","slug":"livret-daccueil-neo-francophones-1er-degre","status":"publish","type":"page","link":"https:\/\/lfiduras.com\/index.php\/livret-daccueil-neo-francophones-1er-degre\/","title":{"rendered":"\u00a0Livret d&#8217;accueil n\u00e9o francophones &#8211; 1er degr\u00e9"},"content":{"rendered":"\n<p class=\"has-text-align-center\"><a href=\"https:\/\/lfiduras.com\/lfiduras\/wp-content\/uploads\/2023\/08\/plaquette-Vous-avez-choisi.pdf\">Bienvenue au LFI DURAS<\/a><\/p>\n\n\n\n<p class=\"has-text-align-center\">Vous avez choisi d\u2019inscrire votre enfant dans notre \u00e9tablissement, nous vous invitons \u00e0 lire<br>attentivement <a href=\"https:\/\/lfiduras.com\/lfiduras\/wp-content\/uploads\/2023\/08\/plaquette-Vous-avez-choisi.pdf\">ce livret<\/a>.<br>Celui-ci a vocation \u00e0 clarifier les particularit\u00e9s de notre syst\u00e8me scolaire, les attendus, les<br>pr\u00e9conisations, et les engagements indispensables pour permettre l\u2019\u00e9panouissement et la r\u00e9ussite scolaire de votre enfant.<\/p>\n\n\n\n<p><br><strong><em>Qu\u2019est-ce que l\u2019\u00e9cole fran\u00e7aise ?<br><\/em><\/strong>En France, la scolarisation des enfants est organis\u00e9e en fonction de leur \u00e2ge.<br><\/p>\n\n\n\n<p><strong>Ecole maternelle<br><\/strong>De 3 ans (parfois 2) jusqu\u2019\u00e0 6 ans, l\u2019enfant peut \u00eatre accueilli \u00e0 l\u2019\u00e9cole maternelle. L\u2019\u00e9cole maternelle est organis\u00e9e en 3 niveaux : petite, moyenne et grande sections. Elle est le lieu des premiers apprentissages qui favorisent la r\u00e9ussite scolaire.<br>La langage oral y est particuli\u00e8rement d\u00e9velopp\u00e9 c\u2019est pourquoi nous pr\u00e9conisons aux familles non francophones d\u2019inscrire leur enfant d\u00e8s que possible.<br><\/p>\n\n\n\n<p><strong>Ecole \u00e9l\u00e9mentaire<br><\/strong>Elle accueille les enfants de 6 \u00e0 11 ans.<br>Elle comporte cinq niveaux : le CP (cours pr\u00e9paratoire), le CE1 (cours \u00e9l\u00e9mentaire 1re ann\u00e9e), le CE2 (cours \u00e9l\u00e9mentaire 2e ann\u00e9e), le CM1 (cours moyen 1re ann\u00e9e) et le CM2 (cours moyen 2e ann\u00e9e).<br>Notre \u00e9tablissement est <strong>la\u00efque<\/strong>, cela signifie qu\u2019il respecte les cultures, les langues et la religion de chacun.<br>\u00c0 l\u2019\u00e9cole, votre enfant <strong>apprend la langue fran\u00e7aise<\/strong>. Parler fran\u00e7ais est <strong>une n\u00e9cessit\u00e9<\/strong>. \u00c0 l\u2019\u00e9cole, c\u2019est en fran\u00e7ais que votre enfant apprend \u00e0 parler, lire, \u00e9crire, compter.<br>Une entr\u00e9e pr\u00e9coce dans notre syst\u00e8me \u00e9ducatif facilite l\u2019acquisition des comp\u00e9tences de ma\u00eetrise de la langue fran\u00e7ais. <strong>L\u2019oral est une priorit\u00e9<\/strong>, c\u2019est la et la base de tous les apprentissages.<br>Comprendre ce que dit l\u2019enseignant en classe et s\u2019exprimer est la condition d\u2019une r\u00e9elle r\u00e9ussite scolaire.<\/p>\n\n\n\n<p><br><strong><em>Qu\u2019est-ce qui a motiv\u00e9 votre choix pour le syst\u00e8me \u00e9ducatif fran\u00e7ais ?<br><\/em><\/strong>Il est important que ce choix soit motiv\u00e9, r\u00e9fl\u00e9chi et expliqu\u00e9 \u00e0 votre enfant, il doit comprendre pourquoi, il a chang\u00e9 d\u2019\u00e9cole, et pourquoi l\u2019enseignement est en langue fran\u00e7aise.<br>Le choix de l\u2019\u00e9cole fran\u00e7aise peut \u00eatre :<br>&#8211; Vous \u00eatre francophile.<br>&#8211; Vous parlez vous-m\u00eame le fran\u00e7ais ou vous avez pour projet de l\u2019apprendre.<br>&#8211; Les sp\u00e9cificit\u00e9s du syst\u00e8me scolaire fran\u00e7ais (l\u2019importance de l\u2019oral, le d\u00e9veloppement de la capacit\u00e9 \u00e0 argumenter, \u00e0 analyser\u2026) vous semblent tr\u00e8s pertinentes et seront \u00e0 votre avis des atouts suppl\u00e9mentaires pour votre enfant.<br>&#8211; Vous envisagez de vous installer dans un pays francophone.<br>&#8211; Vous projetez qu\u2019\u00e0 l\u2019avenir votre enfant poursuive ses \u00e9tudes dans un syst\u00e8me fran\u00e7ais.<br><\/p>\n\n\n\n<p><strong><em>Quels accompagnements sont propos\u00e9s dans notre \u00e9tablissement ?<br><\/em><\/strong>En d\u00e9but d\u2019ann\u00e9e, votre enfant sera \u00e9valu\u00e9 par son enseignant.<br>Au vue de ses r\u00e9sultats, des accompagnements particuliers pourront \u00eatre mis en place afin de le faire progresser.<br>La majorit\u00e9 de ces aides est d\u00e9di\u00e9e \u00e0 l\u2019oral, il est indispensable que l\u2019enfant comprenne et se fasse comprendre en fran\u00e7ais.<\/p>\n\n\n\n<p><strong><em>Les diff\u00e9rences dispositifs propos\u00e9s :<br><\/em><\/strong>&#8211; FLSco : une enseignante sp\u00e9cialis\u00e9e en fran\u00e7ais Langue de scolarisation prend des \u00e9l\u00e8ves en petits effectifs sur le temps scolaire (plusieurs fois par semaine) en vue de d\u00e9velopper les comp\u00e9tences langagi\u00e8res.<br>&#8211; Des temps en co enseignement permettent d\u2019accompagner les \u00e9l\u00e8ves ayant besoin d\u2019une aide plus sp\u00e9cifique en fran\u00e7ais.<br>&#8211; Un PPRE \u2013 Projet P\u00e9dagogique de R\u00e9ussite Educative (avec un volet langage) pourra \u00eatre mis en place, il vous sera expliqu\u00e9 lors d\u2019une \u00e9quipe \u00e9ducative avec l\u2019enseignant et la Directrice.<br>Ce projet pr\u00e9cisera les besoins et les accompagnements adapt\u00e9s pour faire progresser votre enfant. Il y sera \u00e9galement mentionn\u00e9 les pr\u00e9conisations envisag\u00e9es hors temps scolaire.<br>&#8211; Livret de suivi : chaque fin de trimestre vous serez destinataire du livret de suivi pr\u00e9cisant<br>l\u2019avanc\u00e9 des acquisitions de votre enfant.<br>&#8211; Les APC (Activit\u00e9s P\u00e9dagogiques Compl\u00e9mentaires) : activit\u00e9s gratuites, 1h30 une fois par<br>semaine de 14h30\u00e0 16h00, l\u2019enseignant revoit des notions pr\u00e9cises non acquises avec un petit groupe d\u2019\u00e9l\u00e8ves.<br>Les APS FLE (Activit\u00e9s P\u00e9ri Educatifs) : activit\u00e9s payantes (55 euros par semestre), 1 fois par<br>semaine de 14h30 \u00e0 16h00 : un enseignant constitue un petit groupe d\u2019\u00e9l\u00e8ves pour travailler le langage et la compr\u00e9hension en langue fran\u00e7aise.<br>&#8211; Stage d\u2019immersion : hors temps scolaire (quelques jours sur un temps de cong\u00e9s), activit\u00e9s payantes. Ce stage pourra \u00eatre fortement conseill\u00e9 pour des \u00e9l\u00e8ves ayant besoin de temps suppl\u00e9mentaires en langue fran\u00e7aise.<br><\/p>\n\n\n\n<p>Outre, tous ces dispositifs organis\u00e9s par notre \u00e9tablissement, chaque enseignant dispense un enseignement proposant une p\u00e9dagogie dite diff\u00e9renci\u00e9e, ce qui signifie qu\u2019il adapte ses modalit\u00e9s d\u2019apprentissages aux besoins de ses \u00e9l\u00e8ves. <\/p>\n\n\n\n<p><br><strong><em>Que pouvez-vous faire pour accompagner votre enfant ?<br><\/em><\/strong>&#8211; Manifester un int\u00e9r\u00eat quotidien \u00e0 la scolarit\u00e9 de votre enfant, le soir, demandez-lui ce qu\u2019il a fait \u00e0 l\u2019\u00e9cole, avec qui il a jou\u00e9, ce qu\u2019il a mang\u00e9\u2026 Il est important de donner de l\u2019importance \u00e0 sa vie d\u2019\u00e9l\u00e8ve et de la partager en famille.<br>&#8211; Profiter de toutes les opportunit\u00e9s d\u2019exposition \u00e0 la langue fran\u00e7aise : jouer avec des amis qui parlent cette langue, faire du sport en fran\u00e7ais, regarder des films d\u2019animation, \u00e9couter des contes, des podcasts\u2026<br>&#8211; Inscrire et accompagner r\u00e9guli\u00e8rement votre enfant \u00e0 la biblioth\u00e8que de l\u2019IDECAF.<br>&#8211; Consulter le cahier de liaison et les devoirs, prendre soin du mat\u00e9riel scolaire.<br>&#8211; R\u00e9investir le fran\u00e7ais \u00e0 la maison : votre enfant doit lire, il peut vous raconter une histoire en fran\u00e7ais m\u00eame si vous ne parlez pas cette langue. Il est essentiel de donner de l\u2019importance et de l\u2019attention \u00e0 l\u2019apprentissage du fran\u00e7ais.<br>&#8211; Vous pouvez \u00e9galement envisager d\u2019apprendre le fran\u00e7ais en vous inscrivant \u00e0 des cours<br>dispens\u00e9s par l\u2019IDECAF. Le fran\u00e7ais peut \u00eatre envisag\u00e9 comme un projet linguistique familial.<br>&#8211; Prendre contact avec l\u2019UPMD, association de parents d\u2019\u00e9l\u00e8ves : des activit\u00e9s hors temps<br>scolaires peuvent vous \u00eatre propos\u00e9es, possibilit\u00e9 de vous mettre en lien avec d\u2019autres parents<br>ayant les m\u00eames probl\u00e9matiques.<br>\u2026<\/p>\n\n\n\n<p><br>N\u2019h\u00e9sitez pas \u00e0 relire cette brochure, les \u00e9l\u00e9ments mentionn\u00e9s ont une importance majeure pour le bien-\u00eatre et la r\u00e9ussite scolaire de votre enfant.<\/p>\n","protected":false},"excerpt":{"rendered":"<p>Bienvenue au LFI DURAS Vous avez choisi d\u2019inscrire votre enfant dans notre \u00e9tablissement, nous vous invitons \u00e0 lireattentivement ce livret.Celui-ci a vocation \u00e0 clarifier les particularit\u00e9s de notre syst\u00e8me scolaire, les attendus, lespr\u00e9conisations, et les engagements indispensables pour permettre l\u2019\u00e9panouissement et la r\u00e9ussite scolaire de votre enfant. Qu\u2019est-ce que l\u2019\u00e9cole fran\u00e7aise ?En France, la scolarisation [&hellip;]<\/p>\n","protected":false},"author":2,"featured_media":0,"parent":0,"menu_order":0,"comment_status":"closed","ping_status":"closed","template":"","meta":{"footnotes":""},"class_list":["post-2702","page","type-page","status-publish","hentry","post"],"_links":{"self":[{"href":"https:\/\/lfiduras.com\/index.php\/wp-json\/wp\/v2\/pages\/2702","targetHints":{"allow":["GET"]}}],"collection":[{"href":"https:\/\/lfiduras.com\/index.php\/wp-json\/wp\/v2\/pages"}],"about":[{"href":"https:\/\/lfiduras.com\/index.php\/wp-json\/wp\/v2\/types\/page"}],"author":[{"embeddable":true,"href":"https:\/\/lfiduras.com\/index.php\/wp-json\/wp\/v2\/users\/2"}],"replies":[{"embeddable":true,"href":"https:\/\/lfiduras.com\/index.php\/wp-json\/wp\/v2\/comments?post=2702"}],"version-history":[{"count":3,"href":"https:\/\/lfiduras.com\/index.php\/wp-json\/wp\/v2\/pages\/2702\/revisions"}],"predecessor-version":[{"id":4682,"href":"https:\/\/lfiduras.com\/index.php\/wp-json\/wp\/v2\/pages\/2702\/revisions\/4682"}],"wp:attachment":[{"href":"https:\/\/lfiduras.com\/index.php\/wp-json\/wp\/v2\/media?parent=2702"}],"curies":[{"name":"wp","href":"https:\/\/api.w.org\/{rel}","templated":true}]}}