{"id":3272,"date":"2023-01-13T10:18:10","date_gmt":"2023-01-13T03:18:10","guid":{"rendered":"https:\/\/lfiduras.com\/?page_id=3272"},"modified":"2026-03-03T11:40:10","modified_gmt":"2026-03-03T04:40:10","slug":"candidature-sib","status":"publish","type":"page","link":"https:\/\/lfiduras.com\/index.php\/candidature-sib\/","title":{"rendered":"Candidature SIB"},"content":{"rendered":"<div class=\"wp-block-image\">\n<figure class=\"alignright size-full\"><img decoding=\"async\" width=\"223\" height=\"132\" src=\"https:\/\/lfiduras.com\/lfiduras\/wp-content\/uploads\/2023\/01\/drapeau.png\" alt=\"\" class=\"wp-image-3268\"\/><\/figure><\/div>\n\n\n<p><span style=\"font-size: revert; color: initial;\">Les candidatures pour la SIB sont \u00e0 compl\u00e9ter et \u00e0 transmettre <strong>au plus tard le 29 mars 2026<\/strong> (aucun dossier ne sera accept\u00e9 apr\u00e8s cette date).<\/span><br>Les \u00e9l\u00e8ves de CM2 et de 3\u00e8me <strong>actuellement inscrits<\/strong> en SIB doivent de nouveau compl\u00e9ter un dossier de candidature pour demander leur maintien dans la section en 6\u00e8me ou en 2nde.<\/p>\n\n\n\n<p><\/p>\n\n\n\n<p>Vi\u1ec7c n\u1ed9p h\u1ed3 s\u01a1 \u0111\u0103ng k\u00fd h\u1ec7 Anh ng\u1eef Qu\u1ed1c t\u1ebf SIB c\u1ea7n \u0111\u01b0\u1ee3c g\u1eedi qua email ch\u1eadm nh\u1ea5t l\u00e0 ng\u00e0y 29\/03\/2026 (sau ng\u00e0y n\u00e0y tr\u01b0\u1eddng kh\u00f4ng nh\u1eadn th\u00eam h\u1ed3 s\u01a1)<br>C\u00e1c h\u1ecdc sinh l\u1edbp 5 (CM2) v\u00e0 l\u1edbp 9 (3<sup>\u00e8me<\/sup>) hi\u1ec7n \u0111ang theo h\u1ecdc h\u1ec7 SIB v\u1eabn c\u1ea7n ph\u1ea3i n\u1ed9p h\u1ed3 s\u01a1 \u0111\u0103ng k\u00fd v\u00e0o h\u1ec7 n\u00e0y \u1edf l\u1edbp 6 v\u00e0 l\u1edbp 10 n\u1ebfu mu\u1ed1n ti\u1ebfp t\u1ee5c h\u1ecdc h\u1ec7 n\u00e0y.<\/p>\n\n\n\n<p>Consultez les documents et dossiers de candidature :<br>Xem c\u00e1c t\u00e0i li\u1ec7u th\u00f4ng tin v\u1ec1 h\u1ec7 SIB v\u00e0 t\u1ea3i h\u1ed3 s\u01a1 \u0111\u0103ng k\u00fd :<\/p>\n\n\n\n<div class=\"wp-block-buttons is-layout-flex wp-block-buttons-is-layout-flex\">\n<div class=\"wp-block-button\"><a class=\"wp-block-button__link wp-element-button\" href=\"https:\/\/lfiduras.com\/index.php\/section-internationale-britannique\/\">ici<\/a><\/div>\n<\/div>\n\n\n\n<p><\/p>\n","protected":false},"excerpt":{"rendered":"<p>Les candidatures pour la SIB sont \u00e0 compl\u00e9ter et \u00e0 transmettre au plus tard le 29 mars 2026 (aucun dossier ne sera accept\u00e9 apr\u00e8s cette date).Les \u00e9l\u00e8ves de CM2 et de 3\u00e8me actuellement inscrits en SIB doivent de nouveau compl\u00e9ter un dossier de candidature pour demander leur maintien dans la section en 6\u00e8me ou en [&hellip;]<\/p>\n","protected":false},"author":2,"featured_media":0,"parent":0,"menu_order":0,"comment_status":"closed","ping_status":"closed","template":"","meta":{"footnotes":""},"class_list":["post-3272","page","type-page","status-publish","hentry","post"],"_links":{"self":[{"href":"https:\/\/lfiduras.com\/index.php\/wp-json\/wp\/v2\/pages\/3272","targetHints":{"allow":["GET"]}}],"collection":[{"href":"https:\/\/lfiduras.com\/index.php\/wp-json\/wp\/v2\/pages"}],"about":[{"href":"https:\/\/lfiduras.com\/index.php\/wp-json\/wp\/v2\/types\/page"}],"author":[{"embeddable":true,"href":"https:\/\/lfiduras.com\/index.php\/wp-json\/wp\/v2\/users\/2"}],"replies":[{"embeddable":true,"href":"https:\/\/lfiduras.com\/index.php\/wp-json\/wp\/v2\/comments?post=3272"}],"version-history":[{"count":25,"href":"https:\/\/lfiduras.com\/index.php\/wp-json\/wp\/v2\/pages\/3272\/revisions"}],"predecessor-version":[{"id":9296,"href":"https:\/\/lfiduras.com\/index.php\/wp-json\/wp\/v2\/pages\/3272\/revisions\/9296"}],"wp:attachment":[{"href":"https:\/\/lfiduras.com\/index.php\/wp-json\/wp\/v2\/media?parent=3272"}],"curies":[{"name":"wp","href":"https:\/\/api.w.org\/{rel}","templated":true}]}}