{"id":3379,"date":"2023-02-02T08:28:06","date_gmt":"2023-02-02T01:28:06","guid":{"rendered":"https:\/\/lfiduras.com\/?page_id=3379"},"modified":"2025-04-10T14:49:31","modified_gmt":"2025-04-10T07:49:31","slug":"journal-du-lycee","status":"publish","type":"page","link":"https:\/\/lfiduras.com\/index.php\/journal-du-lycee\/","title":{"rendered":"Club journal &#8211; Le Duras Times"},"content":{"rendered":"\n<p>Le dernier num\u00e9ro du Journal du Lyc\u00e9e, Le Duras Times, a \u00e9t\u00e9 distribu\u00e9 ce jour.&nbsp;<\/p>\n\n\n\n<p>Les journalistes ont voulu mettre \u00e0 l&#8217;honneur les vacances mais aussi d&#8217;autres \u00e9v\u00e9nements majeurs comme le sport dans ce num\u00e9ro.&nbsp;<br>Vous aurez acc\u00e8s \u00e0 la version num\u00e9rique enrichie en cliquant sur le lien ci-dessous.<br>Un grand merci \u00e0 tous les journalistes qui ont travaill\u00e9 cette ann\u00e9e pour nous informer, nous divertir et nous ouvrir au monde.<br>Nous esp\u00e9rons vous retrouver l&#8217;ann\u00e9e prochaine avec une \u00e9quipe de r\u00e9daction toujours aussi dynamique!<\/p>\n\n\n\n<p>Bonne lecture et longue vie au Duras Times!<br>L&#8217;\u00e9quipe du Duras Times<\/p>\n\n\n\n<p><a href=\"mailto:bourg.dorothee@professeurs.lfiduras.com\" target=\"_blank\" rel=\"noreferrer noopener\">bourg.dorothee@professeurs.lfiduras.com<\/a><br><a href=\"mailto:dumesnil.emmanuel@professeurs.lfiduras.com\" target=\"_blank\" rel=\"noreferrer noopener\">dumesnil.emmanuel@professeurs.lfiduras.com<\/a><\/p>\n\n\n\n<p><br><strong>Le Duras Times n\u00b04<\/strong><\/p>\n\n\n<div class=\"wp-block-image\">\n<figure class=\"aligncenter size-full is-resized\"><a href=\"https:\/\/lfiduras.com\/lfiduras\/wp-content\/uploads\/2024\/06\/Version-numerique-DURAS-TIMES-N\u00b04.pdf\"><img fetchpriority=\"high\" decoding=\"async\" width=\"528\" height=\"459\" src=\"https:\/\/lfiduras.com\/lfiduras\/wp-content\/uploads\/2024\/06\/DurasTimeN4.png\" alt=\"\" class=\"wp-image-6791\" style=\"width:438px;height:auto\" srcset=\"https:\/\/lfiduras.com\/lfiduras\/wp-content\/uploads\/2024\/06\/DurasTimeN4.png 528w, https:\/\/lfiduras.com\/lfiduras\/wp-content\/uploads\/2024\/06\/DurasTimeN4-300x261.png 300w\" sizes=\"(max-width: 528px) 100vw, 528px\" \/><\/a><\/figure><\/div>\n\n\n<div style=\"height:34px\" aria-hidden=\"true\" class=\"wp-block-spacer\"><\/div>\n\n\n\n<p><strong>Le Duras Times n\u00b03<\/strong><\/p>\n\n\n<div class=\"wp-block-image\">\n<figure class=\"aligncenter size-full is-resized\"><a href=\"https:\/\/lfiduras.com\/lfiduras\/wp-content\/uploads\/2024\/04\/DURAS-TIMES-N\u00b03-numerique.pdf\"><img decoding=\"async\" width=\"523\" height=\"736\" src=\"https:\/\/lfiduras.com\/lfiduras\/wp-content\/uploads\/2024\/04\/DurasTines_N31.png\" alt=\"\" class=\"wp-image-6573\" style=\"width:263px;height:auto\" srcset=\"https:\/\/lfiduras.com\/lfiduras\/wp-content\/uploads\/2024\/04\/DurasTines_N31.png 523w, https:\/\/lfiduras.com\/lfiduras\/wp-content\/uploads\/2024\/04\/DurasTines_N31-213x300.png 213w\" sizes=\"(max-width: 523px) 100vw, 523px\" \/><\/a><\/figure><\/div>\n\n\n<div style=\"height:31px\" aria-hidden=\"true\" class=\"wp-block-spacer\"><\/div>\n\n\n\n<p>Le 2\u00e8me du Duras Time num\u00e9ro a \u00e9t\u00e9 distribu\u00e9 aujourd&#8217;hui , vous trouverez ci-dessous la version num\u00e9rique du journal.&nbsp; Elle est enrichie par rapport \u00e0 la version papier et des articles sont interactifs car ils permettent de (re)d\u00e9couvrir des chansons, de visiter le Mus\u00e9e Russe, etc.<br>A d\u00e9couvrir imm\u00e9diatement.<\/p>\n\n\n<div class=\"wp-block-image\">\n<figure class=\"aligncenter size-full is-resized\"><a href=\"https:\/\/lfiduras.com\/lfiduras\/wp-content\/uploads\/2024\/02\/DURAS-TIMES-N\u00b02-version-numerique.pdf\"><img decoding=\"async\" width=\"591\" height=\"835\" src=\"https:\/\/lfiduras.com\/lfiduras\/wp-content\/uploads\/2024\/02\/couvertur-Duras-Time.png\" alt=\"\" class=\"wp-image-6092\" style=\"width:263px;height:auto\" srcset=\"https:\/\/lfiduras.com\/lfiduras\/wp-content\/uploads\/2024\/02\/couvertur-Duras-Time.png 591w, https:\/\/lfiduras.com\/lfiduras\/wp-content\/uploads\/2024\/02\/couvertur-Duras-Time-212x300.png 212w\" sizes=\"(max-width: 591px) 100vw, 591px\" \/><\/a><\/figure><\/div>\n\n\n<p><\/p>\n\n\n\n<p>Cette ann\u00e9e le club journal a rebaptis\u00e9 celui-ci, il s&#8217;appelle d\u00e9sormais &#8220;Le Duras Time&#8221;. l&#8217;\u00e9quipe de r\u00e9daction compos\u00e9e d&#8217;une quinzaine d&#8217;\u00e9l\u00e8ves vient de sortir le 1er num\u00e9ro de l&#8217;ann\u00e9e 2023\/2024. Un tr\u00e8s beau travail que nous vous invitons \u00e0 d\u00e9couvrir ci-dessous sans plus tarder.<\/p>\n\n\n\n<p><\/p>\n\n\n<div class=\"wp-block-image\">\n<figure class=\"aligncenter size-full is-resized\"><a href=\"https:\/\/lfiduras.com\/lfiduras\/wp-content\/uploads\/2023\/12\/DURAS-TIMES-N\u00b01.pdf\"><img loading=\"lazy\" decoding=\"async\" width=\"319\" height=\"450\" src=\"https:\/\/lfiduras.com\/lfiduras\/wp-content\/uploads\/2023\/12\/Duras-times-couverture-1.png\" alt=\"\" class=\"wp-image-5383\" style=\"width:378px;height:533px\" srcset=\"https:\/\/lfiduras.com\/lfiduras\/wp-content\/uploads\/2023\/12\/Duras-times-couverture-1.png 319w, https:\/\/lfiduras.com\/lfiduras\/wp-content\/uploads\/2023\/12\/Duras-times-couverture-1-213x300.png 213w\" sizes=\"(max-width: 319px) 100vw, 319px\" \/><\/a><\/figure><\/div>\n\n\n<hr class=\"wp-block-separator has-alpha-channel-opacity\"\/>\n\n\n\n<h2 class=\"wp-block-heading\">Ann\u00e9e 2022\/2023<\/h2>\n\n\n\n<p>journal du lyc\u00e9e \u00ab Marguerite News \u00bb r\u00e9dig\u00e9 par des \u00e9l\u00e8ves du secondaire est maintenant disponible sur le site du lyc\u00e9e.<\/p>\n\n\n\n<h2 class=\"wp-block-heading has-text-align-center\" style=\"font-style:normal;font-weight:100\">Avril 2023 <\/h2>\n\n\n<div class=\"wp-block-image\">\n<figure class=\"aligncenter size-full is-resized\"><a href=\"https:\/\/lfiduras.com\/lfiduras\/wp-content\/uploads\/2023\/04\/journal-avril.pdf\"><img loading=\"lazy\" decoding=\"async\" width=\"397\" height=\"560\" src=\"https:\/\/lfiduras.com\/lfiduras\/wp-content\/uploads\/2023\/04\/avril.jpg\" alt=\"\" class=\"wp-image-4175\" style=\"width:285px;height:403px\" srcset=\"https:\/\/lfiduras.com\/lfiduras\/wp-content\/uploads\/2023\/04\/avril.jpg 397w, https:\/\/lfiduras.com\/lfiduras\/wp-content\/uploads\/2023\/04\/avril-213x300.jpg 213w\" sizes=\"(max-width: 397px) 100vw, 397px\" \/><\/a><\/figure><\/div>\n\n\n<h2 class=\"wp-block-heading has-text-align-center\" style=\"font-style:normal;font-weight:100\">Mars 2023 <\/h2>\n\n\n<div class=\"wp-block-image\">\n<figure class=\"aligncenter size-full is-resized\"><a href=\"https:\/\/lfiduras.com\/lfiduras\/wp-content\/uploads\/2023\/03\/journal-mars.pdf\"><img loading=\"lazy\" decoding=\"async\" width=\"200\" height=\"287\" src=\"https:\/\/lfiduras.com\/lfiduras\/wp-content\/uploads\/2023\/03\/Marguerite_News_mars_site.jpg\" alt=\"\" class=\"wp-image-3858\" style=\"width:291px;height:365px\"\/><\/a><\/figure><\/div>\n\n\n<h2 class=\"wp-block-heading has-text-align-center\" style=\"font-style:normal;font-weight:100;text-transform:capitalize\">F\u00e9vrier 2023 <\/h2>\n\n\n<div class=\"wp-block-image\">\n<figure class=\"aligncenter size-full is-resized\"><a href=\"https:\/\/lfiduras.com\/lfiduras\/wp-content\/uploads\/2023\/03\/journal-fevrier.pdf\"><img loading=\"lazy\" decoding=\"async\" width=\"581\" height=\"840\" src=\"https:\/\/lfiduras.com\/lfiduras\/wp-content\/uploads\/2023\/02\/Fevrier.jpg\" alt=\"\" class=\"wp-image-3691\" style=\"width:291px;height:420px\" srcset=\"https:\/\/lfiduras.com\/lfiduras\/wp-content\/uploads\/2023\/02\/Fevrier.jpg 581w, https:\/\/lfiduras.com\/lfiduras\/wp-content\/uploads\/2023\/02\/Fevrier-208x300.jpg 208w\" sizes=\"(max-width: 581px) 100vw, 581px\" \/><\/a><\/figure><\/div>\n\n\n<div style=\"height:44px\" aria-hidden=\"true\" class=\"wp-block-spacer\"><\/div>\n\n\n\n<h2 class=\"wp-block-heading has-text-align-center\" style=\"font-style:normal;font-weight:100;text-transform:capitalize\">Janvier 2023<\/h2>\n\n\n<div class=\"wp-block-image\">\n<figure class=\"aligncenter size-full is-resized\"><a href=\"https:\/\/lfiduras.com\/lfiduras\/wp-content\/uploads\/2023\/02\/journal-janvier.pdf\"><img loading=\"lazy\" decoding=\"async\" width=\"563\" height=\"781\" src=\"https:\/\/lfiduras.com\/lfiduras\/wp-content\/uploads\/2023\/02\/Journal_lycee_janvier_2023_img.jpg\" alt=\"\" class=\"wp-image-3381\" style=\"width:282px;height:391px\" srcset=\"https:\/\/lfiduras.com\/lfiduras\/wp-content\/uploads\/2023\/02\/Journal_lycee_janvier_2023_img.jpg 563w, https:\/\/lfiduras.com\/lfiduras\/wp-content\/uploads\/2023\/02\/Journal_lycee_janvier_2023_img-216x300.jpg 216w\" sizes=\"(max-width: 563px) 100vw, 563px\" \/><\/a><\/figure><\/div>\n\n\n<div style=\"height:39px\" aria-hidden=\"true\" class=\"wp-block-spacer\"><\/div>\n\n\n\n<h2 class=\"wp-block-heading has-text-align-center\" style=\"font-style:normal;font-weight:100\">Novembre-d\u00e9cembre 2022<\/h2>\n\n\n<div class=\"wp-block-image\">\n<figure class=\"aligncenter size-full is-resized\"><a href=\"https:\/\/lfiduras.com\/lfiduras\/wp-content\/uploads\/2023\/02\/journal-novembre-decembre.pdf\"><img loading=\"lazy\" decoding=\"async\" width=\"547\" height=\"775\" src=\"https:\/\/lfiduras.com\/lfiduras\/wp-content\/uploads\/2023\/02\/Journal_lycee_nov-dec_2022_img.jpg\" alt=\"\" class=\"wp-image-3382\" style=\"width:274px;height:388px\" srcset=\"https:\/\/lfiduras.com\/lfiduras\/wp-content\/uploads\/2023\/02\/Journal_lycee_nov-dec_2022_img.jpg 547w, https:\/\/lfiduras.com\/lfiduras\/wp-content\/uploads\/2023\/02\/Journal_lycee_nov-dec_2022_img-212x300.jpg 212w\" sizes=\"(max-width: 547px) 100vw, 547px\" \/><\/a><\/figure><\/div>\n\n\n<p><\/p>\n\n\n\n<p><\/p>\n\n\n\n<p><\/p>\n\n\n\n<p><\/p>\n\n\n\n<p><\/p>\n\n\n\n<p><\/p>\n\n\n\n<p><\/p>\n\n\n\n<p><\/p>\n\n\n\n<p class=\"has-text-align-left\"><\/p>\n","protected":false},"excerpt":{"rendered":"<p>Le dernier num\u00e9ro du Journal du Lyc\u00e9e, Le Duras Times, a \u00e9t\u00e9 distribu\u00e9 ce jour.&nbsp; Les journalistes ont voulu mettre \u00e0 l&#8217;honneur les vacances mais aussi d&#8217;autres \u00e9v\u00e9nements majeurs comme le sport dans ce num\u00e9ro.&nbsp;Vous aurez acc\u00e8s \u00e0 la version num\u00e9rique enrichie en cliquant sur le lien ci-dessous.Un grand merci \u00e0 tous les journalistes qui [&hellip;]<\/p>\n","protected":false},"author":2,"featured_media":0,"parent":0,"menu_order":0,"comment_status":"closed","ping_status":"closed","template":"","meta":{"footnotes":""},"class_list":["post-3379","page","type-page","status-publish","hentry","post"],"_links":{"self":[{"href":"https:\/\/lfiduras.com\/index.php\/wp-json\/wp\/v2\/pages\/3379","targetHints":{"allow":["GET"]}}],"collection":[{"href":"https:\/\/lfiduras.com\/index.php\/wp-json\/wp\/v2\/pages"}],"about":[{"href":"https:\/\/lfiduras.com\/index.php\/wp-json\/wp\/v2\/types\/page"}],"author":[{"embeddable":true,"href":"https:\/\/lfiduras.com\/index.php\/wp-json\/wp\/v2\/users\/2"}],"replies":[{"embeddable":true,"href":"https:\/\/lfiduras.com\/index.php\/wp-json\/wp\/v2\/comments?post=3379"}],"version-history":[{"count":29,"href":"https:\/\/lfiduras.com\/index.php\/wp-json\/wp\/v2\/pages\/3379\/revisions"}],"predecessor-version":[{"id":8189,"href":"https:\/\/lfiduras.com\/index.php\/wp-json\/wp\/v2\/pages\/3379\/revisions\/8189"}],"wp:attachment":[{"href":"https:\/\/lfiduras.com\/index.php\/wp-json\/wp\/v2\/media?parent=3379"}],"curies":[{"name":"wp","href":"https:\/\/api.w.org\/{rel}","templated":true}]}}