{"id":3871,"date":"2023-03-24T08:41:29","date_gmt":"2023-03-24T01:41:29","guid":{"rendered":"https:\/\/lfiduras.com\/?page_id=3871"},"modified":"2023-03-24T10:36:57","modified_gmt":"2023-03-24T03:36:57","slug":"club-dechecs","status":"publish","type":"page","link":"https:\/\/lfiduras.com\/index.php\/club-dechecs\/","title":{"rendered":"Club d&#8217;\u00e9checs"},"content":{"rendered":"\n<h5 class=\"wp-block-heading\" id=\"echecs\">Le club d&#8217;\u00e9checs invit\u00e9 \u00e0 la kermesse de la francophonie le 18 mars 2023<\/h5>\n\n\n\n<figure class=\"wp-block-gallery has-nested-images columns-default is-cropped wp-block-gallery-1 is-layout-flex wp-block-gallery-is-layout-flex\">\n<figure class=\"wp-block-image size-large\"><img fetchpriority=\"high\" decoding=\"async\" width=\"1020\" height=\"680\" data-id=\"3876\" src=\"https:\/\/lfiduras.com\/lfiduras\/wp-content\/uploads\/2023\/03\/ACEF-Day5-098.jpg\" alt=\"\" class=\"wp-image-3876\" srcset=\"https:\/\/lfiduras.com\/lfiduras\/wp-content\/uploads\/2023\/03\/ACEF-Day5-098.jpg 1020w, https:\/\/lfiduras.com\/lfiduras\/wp-content\/uploads\/2023\/03\/ACEF-Day5-098-300x200.jpg 300w, https:\/\/lfiduras.com\/lfiduras\/wp-content\/uploads\/2023\/03\/ACEF-Day5-098-768x512.jpg 768w, https:\/\/lfiduras.com\/lfiduras\/wp-content\/uploads\/2023\/03\/ACEF-Day5-098-272x182.jpg 272w\" sizes=\"(max-width: 1020px) 100vw, 1020px\" \/><\/figure>\n\n\n\n<figure class=\"wp-block-image size-large\"><img decoding=\"async\" width=\"1020\" height=\"680\" data-id=\"3877\" src=\"https:\/\/lfiduras.com\/lfiduras\/wp-content\/uploads\/2023\/03\/ACEF-Day5-112.jpg\" alt=\"\" class=\"wp-image-3877\" srcset=\"https:\/\/lfiduras.com\/lfiduras\/wp-content\/uploads\/2023\/03\/ACEF-Day5-112.jpg 1020w, https:\/\/lfiduras.com\/lfiduras\/wp-content\/uploads\/2023\/03\/ACEF-Day5-112-300x200.jpg 300w, https:\/\/lfiduras.com\/lfiduras\/wp-content\/uploads\/2023\/03\/ACEF-Day5-112-768x512.jpg 768w, https:\/\/lfiduras.com\/lfiduras\/wp-content\/uploads\/2023\/03\/ACEF-Day5-112-272x182.jpg 272w\" sizes=\"(max-width: 1020px) 100vw, 1020px\" \/><\/figure>\n\n\n\n<figure class=\"wp-block-image size-large\"><img decoding=\"async\" width=\"1020\" height=\"680\" data-id=\"3878\" src=\"https:\/\/lfiduras.com\/lfiduras\/wp-content\/uploads\/2023\/03\/ACEF-Day5-233.jpg\" alt=\"\" class=\"wp-image-3878\" srcset=\"https:\/\/lfiduras.com\/lfiduras\/wp-content\/uploads\/2023\/03\/ACEF-Day5-233.jpg 1020w, https:\/\/lfiduras.com\/lfiduras\/wp-content\/uploads\/2023\/03\/ACEF-Day5-233-300x200.jpg 300w, https:\/\/lfiduras.com\/lfiduras\/wp-content\/uploads\/2023\/03\/ACEF-Day5-233-768x512.jpg 768w, https:\/\/lfiduras.com\/lfiduras\/wp-content\/uploads\/2023\/03\/ACEF-Day5-233-272x182.jpg 272w\" sizes=\"(max-width: 1020px) 100vw, 1020px\" \/><\/figure>\n<\/figure>\n\n\n\n<hr class=\"wp-block-separator has-alpha-channel-opacity\"\/>\n\n\n\n<p>Belle ouverture pour ce premier tournoi du club d\u2019\u00e9checs au LFI Duras ! Nous vous attendons nombreuses et nombreux tous les mercredis, \u00e0 partir de 12h20 en salle 107, pour \u00e9changer \u201cnos coups\u201d.<\/p>\n\n\n\n<p>Ouvert \u00e0 tous, aux d\u00e9butants comme aux initi\u00e9s, il s\u2019agit d\u2019apprendre \u00e0 jouer pour certains, \u00e0 se perfectionner pour d\u2019autres, mais aussi de participer \u00e0 des tournois.<\/p>\n\n\n\n<p>Chaque s\u00e9ance se divise en 2 parties, une premi\u00e8re p\u00e9dagogique et une 2nd d\u00e9di\u00e9e au jeu avec un partenaire.<br>Une vingtaine de participants ont d\u00e9j\u00e0 r\u00e9pondu pr\u00e9sent.<\/p>\n\n\n\n<figure class=\"wp-block-gallery has-nested-images columns-default is-cropped wp-block-gallery-2 is-layout-flex wp-block-gallery-is-layout-flex\">\n<figure class=\"wp-block-image size-large\"><img loading=\"lazy\" decoding=\"async\" width=\"1024\" height=\"768\" data-id=\"3051\" src=\"https:\/\/lfiduras.com\/lfiduras\/wp-content\/uploads\/2022\/12\/FbIMG-1529-1024x768.jpg\" alt=\"\" class=\"wp-image-3051\" srcset=\"https:\/\/lfiduras.com\/lfiduras\/wp-content\/uploads\/2022\/12\/FbIMG-1529-1024x768.jpg 1024w, https:\/\/lfiduras.com\/lfiduras\/wp-content\/uploads\/2022\/12\/FbIMG-1529-300x225.jpg 300w, https:\/\/lfiduras.com\/lfiduras\/wp-content\/uploads\/2022\/12\/FbIMG-1529-768x576.jpg 768w, https:\/\/lfiduras.com\/lfiduras\/wp-content\/uploads\/2022\/12\/FbIMG-1529.jpg 1080w\" sizes=\"(max-width: 1024px) 100vw, 1024px\" \/><\/figure>\n\n\n\n<figure class=\"wp-block-image size-large\"><img loading=\"lazy\" decoding=\"async\" width=\"1024\" height=\"768\" data-id=\"3053\" src=\"https:\/\/lfiduras.com\/lfiduras\/wp-content\/uploads\/2022\/12\/FBIMG-1533-1024x768.jpg\" alt=\"\" class=\"wp-image-3053\" srcset=\"https:\/\/lfiduras.com\/lfiduras\/wp-content\/uploads\/2022\/12\/FBIMG-1533-1024x768.jpg 1024w, https:\/\/lfiduras.com\/lfiduras\/wp-content\/uploads\/2022\/12\/FBIMG-1533-300x225.jpg 300w, https:\/\/lfiduras.com\/lfiduras\/wp-content\/uploads\/2022\/12\/FBIMG-1533-768x576.jpg 768w, https:\/\/lfiduras.com\/lfiduras\/wp-content\/uploads\/2022\/12\/FBIMG-1533.jpg 1080w\" sizes=\"(max-width: 1024px) 100vw, 1024px\" \/><\/figure>\n\n\n\n<figure class=\"wp-block-image size-large\"><img loading=\"lazy\" decoding=\"async\" width=\"1024\" height=\"768\" data-id=\"3054\" src=\"https:\/\/lfiduras.com\/lfiduras\/wp-content\/uploads\/2022\/12\/FbIMG_20220921_124636-1024x768.jpg\" alt=\"\" class=\"wp-image-3054\" srcset=\"https:\/\/lfiduras.com\/lfiduras\/wp-content\/uploads\/2022\/12\/FbIMG_20220921_124636-1024x768.jpg 1024w, https:\/\/lfiduras.com\/lfiduras\/wp-content\/uploads\/2022\/12\/FbIMG_20220921_124636-300x225.jpg 300w, https:\/\/lfiduras.com\/lfiduras\/wp-content\/uploads\/2022\/12\/FbIMG_20220921_124636-768x576.jpg 768w, https:\/\/lfiduras.com\/lfiduras\/wp-content\/uploads\/2022\/12\/FbIMG_20220921_124636.jpg 1080w\" sizes=\"(max-width: 1024px) 100vw, 1024px\" \/><\/figure>\n<\/figure>\n\n\n\n<p><\/p>\n","protected":false},"excerpt":{"rendered":"<p>Le club d&#8217;\u00e9checs invit\u00e9 \u00e0 la kermesse de la francophonie le 18 mars 2023 Belle ouverture pour ce premier tournoi du club d\u2019\u00e9checs au LFI Duras ! Nous vous attendons nombreuses et nombreux tous les mercredis, \u00e0 partir de 12h20 en salle 107, pour \u00e9changer \u201cnos coups\u201d. Ouvert \u00e0 tous, aux d\u00e9butants comme aux initi\u00e9s, [&hellip;]<\/p>\n","protected":false},"author":2,"featured_media":0,"parent":0,"menu_order":0,"comment_status":"closed","ping_status":"closed","template":"","meta":{"footnotes":""},"class_list":["post-3871","page","type-page","status-publish","hentry","post"],"_links":{"self":[{"href":"https:\/\/lfiduras.com\/index.php\/wp-json\/wp\/v2\/pages\/3871","targetHints":{"allow":["GET"]}}],"collection":[{"href":"https:\/\/lfiduras.com\/index.php\/wp-json\/wp\/v2\/pages"}],"about":[{"href":"https:\/\/lfiduras.com\/index.php\/wp-json\/wp\/v2\/types\/page"}],"author":[{"embeddable":true,"href":"https:\/\/lfiduras.com\/index.php\/wp-json\/wp\/v2\/users\/2"}],"replies":[{"embeddable":true,"href":"https:\/\/lfiduras.com\/index.php\/wp-json\/wp\/v2\/comments?post=3871"}],"version-history":[{"count":3,"href":"https:\/\/lfiduras.com\/index.php\/wp-json\/wp\/v2\/pages\/3871\/revisions"}],"predecessor-version":[{"id":3880,"href":"https:\/\/lfiduras.com\/index.php\/wp-json\/wp\/v2\/pages\/3871\/revisions\/3880"}],"wp:attachment":[{"href":"https:\/\/lfiduras.com\/index.php\/wp-json\/wp\/v2\/media?parent=3871"}],"curies":[{"name":"wp","href":"https:\/\/api.w.org\/{rel}","templated":true}]}}