{"id":400,"date":"2021-05-19T08:30:05","date_gmt":"2021-05-19T06:30:05","guid":{"rendered":"https:\/\/lfiduras.com\/?page_id=400"},"modified":"2026-03-03T15:06:13","modified_gmt":"2026-03-03T08:06:13","slug":"section-internationale-britannique","status":"publish","type":"page","link":"https:\/\/lfiduras.com\/index.php\/section-internationale-britannique\/","title":{"rendered":"Politique des langues"},"content":{"rendered":"\n<h3 class=\"wp-block-heading\">SIB &#8211; Section Internationale Britannique<\/h3>\n\n\n\n<div class=\"wp-block-columns is-layout-flex wp-container-core-columns-is-layout-9d6595d7 wp-block-columns-is-layout-flex\">\n<div class=\"wp-block-column is-layout-flow wp-block-column-is-layout-flow\">\n<h4 class=\"wp-block-heading\">Dossier de pr\u00e9sentation <\/h4>\n\n\n\n<ul class=\"wp-block-list\">\n<li><a href=\"https:\/\/lfiduras.com\/lfiduras\/wp-content\/uploads\/2026\/01\/PRESENTATION-SI-BFI-et-6e-SIB-LFIDURAS-FR-2025-2026.pdf\" target=\"_blank\" rel=\"noreferrer noopener\">Pr\u00e9sentation SI &#8211; BFI et 6eme SIB &#8211; FR<\/a><\/li>\n\n\n\n<li><a href=\"https:\/\/lfiduras.com\/lfiduras\/wp-content\/uploads\/2026\/01\/PRESENTATION-SI-BFI-et-6e-SIB-LFIDURAS-EN-2025-2026.pdf\" target=\"_blank\" rel=\"noreferrer noopener\">Presentation SI &#8211; BFI and 6e SIB &#8211; EN<\/a><\/li>\n\n\n\n<li><a href=\"https:\/\/lfiduras.com\/lfiduras\/wp-content\/uploads\/2026\/01\/PRESENTATION-BFI-Cycle-Terminal-LFIDURAS-FR.pdf\" target=\"_blank\" rel=\"noreferrer noopener\">Pr\u00e9sentation BFI 1ere-Term &#8211; FR<\/a><\/li>\n\n\n\n<li><a href=\"https:\/\/lfiduras.com\/lfiduras\/wp-content\/uploads\/2026\/01\/PRESENTATION-BFI-1ere-Term-LFIDURAS-EN.pdf\" target=\"_blank\" rel=\"noreferrer noopener\">Presentation BFI 1ere-Term &#8211; EN<\/a><\/li>\n<\/ul>\n\n\n\n<p><\/p>\n\n\n\n<h4 class=\"wp-block-heading\">Dossier de candidature<\/h4>\n\n\n\n<ul class=\"wp-block-list\">\n<li><a href=\"https:\/\/lfiduras.com\/lfiduras\/wp-content\/uploads\/2026\/01\/DOSSIER-DE-CANDIDATURE-SIB-2026-2027-1er-DEGRE.pdf\" data-type=\"link\" data-id=\"https:\/\/lfiduras.com\/lfiduras\/wp-content\/uploads\/2026\/01\/DOSSIER-DE-CANDIDATURE-SIB-2026-2027-1er-DEGRE.pdf\" target=\"_blank\" rel=\"noreferrer noopener\">Dossier de candidature SIB &#8211; 1er degr\u00e9<\/a> <\/li>\n\n\n\n<li><a href=\"https:\/\/lfiduras.com\/lfiduras\/wp-content\/uploads\/2026\/01\/DOSSIER-DE-CANDIDATURE-SIB-2026-2027-CM2-6E.pdf\" target=\"_blank\" rel=\"noreferrer noopener\">Dossier de candidature SIB &#8211; CM2-6\u00e8me SIB<\/a><\/li>\n\n\n\n<li><a href=\"https:\/\/lfiduras.com\/lfiduras\/wp-content\/uploads\/2026\/01\/DOSSIER-DE-CANDIDATURE-SIB-2026-2027-2ND-DEGRE.pdf\" target=\"_blank\" rel=\"noreferrer noopener\">Dossier de candidature SIB &#8211; 2nd degr\u00e9<\/a><\/li>\n<\/ul>\n\n\n\n<h4 class=\"wp-block-heading\">Notice explicative de candidature<\/h4>\n\n\n\n<ul class=\"wp-block-list\">\n<li><a href=\"https:\/\/lfiduras.com\/lfiduras\/wp-content\/uploads\/2026\/02\/NOTICE-EXPLICATIVE-CANDIDATURE-SIB-2026-2027-\u2013-1ER-DEGRE\u0301.pdf\" target=\"_blank\" rel=\"noreferrer noopener\">Notice explicative candidature SIB &#8211; 1er degr\u00e9<\/a><\/li>\n\n\n\n<li><a href=\"https:\/\/lfiduras.com\/lfiduras\/wp-content\/uploads\/2026\/03\/NOTICE-EXPLICATIVE-CANDIDATURE-SIB-2026-2027-\u2013-CM2-6e.pdf\" target=\"_blank\" rel=\"noreferrer noopener\">Notice explicative candidature SIB &#8211; CM2-6\u00e8me SIB<\/a><\/li>\n\n\n\n<li><a href=\"https:\/\/lfiduras.com\/lfiduras\/wp-content\/uploads\/2026\/01\/NOTICE-EXPLICATIVE-CANDIDATURE-SIB-2026-2027-\u2013-2ND-DEGRE\u0301.pdf\" target=\"_blank\" rel=\"noreferrer noopener\">Notice explicative candidature SIB &#8211; 2nd degr\u00e9<\/a><\/li>\n<\/ul>\n\n\n\n<p><\/p>\n<\/div>\n<\/div>\n\n\n\n<p><\/p>\n\n\n\n<p><\/p>\n\n\n\n<p><\/p>\n\n\n\n<p><\/p>\n\n\n\n<p><\/p>\n\n\n\n<hr class=\"wp-block-separator has-alpha-channel-opacity\"\/>\n\n\n<div class=\"wp-block-image\">\n<figure class=\"alignright size-full is-resized\"><a href=\"https:\/\/lfiduras.com\/lfiduras\/wp-content\/uploads\/2023\/02\/BFI-English.pdf\"><img fetchpriority=\"high\" decoding=\"async\" width=\"629\" height=\"781\" src=\"https:\/\/lfiduras.com\/lfiduras\/wp-content\/uploads\/2023\/02\/BFI-img.jpg\" alt=\"\" class=\"wp-image-3498\" style=\"width:187px;height:232px\" srcset=\"https:\/\/lfiduras.com\/lfiduras\/wp-content\/uploads\/2023\/02\/BFI-img.jpg 629w, https:\/\/lfiduras.com\/lfiduras\/wp-content\/uploads\/2023\/02\/BFI-img-242x300.jpg 242w\" sizes=\"(max-width: 629px) 100vw, 629px\" \/><\/a><figcaption class=\"wp-element-caption\">Pr\u00e9sentation en PDF<\/figcaption><\/figure><\/div>\n\n\n<h3 class=\"wp-block-heading\">Baccalaur\u00e9at Fran\u00e7ais International \u2013<\/h3>\n\n\n\n<p>Pr\u00e9sentation BFI &#8211;  1\u00e8re -Terminale <em>: document \u00e0 venir<\/em><\/p>\n\n\n\n<p>Pr\u00e9sentation BFI &#8211;  Cycle Terminal <em>: document \u00e0 venir<\/em><\/p>\n\n\n\n<p>Candidature \u00e0 la SIB <em>: document \u00e0 venir<\/em><\/p>\n\n\n\n<hr class=\"wp-block-separator has-css-opacity\"\/>\n\n\n\n<p>Dans le cadre de l\u2019\u00e9ducation plurilingue et pluriculturelle, le lyc\u00e9e valorise les parcours des \u00e9l\u00e8ves dans la langue du pays h\u00f4te et dans d\u2019autres langues.<\/p>\n\n\n\n<p><strong>Plusieurs dispositifs sont mis en place :<\/strong><\/p>\n\n\n\n<ul class=\"wp-block-list\">\n<li>Section Internationale Britannique<\/li>\n\n\n\n<li>PARLE (Parcours Adapt\u00e9 et Renforc\u00e9 de Langues Etrang\u00e8res) .<\/li>\n<\/ul>\n\n\n\n<p><strong>Parcours classique&nbsp;<\/strong>:<\/p>\n\n\n\n<ul class=\"wp-block-list\">\n<li>Au primaire, 4 heures d\u2019anglais sont obligatoires dans le programme hebdomadaire du CP au CE2 puis 5 heures du CM1 au CM2.<\/li>\n\n\n\n<li>Au coll\u00e8ge, en 6\u00e8me, 1 heure de cours SVT ou histoire-g\u00e9ographie, est donn\u00e9e en anglais en plus des 4 heures de langue au programme.<\/li>\n\n\n\n<li>A partir de la 5\u00e8me, les \u00e9l\u00e8ves d\u00e9butent une deuxi\u00e8me langue vivante : espagnol, vietnamien ou chinois.<\/li>\n\n\n\n<li>En seconde, une troisi\u00e8me langue (LVC) est propos\u00e9e : espagnol, vietnamien ou chinois.<\/li>\n<\/ul>\n\n\n\n<p><strong>Pr\u00e9sentation du<\/strong> <a href=\"https:\/\/lfiduras.com\/lfiduras\/wp-content\/uploads\/2023\/02\/Presentation-6emes.pptx.pdf\">Chinois<\/a><\/p>\n\n\n\n<figure class=\"wp-block-image size-full\"><a href=\"https:\/\/lfiduras.com\/lfiduras\/wp-content\/uploads\/2023\/02\/Presentation-6emes.pptx.pdf\"><img decoding=\"async\" width=\"200\" height=\"112\" src=\"https:\/\/lfiduras.com\/lfiduras\/wp-content\/uploads\/2023\/02\/Chinois_Image_site.jpg\" alt=\"\" class=\"wp-image-3623\"\/><\/a><\/figure>\n\n\n\n<div style=\"height:22px\" aria-hidden=\"true\" class=\"wp-block-spacer\"><\/div>\n\n\n\n<p><strong>Parcours section internationale britannique<\/strong>&nbsp;(<a href=\"https:\/\/lfiduras.com\/index.php\/section-internationale-britannique\/\">plus d\u2019informations<\/a>)<\/p>\n\n\n\n<p>Les \u00e9l\u00e8ves ont la possibilit\u00e9 de suivre la section internationale britannique depuis le CE1 jusqu\u2019\u00e0 la terminale. Cela implique en plus des heures cit\u00e9es ci-dessus :<\/p>\n\n\n\n<ul class=\"wp-block-list\">\n<li>1,5 heure hebdomadaire suppl\u00e9mentaire de litt\u00e9rature britannique du CE1 au CM2.<\/li>\n\n\n\n<li>4 heures hebdomadaires suppl\u00e9mentaires de litt\u00e9rature britannique auxquelles s\u2019ajoutent 2 heures d\u2019histoireg\u00e9ographie donn\u00e9es en anglais, de la 6\u00e8me \u00e0 la terminale.<\/li>\n<\/ul>\n\n\n\n<p><\/p>\n\n\n\n<a name=\"nom-de-mon-ancre\"><\/a><p><strong><span style=\"color:#1f7301\" class=\"has-inline-color\">SECTION INTERNATIONALE<\/span><\/strong><\/p>\n\n\n<div class=\"wp-block-image\">\n<figure class=\"alignright is-resized\"><img decoding=\"async\" src=\"http:\/\/lfiduras.com\/wp-content\/uploads\/2020\/03\/CALENDRIER-SI-20222023Site.png\" alt=\"\" class=\"wp-image-11553\" style=\"width:383px\"\/><\/figure><\/div>\n\n\n<p><mark style=\"background-color:rgba(0, 0, 0, 0)\" class=\"has-inline-color has-black-color\">La Section Internationale Britannique au LFI Duras est un parcours linguistique offrant \u00e0 nos \u00e9l\u00e8ves&nbsp;une formation bilingue et biculturelle, au sein d\u2019une \u00e9ducation&nbsp;\u00e0&nbsp;la fran\u00e7aise.<br>La formation en SI constitue un parcours exigeant. Le parcours SI est propos\u00e9 d\u00e8s la classe de CP au LFI Duras, et jusqu\u2019\u00e0 la classe de Terminale. Les \u00e9l\u00e8ves de SI suivent une scolarit\u00e9 fran\u00e7aise \u00e0 laquelle sont int\u00e9gr\u00e9s des enseignements sp\u00e9cifiques leur permettant de suivre une formation pouss\u00e9e dans la langue du pays partenaire et selon la tradition p\u00e9dagogique du pays partenaire.<\/mark><\/p>\n\n\n\n<p>Depuis la rentr\u00e9e 2022, <strong>la mise en \u0153uvre du BFI (Bac fran\u00e7ais International) remplacera l&#8217;OIB<\/strong> et concerne les \u00e9l\u00e8ves du cycle terminal (Premi\u00e8re et Terminale).<br>Le parcours SIB de la classe de CE1 \u00e0 la classe de seconde reste inchang\u00e9, retrouvez les grands principes du BFI sur la page d\u00e9di\u00e9e.<\/p>\n\n\n\n<p><mark style=\"background-color:rgba(0, 0, 0, 0);color:#1f7301\" class=\"has-inline-color\"><strong>INTERNATIONAL SECTION<\/strong><br><\/mark><mark style=\"background-color:rgba(0, 0, 0, 0)\" class=\"has-inline-color has-black-color\">The British Section is a language pathway offering our students the option of a bilingual and bicultural education within the French Educational system.<br>This pathway requires commitment and is available from Year 1 (CP) to Year 13 (Terminale).<br>Students following this pathway follow all the regular French subjects, as well as additional subjects in the language section. It is a challenging pathway, both in terms of language level, and teaching methods (British pedagogical approach).<\/mark><\/p>\n\n\n\n<p><\/p>\n\n\n\n<p><\/p>\n\n\n\n<hr class=\"wp-block-separator has-css-opacity alignwide\"\/>\n\n\n\n<p class=\"has-medium-font-size\"><strong><mark style=\"background-color:rgba(0, 0, 0, 0);color:#1f7301\" class=\"has-inline-color\">Retrouvez toutes les informations importantes ci-dessous<\/mark><\/strong><\/p>\n\n\n\n<div class=\"wp-block-columns are-vertically-aligned-top is-layout-flex wp-container-core-columns-is-layout-9d6595d7 wp-block-columns-is-layout-flex\">\n<div class=\"wp-block-column is-vertically-aligned-top is-layout-flow wp-block-column-is-layout-flow\"><div class=\"wp-block-image\">\n<figure class=\"aligncenter size-large\"><a href=\"<a name=&quot;reading&quot;&gt;<\/a&gt;\"><img decoding=\"async\" width=\"320\" height=\"241\" src=\"https:\/\/lfiduras.com\/lfiduras\/wp-content\/uploads\/2021\/11\/Suggested-reading-ListsSite.jpg\" alt=\"\" class=\"wp-image-945\" srcset=\"https:\/\/lfiduras.com\/lfiduras\/wp-content\/uploads\/2021\/11\/Suggested-reading-ListsSite.jpg 320w, https:\/\/lfiduras.com\/lfiduras\/wp-content\/uploads\/2021\/11\/Suggested-reading-ListsSite-300x226.jpg 300w\" sizes=\"(max-width: 320px) 100vw, 320px\" \/><\/a><\/figure><\/div><\/div>\n\n\n\n<div class=\"wp-block-column is-vertically-aligned-top is-layout-flow wp-block-column-is-layout-flow\"><div class=\"wp-block-image\">\n<figure class=\"aligncenter size-large\"><a href=\"https:\/\/lfiduras.com\/lfiduras\/wp-content\/uploads\/2021\/11\/Summer-Reading-List-Study-Guide.pdf\"><img loading=\"lazy\" decoding=\"async\" width=\"320\" height=\"239\" src=\"https:\/\/lfiduras.com\/lfiduras\/wp-content\/uploads\/2021\/11\/Summer-Reading-Study-GuideSite.png\" alt=\"\" class=\"wp-image-946\" srcset=\"https:\/\/lfiduras.com\/lfiduras\/wp-content\/uploads\/2021\/11\/Summer-Reading-Study-GuideSite.png 320w, https:\/\/lfiduras.com\/lfiduras\/wp-content\/uploads\/2021\/11\/Summer-Reading-Study-GuideSite-300x224.png 300w\" sizes=\"(max-width: 320px) 100vw, 320px\" \/><\/a><\/figure><\/div><\/div>\n<\/div>\n\n\n\n<p class=\"has-medium-font-size\" id=\"reading\"><mark style=\"background-color:rgba(0, 0, 0, 0);color:#1f7301\" class=\"has-inline-color\"><strong>Recommended reading<\/strong><\/mark><br><a href=\"https:\/\/lfiduras.com\/lfiduras\/wp-content\/uploads\/2021\/11\/International-Section-Suggested-Reading-Lists-6-5.pdf\">SUGGESTED READINGS 6\u00e8me\/5\u00e8me<br><\/a><a href=\"https:\/\/lfiduras.com\/lfiduras\/wp-content\/uploads\/2021\/11\/International-Section-Suggested-Reading-Lists-4-3.pdf\">SUGGESTED READINGS 4\u00c8ME\/3\u00c8ME<br><\/a><a href=\"https:\/\/lfiduras.com\/lfiduras\/wp-content\/uploads\/2021\/11\/International-Section-Suggested-Reading-Lists-2-1-TLE.pdf\">SUGGESTED READINGS LYC\u00c9E<\/a><\/p>\n\n\n\n<p><\/p>\n\n\n\n<p class=\"has-text-align-center\"><\/p>\n","protected":false},"excerpt":{"rendered":"<p>SIB &#8211; Section Internationale Britannique Dossier de pr\u00e9sentation Dossier de candidature Notice explicative de candidature Baccalaur\u00e9at Fran\u00e7ais International \u2013 Pr\u00e9sentation BFI &#8211; 1\u00e8re -Terminale : document \u00e0 venir Pr\u00e9sentation BFI &#8211; Cycle Terminal : document \u00e0 venir Candidature \u00e0 la SIB : document \u00e0 venir Dans le cadre de l\u2019\u00e9ducation plurilingue et pluriculturelle, le lyc\u00e9e [&hellip;]<\/p>\n","protected":false},"author":2,"featured_media":0,"parent":0,"menu_order":0,"comment_status":"closed","ping_status":"closed","template":"","meta":{"footnotes":""},"class_list":["post-400","page","type-page","status-publish","hentry","post"],"_links":{"self":[{"href":"https:\/\/lfiduras.com\/index.php\/wp-json\/wp\/v2\/pages\/400","targetHints":{"allow":["GET"]}}],"collection":[{"href":"https:\/\/lfiduras.com\/index.php\/wp-json\/wp\/v2\/pages"}],"about":[{"href":"https:\/\/lfiduras.com\/index.php\/wp-json\/wp\/v2\/types\/page"}],"author":[{"embeddable":true,"href":"https:\/\/lfiduras.com\/index.php\/wp-json\/wp\/v2\/users\/2"}],"replies":[{"embeddable":true,"href":"https:\/\/lfiduras.com\/index.php\/wp-json\/wp\/v2\/comments?post=400"}],"version-history":[{"count":77,"href":"https:\/\/lfiduras.com\/index.php\/wp-json\/wp\/v2\/pages\/400\/revisions"}],"predecessor-version":[{"id":9305,"href":"https:\/\/lfiduras.com\/index.php\/wp-json\/wp\/v2\/pages\/400\/revisions\/9305"}],"wp:attachment":[{"href":"https:\/\/lfiduras.com\/index.php\/wp-json\/wp\/v2\/media?parent=400"}],"curies":[{"name":"wp","href":"https:\/\/api.w.org\/{rel}","templated":true}]}}