{"id":407,"date":"2021-05-19T08:30:05","date_gmt":"2021-05-19T06:30:05","guid":{"rendered":"https:\/\/lfiduras.com\/?page_id=407"},"modified":"2024-11-25T13:18:45","modified_gmt":"2024-11-25T06:18:45","slug":"parcours_avenir","status":"publish","type":"page","link":"https:\/\/lfiduras.com\/index.php\/parcours_avenir\/","title":{"rendered":"Parcours Avenir"},"content":{"rendered":"\n<h1 class=\"wp-block-heading\"><\/h1>\n\n\n\n<p>L\u2019\u00e9ducation \u00e0 l\u2019orientation fait partie d\u2019une d\u00e9marche continue, coh\u00e9rente, collective et concert\u00e9e entre les diff\u00e9rents acteurs.<br>Au<strong>&nbsp;Lyc\u00e9e Fran\u00e7ais International&nbsp;Marguerite Duras<\/strong>&nbsp;de H\u00f4 Chi Minh Ville, au Vi\u00eat Nam, toute l\u2019\u00e9quipe \u00e9ducative aide les \u00e9l\u00e8ves \u00e0 construire leur parcours :<br>\u2013 en&nbsp;<strong>travaillant le Parcours Avenir<\/strong>&nbsp;afin de faire d\u00e9couvrir aux \u00e9l\u00e8ves les m\u00e9tiers et secteurs d\u2019activit\u00e9s, les diff\u00e9rentes formations permettant d\u2019y arriver,<br>\u2013 en pr\u00e9sentant&nbsp;<strong>l\u2019Enseignement Sup\u00e9rieur en France, les formations fran\u00e7aises dipl\u00f4mantes d\u00e9localis\u00e9es au Vi\u00eat Nam<\/strong>, mais \u00e9galement&nbsp;<strong>l\u2019Enseignement Sup\u00e9rieur \u00e0 l\u2019\u00e9tranger<\/strong>. En effet, m\u00eame si son objectif premier est de promouvoir l\u2019enseignement sup\u00e9rieur fran\u00e7ais, l\u2019AEFE souhaite accompagner tous les projets d\u2019orientation. Ainsi, \u00e0 travers sa plateforme AGORA Monde,&nbsp;<strong>de nombreux \u00e9v\u00e9nements sont organis\u00e9s sur l\u2019orientation en France et \u00e0 l\u2019\u00e9tranger.<\/strong><br>\u2013 en organisant des rencontres virtuelles ou en pr\u00e9sentiel entre nos lyc\u00e9ens et des repr\u00e9sentants de l\u2019enseignement sup\u00e9rieur.<\/p>\n\n\n\n<p>Tout le d\u00e9tail se trouve dans le document \u201c<a href=\"https:\/\/lfiduras.com\/lfiduras\/wp-content\/uploads\/2024\/11\/Programme-annuel-orientation-2024-25.pdf\">Parcours Avenir<\/a>\u201d ci-joint.<\/p>\n","protected":false},"excerpt":{"rendered":"<p>L\u2019\u00e9ducation \u00e0 l\u2019orientation fait partie d\u2019une d\u00e9marche continue, coh\u00e9rente, collective et concert\u00e9e entre les diff\u00e9rents acteurs.Au&nbsp;Lyc\u00e9e Fran\u00e7ais International&nbsp;Marguerite Duras&nbsp;de H\u00f4 Chi Minh Ville, au Vi\u00eat Nam, toute l\u2019\u00e9quipe \u00e9ducative aide les \u00e9l\u00e8ves \u00e0 construire leur parcours :\u2013 en&nbsp;travaillant le Parcours Avenir&nbsp;afin de faire d\u00e9couvrir aux \u00e9l\u00e8ves les m\u00e9tiers et secteurs d\u2019activit\u00e9s, les diff\u00e9rentes formations permettant [&hellip;]<\/p>\n","protected":false},"author":2,"featured_media":0,"parent":0,"menu_order":0,"comment_status":"closed","ping_status":"closed","template":"","meta":{"footnotes":""},"class_list":["post-407","page","type-page","status-publish","hentry","post"],"_links":{"self":[{"href":"https:\/\/lfiduras.com\/index.php\/wp-json\/wp\/v2\/pages\/407","targetHints":{"allow":["GET"]}}],"collection":[{"href":"https:\/\/lfiduras.com\/index.php\/wp-json\/wp\/v2\/pages"}],"about":[{"href":"https:\/\/lfiduras.com\/index.php\/wp-json\/wp\/v2\/types\/page"}],"author":[{"embeddable":true,"href":"https:\/\/lfiduras.com\/index.php\/wp-json\/wp\/v2\/users\/2"}],"replies":[{"embeddable":true,"href":"https:\/\/lfiduras.com\/index.php\/wp-json\/wp\/v2\/comments?post=407"}],"version-history":[{"count":6,"href":"https:\/\/lfiduras.com\/index.php\/wp-json\/wp\/v2\/pages\/407\/revisions"}],"predecessor-version":[{"id":7311,"href":"https:\/\/lfiduras.com\/index.php\/wp-json\/wp\/v2\/pages\/407\/revisions\/7311"}],"wp:attachment":[{"href":"https:\/\/lfiduras.com\/index.php\/wp-json\/wp\/v2\/media?parent=407"}],"curies":[{"name":"wp","href":"https:\/\/api.w.org\/{rel}","templated":true}]}}