{"id":4194,"date":"2023-05-05T09:50:13","date_gmt":"2023-05-05T02:50:13","guid":{"rendered":"https:\/\/lfiduras.com\/?page_id=4194"},"modified":"2025-06-02T11:46:51","modified_gmt":"2025-06-02T04:46:51","slug":"projet-devaluation-detablissement","status":"publish","type":"page","link":"https:\/\/lfiduras.com\/index.php\/projet-devaluation-detablissement\/","title":{"rendered":"Projet d\u2019\u00e9valuation d\u2019\u00e9tablissement"},"content":{"rendered":"<div class=\"wp-block-image\">\n<figure class=\"alignright size-full is-resized\"><img fetchpriority=\"high\" decoding=\"async\" width=\"846\" height=\"365\" src=\"https:\/\/lfiduras.com\/lfiduras\/wp-content\/uploads\/2025\/06\/ob_2d2e70_evaluation.jpg\" alt=\"\" class=\"wp-image-8374\" style=\"width:292px;height:auto\" srcset=\"https:\/\/lfiduras.com\/lfiduras\/wp-content\/uploads\/2025\/06\/ob_2d2e70_evaluation.jpg 846w, https:\/\/lfiduras.com\/lfiduras\/wp-content\/uploads\/2025\/06\/ob_2d2e70_evaluation-300x129.jpg 300w, https:\/\/lfiduras.com\/lfiduras\/wp-content\/uploads\/2025\/06\/ob_2d2e70_evaluation-768x331.jpg 768w\" sizes=\"(max-width: 846px) 100vw, 846px\" \/><\/figure><\/div>\n\n\n<p>Vous trouverez ci-dessous le projet d&#8217;\u00e9valuation du lyc\u00e9e fran\u00e7ais international Marguerite Duras ainsi que la d\u00e9clinaison par discipline.<br><br><a href=\"https:\/\/lfiduras.com\/lfiduras\/wp-content\/uploads\/2024\/05\/Projet-devaluation-2023-24.pdf\">Projet d&#8217;\u00e9valuation<\/a><br><a href=\"https:\/\/lfiduras.com\/lfiduras\/wp-content\/uploads\/2025\/06\/Annexe-projet-devaluation-LFIMD-HCMV.pdf\">Annexe projet d&#8217;\u00e9valuation<\/a><\/p>\n\n\n\n<p><a href=\"https:\/\/lfiduras.com\/lfiduras\/wp-content\/uploads\/2023\/05\/Annexe-1_Declinaison-par-discipline_LFI-DURAS_HCMV_2021-2022.pdf\"><br><\/a><\/p>\n\n\n\n<p><\/p>\n","protected":false},"excerpt":{"rendered":"<p>Vous trouverez ci-dessous le projet d&#8217;\u00e9valuation du lyc\u00e9e fran\u00e7ais international Marguerite Duras ainsi que la d\u00e9clinaison par discipline. Projet d&#8217;\u00e9valuationAnnexe projet d&#8217;\u00e9valuation<\/p>\n","protected":false},"author":2,"featured_media":0,"parent":0,"menu_order":0,"comment_status":"closed","ping_status":"closed","template":"","meta":{"footnotes":""},"class_list":["post-4194","page","type-page","status-publish","hentry","post"],"_links":{"self":[{"href":"https:\/\/lfiduras.com\/index.php\/wp-json\/wp\/v2\/pages\/4194","targetHints":{"allow":["GET"]}}],"collection":[{"href":"https:\/\/lfiduras.com\/index.php\/wp-json\/wp\/v2\/pages"}],"about":[{"href":"https:\/\/lfiduras.com\/index.php\/wp-json\/wp\/v2\/types\/page"}],"author":[{"embeddable":true,"href":"https:\/\/lfiduras.com\/index.php\/wp-json\/wp\/v2\/users\/2"}],"replies":[{"embeddable":true,"href":"https:\/\/lfiduras.com\/index.php\/wp-json\/wp\/v2\/comments?post=4194"}],"version-history":[{"count":6,"href":"https:\/\/lfiduras.com\/index.php\/wp-json\/wp\/v2\/pages\/4194\/revisions"}],"predecessor-version":[{"id":8375,"href":"https:\/\/lfiduras.com\/index.php\/wp-json\/wp\/v2\/pages\/4194\/revisions\/8375"}],"wp:attachment":[{"href":"https:\/\/lfiduras.com\/index.php\/wp-json\/wp\/v2\/media?parent=4194"}],"curies":[{"name":"wp","href":"https:\/\/api.w.org\/{rel}","templated":true}]}}