{"id":468,"date":"2021-05-19T08:38:55","date_gmt":"2021-05-19T06:38:55","guid":{"rendered":"https:\/\/lfiduras.com\/?page_id=468"},"modified":"2022-06-09T06:04:09","modified_gmt":"2022-06-09T04:04:09","slug":"sitographie-3","status":"publish","type":"page","link":"https:\/\/lfiduras.com\/index.php\/sitographie-3\/","title":{"rendered":"Sitographie"},"content":{"rendered":"\n<p>S\u2019inscrire aux cours gratuits pour pr\u00e9parer le concours de Sciences Po:&nbsp;<a href=\"https:\/\/www.lerepairedesetudiants.fr\/prepa\/sciences-po\" target=\"_blank\" rel=\"noreferrer noopener\">https:\/\/www.lerepairedesetudiants.fr\/prepa\/sciences-po<\/a><a href=\"http:\/\/www.horizons2021.fr\/\">Secondes : choisir ses enseignements de sp\u00e9cialit\u00e9<\/a><\/p>\n\n\n\n<p><a href=\"http:\/\/www.onisep.fr\/Choisir-mes-etudes\/Au-lycee-au-CFA\/Secondes-Premieres-2019-2020-pour-construire-son-avenir-au-lycee\">Secondes, Premi\u00e8res : pour construire son avenir au lyc\u00e9e<\/a><\/p>\n\n\n\n<p><a href=\"http:\/\/quandjepasselebac.education.fr\/\">Tout sur le nouveau bac&nbsp;<\/a><\/p>\n\n\n\n<p><a href=\"http:\/\/www.terminales2019-2020.fr\/\">Terminales : 5 \u00e9tapes pour mon parcours vers l\u2019enseignement sup\u00e9rieur<\/a><\/p>\n\n\n\n<p><a href=\"http:\/\/www.monorientationenligne.fr\/\" target=\"_blank\" rel=\"noreferrer noopener\">www.monorientationenligne.fr<\/a><a href=\"http:\/\/www.onisep.fr\/\" target=\"_blank\" rel=\"noreferrer noopener\">www.onisep.fr<\/a><\/p>\n\n\n\n<p><a href=\"https:\/\/www.education.gouv.fr\/un-nouveau-baccalaureat-en-2021-3098\">https:\/\/www.education.gouv.fr\/un-nouveau-baccalaureat-en-2021-3098<\/a><\/p>\n\n\n\n<p><a href=\"https:\/\/www.cidj.com\/\">https:\/\/www.cidj.com\/<\/a><\/p>\n\n\n\n<p><a href=\"https:\/\/www.letudiant.fr\/\">https:\/\/www.letudiant.fr\/<\/a><\/p>\n\n\n\n<p><a href=\"https:\/\/www.oriane.info\/\">https:\/\/www.oriane.info\/<\/a>&nbsp; (fiche d\u2019auto-\u00e9valuation pour vous aider dans votre orientation post-bac)<\/p>\n\n\n\n<p><a href=\"https:\/\/talentsdunumerique.com\/\">https:\/\/talentsdunumerique.com\/<\/a><\/p>\n","protected":false},"excerpt":{"rendered":"<p>S\u2019inscrire aux cours gratuits pour pr\u00e9parer le concours de Sciences Po:&nbsp;https:\/\/www.lerepairedesetudiants.fr\/prepa\/sciences-poSecondes : choisir ses enseignements de sp\u00e9cialit\u00e9 Secondes, Premi\u00e8res : pour construire son avenir au lyc\u00e9e Tout sur le nouveau bac&nbsp; Terminales : 5 \u00e9tapes pour mon parcours vers l\u2019enseignement sup\u00e9rieur www.monorientationenligne.frwww.onisep.fr https:\/\/www.education.gouv.fr\/un-nouveau-baccalaureat-en-2021-3098 https:\/\/www.cidj.com\/ https:\/\/www.letudiant.fr\/ https:\/\/www.oriane.info\/&nbsp; (fiche d\u2019auto-\u00e9valuation pour vous aider dans votre orientation post-bac) [&hellip;]<\/p>\n","protected":false},"author":2,"featured_media":0,"parent":0,"menu_order":0,"comment_status":"closed","ping_status":"closed","template":"","meta":{"footnotes":""},"class_list":["post-468","page","type-page","status-publish","hentry","post"],"_links":{"self":[{"href":"https:\/\/lfiduras.com\/index.php\/wp-json\/wp\/v2\/pages\/468","targetHints":{"allow":["GET"]}}],"collection":[{"href":"https:\/\/lfiduras.com\/index.php\/wp-json\/wp\/v2\/pages"}],"about":[{"href":"https:\/\/lfiduras.com\/index.php\/wp-json\/wp\/v2\/types\/page"}],"author":[{"embeddable":true,"href":"https:\/\/lfiduras.com\/index.php\/wp-json\/wp\/v2\/users\/2"}],"replies":[{"embeddable":true,"href":"https:\/\/lfiduras.com\/index.php\/wp-json\/wp\/v2\/comments?post=468"}],"version-history":[{"count":2,"href":"https:\/\/lfiduras.com\/index.php\/wp-json\/wp\/v2\/pages\/468\/revisions"}],"predecessor-version":[{"id":1943,"href":"https:\/\/lfiduras.com\/index.php\/wp-json\/wp\/v2\/pages\/468\/revisions\/1943"}],"wp:attachment":[{"href":"https:\/\/lfiduras.com\/index.php\/wp-json\/wp\/v2\/media?parent=468"}],"curies":[{"name":"wp","href":"https:\/\/api.w.org\/{rel}","templated":true}]}}