{"id":474,"date":"2021-05-19T08:45:13","date_gmt":"2021-05-19T06:45:13","guid":{"rendered":"https:\/\/lfiduras.com\/?page_id=474"},"modified":"2025-09-19T15:55:13","modified_gmt":"2025-09-19T08:55:13","slug":"parcoursup","status":"publish","type":"page","link":"https:\/\/lfiduras.com\/index.php\/parcoursup\/","title":{"rendered":"Apr\u00e8s la terminale"},"content":{"rendered":"\n<div style=\"height:15px\" aria-hidden=\"true\" class=\"wp-block-spacer\"><\/div>\n\n\n\n<h2 class=\"wp-block-heading\">Parcoursup : votre porte d\u2019entr\u00e9e vers l\u2019enseignement sup\u00e9rieur<\/h2>\n\n\n<div class=\"wp-block-image\">\n<figure class=\"aligncenter size-full\"><img fetchpriority=\"high\" decoding=\"async\" width=\"545\" height=\"133\" src=\"https:\/\/lfiduras.com\/lfiduras\/wp-content\/uploads\/2025\/09\/parcoursup.png\" alt=\"\" class=\"wp-image-8673\" srcset=\"https:\/\/lfiduras.com\/lfiduras\/wp-content\/uploads\/2025\/09\/parcoursup.png 545w, https:\/\/lfiduras.com\/lfiduras\/wp-content\/uploads\/2025\/09\/parcoursup-300x73.png 300w\" sizes=\"(max-width: 545px) 100vw, 545px\" \/><\/figure><\/div>\n\n\n<p>Parcoursup.fr est la plateforme nationale de pr\u00e9inscription et d\u2019admission en premi\u00e8re ann\u00e9e de l\u2019enseignement sup\u00e9rieur en France. Elle permet aux candidats de rechercher des formations, cr\u00e9er leur dossier, formuler et confirmer leurs v\u0153ux, compl\u00e9ter les \u00e9l\u00e9ments demand\u00e9s par les formations, puis recevoir et r\u00e9pondre aux propositions d\u2019admission. Certaines \u00e9coles proposent des proc\u00e9dures adapt\u00e9es pour les candidats \u00e9loign\u00e9s g\u00e9ographiquement.<\/p>\n\n\n\n<p><strong>Calendrier des principales \u00e9tapes :<\/strong><\/p>\n\n\n\n<ul class=\"wp-block-list\">\n<li><strong>D\u00e9cembre \u2013 janvier :<\/strong> s\u2019informer et d\u00e9couvrir les formations<\/li>\n\n\n\n<li><strong>Mi-janvier \u2013 d\u00e9but avril :<\/strong> inscription, formulation et finalisation des v\u0153ux<\/li>\n\n\n\n<li><strong>Fin mai \u2013 mi-juillet :<\/strong> r\u00e9ponses aux propositions d\u2019admission<\/li>\n<\/ul>\n\n\n\n<div style=\"height:15px\" aria-hidden=\"true\" class=\"wp-block-spacer\"><\/div>\n\n\n\n<h5 class=\"wp-block-heading has-text-align-center\"><strong>Pr\u00e9sentation de Parcoursup <\/strong><\/h5>\n\n\n<div class=\"wp-block-image\">\n<figure class=\"aligncenter size-medium\"><a href=\"https:\/\/www.youtube.com\/watch?v=AZkchJ9RQnc\" target=\"_blank\" rel=\"noreferrer noopener\"><img decoding=\"async\" width=\"300\" height=\"170\" src=\"https:\/\/lfiduras.com\/lfiduras\/wp-content\/uploads\/2025\/09\/parcoursup-video-300x170.png\" alt=\"\" class=\"wp-image-8674\" srcset=\"https:\/\/lfiduras.com\/lfiduras\/wp-content\/uploads\/2025\/09\/parcoursup-video-300x170.png 300w, https:\/\/lfiduras.com\/lfiduras\/wp-content\/uploads\/2025\/09\/parcoursup-video-768x435.png 768w, https:\/\/lfiduras.com\/lfiduras\/wp-content\/uploads\/2025\/09\/parcoursup-video-1024x579.png 1024w, https:\/\/lfiduras.com\/lfiduras\/wp-content\/uploads\/2025\/09\/parcoursup-video.png 1246w\" sizes=\"(max-width: 300px) 100vw, 300px\" \/><\/a><\/figure><\/div>\n\n\n<p><\/p>\n","protected":false},"excerpt":{"rendered":"<p>Parcoursup : votre porte d\u2019entr\u00e9e vers l\u2019enseignement sup\u00e9rieur Parcoursup.fr est la plateforme nationale de pr\u00e9inscription et d\u2019admission en premi\u00e8re ann\u00e9e de l\u2019enseignement sup\u00e9rieur en France. Elle permet aux candidats de rechercher des formations, cr\u00e9er leur dossier, formuler et confirmer leurs v\u0153ux, compl\u00e9ter les \u00e9l\u00e9ments demand\u00e9s par les formations, puis recevoir et r\u00e9pondre aux propositions d\u2019admission. [&hellip;]<\/p>\n","protected":false},"author":2,"featured_media":0,"parent":0,"menu_order":0,"comment_status":"closed","ping_status":"closed","template":"","meta":{"footnotes":""},"class_list":["post-474","page","type-page","status-publish","hentry","post"],"_links":{"self":[{"href":"https:\/\/lfiduras.com\/index.php\/wp-json\/wp\/v2\/pages\/474","targetHints":{"allow":["GET"]}}],"collection":[{"href":"https:\/\/lfiduras.com\/index.php\/wp-json\/wp\/v2\/pages"}],"about":[{"href":"https:\/\/lfiduras.com\/index.php\/wp-json\/wp\/v2\/types\/page"}],"author":[{"embeddable":true,"href":"https:\/\/lfiduras.com\/index.php\/wp-json\/wp\/v2\/users\/2"}],"replies":[{"embeddable":true,"href":"https:\/\/lfiduras.com\/index.php\/wp-json\/wp\/v2\/comments?post=474"}],"version-history":[{"count":14,"href":"https:\/\/lfiduras.com\/index.php\/wp-json\/wp\/v2\/pages\/474\/revisions"}],"predecessor-version":[{"id":8675,"href":"https:\/\/lfiduras.com\/index.php\/wp-json\/wp\/v2\/pages\/474\/revisions\/8675"}],"wp:attachment":[{"href":"https:\/\/lfiduras.com\/index.php\/wp-json\/wp\/v2\/media?parent=474"}],"curies":[{"name":"wp","href":"https:\/\/api.w.org\/{rel}","templated":true}]}}