{"id":476,"date":"2021-05-19T08:45:13","date_gmt":"2021-05-19T06:45:13","guid":{"rendered":"https:\/\/lfiduras.com\/?page_id=476"},"modified":"2025-06-12T11:19:01","modified_gmt":"2025-06-12T04:19:01","slug":"partir-vivre-en-france","status":"publish","type":"page","link":"https:\/\/lfiduras.com\/index.php\/partir-vivre-en-france\/","title":{"rendered":"Partir vivre en France"},"content":{"rendered":"\n<p><strong>A destination des lyc\u00e9ens 2025<\/strong><\/p>\n\n\n<div class=\"wp-block-image\">\n<figure class=\"alignright is-resized\"><img fetchpriority=\"high\" decoding=\"async\" width=\"500\" height=\"371\" src=\"https:\/\/lfiduras.com\/lfiduras\/wp-content\/uploads\/2025\/06\/unnamed-1.png\" alt=\"\" class=\"wp-image-8408\" style=\"width:291px;height:auto\" srcset=\"https:\/\/lfiduras.com\/lfiduras\/wp-content\/uploads\/2025\/06\/unnamed-1.png 500w, https:\/\/lfiduras.com\/lfiduras\/wp-content\/uploads\/2025\/06\/unnamed-1-300x223.png 300w\" sizes=\"(max-width: 500px) 100vw, 500px\" \/><\/figure><\/div>\n\n\n<p>Le minist\u00e8re de l\u2019Enseignement sup\u00e9rieur et de la Recherche publie le guide \u201cEn route vers la vie \u00e9tudiante\u201d, \u00e0 destination des futurs \u00e9tudiants.<\/p>\n\n\n\n<p>Clair et complet, ce document recense les informations essentielles sur les aides financi\u00e8res, le logement, la sant\u00e9, l\u2019alimentation, les transports, les pratiques culturelles et sportives, l\u2019engagement associatif, l\u2019emploi \u00e9tudiant et les formations \u00e0 distance.<\/p>\n\n\n\n<p>&nbsp;Il propose \u00e9galement des ressources sp\u00e9cifiques pour les \u00e9tudiants ultramarins, en situation de handicap ou d\u2019invalidit\u00e9, ainsi que pour ceux ayant des besoins particuliers.<\/p>\n\n\n\n<p>Disponible en ligne, ce guide constitue un appui utile pour les personnels de lyc\u00e9e souhaitant accompagner les \u00e9l\u00e8ves dans leur orientation et les pr\u00e9parer concr\u00e8tement \u00e0 la vie \u00e9tudiante.<\/p>\n\n\n\n<p><a href=\"https:\/\/www.enseignementsup-recherche.gouv.fr\/fr\/guide-etudiant-2025\">Plus d\u2019informations<\/a><\/p>\n\n\n\n<p><strong><a href=\"https:\/\/www.enseignementsup-recherche.gouv.fr\/sites\/default\/files\/2025-05\/guide-de-la-vie-tudiante-2025-pdf-36853.pdf\">T\u00e9l\u00e9charger le guide \u00bb<\/a><\/strong><\/p>\n\n\n\n<hr class=\"wp-block-separator has-alpha-channel-opacity\"\/>\n\n\n\n<p>Etudier en France : Pr\u00e9sentation de Campus France et Guide<\/p>\n\n\n\n<p><a href=\"https:\/\/www.vietnam.campusfrance.org\/fr\">https:\/\/www.vietnam.campusfrance.org\/fr<\/a><\/p>\n\n\n\n<p><\/p>\n","protected":false},"excerpt":{"rendered":"<p>A destination des lyc\u00e9ens 2025 Le minist\u00e8re de l\u2019Enseignement sup\u00e9rieur et de la Recherche publie le guide \u201cEn route vers la vie \u00e9tudiante\u201d, \u00e0 destination des futurs \u00e9tudiants. Clair et complet, ce document recense les informations essentielles sur les aides financi\u00e8res, le logement, la sant\u00e9, l\u2019alimentation, les transports, les pratiques culturelles et sportives, l\u2019engagement associatif, [&hellip;]<\/p>\n","protected":false},"author":2,"featured_media":0,"parent":0,"menu_order":0,"comment_status":"closed","ping_status":"closed","template":"","meta":{"footnotes":""},"class_list":["post-476","page","type-page","status-publish","hentry","post"],"_links":{"self":[{"href":"https:\/\/lfiduras.com\/index.php\/wp-json\/wp\/v2\/pages\/476","targetHints":{"allow":["GET"]}}],"collection":[{"href":"https:\/\/lfiduras.com\/index.php\/wp-json\/wp\/v2\/pages"}],"about":[{"href":"https:\/\/lfiduras.com\/index.php\/wp-json\/wp\/v2\/types\/page"}],"author":[{"embeddable":true,"href":"https:\/\/lfiduras.com\/index.php\/wp-json\/wp\/v2\/users\/2"}],"replies":[{"embeddable":true,"href":"https:\/\/lfiduras.com\/index.php\/wp-json\/wp\/v2\/comments?post=476"}],"version-history":[{"count":7,"href":"https:\/\/lfiduras.com\/index.php\/wp-json\/wp\/v2\/pages\/476\/revisions"}],"predecessor-version":[{"id":8459,"href":"https:\/\/lfiduras.com\/index.php\/wp-json\/wp\/v2\/pages\/476\/revisions\/8459"}],"wp:attachment":[{"href":"https:\/\/lfiduras.com\/index.php\/wp-json\/wp\/v2\/media?parent=476"}],"curies":[{"name":"wp","href":"https:\/\/api.w.org\/{rel}","templated":true}]}}