{"id":487,"date":"2021-05-19T10:25:18","date_gmt":"2021-05-19T08:25:18","guid":{"rendered":"https:\/\/lfiduras.com\/?page_id=487"},"modified":"2026-03-09T09:50:06","modified_gmt":"2026-03-09T02:50:06","slug":"reglement-financier","status":"publish","type":"page","link":"https:\/\/lfiduras.com\/index.php\/reglement-financier\/","title":{"rendered":"R\u00e8glement financier"},"content":{"rendered":"\n<h4 class=\"wp-block-heading\">Ann\u00e9e 2026\/2027 \u2013 Mis \u00e0 jour le 05\/03\/2026<\/h4>\n\n\n\n<p><strong>Dans le cadre des inscriptions (et des r\u00e9inscriptions) sur EDUKA, vous trouverez ci-dessous le r\u00e8glement financier pour la rentr\u00e9e 2026\/2027<br><\/strong><a href=\"https:\/\/lfiduras.com\/lfiduras\/wp-content\/uploads\/2026\/03\/REGLEMENT-FINANCIER-2026-2027_FR.pdf\" target=\"_blank\" rel=\"noreferrer noopener\">R\u00e8glement financier 2026\/2027<\/a><a href=\"http:\/\/lfiduras.com\/wp-content\/uploads\/2022\/03\/REGLEMENT-FINANCIER-2022-2023_ANG.pdf\"><\/a><\/p>\n\n\n\n<p><strong>For the enrolment&nbsp; (and re-enrolment) on EDUKA, you will find below the financial term for the 2026\/2027 school year<\/strong> :<br><a href=\"https:\/\/lfiduras.com\/lfiduras\/wp-content\/uploads\/2026\/03\/REGLEMENT-FINANCIER-2026-2027_ANG.pdf\" data-type=\"link\" data-id=\"https:\/\/lfiduras.com\/lfiduras\/wp-content\/uploads\/2025\/10\/REGLEMENT-FINANCIER-2025-2026_ANG-Juin-2025.pdf\" target=\"_blank\" rel=\"noreferrer noopener\">Financial terms 2026\/2027<\/a><\/p>\n\n\n\n<p><strong>Khi l\u00e0m h\u1ed3 s\u01a1 ghi danh m\u1edbi ho\u1eb7c ghi danh l\u1ea1i tr\u00ean EDUKA, ph\u1ee5 huynh vui l\u00f2ng xem quy \u0111\u1ecbnh t\u00e0i ch\u00ednh 2026\/2027 d\u01b0\u1edbi \u0111\u00e2y :<br><\/strong><a href=\"https:\/\/lfiduras.com\/lfiduras\/wp-content\/uploads\/2025\/10\/REGLEMENT-FINANCIER-2025-2026_VN-Juin-2025.pdf\" data-type=\"link\" data-id=\"https:\/\/lfiduras.com\/lfiduras\/wp-content\/uploads\/2025\/10\/REGLEMENT-FINANCIER-2025-2026_VN-Juin-2025.pdf\" target=\"_blank\" rel=\"noreferrer noopener\"><\/a><a href=\"https:\/\/lfiduras.com\/lfiduras\/wp-content\/uploads\/2026\/03\/REGLEMENT-FINANCIER-2026-2027_VN.pdf\" target=\"_blank\" rel=\"noreferrer noopener\">Quy \u0111\u1ecbnh t\u00e0i ch\u00ednh n\u0103m h\u1ecdc 2026\/2027<\/a><\/p>\n\n\n\n<div style=\"height:8px\" aria-hidden=\"true\" class=\"wp-block-spacer is-style-dots\"><\/div>\n\n\n\n<hr class=\"wp-block-separator has-alpha-channel-opacity is-style-dots\"\/>\n\n\n\n<div style=\"height:8px\" aria-hidden=\"true\" class=\"wp-block-spacer is-style-dots\"><\/div>\n\n\n\n<h4 class=\"wp-block-heading\">Ann\u00e9e 2025\/2026 \u2013 Mis \u00e0 jour le 01\/10\/2025<\/h4>\n\n\n\n<p><strong>Dans le cadre des inscriptions (et des r\u00e9inscriptions) sur EDUKA, vous trouverez ci-dessous le r\u00e8glement financier pour la rentr\u00e9e 2025\/2026<br><\/strong><a href=\"https:\/\/lfiduras.com\/lfiduras\/wp-content\/uploads\/2025\/10\/REGLEMENT-FINANCIER-2025-2026-FR-juin-2025.pdf\" target=\"_blank\" rel=\"noreferrer noopener\">R\u00e8glement financier 2025\/2026<\/a><a href=\"http:\/\/lfiduras.com\/wp-content\/uploads\/2022\/03\/REGLEMENT-FINANCIER-2022-2023_ANG.pdf\"><\/a><\/p>\n\n\n\n<p><strong>For the enrolment&nbsp; (and re-enrolment) on EDUKA, you will find below the financial term for the 2025\/2026 school year<\/strong> :<br><a href=\"https:\/\/lfiduras.com\/lfiduras\/wp-content\/uploads\/2025\/10\/REGLEMENT-FINANCIER-2025-2026_ANG-Juin-2025.pdf\" data-type=\"link\" data-id=\"https:\/\/lfiduras.com\/lfiduras\/wp-content\/uploads\/2025\/10\/REGLEMENT-FINANCIER-2025-2026_ANG-Juin-2025.pdf\" target=\"_blank\" rel=\"noreferrer noopener\">Financial terms 2025\/2026<\/a><\/p>\n\n\n\n<p><strong>Khi l\u00e0m h\u1ed3 s\u01a1 ghi danh m\u1edbi ho\u1eb7c ghi danh l\u1ea1i tr\u00ean EDUKA, ph\u1ee5 huynh vui l\u00f2ng xem quy \u0111\u1ecbnh t\u00e0i ch\u00ednh 2025\/2026 d\u01b0\u1edbi \u0111\u00e2y :<br><\/strong><a href=\"https:\/\/lfiduras.com\/lfiduras\/wp-content\/uploads\/2025\/10\/REGLEMENT-FINANCIER-2025-2026_VN-Juin-2025.pdf\" data-type=\"link\" data-id=\"https:\/\/lfiduras.com\/lfiduras\/wp-content\/uploads\/2025\/10\/REGLEMENT-FINANCIER-2025-2026_VN-Juin-2025.pdf\" target=\"_blank\" rel=\"noreferrer noopener\"><a href=\"https:\/\/lfiduras.com\/lfiduras\/wp-content\/uploads\/2025\/10\/REGLEMENT-FINANCIER-2025-2026_VN-Juin-2025.pdf\" target=\"_blank\" rel=\"noreferrer noopener\">Quy \u0111\u1ecbnh t\u00e0i ch\u00ednh n\u0103m h\u1ecdc<\/a><\/a> <a href=\"https:\/\/lfiduras.com\/lfiduras\/wp-content\/uploads\/2025\/10\/REGLEMENT-FINANCIER-2025-2026_VN-Juin-2025.pdf\" data-type=\"link\" data-id=\"https:\/\/lfiduras.com\/lfiduras\/wp-content\/uploads\/2025\/10\/REGLEMENT-FINANCIER-2025-2026_VN-Juin-2025.pdf\" target=\"_blank\" rel=\"noreferrer noopener\">2025\/2026<\/a><\/p>\n\n\n\n<div style=\"height:20px\" aria-hidden=\"true\" class=\"wp-block-spacer\"><\/div>\n\n\n\n<hr class=\"wp-block-separator has-alpha-channel-opacity is-style-dots\"\/>\n\n\n\n<p><strong>D\u00e9cision sur les frais auxiliaires<\/strong> :<\/p>\n\n\n\n<p><a href=\"https:\/\/lfiduras.com\/lfiduras\/wp-content\/uploads\/2025\/10\/Decision-12-2025-Frais-auxiliaires-2025-2026.pdf\" data-type=\"link\" data-id=\"https:\/\/lfiduras.com\/lfiduras\/wp-content\/uploads\/2025\/10\/Decision-12-2025-Frais-auxiliaires-2025-2026.pdf\" target=\"_blank\" rel=\"noreferrer noopener\">Frais auxiliaires 2025-2026<\/a><\/p>\n\n\n\n<div class=\"wp-block-group\"><div class=\"wp-block-group__inner-container is-layout-constrained wp-block-group-is-layout-constrained\"><\/div><\/div>\n\n\n\n<div style=\"height:20px\" aria-hidden=\"true\" class=\"wp-block-spacer\"><\/div>\n\n\n\n<hr class=\"wp-block-separator has-alpha-channel-opacity\"\/>\n\n\n\n<h2 class=\"wp-block-heading\">Taux de chancellerie<\/h2>\n\n\n\n<p>Les <strong>taux de chancellerie<\/strong> sont des taux de change officiels, fix\u00e9s tous les quinze jours par la Direction g\u00e9n\u00e9rale du Tr\u00e9sor.<br>Ils servent de r\u00e9f\u00e9rence pour convertir les devises \u00e9trang\u00e8res en euro, notamment dans le cadre des op\u00e9rations r\u00e9alis\u00e9es par l\u2019administration (par exemple, les d\u00e9penses publiques).<\/p>\n\n\n\n<p>Ces taux peuvent \u00e9galement \u00eatre utilis\u00e9s par certains \u00e9tablissements publics.<br>Depuis le <strong>1er janvier 2002<\/strong>, toutes les contrevaleurs sont exprim\u00e9es en <strong>euro<\/strong>.<\/p>\n\n\n\n<h4 class=\"wp-block-heading\">Taux de chancellerie actuel<\/h4>\n\n\n\n<ul class=\"wp-block-list\">\n<li><strong>1 VND = 0,00003206 \u20ac<\/strong><\/li>\n\n\n\n<li><strong>1 \u20ac = 31 192 VND<\/strong><\/li>\n<\/ul>\n\n\n\n<p><em>(Taux fix\u00e9 par la Direction g\u00e9n\u00e9rale du Tr\u00e9sor)<\/em><\/p>\n\n\n\n<p>\ud83d\udc49 <a href=\"https:\/\/www.economie.gouv.fr\/dgfip\/taux_chancellerie_change_resultat\/pays\/VN\">Consulter la mise \u00e0 jour officielle \u2013 Vietnam<\/a><\/p>\n\n\n\n<p><\/p>\n","protected":false},"excerpt":{"rendered":"<p>Ann\u00e9e 2026\/2027 \u2013 Mis \u00e0 jour le 05\/03\/2026 Dans le cadre des inscriptions (et des r\u00e9inscriptions) sur EDUKA, vous trouverez ci-dessous le r\u00e8glement financier pour la rentr\u00e9e 2026\/2027R\u00e8glement financier 2026\/2027 For the enrolment&nbsp; (and re-enrolment) on EDUKA, you will find below the financial term for the 2026\/2027 school year :Financial terms 2026\/2027 Khi l\u00e0m h\u1ed3 [&hellip;]<\/p>\n","protected":false},"author":2,"featured_media":0,"parent":0,"menu_order":0,"comment_status":"closed","ping_status":"closed","template":"","meta":{"footnotes":""},"class_list":["post-487","page","type-page","status-publish","hentry","post"],"_links":{"self":[{"href":"https:\/\/lfiduras.com\/index.php\/wp-json\/wp\/v2\/pages\/487","targetHints":{"allow":["GET"]}}],"collection":[{"href":"https:\/\/lfiduras.com\/index.php\/wp-json\/wp\/v2\/pages"}],"about":[{"href":"https:\/\/lfiduras.com\/index.php\/wp-json\/wp\/v2\/types\/page"}],"author":[{"embeddable":true,"href":"https:\/\/lfiduras.com\/index.php\/wp-json\/wp\/v2\/users\/2"}],"replies":[{"embeddable":true,"href":"https:\/\/lfiduras.com\/index.php\/wp-json\/wp\/v2\/comments?post=487"}],"version-history":[{"count":40,"href":"https:\/\/lfiduras.com\/index.php\/wp-json\/wp\/v2\/pages\/487\/revisions"}],"predecessor-version":[{"id":9338,"href":"https:\/\/lfiduras.com\/index.php\/wp-json\/wp\/v2\/pages\/487\/revisions\/9338"}],"wp:attachment":[{"href":"https:\/\/lfiduras.com\/index.php\/wp-json\/wp\/v2\/media?parent=487"}],"curies":[{"name":"wp","href":"https:\/\/api.w.org\/{rel}","templated":true}]}}