{"id":489,"date":"2021-05-19T10:25:18","date_gmt":"2021-05-19T08:25:18","guid":{"rendered":"https:\/\/lfiduras.com\/?page_id=489"},"modified":"2025-02-18T15:47:29","modified_gmt":"2025-02-18T08:47:29","slug":"bourses-scolaires","status":"publish","type":"page","link":"https:\/\/lfiduras.com\/index.php\/bourses-scolaires\/","title":{"rendered":"Bourses scolaires"},"content":{"rendered":"\n<p class=\"has-text-align-center\"><\/p>\n\n\n\n<h5 class=\"wp-block-heading\"><\/h5>\n\n\n<div class=\"wp-block-image\">\n<figure class=\"alignright size-full is-resized\"><img fetchpriority=\"high\" decoding=\"async\" width=\"300\" height=\"300\" src=\"https:\/\/lfiduras.com\/lfiduras\/wp-content\/uploads\/2025\/02\/Copie-de-Bourses-scolaires_site.png\" alt=\"\" class=\"wp-image-7819\" style=\"width:204px;height:204px\" srcset=\"https:\/\/lfiduras.com\/lfiduras\/wp-content\/uploads\/2025\/02\/Copie-de-Bourses-scolaires_site.png 300w, https:\/\/lfiduras.com\/lfiduras\/wp-content\/uploads\/2025\/02\/Copie-de-Bourses-scolaires_site-150x150.png 150w\" sizes=\"(max-width: 300px) 100vw, 300px\" \/><\/figure><\/div>\n\n\n<p><strong>La 1\u00e8re campagne des bourses scolaires pour l\u2019ann\u00e9e scolaire 2025-2026 est ouverte jusqu\u2019au\u00a0vendredi 28 f\u00e9vrier 2025 \u00e0 12h.<\/strong><\/p>\n\n\n\n<p>Pour rappel, les principales conditions n\u00e9cessaires au d\u00e9p\u00f4t d\u2019un dossier de bourse scolaire sont&nbsp;:<br>\u2022 L\u2019\u00e9l\u00e8ve doit \u00eatre de&nbsp;<strong>nationalit\u00e9 fran\u00e7aise<\/strong>.<br>\u2022 Le demandeur et l\u2019enfant doivent \u00eatre&nbsp;<strong>inscrits au registre mondial<\/strong>&nbsp;des Fran\u00e7ais \u00e9tablis hors de France aupr\u00e8s du Consulat. (V\u00e9rifiez que votre inscription au registre et celle de vos enfants est en cours de validit\u00e9).<br>\u2022 L\u2019enfant doit r\u00e9sider avec au moins un de ses parents au Vietnam (dans la circonscription de de Ho Chi Minh ville).<br>\u2022 L\u2019enfant doit au minimum \u00eatre&nbsp;<strong>\u00e2g\u00e9 de 3 ans<\/strong>&nbsp;au 31 d\u00e9cembre 2025.<br>\u2022 L\u2019enfant doit \u00eatre scolaris\u00e9 dans un&nbsp;<strong>\u00e9tablissement homologu\u00e9<\/strong>&nbsp;par le minist\u00e8re fran\u00e7ais de l\u2019\u00c9ducation nationale.<\/p>\n\n\n\n<p><strong>La demande de bourse et l\u2019inscription aupr\u00e8s de l\u2019\u00e9tablissement scolaire sont deux formalit\u00e9s diff\u00e9rentes.<\/strong><br>Si vous demandez une bourse cela ne vaut pas dire que&nbsp;l\u2019\u00e9cole ou le lyc\u00e9e inscrira votre enfant automatiquement.<\/p>\n\n\n\n<p>Pour plus d\u2019informations&nbsp;et constitution du dossier :&nbsp;<br>&#8211; <a href=\"https:\/\/ho-chi-minh-ville.consulfrance.org\/Bourses-scolaires-2025-2026\">https:\/\/ho-chi-minh-ville.consulfrance.org\/Bourses-scolaires-2025-2026<\/a><br>&#8211; <a href=\"https:\/\/ho-chi-minh-ville.consulfrance.org\/Hoc-bong-nam-hoc-2025-2026\">https:\/\/ho-chi-minh-ville.consulfrance.org\/Hoc-bong-nam-hoc-2025-2026<\/a><br><\/p>\n\n\n\n<p><\/p>\n","protected":false},"excerpt":{"rendered":"<p>La 1\u00e8re campagne des bourses scolaires pour l\u2019ann\u00e9e scolaire 2025-2026 est ouverte jusqu\u2019au\u00a0vendredi 28 f\u00e9vrier 2025 \u00e0 12h. Pour rappel, les principales conditions n\u00e9cessaires au d\u00e9p\u00f4t d\u2019un dossier de bourse scolaire sont&nbsp;:\u2022 L\u2019\u00e9l\u00e8ve doit \u00eatre de&nbsp;nationalit\u00e9 fran\u00e7aise.\u2022 Le demandeur et l\u2019enfant doivent \u00eatre&nbsp;inscrits au registre mondial&nbsp;des Fran\u00e7ais \u00e9tablis hors de France aupr\u00e8s du Consulat. (V\u00e9rifiez [&hellip;]<\/p>\n","protected":false},"author":2,"featured_media":0,"parent":0,"menu_order":0,"comment_status":"closed","ping_status":"closed","template":"","meta":{"footnotes":""},"class_list":["post-489","page","type-page","status-publish","hentry","post"],"_links":{"self":[{"href":"https:\/\/lfiduras.com\/index.php\/wp-json\/wp\/v2\/pages\/489","targetHints":{"allow":["GET"]}}],"collection":[{"href":"https:\/\/lfiduras.com\/index.php\/wp-json\/wp\/v2\/pages"}],"about":[{"href":"https:\/\/lfiduras.com\/index.php\/wp-json\/wp\/v2\/types\/page"}],"author":[{"embeddable":true,"href":"https:\/\/lfiduras.com\/index.php\/wp-json\/wp\/v2\/users\/2"}],"replies":[{"embeddable":true,"href":"https:\/\/lfiduras.com\/index.php\/wp-json\/wp\/v2\/comments?post=489"}],"version-history":[{"count":18,"href":"https:\/\/lfiduras.com\/index.php\/wp-json\/wp\/v2\/pages\/489\/revisions"}],"predecessor-version":[{"id":7820,"href":"https:\/\/lfiduras.com\/index.php\/wp-json\/wp\/v2\/pages\/489\/revisions\/7820"}],"wp:attachment":[{"href":"https:\/\/lfiduras.com\/index.php\/wp-json\/wp\/v2\/media?parent=489"}],"curies":[{"name":"wp","href":"https:\/\/api.w.org\/{rel}","templated":true}]}}