{"id":490,"date":"2021-05-19T10:25:18","date_gmt":"2021-05-19T08:25:18","guid":{"rendered":"https:\/\/lfiduras.com\/?page_id=490"},"modified":"2025-09-09T10:38:33","modified_gmt":"2025-09-09T03:38:33","slug":"horaires","status":"publish","type":"page","link":"https:\/\/lfiduras.com\/index.php\/horaires\/","title":{"rendered":"Horaires"},"content":{"rendered":"\n<h3 class=\"wp-block-heading\">Primaire<\/h3>\n\n\n\n<p>Tous les enfants sont accueillis \u00e0 partir de&nbsp;<strong>7h45<\/strong><br>L\u2019entr\u00e9e en classe se fait \u00e0&nbsp;<strong>8h05<\/strong><br>Tous les \u00e9l\u00e8ves sortent \u00e0&nbsp;<strong>14h00<\/strong><\/p>\n\n\n\n<h3 class=\"wp-block-heading\">Secondaire<\/h3>\n\n\n\n<p>Les cours commencent \u00e0\u00a0<strong>8h05<\/strong><br>La sortie s\u2019effectue en fonction de l\u2019emploi du temps, au plus tard \u00e0\u00a0<strong>17h00.<\/strong><\/p>\n","protected":false},"excerpt":{"rendered":"<p>Primaire Tous les enfants sont accueillis \u00e0 partir de&nbsp;7h45L\u2019entr\u00e9e en classe se fait \u00e0&nbsp;8h05Tous les \u00e9l\u00e8ves sortent \u00e0&nbsp;14h00 Secondaire Les cours commencent \u00e0\u00a08h05La sortie s\u2019effectue en fonction de l\u2019emploi du temps, au plus tard \u00e0\u00a017h00.<\/p>\n","protected":false},"author":2,"featured_media":0,"parent":0,"menu_order":0,"comment_status":"closed","ping_status":"closed","template":"","meta":{"footnotes":""},"class_list":["post-490","page","type-page","status-publish","hentry","post"],"_links":{"self":[{"href":"https:\/\/lfiduras.com\/index.php\/wp-json\/wp\/v2\/pages\/490","targetHints":{"allow":["GET"]}}],"collection":[{"href":"https:\/\/lfiduras.com\/index.php\/wp-json\/wp\/v2\/pages"}],"about":[{"href":"https:\/\/lfiduras.com\/index.php\/wp-json\/wp\/v2\/types\/page"}],"author":[{"embeddable":true,"href":"https:\/\/lfiduras.com\/index.php\/wp-json\/wp\/v2\/users\/2"}],"replies":[{"embeddable":true,"href":"https:\/\/lfiduras.com\/index.php\/wp-json\/wp\/v2\/comments?post=490"}],"version-history":[{"count":3,"href":"https:\/\/lfiduras.com\/index.php\/wp-json\/wp\/v2\/pages\/490\/revisions"}],"predecessor-version":[{"id":8616,"href":"https:\/\/lfiduras.com\/index.php\/wp-json\/wp\/v2\/pages\/490\/revisions\/8616"}],"wp:attachment":[{"href":"https:\/\/lfiduras.com\/index.php\/wp-json\/wp\/v2\/media?parent=490"}],"curies":[{"name":"wp","href":"https:\/\/api.w.org\/{rel}","templated":true}]}}