{"id":491,"date":"2021-05-19T10:25:18","date_gmt":"2021-05-19T08:25:18","guid":{"rendered":"https:\/\/lfiduras.com\/?page_id=491"},"modified":"2025-07-10T11:38:38","modified_gmt":"2025-07-10T04:38:38","slug":"reglement-interieur","status":"publish","type":"page","link":"https:\/\/lfiduras.com\/index.php\/reglement-interieur\/","title":{"rendered":"R\u00e8glement int\u00e9rieur"},"content":{"rendered":"\n<p>Le\u00a0<em>R\u00e8glement int\u00e9rieur<\/em>\u00a0d\u00e9finit les r\u00e8gles de vie \u00e0 l\u2019int\u00e9rieur de l\u2019\u00c9tablissement. Il est r\u00e9dig\u00e9 par les repr\u00e9sentants des \u00e9l\u00e8ves, des parents, des enseignants et l\u2019administration. Il est vot\u00e9 chaque ann\u00e9e lors du dernier Conseil d\u2019\u00c9tablissement. <br>(Version valid\u00e9e par le CE du 23\/06\/2025)<\/p>\n\n\n\n<p>B\u1ea3n N\u1ed9i quy n\u00e0y x\u00e1c \u0111\u1ecbnh c\u00e1c quy t\u1eafc li\u00ean quan \u0111\u1ebfn m\u1ecdi ho\u1ea1t \u0111\u1ed9ng trong khu\u00f4n kh\u1ed5 tr\u01b0\u1eddng h\u1ecdc. N\u1ed9i quy \u0111\u01b0\u1ee3c so\u1ea1n th\u1ea3o b\u1edfi c\u00e1c \u0111\u1ea1i di\u1ec7n h\u1ecdc sinh, \u0111\u1ea1i di\u1ec7n ph\u1ee5 huynh h\u1ecdc sinh, c\u00e1c gi\u00e1o vi\u00ean v\u00e0 c\u00e1c th\u00e0nh vi\u00ean trong nh\u00e0 tr\u01b0\u1eddng, v\u00e0 \u0111\u01b0\u1ee3c \u0111\u01b0a ra th\u1ea3o lu\u1eadn, bi\u1ec3u quy\u1ebft v\u00e0 th\u00f4ng qua h\u00e0ng n\u0103m t\u1ea1i cu\u1ed9c h\u1ecdp H\u1ed9i \u0111\u1ed3ng tr\u01b0\u1eddng cu\u1ed1i n\u0103m h\u1ecdc.&nbsp;&nbsp;<\/p>\n\n\n\n<div class=\"wp-block-columns is-layout-flex wp-container-core-columns-is-layout-9d6595d7 wp-block-columns-is-layout-flex\">\n<div class=\"wp-block-column is-layout-flow wp-block-column-is-layout-flow\">\n<figure class=\"wp-block-image size-large\"><a href=\"https:\/\/lfiduras.com\/lfiduras\/wp-content\/uploads\/2025\/07\/RI-LFIMD-R2025.pdf\"><img decoding=\"async\" width=\"240\" height=\"166\" src=\"https:\/\/lfiduras.com\/lfiduras\/wp-content\/uploads\/2022\/06\/RI_fr.png\" alt=\"\" class=\"wp-image-1781\"\/><\/a><\/figure>\n<\/div>\n\n\n\n<div class=\"wp-block-column is-layout-flow wp-block-column-is-layout-flow\">\n<figure class=\"wp-block-image size-large\"><img decoding=\"async\" width=\"240\" height=\"165\" src=\"https:\/\/lfiduras.com\/lfiduras\/wp-content\/uploads\/2022\/06\/RI-VN.png\" alt=\"\" class=\"wp-image-1782\"\/><\/figure>\n<\/div>\n<\/div>\n","protected":false},"excerpt":{"rendered":"<p>Le\u00a0R\u00e8glement int\u00e9rieur\u00a0d\u00e9finit les r\u00e8gles de vie \u00e0 l\u2019int\u00e9rieur de l\u2019\u00c9tablissement. Il est r\u00e9dig\u00e9 par les repr\u00e9sentants des \u00e9l\u00e8ves, des parents, des enseignants et l\u2019administration. Il est vot\u00e9 chaque ann\u00e9e lors du dernier Conseil d\u2019\u00c9tablissement. (Version valid\u00e9e par le CE du 23\/06\/2025) B\u1ea3n N\u1ed9i quy n\u00e0y x\u00e1c \u0111\u1ecbnh c\u00e1c quy t\u1eafc li\u00ean quan \u0111\u1ebfn m\u1ecdi ho\u1ea1t [&hellip;]<\/p>\n","protected":false},"author":2,"featured_media":0,"parent":0,"menu_order":0,"comment_status":"closed","ping_status":"closed","template":"","meta":{"footnotes":""},"class_list":["post-491","page","type-page","status-publish","hentry","post"],"_links":{"self":[{"href":"https:\/\/lfiduras.com\/index.php\/wp-json\/wp\/v2\/pages\/491","targetHints":{"allow":["GET"]}}],"collection":[{"href":"https:\/\/lfiduras.com\/index.php\/wp-json\/wp\/v2\/pages"}],"about":[{"href":"https:\/\/lfiduras.com\/index.php\/wp-json\/wp\/v2\/types\/page"}],"author":[{"embeddable":true,"href":"https:\/\/lfiduras.com\/index.php\/wp-json\/wp\/v2\/users\/2"}],"replies":[{"embeddable":true,"href":"https:\/\/lfiduras.com\/index.php\/wp-json\/wp\/v2\/comments?post=491"}],"version-history":[{"count":12,"href":"https:\/\/lfiduras.com\/index.php\/wp-json\/wp\/v2\/pages\/491\/revisions"}],"predecessor-version":[{"id":8577,"href":"https:\/\/lfiduras.com\/index.php\/wp-json\/wp\/v2\/pages\/491\/revisions\/8577"}],"wp:attachment":[{"href":"https:\/\/lfiduras.com\/index.php\/wp-json\/wp\/v2\/media?parent=491"}],"curies":[{"name":"wp","href":"https:\/\/api.w.org\/{rel}","templated":true}]}}