{"id":4994,"date":"2023-10-20T10:52:02","date_gmt":"2023-10-20T03:52:02","guid":{"rendered":"https:\/\/lfiduras.com\/?page_id=4994"},"modified":"2026-01-06T15:50:06","modified_gmt":"2026-01-06T08:50:06","slug":"handicap-et-amenagement-depreuves","status":"publish","type":"page","link":"https:\/\/lfiduras.com\/index.php\/handicap-et-amenagement-depreuves\/","title":{"rendered":"Handicap et am\u00e9nagement d&#8217;\u00e9preuves"},"content":{"rendered":"\n<p><strong>Proc\u00e9dures de demande d&#8217;am\u00e9nagements aux examens<\/strong><\/p>\n\n\n\n<figure class=\"wp-block-image size-full\"><a href=\"https:\/\/www.ac-montpellier.fr\/handicap-et-amenagements-d-epreuves-123251\"><img fetchpriority=\"high\" decoding=\"async\" width=\"636\" height=\"300\" src=\"https:\/\/lfiduras.com\/lfiduras\/wp-content\/uploads\/2023\/10\/amenagement2.png\" alt=\"\" class=\"wp-image-4995\" srcset=\"https:\/\/lfiduras.com\/lfiduras\/wp-content\/uploads\/2023\/10\/amenagement2.png 636w, https:\/\/lfiduras.com\/lfiduras\/wp-content\/uploads\/2023\/10\/amenagement2-300x142.png 300w\" sizes=\"(max-width: 636px) 100vw, 636px\" \/><\/a><\/figure>\n\n\n\n<p>Vous trouverez&nbsp;<a href=\"https:\/\/www.ac-montpellier.fr\/handicap-et-amenagements-d-epreuves-123251\" target=\"_blank\" rel=\"noreferrer noopener\">ici<\/a>&nbsp;les modalit\u00e9s de demande d\u2019am\u00e9nagement aux examens pour les \u00e9l\u00e8ves \u00e0 besoins \u00e9ducatifs particuliers. Cela concerne les classes \u00e0 examen&nbsp;: 3<sup>\u00e8me<\/sup>-1<sup>\u00e8re<\/sup>-Tle<\/p>\n\n\n\n<p>Pour toute demande, <strong>nous vous invitons \u00e0 vous rapprocher du professeur principal<\/strong> de la classe de votre enfant.<\/p>\n","protected":false},"excerpt":{"rendered":"<p>Proc\u00e9dures de demande d&#8217;am\u00e9nagements aux examens Vous trouverez&nbsp;ici&nbsp;les modalit\u00e9s de demande d\u2019am\u00e9nagement aux examens pour les \u00e9l\u00e8ves \u00e0 besoins \u00e9ducatifs particuliers. Cela concerne les classes \u00e0 examen&nbsp;: 3\u00e8me-1\u00e8re-Tle Pour toute demande, nous vous invitons \u00e0 vous rapprocher du professeur principal de la classe de votre enfant.<\/p>\n","protected":false},"author":2,"featured_media":0,"parent":0,"menu_order":0,"comment_status":"closed","ping_status":"closed","template":"","meta":{"footnotes":""},"class_list":["post-4994","page","type-page","status-publish","hentry","post"],"_links":{"self":[{"href":"https:\/\/lfiduras.com\/index.php\/wp-json\/wp\/v2\/pages\/4994","targetHints":{"allow":["GET"]}}],"collection":[{"href":"https:\/\/lfiduras.com\/index.php\/wp-json\/wp\/v2\/pages"}],"about":[{"href":"https:\/\/lfiduras.com\/index.php\/wp-json\/wp\/v2\/types\/page"}],"author":[{"embeddable":true,"href":"https:\/\/lfiduras.com\/index.php\/wp-json\/wp\/v2\/users\/2"}],"replies":[{"embeddable":true,"href":"https:\/\/lfiduras.com\/index.php\/wp-json\/wp\/v2\/comments?post=4994"}],"version-history":[{"count":2,"href":"https:\/\/lfiduras.com\/index.php\/wp-json\/wp\/v2\/pages\/4994\/revisions"}],"predecessor-version":[{"id":9116,"href":"https:\/\/lfiduras.com\/index.php\/wp-json\/wp\/v2\/pages\/4994\/revisions\/9116"}],"wp:attachment":[{"href":"https:\/\/lfiduras.com\/index.php\/wp-json\/wp\/v2\/media?parent=4994"}],"curies":[{"name":"wp","href":"https:\/\/api.w.org\/{rel}","templated":true}]}}