{"id":531,"date":"2021-05-24T10:58:48","date_gmt":"2021-05-24T08:58:48","guid":{"rendered":"https:\/\/lfiduras.com\/?page_id=531"},"modified":"2025-03-04T14:42:36","modified_gmt":"2025-03-04T07:42:36","slug":"bcd","status":"publish","type":"page","link":"https:\/\/lfiduras.com\/index.php\/bcd\/","title":{"rendered":"BCD"},"content":{"rendered":"\n<p><strong>Un lieu ouvert \u00e0 tous les \u00e9l\u00e8ves de l\u2019\u00e9cole.<\/strong><\/p>\n\n\n\n<p>&nbsp;La BCD est anim\u00e9 par notre biblioth\u00e9caire Freddy, ce lieu ouvert est \u00e0 tous les \u00e9l\u00e8ves du 1<sup>er<\/sup> degr\u00e9, de nombreuses animations y sont organis\u00e9es autour de la&nbsp;lecture.<\/p>\n\n\n\n<p>Tous les \u00e9l\u00e8ves de l\u2019\u00e9cole primaire y viennent une fois par semaine avec leur enseignant, l\u2019occasion de consulter, de lire et bien s\u00fbr d\u2019emprunter des ouvrages.<\/p>\n\n\n\n<p>De plus, la BCD est ouverte en \u00ab&nbsp;acc\u00e8s libre&nbsp;\u00bb pendant les heures de r\u00e9cr\u00e9ations <strong>du matin <\/strong>(en accord avec les enseignants) o\u00f9 les \u00e9l\u00e8ves qui le souhaitent peuvent venir passer un moment \u00e0 lire ou \u00e0 travailler (pr\u00e9paration d&#8217;un expos\u00e9 par exemple).<\/p>\n\n\n\n<h4 class=\"wp-block-heading\">BCD \u00e0 la maison<\/h4>\n\n\n\n<p>Notre biblioth\u00e9caire a mis en ligne pour vous des ressources \u00e0 lire, \u00e0 \u00e9couter, \u00e0 voir, \u00e0 d\u00e9cortiquer par cycle. Rendre ses ressources disponibles aux enfants, c\u2019est l\u2019occasion d\u2019apporter une vision alternative du livre, de la narration, du documentaire.<br>Susciter la curiosit\u00e9 de l\u2019\u00e9l\u00e8ve c\u2019est ouvrir le chemin vers la connaissance.<br><a href=\"https:\/\/padlet.com\/freddynadolny\/cycle1\">Cycle 1<\/a><br><a href=\"https:\/\/padlet.com\/freddynadolny\/cycle2\">Cycle 2<\/a><br><a href=\"https:\/\/padlet.com\/freddynadolny\/cycle3\">Cycle 3<\/a><\/p>\n","protected":false},"excerpt":{"rendered":"<p>Un lieu ouvert \u00e0 tous les \u00e9l\u00e8ves de l\u2019\u00e9cole. &nbsp;La BCD est anim\u00e9 par notre biblioth\u00e9caire Freddy, ce lieu ouvert est \u00e0 tous les \u00e9l\u00e8ves du 1er degr\u00e9, de nombreuses animations y sont organis\u00e9es autour de la&nbsp;lecture. Tous les \u00e9l\u00e8ves de l\u2019\u00e9cole primaire y viennent une fois par semaine avec leur enseignant, l\u2019occasion de consulter, [&hellip;]<\/p>\n","protected":false},"author":2,"featured_media":0,"parent":0,"menu_order":0,"comment_status":"closed","ping_status":"closed","template":"","meta":{"footnotes":""},"class_list":["post-531","page","type-page","status-publish","hentry","post"],"_links":{"self":[{"href":"https:\/\/lfiduras.com\/index.php\/wp-json\/wp\/v2\/pages\/531","targetHints":{"allow":["GET"]}}],"collection":[{"href":"https:\/\/lfiduras.com\/index.php\/wp-json\/wp\/v2\/pages"}],"about":[{"href":"https:\/\/lfiduras.com\/index.php\/wp-json\/wp\/v2\/types\/page"}],"author":[{"embeddable":true,"href":"https:\/\/lfiduras.com\/index.php\/wp-json\/wp\/v2\/users\/2"}],"replies":[{"embeddable":true,"href":"https:\/\/lfiduras.com\/index.php\/wp-json\/wp\/v2\/comments?post=531"}],"version-history":[{"count":4,"href":"https:\/\/lfiduras.com\/index.php\/wp-json\/wp\/v2\/pages\/531\/revisions"}],"predecessor-version":[{"id":7991,"href":"https:\/\/lfiduras.com\/index.php\/wp-json\/wp\/v2\/pages\/531\/revisions\/7991"}],"wp:attachment":[{"href":"https:\/\/lfiduras.com\/index.php\/wp-json\/wp\/v2\/media?parent=531"}],"curies":[{"name":"wp","href":"https:\/\/api.w.org\/{rel}","templated":true}]}}