{"id":532,"date":"2021-05-24T10:58:48","date_gmt":"2021-05-24T08:58:48","guid":{"rendered":"https:\/\/lfiduras.com\/?page_id=532"},"modified":"2024-10-03T15:15:01","modified_gmt":"2024-10-03T08:15:01","slug":"cdi","status":"publish","type":"page","link":"https:\/\/lfiduras.com\/index.php\/cdi\/","title":{"rendered":"CDI"},"content":{"rendered":"\n<p><strong>Le C.D.I. est un Centre de Documentation et d\u2019Information.<\/strong><br><a href=\"https:\/\/2430002g.esidoc.fr\/\">(l<em>ien cers le site du cdi<\/em>)<\/a><\/p>\n\n\n\n<p><strong>A quoi sert un CDI?<\/strong>&nbsp;<\/p>\n\n\n\n<p>Le Centre de Documentation et d\u2019Information du lyc\u00e9e est un espace d\u2019accueil pour tous les \u00e9l\u00e8ves du secondaire. C\u2019est un lieu aux multiples fonctions :<\/p>\n\n\n\n<p><strong>Lieu de lecture<\/strong><\/p>\n\n\n\n<p>Dans cet espace de 140 m\u00b2, le CDI propose aux \u00e9l\u00e8ves de nombreux et divers types de documents : romans (classiques, litt\u00e9rature jeunesse, en langues \u00e9trang\u00e8res\u2026), livres documentaires, pi\u00e8ces de th\u00e9\u00e2tre, recueils de po\u00e9sie, contes, bandes dessin\u00e9es, mangas et magazines qu\u2019ils peuvent lire sur place ou emprunter.<\/p>\n\n\n\n<p><strong>Espace de travail<\/strong><\/p>\n\n\n\n<p>Le CDI accueille les \u00e9l\u00e8ves pendant les heures de permanence, le temps de cantine, la r\u00e9cr\u00e9ation. Des ressources vari\u00e9es sont disponibles via diff\u00e9rents supports papier (manuels scolaires, dictionnaires, encyclop\u00e9dies\u2026) et num\u00e9riques (ordinateurs \u00e0 disposition).<\/p>\n\n\n\n<p>Le professeur-documentaliste accompagne et guide les \u00e9l\u00e8ves dans leurs travaux (devoirs, recherches).<\/p>\n\n\n\n<p><strong>Exploiter et restituer l\u2019information<\/strong><\/p>\n\n\n\n<p>Les \u00e9l\u00e8ves peuvent \u00e9galement venir au CDI dans le cadre de s\u00e9ances p\u00e9dagogiques men\u00e9es en collaboration avec un enseignant sur des sujets vari\u00e9s. C\u2019est aussi au CDI, que les \u00e9l\u00e8ves du coll\u00e8ge et du lyc\u00e9e sont form\u00e9s \u00e0 l\u2019EMI (Education aux m\u00e9dias et \u00e0 l\u2019information), et aux principes de la \u00ab Recherche Documentaire \u00bb sur le <a href=\"https:\/\/2430002g.esidoc.fr\/\">site du CDI<\/a>.<\/p>\n\n\n\n<p>Ils apprennent \u00e0 conna\u00eetre les diff\u00e9rents outils documentaires, l\u2019information (recherches dans les livres et sur l\u2019Internet), \u00e0 exploiter et restituer cette information (prise de notes, synth\u00e8se, r\u00e9alisation de dossiers, d\u2019expos\u00e9s\u2026).<\/p>\n\n\n\n<p>Ils acqui\u00e8rent ainsi des m\u00e9thodes de travail afin de favoriser leur autonomie et de d\u00e9velopper leur esprit critique, ce qui leur permettra d\u2019appr\u00e9hender l\u2019offre d\u2019information dans notre soci\u00e9t\u00e9.<\/p>\n\n\n\n<p><strong>Lieu d\u2019information sur l\u2019orientation et les m\u00e9tiers<\/strong><\/p>\n\n\n\n<p>Pour aider les \u00e9l\u00e8ves dans leur d\u00e9marche d\u2019orientation, le CDI met \u00e0 leur disposition de la documentation sur les \u00e9tudes, les dipl\u00f4mes et les m\u00e9tiers.<\/p>\n\n\n\n<p>Un acc\u00e8s \u00e0 l\u2019ONISEP num\u00e9rique est \u00e9galement propos\u00e9.<\/p>\n\n\n\n<p><strong>Espace d\u2019ouverture culturelle<\/strong><\/p>\n\n\n\n<p>De nombreuses manifestations culturelles viennent jalonner l\u2019ann\u00e9e au CDI : semaine de la presse, expositions de travaux d\u2019\u00e9l\u00e8ves, concours, pr\u00e9sentation d\u2019ouvrages autour d\u2019un th\u00e8me, ludoth\u00e8que entre 11h et 13h (nombreux jeux de soci\u00e9t\u00e9 \u00e0 disposition), webradio \u2026 Les \u00e9l\u00e8ves peuvent ainsi satisfaire pleinement leur curiosit\u00e9 personnelle.<\/p>\n\n\n\n<p><strong>Le CDI est ouvert tous les jours <\/strong>de 8h \u00e0 16h  pour permettre \u00e0 tous de venir lire, travailler ou emprunter des documents librement.<\/p>\n\n\n\n<p>Vous \u00eates accueillis et conseill\u00e9s par Mme Maryline MATTEI , professeure documentaliste et M. Van Anh Nguyen, aide documentaliste.<\/p>\n\n\n\n<p><\/p>\n\n\n\n<figure class=\"wp-block-image alignwide size-large\"><img fetchpriority=\"high\" decoding=\"async\" width=\"1024\" height=\"313\" src=\"https:\/\/lfiduras.com\/lfiduras\/wp-content\/uploads\/2022\/05\/cdi-site-1_1800-1024x313.jpg\" alt=\"\" class=\"wp-image-1582\" srcset=\"https:\/\/lfiduras.com\/lfiduras\/wp-content\/uploads\/2022\/05\/cdi-site-1_1800-1024x313.jpg 1024w, https:\/\/lfiduras.com\/lfiduras\/wp-content\/uploads\/2022\/05\/cdi-site-1_1800-300x92.jpg 300w, https:\/\/lfiduras.com\/lfiduras\/wp-content\/uploads\/2022\/05\/cdi-site-1_1800-768x235.jpg 768w, https:\/\/lfiduras.com\/lfiduras\/wp-content\/uploads\/2022\/05\/cdi-site-1_1800-1536x470.jpg 1536w, https:\/\/lfiduras.com\/lfiduras\/wp-content\/uploads\/2022\/05\/cdi-site-1_1800.jpg 1800w\" sizes=\"(max-width: 1024px) 100vw, 1024px\" \/><\/figure>\n","protected":false},"excerpt":{"rendered":"<p>Le C.D.I. est un Centre de Documentation et d\u2019Information.(lien cers le site du cdi) A quoi sert un CDI?&nbsp; Le Centre de Documentation et d\u2019Information du lyc\u00e9e est un espace d\u2019accueil pour tous les \u00e9l\u00e8ves du secondaire. C\u2019est un lieu aux multiples fonctions : Lieu de lecture Dans cet espace de 140 m\u00b2, le CDI [&hellip;]<\/p>\n","protected":false},"author":2,"featured_media":0,"parent":0,"menu_order":0,"comment_status":"closed","ping_status":"closed","template":"","meta":{"footnotes":""},"class_list":["post-532","page","type-page","status-publish","hentry","post"],"_links":{"self":[{"href":"https:\/\/lfiduras.com\/index.php\/wp-json\/wp\/v2\/pages\/532","targetHints":{"allow":["GET"]}}],"collection":[{"href":"https:\/\/lfiduras.com\/index.php\/wp-json\/wp\/v2\/pages"}],"about":[{"href":"https:\/\/lfiduras.com\/index.php\/wp-json\/wp\/v2\/types\/page"}],"author":[{"embeddable":true,"href":"https:\/\/lfiduras.com\/index.php\/wp-json\/wp\/v2\/users\/2"}],"replies":[{"embeddable":true,"href":"https:\/\/lfiduras.com\/index.php\/wp-json\/wp\/v2\/comments?post=532"}],"version-history":[{"count":15,"href":"https:\/\/lfiduras.com\/index.php\/wp-json\/wp\/v2\/pages\/532\/revisions"}],"predecessor-version":[{"id":7128,"href":"https:\/\/lfiduras.com\/index.php\/wp-json\/wp\/v2\/pages\/532\/revisions\/7128"}],"wp:attachment":[{"href":"https:\/\/lfiduras.com\/index.php\/wp-json\/wp\/v2\/media?parent=532"}],"curies":[{"name":"wp","href":"https:\/\/api.w.org\/{rel}","templated":true}]}}