{"id":538,"date":"2021-05-24T10:58:48","date_gmt":"2021-05-24T08:58:48","guid":{"rendered":"https:\/\/lfiduras.com\/?page_id=538"},"modified":"2025-09-09T10:36:59","modified_gmt":"2025-09-09T03:36:59","slug":"calendrier-scolaire","status":"publish","type":"page","link":"https:\/\/lfiduras.com\/index.php\/calendrier-scolaire\/","title":{"rendered":"Calendriers scolaires"},"content":{"rendered":"\n<p><\/p>\n\n\n\n<hr class=\"wp-block-separator has-css-opacity\"\/>\n\n\n\n<p><a href=\"https:\/\/lfiduras.com\/lfiduras\/wp-content\/uploads\/2025\/05\/Calendrier-HCMV-2025-26-valide.pdf\">Calendrier scolaire 2025\/2026<\/a><\/p>\n\n\n\n<p>D\u00e9roulement de l&#8217;ann\u00e9e pr\u00e9visionnel (\u00e0 venir)<a href=\"https:\/\/lfiduras.com\/lfiduras\/wp-content\/uploads\/2023\/04\/Calendrier-previsionnel_activites_2022_2023_10-04-2022.pdf\"><br><\/a>Calendrier pr\u00e9visionnel de l&#8217;orientation 2025\/2026 (\u00e0 venir)<\/p>\n\n\n\n<figure data-wp-context=\"{&quot;imageId&quot;:&quot;69d72f7ccdf7d&quot;}\" data-wp-interactive=\"core\/image\" class=\"wp-block-image size-large wp-lightbox-container\"><img fetchpriority=\"high\" decoding=\"async\" width=\"1024\" height=\"620\" data-wp-class--hide=\"state.isContentHidden\" data-wp-class--show=\"state.isContentVisible\" data-wp-init=\"callbacks.setButtonStyles\" data-wp-on-async--click=\"actions.showLightbox\" data-wp-on-async--load=\"callbacks.setButtonStyles\" data-wp-on-async-window--resize=\"callbacks.setButtonStyles\" src=\"https:\/\/lfiduras.com\/lfiduras\/wp-content\/uploads\/2025\/05\/Calendrier_2025_2026-1024x620.png\" alt=\"\" class=\"wp-image-8249\" srcset=\"https:\/\/lfiduras.com\/lfiduras\/wp-content\/uploads\/2025\/05\/Calendrier_2025_2026-1024x620.png 1024w, https:\/\/lfiduras.com\/lfiduras\/wp-content\/uploads\/2025\/05\/Calendrier_2025_2026-300x182.png 300w, https:\/\/lfiduras.com\/lfiduras\/wp-content\/uploads\/2025\/05\/Calendrier_2025_2026-768x465.png 768w, https:\/\/lfiduras.com\/lfiduras\/wp-content\/uploads\/2025\/05\/Calendrier_2025_2026.png 1064w\" sizes=\"(max-width: 1024px) 100vw, 1024px\" \/><button\n\t\t\tclass=\"lightbox-trigger\"\n\t\t\ttype=\"button\"\n\t\t\taria-haspopup=\"dialog\"\n\t\t\taria-label=\"Agrandir\"\n\t\t\tdata-wp-init=\"callbacks.initTriggerButton\"\n\t\t\tdata-wp-on-async--click=\"actions.showLightbox\"\n\t\t\tdata-wp-style--right=\"state.imageButtonRight\"\n\t\t\tdata-wp-style--top=\"state.imageButtonTop\"\n\t\t>\n\t\t\t<svg xmlns=\"http:\/\/www.w3.org\/2000\/svg\" width=\"12\" height=\"12\" fill=\"none\" viewBox=\"0 0 12 12\">\n\t\t\t\t<path fill=\"#fff\" d=\"M2 0a2 2 0 0 0-2 2v2h1.5V2a.5.5 0 0 1 .5-.5h2V0H2Zm2 10.5H2a.5.5 0 0 1-.5-.5V8H0v2a2 2 0 0 0 2 2h2v-1.5ZM8 12v-1.5h2a.5.5 0 0 0 .5-.5V8H12v2a2 2 0 0 1-2 2H8Zm2-12a2 2 0 0 1 2 2v2h-1.5V2a.5.5 0 0 0-.5-.5H8V0h2Z\" \/>\n\t\t\t<\/svg>\n\t\t<\/button><\/figure>\n\n\n\n<p><br><\/p>\n\n\n\n<h5 class=\"wp-block-heading\"><br><br><br><\/h5>\n\n\n\n<p><br><\/p>\n\n\n\n<hr class=\"wp-block-separator has-css-opacity\"\/>\n\n\n\n<p><\/p>\n","protected":false},"excerpt":{"rendered":"<p>Calendrier scolaire 2025\/2026 D\u00e9roulement de l&#8217;ann\u00e9e pr\u00e9visionnel (\u00e0 venir)Calendrier pr\u00e9visionnel de l&#8217;orientation 2025\/2026 (\u00e0 venir)<\/p>\n","protected":false},"author":2,"featured_media":0,"parent":0,"menu_order":0,"comment_status":"closed","ping_status":"closed","template":"","meta":{"footnotes":""},"class_list":["post-538","page","type-page","status-publish","hentry","post"],"_links":{"self":[{"href":"https:\/\/lfiduras.com\/index.php\/wp-json\/wp\/v2\/pages\/538","targetHints":{"allow":["GET"]}}],"collection":[{"href":"https:\/\/lfiduras.com\/index.php\/wp-json\/wp\/v2\/pages"}],"about":[{"href":"https:\/\/lfiduras.com\/index.php\/wp-json\/wp\/v2\/types\/page"}],"author":[{"embeddable":true,"href":"https:\/\/lfiduras.com\/index.php\/wp-json\/wp\/v2\/users\/2"}],"replies":[{"embeddable":true,"href":"https:\/\/lfiduras.com\/index.php\/wp-json\/wp\/v2\/comments?post=538"}],"version-history":[{"count":87,"href":"https:\/\/lfiduras.com\/index.php\/wp-json\/wp\/v2\/pages\/538\/revisions"}],"predecessor-version":[{"id":8615,"href":"https:\/\/lfiduras.com\/index.php\/wp-json\/wp\/v2\/pages\/538\/revisions\/8615"}],"wp:attachment":[{"href":"https:\/\/lfiduras.com\/index.php\/wp-json\/wp\/v2\/media?parent=538"}],"curies":[{"name":"wp","href":"https:\/\/api.w.org\/{rel}","templated":true}]}}