{"id":5394,"date":"2023-12-05T13:26:53","date_gmt":"2023-12-05T06:26:53","guid":{"rendered":"https:\/\/lfiduras.com\/?page_id=5394"},"modified":"2025-04-10T14:51:43","modified_gmt":"2025-04-10T07:51:43","slug":"club-de-mathematiques","status":"publish","type":"page","link":"https:\/\/lfiduras.com\/index.php\/club-de-mathematiques\/","title":{"rendered":"Club de math\u00e9matiques"},"content":{"rendered":"<div class=\"wp-block-image\">\n<figure class=\"alignright size-full\"><img fetchpriority=\"high\" decoding=\"async\" width=\"300\" height=\"186\" src=\"https:\/\/lfiduras.com\/lfiduras\/wp-content\/uploads\/2023\/12\/Club_Maths.png\" alt=\"\" class=\"wp-image-5449\"\/><\/figure><\/div>\n\n\n<p>Le club de math\u00e9matiques du LfiDuras a \u00e9t\u00e9 lanc\u00e9 en octobre 2023 par Eunsol KIM , \u00e9l\u00e8ve de 2C. Il y a d\u00e9j\u00e0 une trentaine d\u2019\u00e9l\u00e8ves qui y participent.<br>Les membres, uniquement des lyc\u00e9ens, se retrouvent 2 fois par semaine, le mardi et le jeudi de 12h30 \u00e0 13h00.<\/p>\n\n\n\n<p>Au programme du mardi, des activit\u00e9s et des projets de maths cr\u00e9atifs propos\u00e9s par certains professeurs et Eunsol. <\/p>\n\n\n\n<p>Le jeudi, les membres du club pr\u00e9parent des le\u00e7ons, des pr\u00e9sentations ou des expos\u00e9s sur des sujets de maths, notamment sur l&#8217;histoire des math\u00e9matiques ou sur des math\u00e9maticiens. Il peut \u00e9galement \u00eatre propos\u00e9 des le\u00e7ons dont les membres ont besoin.<\/p>\n\n\n\n<p>B\u00e9n\u00e9volat : les membres qui le souhaitent pourront devenir &#8220;tuteur&#8221; afin d&#8217;aider b\u00e9n\u00e9volement des \u00e9l\u00e8ves du primaire qui sont en difficult\u00e9s.<\/p>\n\n\n\n<p>Et bien entendu, au cours de l&#8217;ann\u00e9e, des comp\u00e9titions au sein de l\u2019\u00e9tablissement seront propos\u00e9es \u00e0 tous les lyc\u00e9ens.<\/p>\n\n\n\n<figure class=\"wp-block-gallery has-nested-images columns-default is-cropped wp-block-gallery-1 is-layout-flex wp-block-gallery-is-layout-flex\">\n<figure class=\"wp-block-image size-large\"><img decoding=\"async\" width=\"1024\" height=\"768\" data-id=\"5493\" src=\"https:\/\/lfiduras.com\/lfiduras\/wp-content\/uploads\/2023\/12\/image_50456833-1024x768.jpg\" alt=\"\" class=\"wp-image-5493\" srcset=\"https:\/\/lfiduras.com\/lfiduras\/wp-content\/uploads\/2023\/12\/image_50456833-1024x768.jpg 1024w, https:\/\/lfiduras.com\/lfiduras\/wp-content\/uploads\/2023\/12\/image_50456833-300x225.jpg 300w, https:\/\/lfiduras.com\/lfiduras\/wp-content\/uploads\/2023\/12\/image_50456833-768x576.jpg 768w, https:\/\/lfiduras.com\/lfiduras\/wp-content\/uploads\/2023\/12\/image_50456833-1536x1152.jpg 1536w, https:\/\/lfiduras.com\/lfiduras\/wp-content\/uploads\/2023\/12\/image_50456833-2048x1536.jpg 2048w\" sizes=\"(max-width: 1024px) 100vw, 1024px\" \/><\/figure>\n\n\n\n<figure class=\"wp-block-image size-large\"><img decoding=\"async\" width=\"659\" height=\"713\" data-id=\"5494\" src=\"https:\/\/lfiduras.com\/lfiduras\/wp-content\/uploads\/2023\/12\/Screenshot-2023-12-05-at-3.50.52-PM.png\" alt=\"\" class=\"wp-image-5494\" srcset=\"https:\/\/lfiduras.com\/lfiduras\/wp-content\/uploads\/2023\/12\/Screenshot-2023-12-05-at-3.50.52-PM.png 659w, https:\/\/lfiduras.com\/lfiduras\/wp-content\/uploads\/2023\/12\/Screenshot-2023-12-05-at-3.50.52-PM-277x300.png 277w\" sizes=\"(max-width: 659px) 100vw, 659px\" \/><\/figure>\n<\/figure>\n","protected":false},"excerpt":{"rendered":"<p>Le club de math\u00e9matiques du LfiDuras a \u00e9t\u00e9 lanc\u00e9 en octobre 2023 par Eunsol KIM , \u00e9l\u00e8ve de 2C. Il y a d\u00e9j\u00e0 une trentaine d\u2019\u00e9l\u00e8ves qui y participent.Les membres, uniquement des lyc\u00e9ens, se retrouvent 2 fois par semaine, le mardi et le jeudi de 12h30 \u00e0 13h00. Au programme du mardi, des activit\u00e9s et [&hellip;]<\/p>\n","protected":false},"author":2,"featured_media":0,"parent":0,"menu_order":0,"comment_status":"closed","ping_status":"closed","template":"","meta":{"footnotes":""},"class_list":["post-5394","page","type-page","status-publish","hentry","post"],"_links":{"self":[{"href":"https:\/\/lfiduras.com\/index.php\/wp-json\/wp\/v2\/pages\/5394","targetHints":{"allow":["GET"]}}],"collection":[{"href":"https:\/\/lfiduras.com\/index.php\/wp-json\/wp\/v2\/pages"}],"about":[{"href":"https:\/\/lfiduras.com\/index.php\/wp-json\/wp\/v2\/types\/page"}],"author":[{"embeddable":true,"href":"https:\/\/lfiduras.com\/index.php\/wp-json\/wp\/v2\/users\/2"}],"replies":[{"embeddable":true,"href":"https:\/\/lfiduras.com\/index.php\/wp-json\/wp\/v2\/comments?post=5394"}],"version-history":[{"count":7,"href":"https:\/\/lfiduras.com\/index.php\/wp-json\/wp\/v2\/pages\/5394\/revisions"}],"predecessor-version":[{"id":8190,"href":"https:\/\/lfiduras.com\/index.php\/wp-json\/wp\/v2\/pages\/5394\/revisions\/8190"}],"wp:attachment":[{"href":"https:\/\/lfiduras.com\/index.php\/wp-json\/wp\/v2\/media?parent=5394"}],"curies":[{"name":"wp","href":"https:\/\/api.w.org\/{rel}","templated":true}]}}