{"id":5541,"date":"2023-12-07T13:14:12","date_gmt":"2023-12-07T06:14:12","guid":{"rendered":"https:\/\/lfiduras.com\/?page_id=5541"},"modified":"2023-12-07T13:28:02","modified_gmt":"2023-12-07T06:28:02","slug":"club-edd","status":"publish","type":"page","link":"https:\/\/lfiduras.com\/index.php\/club-edd\/","title":{"rendered":"Club EDD"},"content":{"rendered":"\n<h1 class=\"wp-block-heading\" id=\"EDD\"><\/h1>\n\n\n\n<p>Le club EDD (\u00c9ducation au D\u00e9veloppement Durable) est ouvert aux \u00e9l\u00e8ves de CM2 jusqu\u2019en<\/p>\n\n\n\n<p>1\u00e8re, ce club dynamique organise diff\u00e9rentes activit\u00e9s et participe \u00e0 de multiples manifestations tout au long de l\u2019ann\u00e9e.<\/p>\n\n\n\n<p>Cette ann\u00e9e Tara Oc\u00e9an(*) lance un appel aux \u00e9l\u00e8ves du Lfiduras pour devenir des \u00ab&nbsp;graines reporters&nbsp;\u00bb, en r\u00e9alisant des vid\u00e9os de 3 mn sur le th\u00e8me de l\u2019oc\u00e9an, et plus particuli\u00e8rement du plancton.<\/p>\n\n\n\n<p>*(La Fondation&nbsp;<em><strong>Tara Oc\u00e9an<\/strong><\/em>&nbsp;d\u00e9veloppe une science innovante et de haut niveau sur l\u2019\u00e9cosyst\u00e8me marin pour comprendre cet \u00e9cosyst\u00e8me vital<\/p>\n\n\n\n<figure class=\"wp-block-embed\"><div class=\"wp-block-embed__wrapper\">\nhttps:\/\/oceans.taraexpeditions.org\/).\n<\/div><\/figure>\n","protected":false},"excerpt":{"rendered":"<p>Le club EDD (\u00c9ducation au D\u00e9veloppement Durable) est ouvert aux \u00e9l\u00e8ves de CM2 jusqu\u2019en 1\u00e8re, ce club dynamique organise diff\u00e9rentes activit\u00e9s et participe \u00e0 de multiples manifestations tout au long de l\u2019ann\u00e9e. Cette ann\u00e9e Tara Oc\u00e9an(*) lance un appel aux \u00e9l\u00e8ves du Lfiduras pour devenir des \u00ab&nbsp;graines reporters&nbsp;\u00bb, en r\u00e9alisant des vid\u00e9os de 3 mn [&hellip;]<\/p>\n","protected":false},"author":2,"featured_media":0,"parent":0,"menu_order":0,"comment_status":"closed","ping_status":"closed","template":"","meta":{"footnotes":""},"class_list":["post-5541","page","type-page","status-publish","hentry","post"],"_links":{"self":[{"href":"https:\/\/lfiduras.com\/index.php\/wp-json\/wp\/v2\/pages\/5541","targetHints":{"allow":["GET"]}}],"collection":[{"href":"https:\/\/lfiduras.com\/index.php\/wp-json\/wp\/v2\/pages"}],"about":[{"href":"https:\/\/lfiduras.com\/index.php\/wp-json\/wp\/v2\/types\/page"}],"author":[{"embeddable":true,"href":"https:\/\/lfiduras.com\/index.php\/wp-json\/wp\/v2\/users\/2"}],"replies":[{"embeddable":true,"href":"https:\/\/lfiduras.com\/index.php\/wp-json\/wp\/v2\/comments?post=5541"}],"version-history":[{"count":1,"href":"https:\/\/lfiduras.com\/index.php\/wp-json\/wp\/v2\/pages\/5541\/revisions"}],"predecessor-version":[{"id":5542,"href":"https:\/\/lfiduras.com\/index.php\/wp-json\/wp\/v2\/pages\/5541\/revisions\/5542"}],"wp:attachment":[{"href":"https:\/\/lfiduras.com\/index.php\/wp-json\/wp\/v2\/media?parent=5541"}],"curies":[{"name":"wp","href":"https:\/\/api.w.org\/{rel}","templated":true}]}}