{"id":5679,"date":"2023-12-18T08:48:16","date_gmt":"2023-12-18T01:48:16","guid":{"rendered":"https:\/\/lfiduras.com\/?page_id=5679"},"modified":"2023-12-18T10:47:52","modified_gmt":"2023-12-18T03:47:52","slug":"maison-des-lyceens","status":"publish","type":"page","link":"https:\/\/lfiduras.com\/index.php\/maison-des-lyceens\/","title":{"rendered":"Maison Des Lyc\u00e9ens"},"content":{"rendered":"\n<p>Samedi 16 d\u00e9cembre 2023, les \u00e9l\u00e8ves de la MDL ont organis\u00e9 une visite au refuge pour chien Laws for paws \u00e0 Thao Dien.<br><\/p>\n\n\n\n<figure class=\"wp-block-image size-large\"><img fetchpriority=\"high\" decoding=\"async\" width=\"1024\" height=\"1024\" src=\"https:\/\/lfiduras.com\/lfiduras\/wp-content\/uploads\/2023\/12\/Picsart_23-12-17_23-07-38-095-1024x1024.jpg\" alt=\"\" class=\"wp-image-5680\" srcset=\"https:\/\/lfiduras.com\/lfiduras\/wp-content\/uploads\/2023\/12\/Picsart_23-12-17_23-07-38-095-1024x1024.jpg 1024w, https:\/\/lfiduras.com\/lfiduras\/wp-content\/uploads\/2023\/12\/Picsart_23-12-17_23-07-38-095-300x300.jpg 300w, https:\/\/lfiduras.com\/lfiduras\/wp-content\/uploads\/2023\/12\/Picsart_23-12-17_23-07-38-095-150x150.jpg 150w, https:\/\/lfiduras.com\/lfiduras\/wp-content\/uploads\/2023\/12\/Picsart_23-12-17_23-07-38-095-768x768.jpg 768w, https:\/\/lfiduras.com\/lfiduras\/wp-content\/uploads\/2023\/12\/Picsart_23-12-17_23-07-38-095.jpg 1080w\" sizes=\"(max-width: 1024px) 100vw, 1024px\" \/><\/figure>\n","protected":false},"excerpt":{"rendered":"<p>Samedi 16 d\u00e9cembre 2023, les \u00e9l\u00e8ves de la MDL ont organis\u00e9 une visite au refuge pour chien Laws for paws \u00e0 Thao Dien.<\/p>\n","protected":false},"author":2,"featured_media":0,"parent":0,"menu_order":0,"comment_status":"closed","ping_status":"closed","template":"","meta":{"footnotes":""},"class_list":["post-5679","page","type-page","status-publish","hentry","post"],"_links":{"self":[{"href":"https:\/\/lfiduras.com\/index.php\/wp-json\/wp\/v2\/pages\/5679","targetHints":{"allow":["GET"]}}],"collection":[{"href":"https:\/\/lfiduras.com\/index.php\/wp-json\/wp\/v2\/pages"}],"about":[{"href":"https:\/\/lfiduras.com\/index.php\/wp-json\/wp\/v2\/types\/page"}],"author":[{"embeddable":true,"href":"https:\/\/lfiduras.com\/index.php\/wp-json\/wp\/v2\/users\/2"}],"replies":[{"embeddable":true,"href":"https:\/\/lfiduras.com\/index.php\/wp-json\/wp\/v2\/comments?post=5679"}],"version-history":[{"count":2,"href":"https:\/\/lfiduras.com\/index.php\/wp-json\/wp\/v2\/pages\/5679\/revisions"}],"predecessor-version":[{"id":5682,"href":"https:\/\/lfiduras.com\/index.php\/wp-json\/wp\/v2\/pages\/5679\/revisions\/5682"}],"wp:attachment":[{"href":"https:\/\/lfiduras.com\/index.php\/wp-json\/wp\/v2\/media?parent=5679"}],"curies":[{"name":"wp","href":"https:\/\/api.w.org\/{rel}","templated":true}]}}