{"id":583,"date":"2021-06-08T09:53:42","date_gmt":"2021-06-08T07:53:42","guid":{"rendered":"https:\/\/lfiduras.com\/?page_id=583"},"modified":"2026-04-03T14:28:37","modified_gmt":"2026-04-03T07:28:37","slug":"accueil","status":"publish","type":"page","link":"https:\/\/lfiduras.com\/","title":{"rendered":""},"content":{"rendered":"\n<div class=\"wp-block-columns is-layout-flex wp-container-core-columns-is-layout-9d6595d7 wp-block-columns-is-layout-flex\">\n<div class=\"wp-block-column is-layout-flow wp-block-column-is-layout-flow\">\n<div class=\"wp-block-columns is-layout-flex wp-container-core-columns-is-layout-9d6595d7 wp-block-columns-is-layout-flex\">\n<div class=\"wp-block-column is-layout-flow wp-block-column-is-layout-flow\"><ul class=\"wp-block-latest-posts__list wp-block-latest-posts\"><li><div class=\"wp-block-latest-posts__featured-image aligncenter\"><a href=\"https:\/\/lfiduras.com\/index.php\/2026\/04\/03\/la-webradio-du-lycee-est-en-ligne\/\" aria-label=\"La webradio du lyc\u00e9e est en ligne !\"><img decoding=\"async\" width=\"150\" height=\"150\" src=\"https:\/\/lfiduras.com\/lfiduras\/wp-content\/uploads\/2026\/04\/Des-a-present-retrouvez-les-emissions-et-podcasts-de-la-Webradio-college-et-lycee-sur-Audioblog-la-solution-sonore-portee-par-Arte-Radio.-Ecoutez-suivez-partagez.-Informez-vous-reg-2-150x150.png\" class=\"attachment-thumbnail size-thumbnail wp-post-image\" alt=\"\" style=\"\" \/><\/a><\/div><a class=\"wp-block-latest-posts__post-title\" href=\"https:\/\/lfiduras.com\/index.php\/2026\/04\/03\/la-webradio-du-lycee-est-en-ligne\/\">La webradio du lyc\u00e9e est en ligne !<\/a><div class=\"wp-block-latest-posts__post-excerpt\">Depuis le Vietnam, le Lyc\u00e9e Fran\u00e7ais International Marguerite Duras \u00e0 H\u00f4-Chi-Minh-Ville vous propose de cheminer avec les \u00e9l\u00e8ves de son club webradio sur les traces de la vie ici, \u00e0 la rencontre d&#8217;intervenants, en plong\u00e9e au sein du foisonnement de l&#8217;\u00e9tablissement\u2026 <a class=\"wp-block-latest-posts__read-more\" href=\"https:\/\/lfiduras.com\/index.php\/2026\/04\/03\/la-webradio-du-lycee-est-en-ligne\/\" rel=\"noopener noreferrer\">Lire la suite<span class=\"screen-reader-text\">\u00a0: La webradio du lyc\u00e9e est en ligne !<\/span><\/a><\/div><\/li>\n<li><div class=\"wp-block-latest-posts__featured-image aligncenter\"><a href=\"https:\/\/lfiduras.com\/index.php\/2026\/04\/03\/le-durasien-parution-du-nouveau-numero-du-club-journal\/\" aria-label=\"Le Durasien : parution du nouveau num\u00e9ro du Club Journal\"><img decoding=\"async\" width=\"150\" height=\"150\" src=\"https:\/\/lfiduras.com\/lfiduras\/wp-content\/uploads\/2026\/04\/1-150x150.png\" class=\"attachment-thumbnail size-thumbnail wp-post-image\" alt=\"\" style=\"\" \/><\/a><\/div><a class=\"wp-block-latest-posts__post-title\" href=\"https:\/\/lfiduras.com\/index.php\/2026\/04\/03\/le-durasien-parution-du-nouveau-numero-du-club-journal\/\">Le Durasien : parution du nouveau num\u00e9ro du Club Journal<\/a><div class=\"wp-block-latest-posts__post-excerpt\">Le club journal du LFI Duras est fier de vous pr\u00e9senter le tout dernier num\u00e9ro du Durasien ! \u270d\ufe0f Au programme : des articles vari\u00e9s, des regards d\u2019\u00e9l\u00e8ves sur l\u2019actualit\u00e9, la vie du lyc\u00e9e, des interviews, des cr\u00e9ations\u2026 Un travail collectif\u2026 <a class=\"wp-block-latest-posts__read-more\" href=\"https:\/\/lfiduras.com\/index.php\/2026\/04\/03\/le-durasien-parution-du-nouveau-numero-du-club-journal\/\" rel=\"noopener noreferrer\">Lire la suite<span class=\"screen-reader-text\">\u00a0: Le Durasien : parution du nouveau num\u00e9ro du Club Journal<\/span><\/a><\/div><\/li>\n<\/ul><\/div>\n\n\n\n<div class=\"wp-block-column is-vertically-aligned-top is-layout-flow wp-block-column-is-layout-flow\">\n<div class=\"wp-block-cover is-light has-custom-content-position is-position-center-right\" style=\"min-height:300px;aspect-ratio:unset;\"><span aria-hidden=\"true\" class=\"wp-block-cover__background has-white-background-color has-background-dim-100 has-background-dim\"><\/span><div class=\"wp-block-cover__inner-container is-layout-flow wp-block-cover-is-layout-flow\">\n<div class=\"wp-block-columns is-layout-flex wp-container-core-columns-is-layout-9d6595d7 wp-block-columns-is-layout-flex\">\n<div class=\"wp-block-column is-layout-flow wp-block-column-is-layout-flow\" style=\"flex-basis:40%\"><div class=\"wp-block-image\">\n<figure class=\"aligncenter size-large is-resized\"><a href=\"https:\/\/lfiduras.com\/lfiduras\/wp-content\/uploads\/2026\/04\/Menu-S21-du-06-au-10-avril-2026.pdf\" target=\"_blank\" rel=\"noreferrer noopener\"><img decoding=\"async\" width=\"100\" height=\"127\" src=\"https:\/\/lfiduras.com\/lfiduras\/wp-content\/uploads\/2022\/06\/menu2014.png\" alt=\"\" class=\"wp-image-1985\" style=\"width:61px;height:77px\"\/><\/a><\/figure><\/div>\n\n\n<p><\/p>\n<\/div>\n\n\n\n<div class=\"wp-block-column is-layout-flow wp-block-column-is-layout-flow\">\n<div name=\"airvisual_widget\" key=\"6555d564c554844a60775321\"><\/div> \n<script type=\"text\/javascript\" src=\"https:\/\/widget.iqair.com\/script\/widget_v3.0.js\"><\/script>\n<\/div>\n<\/div>\n\n\n\n<p class=\"has-text-align-left\" style=\"font-size:23px\"><mark style=\"background-color:rgba(0, 0, 0, 0);color:#304f31\" class=\"has-inline-color\">Dates \u00e0 retenir<\/mark><\/p>\n\n\n\n<p>Du 08 au 09 janvier : Epreuves \u00e9crites de DNB Blanc (Dipl\u00f4me National du Brevet)<\/p>\n\n\n\n<p>Du 19 au 23 janvier : Forum des m\u00e9tiers<\/p>\n\n\n\n<p><strong>Du 14 f\u00e9vrier au 01 mars inclus : <\/strong>Vacances scolaires<\/p>\n\n\n\n<p><strong>Mercredi 15 avril 2026 :<\/strong> Test d&#8217;entr\u00e9e en SIB <br><\/p>\n\n\n\n<p><\/p>\n<\/div><\/div>\n<\/div>\n<\/div>\n\n\n\n<div style=\"height:30px\" aria-hidden=\"true\" class=\"wp-block-spacer\"><\/div>\n\n\n\n<figure class=\"wp-block-image size-large\"><img loading=\"lazy\" decoding=\"async\" width=\"1024\" height=\"256\" src=\"https:\/\/lfiduras.com\/lfiduras\/wp-content\/uploads\/2026\/03\/thang-11-12-2026-3-1024x256.png\" alt=\"\" class=\"wp-image-9342\" srcset=\"https:\/\/lfiduras.com\/lfiduras\/wp-content\/uploads\/2026\/03\/thang-11-12-2026-3-1024x256.png 1024w, https:\/\/lfiduras.com\/lfiduras\/wp-content\/uploads\/2026\/03\/thang-11-12-2026-3-300x75.png 300w, https:\/\/lfiduras.com\/lfiduras\/wp-content\/uploads\/2026\/03\/thang-11-12-2026-3-768x192.png 768w, https:\/\/lfiduras.com\/lfiduras\/wp-content\/uploads\/2026\/03\/thang-11-12-2026-3-1536x384.png 1536w, https:\/\/lfiduras.com\/lfiduras\/wp-content\/uploads\/2026\/03\/thang-11-12-2026-3.png 1584w\" sizes=\"(max-width: 1024px) 100vw, 1024px\" \/><\/figure>\n\n\n\n<hr class=\"wp-block-separator has-alpha-channel-opacity\"\/>\n\n\n\n<div class=\"wp-block-columns is-layout-flex wp-container-core-columns-is-layout-9d6595d7 wp-block-columns-is-layout-flex\">\n<div class=\"wp-block-column is-layout-flow wp-block-column-is-layout-flow\">\n<figure class=\"wp-block-image size-large is-resized\"><a href=\"https:\/\/lfiduras.com\/index.php\/enseignements\/\"><img loading=\"lazy\" decoding=\"async\" width=\"1024\" height=\"1024\" src=\"https:\/\/lfiduras.com\/lfiduras\/wp-content\/uploads\/2024\/09\/Copie-de-Copie-de-University-of-El-Dorado-1024x1024.png\" alt=\"\" class=\"wp-image-7063\" style=\"width:300px;height:300px\" srcset=\"https:\/\/lfiduras.com\/lfiduras\/wp-content\/uploads\/2024\/09\/Copie-de-Copie-de-University-of-El-Dorado-1024x1024.png 1024w, https:\/\/lfiduras.com\/lfiduras\/wp-content\/uploads\/2024\/09\/Copie-de-Copie-de-University-of-El-Dorado-300x300.png 300w, https:\/\/lfiduras.com\/lfiduras\/wp-content\/uploads\/2024\/09\/Copie-de-Copie-de-University-of-El-Dorado-150x150.png 150w, https:\/\/lfiduras.com\/lfiduras\/wp-content\/uploads\/2024\/09\/Copie-de-Copie-de-University-of-El-Dorado-768x768.png 768w, https:\/\/lfiduras.com\/lfiduras\/wp-content\/uploads\/2024\/09\/Copie-de-Copie-de-University-of-El-Dorado.png 1080w\" sizes=\"(max-width: 1024px) 100vw, 1024px\" \/><\/a><\/figure>\n<\/div>\n\n\n\n<div class=\"wp-block-column is-layout-flow wp-block-column-is-layout-flow\">\n<figure class=\"wp-block-image size-full is-resized\"><a href=\"https:\/\/lfiduras.com\/index.php\/category\/actualites\/\"><img loading=\"lazy\" decoding=\"async\" width=\"1080\" height=\"1080\" src=\"https:\/\/lfiduras.com\/lfiduras\/wp-content\/uploads\/2024\/09\/Copie-de-University-of-El-Dorado.png\" alt=\"\" class=\"wp-image-7067\" style=\"object-fit:cover;width:300px;height:300px\" srcset=\"https:\/\/lfiduras.com\/lfiduras\/wp-content\/uploads\/2024\/09\/Copie-de-University-of-El-Dorado.png 1080w, https:\/\/lfiduras.com\/lfiduras\/wp-content\/uploads\/2024\/09\/Copie-de-University-of-El-Dorado-300x300.png 300w, https:\/\/lfiduras.com\/lfiduras\/wp-content\/uploads\/2024\/09\/Copie-de-University-of-El-Dorado-1024x1024.png 1024w, https:\/\/lfiduras.com\/lfiduras\/wp-content\/uploads\/2024\/09\/Copie-de-University-of-El-Dorado-150x150.png 150w, https:\/\/lfiduras.com\/lfiduras\/wp-content\/uploads\/2024\/09\/Copie-de-University-of-El-Dorado-768x768.png 768w\" sizes=\"(max-width: 1080px) 100vw, 1080px\" \/><\/a><\/figure>\n<\/div>\n\n\n\n<div class=\"wp-block-column is-layout-flow wp-block-column-is-layout-flow\">\n<div id=\"fb-root\"><\/div>\n<script async=\"\" defer=\"\" crossorigin=\"anonymous\" src=\"https:\/\/connect.facebook.net\/fr_FR\/sdk.js#xfbml=1&amp;version=v14.0\" nonce=\"bKDM1H8l\"><\/script>\n<div class=\"fb-page\" data-href=\"https:\/\/www.facebook.com\/LFIMD\/\" data-tabs=\"timeline\" data-width=\"300\" data-height=\"300\" data-small-header=\"true\" data-adapt-container-width=\"true\" data-hide-cover=\"false\" data-show-facepile=\"false\"><blockquote cite=\"https:\/\/www.facebook.com\/LFIMD\/\" class=\"fb-xfbml-parse-ignore\"><a href=\"https:\/\/www.facebook.com\/LFIMD\/\">Lyc\u00e9e Fran\u00e7ais International Marguerite Duras de Ho Chi Minh Ville<\/a><\/blockquote><\/div>\n\n\n\n<p><\/p>\n<\/div>\n<\/div>\n\n\n\n<div class=\"wp-block-columns is-layout-flex wp-container-core-columns-is-layout-9d6595d7 wp-block-columns-is-layout-flex\">\n<div class=\"wp-block-column is-layout-flow wp-block-column-is-layout-flow\">\n<figure class=\"wp-block-image size-large is-resized\"><a href=\"https:\/\/lfiduras.com\/index.php\/lettres-mensueles\/\"><img loading=\"lazy\" decoding=\"async\" width=\"795\" height=\"796\" src=\"https:\/\/lfiduras.com\/lfiduras\/wp-content\/uploads\/2022\/10\/IMG-lettre-info-1.png\" alt=\"\" class=\"wp-image-2499\" style=\"width:300px;height:300px\" srcset=\"https:\/\/lfiduras.com\/lfiduras\/wp-content\/uploads\/2022\/10\/IMG-lettre-info-1.png 795w, https:\/\/lfiduras.com\/lfiduras\/wp-content\/uploads\/2022\/10\/IMG-lettre-info-1-300x300.png 300w, https:\/\/lfiduras.com\/lfiduras\/wp-content\/uploads\/2022\/10\/IMG-lettre-info-1-150x150.png 150w, https:\/\/lfiduras.com\/lfiduras\/wp-content\/uploads\/2022\/10\/IMG-lettre-info-1-768x769.png 768w\" sizes=\"(max-width: 795px) 100vw, 795px\" \/><\/a><\/figure>\n<\/div>\n\n\n\n<div class=\"wp-block-column is-layout-flow wp-block-column-is-layout-flow\">\n<figure class=\"wp-block-image size-full\"><a href=\"https:\/\/lfiduras.com\/index.php\/calendrier-scolaire\/\"><img loading=\"lazy\" decoding=\"async\" width=\"300\" height=\"300\" src=\"https:\/\/lfiduras.com\/lfiduras\/wp-content\/uploads\/2025\/02\/Calendrier.png\" alt=\"\" class=\"wp-image-7844\" srcset=\"https:\/\/lfiduras.com\/lfiduras\/wp-content\/uploads\/2025\/02\/Calendrier.png 300w, https:\/\/lfiduras.com\/lfiduras\/wp-content\/uploads\/2025\/02\/Calendrier-150x150.png 150w\" sizes=\"(max-width: 300px) 100vw, 300px\" \/><\/a><\/figure>\n<\/div>\n\n\n\n<div class=\"wp-block-column is-layout-flow wp-block-column-is-layout-flow\">\n<h2 class=\"wp-block-heading\">Derniers articles<\/h2>\n\n\n<ul class=\"wp-block-latest-posts__list alignleft wp-block-latest-posts\"><li><a class=\"wp-block-latest-posts__post-title\" href=\"https:\/\/lfiduras.com\/index.php\/2026\/04\/03\/la-webradio-du-lycee-est-en-ligne\/\">La webradio du lyc\u00e9e est en ligne !<\/a><\/li>\n<li><a class=\"wp-block-latest-posts__post-title\" href=\"https:\/\/lfiduras.com\/index.php\/2026\/04\/03\/le-durasien-parution-du-nouveau-numero-du-club-journal\/\">Le Durasien : parution du nouveau num\u00e9ro du Club Journal<\/a><\/li>\n<li><a class=\"wp-block-latest-posts__post-title\" href=\"https:\/\/lfiduras.com\/index.php\/2026\/03\/23\/partenariat-avec-lassociation-vietnam-france-de-can-tho-a-loccasion-de-la-journee-de-la-francophonie\/\">Partenariat avec l\u2019Association Vietnam\u2013France de C\u1ea7n Th\u01a1 \u2013 \u00e0 l\u2019occasion de la Journ\u00e9e de la Francophonie<\/a><\/li>\n<li><a class=\"wp-block-latest-posts__post-title\" href=\"https:\/\/lfiduras.com\/index.php\/2025\/12\/19\/journal1\/\">Premi\u00e8re \u00e9dition du Club Journal \u2013 Num\u00e9ro de No\u00ebl<\/a><\/li>\n<li><a class=\"wp-block-latest-posts__post-title\" href=\"https:\/\/lfiduras.com\/index.php\/2025\/12\/04\/recrutement-aps\/\">Le LFI Duras recrute des intervenants pour ses Activit\u00e9s P\u00e9riscolaires<\/a><\/li>\n<\/ul><\/div>\n<\/div>\n<\/div>\n<\/div>\n\n\n\n<div style=\"height:4px\" aria-hidden=\"true\" class=\"wp-block-spacer\"><\/div>\n\n\n\n<div style=\"height:4px\" aria-hidden=\"true\" class=\"wp-block-spacer\"><\/div>\n\n\n\n<div class=\"wp-block-columns wp-embed-aspect-16-9 wp-has-aspect-ratio is-layout-flex wp-container-core-columns-is-layout-9d6595d7 wp-block-columns-is-layout-flex\">\n<div class=\"wp-block-column is-layout-flow wp-block-column-is-layout-flow\" style=\"flex-basis:61.7%\"><\/div>\n\n\n\n<div class=\"wp-block-column is-layout-flow wp-block-column-is-layout-flow\" style=\"flex-basis:33.33%\"><\/div>\n<\/div>\n\n\n\n<div class=\"wp-block-columns is-layout-flex wp-container-core-columns-is-layout-9d6595d7 wp-block-columns-is-layout-flex\">\n<div class=\"wp-block-column is-layout-flow wp-block-column-is-layout-flow\">\n<figure class=\"wp-block-image size-full is-resized\"><a href=\"https:\/\/lfiduras.com\/index.php\/2023\/06\/29\/efe3d-niveau-3\/\"><img loading=\"lazy\" decoding=\"async\" width=\"637\" height=\"644\" src=\"https:\/\/lfiduras.com\/lfiduras\/wp-content\/uploads\/2023\/06\/EFE3D-AEFE-N3-1.png\" alt=\"\" class=\"wp-image-4577\" style=\"width:300px;height:300px\" srcset=\"https:\/\/lfiduras.com\/lfiduras\/wp-content\/uploads\/2023\/06\/EFE3D-AEFE-N3-1.png 637w, https:\/\/lfiduras.com\/lfiduras\/wp-content\/uploads\/2023\/06\/EFE3D-AEFE-N3-1-297x300.png 297w\" sizes=\"(max-width: 637px) 100vw, 637px\" \/><\/a><\/figure>\n<\/div>\n\n\n\n<div class=\"wp-block-column is-layout-flow wp-block-column-is-layout-flow\"><\/div>\n\n\n\n<div class=\"wp-block-column is-layout-flow wp-block-column-is-layout-flow\">\n<figure class=\"wp-block-image size-full\"><a href=\"https:\/\/lfiduras.com\/index.php\/ecole-inclusive\/\"><img loading=\"lazy\" decoding=\"async\" width=\"189\" height=\"259\" src=\"https:\/\/lfiduras.com\/lfiduras\/wp-content\/uploads\/2023\/09\/ecole_inclusive.png\" alt=\"\" class=\"wp-image-4800\"\/><\/a><\/figure>\n<\/div>\n<\/div>\n\n\n\n<div style=\"height:25px\" aria-hidden=\"true\" class=\"wp-block-spacer\"><\/div>\n\n\n\n<hr class=\"wp-block-separator aligncenter has-alpha-channel-opacity\"\/>\n\n\n\n<h2 class=\"wp-block-heading\">Guides pratiques et recommandations officielles<\/h2>\n\n\n\n<div class=\"wp-block-media-text is-stacked-on-mobile\" style=\"grid-template-columns:23% auto\"><figure class=\"wp-block-media-text__media\"><img loading=\"lazy\" decoding=\"async\" width=\"500\" height=\"500\" src=\"https:\/\/lfiduras.com\/lfiduras\/wp-content\/uploads\/2025\/09\/unnamed2.png\" alt=\"\" class=\"wp-image-8710 size-full\" srcset=\"https:\/\/lfiduras.com\/lfiduras\/wp-content\/uploads\/2025\/09\/unnamed2.png 500w, https:\/\/lfiduras.com\/lfiduras\/wp-content\/uploads\/2025\/09\/unnamed2-150x150.png 150w, https:\/\/lfiduras.com\/lfiduras\/wp-content\/uploads\/2025\/09\/unnamed2-300x300.png 300w\" sizes=\"(max-width: 500px) 100vw, 500px\" \/><\/figure><div class=\"wp-block-media-text__content\">\n<p>Afin d\u2019accompagner les familles et la communaut\u00e9 \u00e9ducative dans leurs r\u00e9flexions et leurs pratiques, nous vous invitons \u00e0 d\u00e9couvrir le guide&nbsp;<strong><a href=\"https:\/\/eduscol.education.fr\/document\/67357\/download?attachment\" target=\"_blank\" rel=\"noreferrer noopener\">\u00ab Bien grandir avec les \u00e9crans : des rep\u00e8res pour chaque \u00e2ge \u00bb<\/a><\/strong>. \u00c9labor\u00e9 par le minist\u00e8re de l\u2019\u00c9ducation nationale et ses partenaires, ce document propose des recommandations claires, adapt\u00e9es \u00e0 chaque tranche d\u2019\u00e2ge, pour favoriser un usage \u00e9quilibr\u00e9 et raisonn\u00e9 des \u00e9crans, \u00e0 la maison comme \u00e0 l\u2019\u00e9cole. Il constitue un outil pr\u00e9cieux pour soutenir parents et enseignants dans l\u2019accompagnement des enfants et des adolescents face aux enjeux du num\u00e9rique.<\/p>\n\n\n\n<p>Pour aller plus loin, vous pouvez \u00e9galement consulter les&nbsp;<strong>conseils pratiques pour les parents<\/strong>&nbsp;sur le site&nbsp;<a href=\"https:\/\/jeprotegemonenfant.gouv.fr\/\" target=\"_blank\" rel=\"noreferrer noopener\">jeprotegemonenfant.gouv.fr<\/a>&nbsp;ainsi que les parcours&nbsp;<strong><a href=\"http:\/\/Afin d\u2019accompagner les familles et la communaut\u00e9 \u00e9ducative dans leurs r\u00e9flexions et leurs pratiques, nous vous invitons \u00e0 d\u00e9couvrir le guide \u00ab Bien grandir avec les \u00e9crans : des rep\u00e8res pour chaque \u00e2ge \u00bb. \u00c9labor\u00e9 par le minist\u00e8re de l\u2019\u00c9ducation nationale et ses partenaires, ce document propose des recommandations claires, adapt\u00e9es \u00e0 chaque tranche d\u2019\u00e2ge, pour favoriser un usage \u00e9quilibr\u00e9 et raisonn\u00e9 des \u00e9crans, \u00e0 la maison comme \u00e0 l\u2019\u00e9cole. Il constitue un outil pr\u00e9cieux pour soutenir parents et enseignants dans l\u2019accompagnement des enfants et des adolescents face aux enjeux du num\u00e9rique.  Pour aller plus loin, vous pouvez \u00e9galement consulter les conseils pratiques pour les parents sur le site jeprotegemonenfant.gouv.fr ainsi que les parcours PIX Parents.\" target=\"_blank\" rel=\"noreferrer noopener\">PIX Parents<\/a><\/strong>.<\/p>\n<\/div><\/div>\n\n\n\n<div style=\"height:25px\" aria-hidden=\"true\" class=\"wp-block-spacer\"><\/div>\n","protected":false},"excerpt":{"rendered":"<p>Lyc\u00e9e Fran\u00e7ais International Marguerite Duras de Ho Chi Minh Ville Derniers articles Guides pratiques et recommandations officielles Afin d\u2019accompagner les familles et la communaut\u00e9 \u00e9ducative dans leurs r\u00e9flexions et leurs pratiques, nous vous invitons \u00e0 d\u00e9couvrir le guide&nbsp;\u00ab Bien grandir avec les \u00e9crans : des rep\u00e8res pour chaque \u00e2ge \u00bb. \u00c9labor\u00e9 par le minist\u00e8re de [&hellip;]<\/p>\n","protected":false},"author":2,"featured_media":0,"parent":0,"menu_order":0,"comment_status":"closed","ping_status":"closed","template":"","meta":{"footnotes":""},"class_list":["post-583","page","type-page","status-publish","hentry","post"],"_links":{"self":[{"href":"https:\/\/lfiduras.com\/index.php\/wp-json\/wp\/v2\/pages\/583","targetHints":{"allow":["GET"]}}],"collection":[{"href":"https:\/\/lfiduras.com\/index.php\/wp-json\/wp\/v2\/pages"}],"about":[{"href":"https:\/\/lfiduras.com\/index.php\/wp-json\/wp\/v2\/types\/page"}],"author":[{"embeddable":true,"href":"https:\/\/lfiduras.com\/index.php\/wp-json\/wp\/v2\/users\/2"}],"replies":[{"embeddable":true,"href":"https:\/\/lfiduras.com\/index.php\/wp-json\/wp\/v2\/comments?post=583"}],"version-history":[{"count":1110,"href":"https:\/\/lfiduras.com\/index.php\/wp-json\/wp\/v2\/pages\/583\/revisions"}],"predecessor-version":[{"id":9403,"href":"https:\/\/lfiduras.com\/index.php\/wp-json\/wp\/v2\/pages\/583\/revisions\/9403"}],"wp:attachment":[{"href":"https:\/\/lfiduras.com\/index.php\/wp-json\/wp\/v2\/media?parent=583"}],"curies":[{"name":"wp","href":"https:\/\/api.w.org\/{rel}","templated":true}]}}