{"id":5961,"date":"2024-01-19T11:09:31","date_gmt":"2024-01-19T04:09:31","guid":{"rendered":"https:\/\/lfiduras.com\/?page_id=5961"},"modified":"2024-01-19T15:09:04","modified_gmt":"2024-01-19T08:09:04","slug":"mentions-legales","status":"publish","type":"page","link":"https:\/\/lfiduras.com\/index.php\/mentions-legales\/","title":{"rendered":"Mentions l\u00e9gales"},"content":{"rendered":"\n<p><\/p>\n\n\n\n<p><strong>Informations \u00e9ditoriales<\/strong><\/p>\n\n\n\n<p><strong>\u00c9diteur :<\/strong><br>Lyc\u00e9e Fran\u00e7ais International Marguerite Duras<br>260, route N\u00b0 11 \u2013 Long Binh \u2013<br>Thu Duc<br>Ho Chi Minh Ville \u2013 Vietnam<\/p>\n\n\n\n<p>T\u00e9l\u00e9phone : (84-28) 37 25 22 08<br>Secr\u00e9tariat de Direction :&nbsp;<a href=\"mailto:sec.direction@lfiduras.com\">sec.direction@lfiduras.com<\/a><br><br>Ce site est enrichi et mis \u00e0 jour par le(a) charg\u00e9(e) de communication et par le\/la chef(fe) d\u2019\u00e9tablissement.<\/p>\n\n\n\n<p><strong>Directeur de la publication :<\/strong>&nbsp;M. Jean-Hugues MOTA, Proviseur du LfiDuras<br><br><\/p>\n\n\n\n<p><strong>Protection et traitement de donn\u00e9es \u00e0 caract\u00e8re personnel<\/strong><\/p>\n\n\n\n<p>Le responsable du site&nbsp;<a href=\"http:\/\/www.lfiduras.com\">www.lfiduras.com<\/a>&nbsp;est particuli\u00e8rement attentif au respect des obligations l\u00e9gales de tout \u00e9diteur de site Internet et suit les recommandations de la commission nationale de l&#8217;informatique et des libert\u00e9s (CNIL). Voir la <a href=\"https:\/\/lfiduras.com\/index.php\/rgpd\/\">page RGPD<\/a> du site www.lfiduras.com<\/p>\n\n\n\n<p><strong>Respect des lois en vigueur<\/strong><\/p>\n\n\n\n<p>Le site&nbsp;<a href=\"http:\/\/www.lfiduras.com\">www.lfiduras.com<\/a>&nbsp;respecte la vie priv\u00e9e de l&#8217;internaute et se conforme strictement aux lois en vigueur sur la protection de la vie priv\u00e9e et des libert\u00e9s individuelles. Aucune information personnelle n&#8217;est collect\u00e9e \u00e0 votre insu. Aucune information personnelle n&#8217;est c\u00e9d\u00e9e \u00e0 des tiers. Les courriels, les adresses \u00e9lectroniques ou autres informations nominatives dont ce site est destinataire ne font l&#8217;objet d&#8217;aucune exploitation et ne sont conserv\u00e9s que pour la dur\u00e9e n\u00e9cessaire \u00e0 leur traitement.<\/p>\n\n\n\n<p><strong>Droit des internautes : droit d&#8217;acc\u00e8s et de rectification<\/strong><\/p>\n\n\n\n<p>Conform\u00e9ment aux dispositions de la loi n\u00b078-17 du 6 janvier 1978 relative \u00e0 l&#8217;informatique, aux fichiers et aux libert\u00e9s, les internautes disposent d&#8217;un droit d&#8217;acc\u00e8s, de modification, de rectification et de suppression des donn\u00e9es qui les concernent. Ce droit s&#8217;exerce par voie postale, en justifiant de son identit\u00e9, \u00e0 l&#8217;adresse&nbsp;:<\/p>\n\n\n\n<p>Lyc\u00e9e Fran\u00e7ais International Marguerite Duras<br>260, route N\u00b0 11 \u2013 Long Binh \u2013<br>Thu Duc<br>Ho Chi Minh Ville \u2013 Vietnam<\/p>\n\n\n\n<p><strong>Prestataire d&#8217;h\u00e9bergement<\/strong><\/p>\n\n\n\n<p>La politique du site&nbsp;<a href=\"http:\/\/www.lfiduras.com\">www.lfiduras.com<\/a>&nbsp;est en conformit\u00e9 avec la loi n\u00b02004-575 du 21 juin 2004 pour la confiance dans l&#8217;\u00e9conomie num\u00e9rique.<br><strong>Le site est h\u00e9berg\u00e9 sur les serveurs du LfiDuras<\/strong><\/p>\n\n\n\n<p><strong>Droits d&#8217;auteur et droits de reproduction du contenu mis en ligne<\/strong><\/p>\n\n\n\n<p><strong>Le droit d&#8217;auteur et propri\u00e9t\u00e9 intellectuelle &#8211; copyright<\/strong><\/p>\n\n\n\n<p>L&#8217;ensemble des \u00e9l\u00e9ments figurant sur le site Internet lfiduras.com, ainsi que sur les comptes des r\u00e9seaux sociaux de l\u2019\u00e9tablissement : Instagram, X (Twitter), YouTube et Facebook&nbsp; (textes, dessins, programmes, photographies, noms, logos, etc.) est prot\u00e9g\u00e9 par les dispositions du Code de la propri\u00e9t\u00e9 intellectuelle fran\u00e7ais. Hors de France, ces \u00e9l\u00e9ments b\u00e9n\u00e9ficient de la protection du droit d&#8217;auteur dans tous les \u00e9tats signataires de la Convention de Berne.<br><br><\/p>\n\n\n\n<p>Conform\u00e9ment au Code de la propri\u00e9t\u00e9 intellectuelle, toute reproduction, repr\u00e9sentation, modification, adaptation, distribution, et\/ou traduction de l&#8217;un des quelconques \u00e9l\u00e9ments du site lfiduras.com, de fa\u00e7on int\u00e9grale ou partielle, sur quelque support que ce soit (\u00e9lectronique, papier, etc.) est interdite sans autorisation expresse et pr\u00e9alable du LfiDuras et\/ou de l\u2019AEFE.<br><br><\/p>\n\n\n\n<p>Toute utilisation non express\u00e9ment autoris\u00e9e constitue une violation des droits d&#8217;auteur et une contrefa\u00e7on en application des articles L 335-2. Elle peut \u00e9galement constituer un acte de concurrence d\u00e9loyale selon l&#8217;article 1382 du Code civil et une violation du droit \u00e0 l&#8217;image et\/ou des droits de la personnalit\u00e9 selon l&#8217;article 9 du m\u00eame code.<\/p>\n\n\n\n<p><br>Le LfiDuras se r\u00e9serve le droit d&#8217;engager des poursuites judiciaires en responsabilit\u00e9 civile et\/ou p\u00e9nale \u00e0 l&#8217;encontre de toute personne qui n&#8217;aurait pas respect\u00e9 cette interdiction.<\/p>\n\n\n\n<p><strong>Droits de reproduction des documents publics ou officiels<\/strong><\/p>\n\n\n\n<p>Conform\u00e9ment au droit public de la propri\u00e9t\u00e9 intellectuelle et notamment selon l&#8217;article&nbsp; L122-5 du Code de la propri\u00e9t\u00e9 intellectuelle, les &#8221;documents officiels&#8221; sont librement r\u00e9utilisables :&nbsp;<br>&#8211; les discours, les dossiers de presse et les communiqu\u00e9s<br>&#8211; les circulaires, directives et autres documents r\u00e8glementaires<br>La r\u00e9utilisation non commerciale, et notamment p\u00e9dagogique, est autoris\u00e9e \u00e0 la condition de respecter l&#8217;int\u00e9grit\u00e9 des informations et de n&#8217;en alt\u00e9rer ni le sens, ni la port\u00e9e, ni l&#8217;application et d&#8217;en pr\u00e9ciser l&#8217;origine et de sa date de publication.<br>Les informations ne peuvent \u00eatre utilis\u00e9es \u00e0 des fins commerciales ou promotionnelles sans l&#8217;autorisation expresse et l&#8217;obtention d&#8217;une licence de r\u00e9utilisation des informations publiques.<br>Est consid\u00e9r\u00e9e comme r\u00e9utilisation \u00e0 des fins commerciales ou promotionnelles, l&#8217;\u00e9laboration \u00e0 partir des informations publiques, d&#8217;un produit ou d&#8217;un service destin\u00e9 \u00e0 \u00eatre mis \u00e0 disposition de tiers, \u00e0 titre gratuit ou on\u00e9reux.<\/p>\n\n\n\n<p><strong>Demande d&#8217;autorisation de reproduction des contenus<\/strong><\/p>\n\n\n\n<p>Les demandes d&#8217;autorisation doivent \u00eatre adress\u00e9es \u00e0 le\/la chef(fe) d\u2019\u00e9tablissement, en contactant&nbsp;le secr\u00e9tariat de direction&nbsp;: <a href=\"mailto:sec.direction@lfiduras.com\">sec.direction@lfiduras.com<\/a><br>La demande devra pr\u00e9ciser le contenu vis\u00e9 ainsi que la publication ou le site sur lequel ce dernier figurera. Une fois cette autorisation obtenue, la reproduction d&#8217;un contenu doit ob\u00e9ir aux principes suivants :<br>&#8211;&nbsp;gratuit\u00e9 de la diffusion ;<br>&#8211;&nbsp;respect de l&#8217;int\u00e9grit\u00e9 des documents reproduits (aucune modification, ni alt\u00e9ration d&#8217;aucune sorte) ;<br>&#8211;&nbsp;mention obligatoire : &#8220;\u00a9&nbsp;<a href=\"http:\/\/www.lfiduras.com\/\">lfiduras.com&nbsp;<\/a>&#8211; droits r\u00e9serv\u00e9s&#8221;. Cette mention pointera gr\u00e2ce \u00e0 un lien hypertexte directement sur le contenu.<\/p>\n\n\n\n<p><strong>Droit de r\u00e9ponses<\/strong><\/p>\n\n\n\n<p>Conform\u00e9ment aux lois n\u00b082-652 du 29 juillet 1982, n\u00b0 2004-575 du 21 juin 2004 et d\u00e9cision 2004-496 DC du 10 juin 2004, toute personne physique ou morale nomm\u00e9e ou d\u00e9sign\u00e9e sur le site&nbsp;<a href=\"http:\/\/www.lfiduras.com\/\">www.lfiduras.com&nbsp;<\/a>dispose d\u2019un droit de r\u00e9ponse, sans pr\u00e9judice des demandes de corrections ou de suppression du message.<\/p>\n\n\n\n<p><br>La demande d\u2019exercice du droit de r\u00e9ponse, adress\u00e9e au directeur de la publication, doit \u00eatre pr\u00e9sent\u00e9e au plus tard dans un d\u00e9lai de trois mois \u00e0 compter de la mise \u00e0 disposition du public du message justifiant cette demande. Le demandeur doit pr\u00e9ciser les imputations sur lesquelles il souhaite r\u00e9pondre et la teneur de la r\u00e9ponse qu&#8217;il se propose d&#8217;y faire. Cette insertion est gratuite et effectu\u00e9e dans les trois jours \u00e0 compter de la date de r\u00e9ception.<\/p>\n\n\n\n<p><strong>Clause de responsabilit\u00e9<\/strong><\/p>\n\n\n\n<p>Les informations propos\u00e9es sur ce site le sont \u00e0 titre de service rendu au public. Malgr\u00e9 tout le soin apport\u00e9 \u00e0 la transcription des textes officiels, \u00e0 la v\u00e9rification des contenus et des informations, les \u00e9l\u00e9ments mis en ligne ne sauraient, de quelque mani\u00e8re que ce soit, pr\u00e9tendre \u00e0 l\u2019exactitude et engager la responsabilit\u00e9 du LfiDuras.<\/p>\n","protected":false},"excerpt":{"rendered":"<p>Informations \u00e9ditoriales \u00c9diteur :Lyc\u00e9e Fran\u00e7ais International Marguerite Duras260, route N\u00b0 11 \u2013 Long Binh \u2013Thu DucHo Chi Minh Ville \u2013 Vietnam T\u00e9l\u00e9phone : (84-28) 37 25 22 08Secr\u00e9tariat de Direction :&nbsp;sec.direction@lfiduras.com Ce site est enrichi et mis \u00e0 jour par le(a) charg\u00e9(e) de communication et par le\/la chef(fe) d\u2019\u00e9tablissement. Directeur de la publication :&nbsp;M. Jean-Hugues [&hellip;]<\/p>\n","protected":false},"author":2,"featured_media":0,"parent":0,"menu_order":0,"comment_status":"closed","ping_status":"closed","template":"","meta":{"footnotes":""},"class_list":["post-5961","page","type-page","status-publish","hentry","post"],"_links":{"self":[{"href":"https:\/\/lfiduras.com\/index.php\/wp-json\/wp\/v2\/pages\/5961","targetHints":{"allow":["GET"]}}],"collection":[{"href":"https:\/\/lfiduras.com\/index.php\/wp-json\/wp\/v2\/pages"}],"about":[{"href":"https:\/\/lfiduras.com\/index.php\/wp-json\/wp\/v2\/types\/page"}],"author":[{"embeddable":true,"href":"https:\/\/lfiduras.com\/index.php\/wp-json\/wp\/v2\/users\/2"}],"replies":[{"embeddable":true,"href":"https:\/\/lfiduras.com\/index.php\/wp-json\/wp\/v2\/comments?post=5961"}],"version-history":[{"count":2,"href":"https:\/\/lfiduras.com\/index.php\/wp-json\/wp\/v2\/pages\/5961\/revisions"}],"predecessor-version":[{"id":5974,"href":"https:\/\/lfiduras.com\/index.php\/wp-json\/wp\/v2\/pages\/5961\/revisions\/5974"}],"wp:attachment":[{"href":"https:\/\/lfiduras.com\/index.php\/wp-json\/wp\/v2\/media?parent=5961"}],"curies":[{"name":"wp","href":"https:\/\/api.w.org\/{rel}","templated":true}]}}