{"id":6183,"date":"2024-02-06T15:53:01","date_gmt":"2024-02-06T08:53:01","guid":{"rendered":"https:\/\/lfiduras.com\/?page_id=6183"},"modified":"2026-03-06T14:14:34","modified_gmt":"2026-03-06T07:14:34","slug":"conseil-detablissement-2","status":"publish","type":"page","link":"https:\/\/lfiduras.com\/index.php\/conseil-detablissement-2\/","title":{"rendered":"Conseil d&#8217;\u00e9tablissement"},"content":{"rendered":"\n<p><strong>Attributions<\/strong><br>Le budget et le compte financier des \u00e9tablissements conventionn\u00e9s, les orientations strat\u00e9giques de l\u2019\u00e9tablissement, font l\u2019objet d\u2019une information d\u00e9taill\u00e9e au conseil d\u2019\u00e9tablissement. Dans les EGD, il propose les orientations de la strat\u00e9gie de l\u2019\u00e9tablissement. Il est comp\u00e9tent pour tout ce qui concerne les questions p\u00e9dagogiques et \u00e9ducatives de l\u2019\u00e9tablissement. Il ne saurait se substituer \u00e0 la direction de l\u2019Agence ou de l\u2019organisme gestionnaire dans les domaines qui leur sont propres. Il adopte son r\u00e8glement int\u00e9rieur.<br>Sur la base des travaux pr\u00e9paratoires rapport\u00e9s et pr\u00e9sent\u00e9s par le chef d\u2019\u00e9tablissement, le conseil d\u2019\u00e9tablissement dispose de comp\u00e9tences d\u00e9cisionnelles et consultatives.<br><br>Retrouvez le d\u00e9tail et la liste des membres du Conseil sur <a href=\"https:\/\/lfiduras.com\/index.php\/conseil-detablissement\/\">la page d\u00e9di\u00e9e<\/a>.<\/p>\n\n\n\n<div style=\"height:2px\" aria-hidden=\"true\" class=\"wp-block-spacer\"><\/div>\n\n\n\n<h5 class=\"wp-block-heading\">Les derniers comptes rendus du conseil d&#8217;\u00e9tablissement<\/h5>\n\n\n\n<p><a href=\"https:\/\/lfiduras.com\/lfiduras\/wp-content\/uploads\/2026\/03\/CR-CE-15-12-2025.pdf\" target=\"_blank\" rel=\"noreferrer noopener\">Compte rendu de la s\u00e9ance du Conseil d\u2019\u00e9tablissement du 15 d\u00e9cembre 2025<\/a><\/p>\n\n\n\n<p><a href=\"https:\/\/lfiduras.com\/lfiduras\/wp-content\/uploads\/2026\/03\/CR-CE-extraordinaire-01-12-2025.pdf\" target=\"_blank\" rel=\"noreferrer noopener\">Compte rendu de la s\u00e9ance du Conseil d\u2019\u00e9tablissement extraordinaire du 01 d\u00e9cembre 2025<\/a><\/p>\n\n\n\n<p><a href=\"https:\/\/lfiduras.com\/lfiduras\/wp-content\/uploads\/2026\/03\/CR-CE-extraordinaire-28-11-2025.pdf\" target=\"_blank\" rel=\"noreferrer noopener\">Compte rendu de la s\u00e9ance du Conseil d\u2019\u00e9tablissement extraordinaire du 28 novembre 2025<\/a><\/p>\n\n\n\n<p><a href=\"https:\/\/lfiduras.com\/lfiduras\/wp-content\/uploads\/2026\/03\/PV-CE-13.11.2025.pdf\" target=\"_blank\" rel=\"noreferrer noopener\">Compte rendu de la s\u00e9ance du Conseil d\u2019\u00e9tablissement extraordinaire du 13 novembre 2025<\/a><\/p>\n\n\n\n<p><a href=\"https:\/\/lfiduras.com\/lfiduras\/wp-content\/uploads\/2026\/03\/PV-CE-13-oct.-2025.pdf\" target=\"_blank\" rel=\"noreferrer noopener\">Compte rendu de la s\u00e9ance du Conseil d\u2019\u00e9tablissement extraordinaire du 13 octobre 2025<\/a><\/p>\n\n\n\n<p><a href=\"https:\/\/lfiduras.com\/lfiduras\/wp-content\/uploads\/2025\/07\/CR-CE-02-juin-2025.pdf\">Compte rendu de la s\u00e9ance du Conseil d\u2019\u00e9tablissement du 02 juin 2025<\/a><\/p>\n\n\n\n<p><a href=\"https:\/\/lfiduras.com\/lfiduras\/wp-content\/uploads\/2025\/07\/CR-CE-extra-03-mars-25.pdf\">Compte rendu de la s\u00e9ance du Conseil d\u2019\u00e9tablissement extraordinaire du 03 mars 2025<\/a><\/p>\n\n\n\n<p><a href=\"https:\/\/lfiduras.com\/lfiduras\/wp-content\/uploads\/2025\/07\/CR-CE-20-fevrier-2025.pdf\">Compte rendu de la s\u00e9ance du Conseil d\u2019\u00e9tablissement du 20 f\u00e9vrier 2025<\/a><\/p>\n\n\n\n<p><a href=\"https:\/\/lfiduras.com\/lfiduras\/wp-content\/uploads\/2025\/02\/CR-CE-19-11-24-ns.pdf\">Compte rendu de la s\u00e9ance du Conseil d\u2019\u00e9tablissement du 19 novembre 2024<\/a><\/p>\n\n\n\n<p><a href=\"https:\/\/lfiduras.com\/lfiduras\/wp-content\/uploads\/2024\/11\/PV-CE-17-oct-24.pdf\">Compte rendu de la s\u00e9ance du Conseil d\u2019\u00e9tablissement du 17 octobre 2024<\/a><\/p>\n\n\n\n<p><a href=\"https:\/\/lfiduras.com\/lfiduras\/wp-content\/uploads\/2024\/11\/PV-CE-20-juin-2024.pdf\">Compte rendu de la s\u00e9ance du Conseil d\u2019\u00e9tablissement du 20 juin 2024<\/a><\/p>\n\n\n\n<p><\/p>\n","protected":false},"excerpt":{"rendered":"<p>AttributionsLe budget et le compte financier des \u00e9tablissements conventionn\u00e9s, les orientations strat\u00e9giques de l\u2019\u00e9tablissement, font l\u2019objet d\u2019une information d\u00e9taill\u00e9e au conseil d\u2019\u00e9tablissement. Dans les EGD, il propose les orientations de la strat\u00e9gie de l\u2019\u00e9tablissement. Il est comp\u00e9tent pour tout ce qui concerne les questions p\u00e9dagogiques et \u00e9ducatives de l\u2019\u00e9tablissement. Il ne saurait se substituer \u00e0 [&hellip;]<\/p>\n","protected":false},"author":2,"featured_media":0,"parent":0,"menu_order":0,"comment_status":"closed","ping_status":"closed","template":"","meta":{"footnotes":""},"class_list":["post-6183","page","type-page","status-publish","hentry","post"],"_links":{"self":[{"href":"https:\/\/lfiduras.com\/index.php\/wp-json\/wp\/v2\/pages\/6183","targetHints":{"allow":["GET"]}}],"collection":[{"href":"https:\/\/lfiduras.com\/index.php\/wp-json\/wp\/v2\/pages"}],"about":[{"href":"https:\/\/lfiduras.com\/index.php\/wp-json\/wp\/v2\/types\/page"}],"author":[{"embeddable":true,"href":"https:\/\/lfiduras.com\/index.php\/wp-json\/wp\/v2\/users\/2"}],"replies":[{"embeddable":true,"href":"https:\/\/lfiduras.com\/index.php\/wp-json\/wp\/v2\/comments?post=6183"}],"version-history":[{"count":10,"href":"https:\/\/lfiduras.com\/index.php\/wp-json\/wp\/v2\/pages\/6183\/revisions"}],"predecessor-version":[{"id":9336,"href":"https:\/\/lfiduras.com\/index.php\/wp-json\/wp\/v2\/pages\/6183\/revisions\/9336"}],"wp:attachment":[{"href":"https:\/\/lfiduras.com\/index.php\/wp-json\/wp\/v2\/media?parent=6183"}],"curies":[{"name":"wp","href":"https:\/\/api.w.org\/{rel}","templated":true}]}}