{"id":7218,"date":"2024-11-07T14:27:54","date_gmt":"2024-11-07T07:27:54","guid":{"rendered":"https:\/\/lfiduras.com\/?page_id=7218"},"modified":"2024-11-14T15:25:39","modified_gmt":"2024-11-14T08:25:39","slug":"lutte-contre-le-harcelement","status":"publish","type":"page","link":"https:\/\/lfiduras.com\/index.php\/lutte-contre-le-harcelement\/","title":{"rendered":"Lutte contre le harc\u00e8lement &#8211; cellule pHARe"},"content":{"rendered":"\n<p>Au sein de notre \u00e9tablissement, nous mettons tout en \u0153uvre pour cr\u00e9er un environnement s\u00fbr et bienveillant pour chacun de nos \u00e9l\u00e8ves. C\u2019est pourquoi nous avons mis en place la&nbsp;<strong>cellule pHARe<\/strong>&nbsp;(Plan de pr\u00e9vention du Harc\u00e8lement \u00e0 l&#8217;\u00c9cole).<\/p>\n\n\n\n<p>Cette cellule regroupe des membres du personnel form\u00e9s pour pr\u00e9venir, identifier et g\u00e9rer les situations de harc\u00e8lement scolaire. Elle est l\u00e0 pour \u00e9couter, agir et soutenir, aussi bien les \u00e9l\u00e8ves que les parents. Nous savons que le bien-\u00eatre de vos enfants est une priorit\u00e9, et nous voulons que vous vous sentiez pleinement accompagn\u00e9s.<\/p>\n\n\n\n<p><strong>&nbsp;Notre engagement ne s&#8217;arr\u00eate pas l\u00e0 :<\/strong>&nbsp;nous partagerons r\u00e9guli\u00e8rement avec vous des conseils pratiques, des ressources et des informations utiles pour vous aider \u00e0 aborder ce sujet \u00e0 la maison. Parler du harc\u00e8lement et savoir en d\u00e9tecter les signes est essentiel pour agir rapidement et sereinement.<\/p>\n\n\n\n<p><strong>Restons unis face au harc\u00e8lement.<\/strong><br>Vous trouverez ci-dessous notre premi\u00e8re ressource !&nbsp;<\/p>\n\n\n\n<p>Les professeurs r\u00e9f\u00e9rents: <br>bourg.dorothee@professeurs.lfiduras.com<br>rivoire.david@professeurs.lfiduras.com<\/p>\n\n\n\n<hr class=\"wp-block-separator has-alpha-channel-opacity\"\/>\n\n\n\n<p>\u1ede tr\u01b0\u1eddng, ch\u00fang t\u00f4i lu\u00f4n c\u1ed1 g\u1eafng l\u00e0m nh\u1eefng vi\u1ec7c c\u00f3 th\u1ec3 t\u1ea1o ra m\u00f4i tr\u01b0\u1eddng h\u1ecdc t\u1eadp t\u1ed1t, an to\u00e0n v\u00e0 th\u00e2n thi\u1ec7n cho c\u00e1c em h\u1ecdc sinh. V\u00ec th\u1ebf, tr\u01b0\u1eddng \u0111\u00e3 \u0111\u01b0a v\u00e0o m\u1ed9t ho\u1ea1t \u0111\u1ed9ng c\u00f3 t\u00ean l\u00e0 pHARe ( ng\u0103n ng\u1eeba n\u1ea1n qu\u1ea5y r\u1ed1i h\u1ecdc \u0111\u01b0\u1eddng).<\/p>\n\n\n\n<p>Ho\u1ea1t \u0111\u1ed9ng n\u00e0y t\u1eadp h\u1ee3p c\u00e1c th\u00e0nh vi\u00ean \u0111\u01b0\u1ee3c \u0111\u00e0o t\u1ea1o, hu\u1ea5n luy\u1ec7n \u0111\u1ec3 c\u00f3 th\u1ec3 ng\u0103n ng\u1eeba, x\u00e1c \u0111\u1ecbnh, c\u0169ng nh\u01b0 qu\u1ea3n l\u00fd \u0111\u01b0\u1ee3c c\u00e1c t\u00ecnh hu\u1ed1ng qu\u1ea5y r\u1ed1i hay b\u1ea1o l\u1ef1c h\u1ecdc \u0111\u01b0\u1eddng. Ho\u1ea1t \u0111\u1ed9ng c\u1ee7a t\u1ed5 ch\u1ee9c s\u1ebd t\u1eadp trung v\u00e0o vi\u1ec7c l\u1eafng nghe, h\u00e0nh \u0111\u1ed9ng v\u00e0 h\u1ed7 tr\u1ee3 c\u00e1c em h\u1ecdc sinh v\u00e0 c\u1ea3 c\u00e1c b\u1eadc ph\u1ee5 huynh n\u1ebfu c\u1ea7n. Ch\u00fang t\u00f4i hi\u1ec3u r\u1eb1ng s\u1ee9c kh\u1ecfe th\u1ec3 ch\u1ea5t v\u00e0 tinh th\u1ea7n c\u1ee7a h\u1ecdc sinh lu\u00f4n l\u00e0 m\u1ed1i quan t\u00e2m h\u00e0ng \u0111\u1ea7u v\u00e0 ch\u00fang t\u00f4i mu\u1ed1n c\u00e1c em lu\u00f4n c\u1ea3m th\u1ea5y \u0111\u01b0\u1ee3c h\u01b0\u1edbng d\u1eabn v\u00e0 h\u1ed7 tr\u1ee3 m\u1ed9t c\u00e1ch \u0111\u1ea7y \u0111\u1ee7 nh\u1ea5t.<\/p>\n\n\n\n<p>Cam k\u1ebft c\u1ee7a ch\u00fang t\u00f4i kh\u00f4ng d\u1eebng l\u1ea1i \u1edf \u0111\u00f3: ch\u00fang t\u00f4i s\u1ebd th\u01b0\u1eddng xuy\u00ean chia s\u1ebb v\u1edbi c\u00e1c em h\u1ecdc sinh nh\u1eefng l\u1eddi khuy\u00ean, nh\u1eefng ngu\u1ed3n t\u00e0i li\u1ec7u, nh\u1eefng th\u00f4ng tin h\u1eefu \u00edch v\u00e0 thi\u1ebft th\u1ef1c c\u00f3 th\u1ec3 h\u1ed7 tr\u1ee3 c\u00e1c em h\u1ecdc sinh v\u00e0 ph\u1ee5 huynh c\u00f3 th\u1ec3 c\u00f9ng trao \u0111\u1ed5i v\u1ec1 v\u1ea5n \u0111\u1ec1 n\u00e0y trong gia \u0111\u00ecnh. Trao \u0111\u1ed5i v\u1ec1 nh\u1eefng h\u00e0nh vi mang t\u00ednh qu\u1ea5y r\u1ed1i, v\u00e0 bi\u1ebft c\u00e1ch ph\u00e1t hi\u1ec7n c\u00e1c d\u1ea5u hi\u1ec7u c\u1ee7a h\u00e0nh vi n\u00e0y l\u00e0 nh\u00e2n t\u1ed1 c\u1ea7n thi\u1ebft \u0111\u1ec3 c\u00f3 th\u1ec3 h\u00e0nh \u0111\u1ed9ng m\u1ed9t c\u00e1ch nhanh ch\u00f3ng v\u00e0 nh\u1eb9 nh\u00e0ng, hi\u1ec7u qu\u1ea3.<\/p>\n\n\n\n<p>H\u00e3y c\u00f9ng nhau h\u00e0nh \u0111\u1ed9ng ch\u1ed1ng l\u1ea1i n\u1ea1n qu\u1ea5y r\u1ed1i v\u00e0 b\u1ea1o l\u1ef1c h\u1ecdc \u0111\u01b0\u1eddng.<\/p>\n\n\n\n<p>T\u1ea1i \u0111\u00e2y c\u00e1c em c\u00f3 th\u1ec3 xem ngu\u1ed3n t\u1ea1i li\u1ec7u \u0111\u1ea7u ti\u00ean c\u1ee7a ch\u00fang t\u00f4i!\u00a0<\/p>\n\n\n\n<p>bourg.dorothee@professeurs.lfiduras.com<br>rivoire.david@professeurs.lfiduras.com<a href=\"http:\/\/goog_1024054100\/\" target=\"_blank\" rel=\"noreferrer noopener\"><\/a><\/p>\n\n\n\n<figure class=\"wp-block-embed is-type-video is-provider-youtube wp-block-embed-youtube wp-embed-aspect-16-9 wp-has-aspect-ratio\"><div class=\"wp-block-embed__wrapper\">\n<iframe title=\"Harce\u0300lement scolaire - 10 conseils aux parents\" width=\"720\" height=\"405\" src=\"https:\/\/www.youtube.com\/embed\/7FI-xiyE-kQ?start=114&#038;feature=oembed\" frameborder=\"0\" allow=\"accelerometer; autoplay; clipboard-write; encrypted-media; gyroscope; picture-in-picture; web-share\" referrerpolicy=\"strict-origin-when-cross-origin\" allowfullscreen><\/iframe>\n<\/div><\/figure>\n","protected":false},"excerpt":{"rendered":"<p>Au sein de notre \u00e9tablissement, nous mettons tout en \u0153uvre pour cr\u00e9er un environnement s\u00fbr et bienveillant pour chacun de nos \u00e9l\u00e8ves. C\u2019est pourquoi nous avons mis en place la&nbsp;cellule pHARe&nbsp;(Plan de pr\u00e9vention du Harc\u00e8lement \u00e0 l&#8217;\u00c9cole). Cette cellule regroupe des membres du personnel form\u00e9s pour pr\u00e9venir, identifier et g\u00e9rer les situations de harc\u00e8lement scolaire. [&hellip;]<\/p>\n","protected":false},"author":2,"featured_media":0,"parent":0,"menu_order":0,"comment_status":"closed","ping_status":"closed","template":"","meta":{"footnotes":""},"class_list":["post-7218","page","type-page","status-publish","hentry","post"],"_links":{"self":[{"href":"https:\/\/lfiduras.com\/index.php\/wp-json\/wp\/v2\/pages\/7218","targetHints":{"allow":["GET"]}}],"collection":[{"href":"https:\/\/lfiduras.com\/index.php\/wp-json\/wp\/v2\/pages"}],"about":[{"href":"https:\/\/lfiduras.com\/index.php\/wp-json\/wp\/v2\/types\/page"}],"author":[{"embeddable":true,"href":"https:\/\/lfiduras.com\/index.php\/wp-json\/wp\/v2\/users\/2"}],"replies":[{"embeddable":true,"href":"https:\/\/lfiduras.com\/index.php\/wp-json\/wp\/v2\/comments?post=7218"}],"version-history":[{"count":5,"href":"https:\/\/lfiduras.com\/index.php\/wp-json\/wp\/v2\/pages\/7218\/revisions"}],"predecessor-version":[{"id":7267,"href":"https:\/\/lfiduras.com\/index.php\/wp-json\/wp\/v2\/pages\/7218\/revisions\/7267"}],"wp:attachment":[{"href":"https:\/\/lfiduras.com\/index.php\/wp-json\/wp\/v2\/media?parent=7218"}],"curies":[{"name":"wp","href":"https:\/\/api.w.org\/{rel}","templated":true}]}}