{"id":7921,"date":"2025-02-25T15:19:51","date_gmt":"2025-02-25T08:19:51","guid":{"rendered":"https:\/\/lfiduras.com\/?page_id=7921"},"modified":"2025-02-25T15:19:53","modified_gmt":"2025-02-25T08:19:53","slug":"tous-les-articles","status":"publish","type":"page","link":"https:\/\/lfiduras.com\/index.php\/tous-les-articles\/","title":{"rendered":"Tous les articles"},"content":{"rendered":"<ul class=\"wp-block-latest-posts__list wp-block-latest-posts\"><li><a class=\"wp-block-latest-posts__post-title\" href=\"https:\/\/lfiduras.com\/index.php\/2026\/04\/03\/la-webradio-du-lycee-est-en-ligne\/\">La webradio du lyc\u00e9e est en ligne !<\/a><\/li>\n<li><a class=\"wp-block-latest-posts__post-title\" href=\"https:\/\/lfiduras.com\/index.php\/2026\/04\/03\/le-durasien-parution-du-nouveau-numero-du-club-journal\/\">Le Durasien : parution du nouveau num\u00e9ro du Club Journal<\/a><\/li>\n<li><a class=\"wp-block-latest-posts__post-title\" href=\"https:\/\/lfiduras.com\/index.php\/2026\/03\/23\/partenariat-avec-lassociation-vietnam-france-de-can-tho-a-loccasion-de-la-journee-de-la-francophonie\/\">Partenariat avec l\u2019Association Vietnam\u2013France de C\u1ea7n Th\u01a1 \u2013 \u00e0 l\u2019occasion de la Journ\u00e9e de la Francophonie<\/a><\/li>\n<li><a class=\"wp-block-latest-posts__post-title\" href=\"https:\/\/lfiduras.com\/index.php\/2025\/12\/19\/journal1\/\">Premi\u00e8re \u00e9dition du Club Journal \u2013 Num\u00e9ro de No\u00ebl<\/a><\/li>\n<li><a class=\"wp-block-latest-posts__post-title\" href=\"https:\/\/lfiduras.com\/index.php\/2025\/12\/04\/recrutement-aps\/\">Le LFI Duras recrute des intervenants pour ses Activit\u00e9s P\u00e9riscolaires<\/a><\/li>\n<li><a class=\"wp-block-latest-posts__post-title\" href=\"https:\/\/lfiduras.com\/index.php\/2025\/12\/04\/podcast-rome\/\">\ud83c\udf99\ufe0f Le mythe de la fondation de Rome, racont\u00e9 par nos latinistes<\/a><\/li>\n<li><a class=\"wp-block-latest-posts__post-title\" href=\"https:\/\/lfiduras.com\/index.php\/2025\/12\/03\/dystopies-1llcer\/\">Plong\u00e9e dans les dystopies : les 1\u00e8re LLCER imaginent le futur<\/a><\/li>\n<li><a class=\"wp-block-latest-posts__post-title\" href=\"https:\/\/lfiduras.com\/index.php\/2025\/11\/28\/slfm2025-lectures\/\">Semaine des Lyc\u00e9es Fran\u00e7ais du Monde 2025<\/a><\/li>\n<li><a class=\"wp-block-latest-posts__post-title\" href=\"https:\/\/lfiduras.com\/index.php\/2025\/11\/17\/semaine-des-lycees-francais-du-monde-2025\/\">Semaine des Lyc\u00e9es Fran\u00e7ais du Monde 2025<\/a><\/li>\n<li><a class=\"wp-block-latest-posts__post-title\" href=\"https:\/\/lfiduras.com\/index.php\/2025\/10\/21\/%f0%9f%8e%89-vacances-scolaires-des-ressources-pour-eveiller-la-curiosite\/\">\ud83c\udf89 Vacances scolaires : Des ressources pour \u00e9veiller la curiosit\u00e9 !<\/a><\/li>\n<li><a class=\"wp-block-latest-posts__post-title\" href=\"https:\/\/lfiduras.com\/index.php\/2025\/10\/07\/nouvelle-epreuve-anticipee-de-mathematiques-en-classe-de-premiere\/\">Nouvelle \u00e9preuve anticip\u00e9e de math\u00e9matiques en classe de Premi\u00e8re<\/a><\/li>\n<li><a class=\"wp-block-latest-posts__post-title\" href=\"https:\/\/lfiduras.com\/index.php\/2025\/09\/25\/bien-grandir-avec-les-ecrans-des-reperes-pour-chaque-age\/\">Bien grandir avec les \u00e9crans : des rep\u00e8res pour chaque \u00e2ge<\/a><\/li>\n<li><a class=\"wp-block-latest-posts__post-title\" href=\"https:\/\/lfiduras.com\/index.php\/2025\/09\/23\/apres-la-terminale-parcoursup\/\">Apr\u00e8s la Terminale : PARCOURSUP<\/a><\/li>\n<li><a class=\"wp-block-latest-posts__post-title\" href=\"https:\/\/lfiduras.com\/index.php\/2025\/07\/08\/du-mekong-aux-oceans\/\">Du M\u00e9kong aux Oc\u00e9ans<\/a><\/li>\n<li><a class=\"wp-block-latest-posts__post-title\" href=\"https:\/\/lfiduras.com\/index.php\/2025\/07\/03\/webradio-retrospective-2024-25\/\">Webradio r\u00e9trospective 2024-2025<\/a><\/li>\n<li><a class=\"wp-block-latest-posts__post-title\" href=\"https:\/\/lfiduras.com\/index.php\/2025\/07\/03\/festival-international-du-film-du-developpement-durable\/\">Festival International du Film du D\u00e9veloppement Durable<\/a><\/li>\n<li><a class=\"wp-block-latest-posts__post-title\" href=\"https:\/\/lfiduras.com\/index.php\/2025\/07\/01\/tempus-fugit-2\/\">Tempus Fugit<\/a><\/li>\n<li><a class=\"wp-block-latest-posts__post-title\" href=\"https:\/\/lfiduras.com\/index.php\/2025\/06\/23\/preparer-sa-rentree-en-1ere-hggsp\/\">Pr\u00e9parer sa rentr\u00e9e en 1\u00e8re HGGSP<\/a><\/li>\n<li><a class=\"wp-block-latest-posts__post-title\" href=\"https:\/\/lfiduras.com\/index.php\/2025\/06\/10\/guide-de-la-vie-etudiante\/\">Guide de la vie \u00e9tudiante<\/a><\/li>\n<li><a class=\"wp-block-latest-posts__post-title\" href=\"https:\/\/lfiduras.com\/index.php\/2025\/06\/09\/olympiades-de-mathematiques-de-premiere\/\">Olympiades de math\u00e9matiques de premi\u00e8re<\/a><\/li>\n<li><a class=\"wp-block-latest-posts__post-title\" href=\"https:\/\/lfiduras.com\/index.php\/2025\/06\/09\/comedie-musicale-2\/\">Com\u00e9die musicale<\/a><\/li>\n<li><a class=\"wp-block-latest-posts__post-title\" href=\"https:\/\/lfiduras.com\/index.php\/2025\/06\/02\/tempus-fugit\/\">Tempus Fugit<\/a><\/li>\n<li><a class=\"wp-block-latest-posts__post-title\" href=\"https:\/\/lfiduras.com\/index.php\/2025\/05\/22\/sortie-ceramique\/\">Sortie c\u00e9ramique<\/a><\/li>\n<li><a class=\"wp-block-latest-posts__post-title\" href=\"https:\/\/lfiduras.com\/index.php\/2025\/05\/20\/mai-des-langues-4\/\">Mai des langues<\/a><\/li>\n<li><a class=\"wp-block-latest-posts__post-title\" href=\"https:\/\/lfiduras.com\/index.php\/2025\/05\/15\/chorasies-2025\/\">Chorasies 2025<\/a><\/li>\n<li><a class=\"wp-block-latest-posts__post-title\" href=\"https:\/\/lfiduras.com\/index.php\/2025\/05\/12\/mon-visage-dinsomnie\/\">Th\u00e9\u00e2tre au LfiDuras &#8211;<\/a><\/li>\n<li><a class=\"wp-block-latest-posts__post-title\" href=\"https:\/\/lfiduras.com\/index.php\/2025\/04\/22\/le-lfid-a-la-semaine-des-webradios\/\">Le LFID \u00e0 la semaine des webradios\u00a0!<\/a><\/li>\n<li><a class=\"wp-block-latest-posts__post-title\" href=\"https:\/\/lfiduras.com\/index.php\/2025\/04\/15\/nuit-du-badminton\/\">Nuit du badminton<\/a><\/li>\n<li><a class=\"wp-block-latest-posts__post-title\" href=\"https:\/\/lfiduras.com\/index.php\/2025\/04\/14\/grand-concert-de-loclfm-2025\/\">Grand Concert de l&#8217;OCLFM 2025<\/a><\/li>\n<li><a class=\"wp-block-latest-posts__post-title\" href=\"https:\/\/lfiduras.com\/index.php\/2025\/04\/14\/frederic-martel-a-la-rencontre-des-lyceens\/\">Fr\u00e9d\u00e9ric Martel \u00e0 la rencontre des lyc\u00e9ens<\/a><\/li>\n<li><a class=\"wp-block-latest-posts__post-title\" href=\"https:\/\/lfiduras.com\/index.php\/2025\/04\/08\/ambassadeurs-ambassadrices-en-herbe\/\">Ambassadeurs, ambassadrices en herbe<\/a><\/li>\n<li><a class=\"wp-block-latest-posts__post-title\" href=\"https:\/\/lfiduras.com\/index.php\/2025\/03\/31\/diner-solidaire\/\">D\u00eener solidaire<\/a><\/li>\n<li><a class=\"wp-block-latest-posts__post-title\" href=\"https:\/\/lfiduras.com\/index.php\/2025\/03\/10\/magazine-mind-over-mystery\/\">Magazine Mind Over Mystery<\/a><\/li>\n<li><a class=\"wp-block-latest-posts__post-title\" href=\"https:\/\/lfiduras.com\/index.php\/2025\/02\/25\/south-africa\/\">South Africa<\/a><\/li>\n<li><a class=\"wp-block-latest-posts__post-title\" href=\"https:\/\/lfiduras.com\/index.php\/2025\/02\/25\/voyage-a-dien-bien-phu\/\">Voyage \u00e0 Dien Bien Phu<\/a><\/li>\n<li><a class=\"wp-block-latest-posts__post-title\" href=\"https:\/\/lfiduras.com\/index.php\/2025\/02\/17\/semaine-de-lamour\/\">Semaine de l&#8217;amour<\/a><\/li>\n<li><a class=\"wp-block-latest-posts__post-title\" href=\"https:\/\/lfiduras.com\/index.php\/2025\/02\/13\/semaine-des-maths-edition-2025\/\">Semaine des maths &#8211; Edition 2025<\/a><\/li>\n<li><a class=\"wp-block-latest-posts__post-title\" href=\"https:\/\/lfiduras.com\/index.php\/2025\/01\/20\/concours-de-couverture\/\">Concours de couverture<\/a><\/li>\n<li><a class=\"wp-block-latest-posts__post-title\" href=\"https:\/\/lfiduras.com\/index.php\/2024\/12\/20\/lecture-a-voix-haute\/\">Lecture \u00e0 voix haute<\/a><\/li>\n<li><a class=\"wp-block-latest-posts__post-title\" href=\"https:\/\/lfiduras.com\/index.php\/2024\/12\/18\/concours-photo-poeme-2\/\">Concours photo\/po\u00e8me<\/a><\/li>\n<li><a class=\"wp-block-latest-posts__post-title\" href=\"https:\/\/lfiduras.com\/index.php\/2024\/12\/16\/visite-a-la-galerie-lotus\/\">Visite \u00e0 la galerie Lotus<\/a><\/li>\n<li><a class=\"wp-block-latest-posts__post-title\" href=\"https:\/\/lfiduras.com\/index.php\/2024\/12\/16\/visite-au-musee-dart-vietnamien-quang-san\/\">Visite au mus\u00e9e d&#8217;art vietnamien Quang San<\/a><\/li>\n<li><a class=\"wp-block-latest-posts__post-title\" href=\"https:\/\/lfiduras.com\/index.php\/2024\/12\/12\/visite-au-musee-des-beaux-arts\/\">Visite au mus\u00e9e des beaux-arts<\/a><\/li>\n<li><a class=\"wp-block-latest-posts__post-title\" href=\"https:\/\/lfiduras.com\/index.php\/2024\/12\/05\/semaine-de-lorientation-2\/\">Semaine de l&#8217;orientation<\/a><\/li>\n<li><a class=\"wp-block-latest-posts__post-title\" href=\"https:\/\/lfiduras.com\/index.php\/2024\/12\/03\/semaine-des-lycees-francais-du-monde-3\/\">Semaine des lyc\u00e9es fran\u00e7ais du monde<\/a><\/li>\n<li><a class=\"wp-block-latest-posts__post-title\" href=\"https:\/\/lfiduras.com\/index.php\/2024\/11\/21\/salon-virtuel-des-etudes-superieures-en-france\/\">Salon virtuel des \u00e9tudes sup\u00e9rieures en France<\/a><\/li>\n<li><a class=\"wp-block-latest-posts__post-title\" href=\"https:\/\/lfiduras.com\/index.php\/2024\/11\/12\/ceremonie-du-11-novembre-2\/\">C\u00e9r\u00e9monie du 11 novembre<\/a><\/li>\n<li><a class=\"wp-block-latest-posts__post-title\" href=\"https:\/\/lfiduras.com\/index.php\/2024\/11\/11\/cross-du-lfi-duras-mardi-26-novembre\/\">Cross du LFI Duras &#8211; Mardi 26 novembre\u00a0<\/a><\/li>\n<li><a class=\"wp-block-latest-posts__post-title\" href=\"https:\/\/lfiduras.com\/index.php\/2024\/11\/05\/journee-nationale-de-lutte-contre-le-harcelement\/\">Journ\u00e9e nationale de lutte contre le harc\u00e8lement<\/a><\/li>\n<li><a class=\"wp-block-latest-posts__post-title\" href=\"https:\/\/lfiduras.com\/index.php\/2024\/11\/04\/webradio\/\">Webradio<\/a><\/li>\n<li><a class=\"wp-block-latest-posts__post-title\" href=\"https:\/\/lfiduras.com\/index.php\/2024\/10\/17\/concours-photo-poeme\/\">Concours photo\/po\u00e8me<\/a><\/li>\n<li><a class=\"wp-block-latest-posts__post-title\" href=\"https:\/\/lfiduras.com\/index.php\/2024\/10\/07\/elections-representants-parents-deleves\/\">Elections repr\u00e9sentants parents d&#8217;\u00e9l\u00e8ves<\/a><\/li>\n<li><a class=\"wp-block-latest-posts__post-title\" href=\"https:\/\/lfiduras.com\/index.php\/2024\/09\/19\/journee-nationale-du-sport-scolaire\/\">Journ\u00e9e nationale du sport scolaire<\/a><\/li>\n<li><a class=\"wp-block-latest-posts__post-title\" href=\"https:\/\/lfiduras.com\/index.php\/2024\/09\/12\/journee-du-sport-scolaire\/\">Journ\u00e9e du sport scolaire<\/a><\/li>\n<li><a class=\"wp-block-latest-posts__post-title\" href=\"https:\/\/lfiduras.com\/index.php\/2024\/06\/27\/concours-de-couverture-yearbook-2023-2024\/\">Concours de couverture &#8211; Yearbook 2023\/2024<\/a><\/li>\n<li><a class=\"wp-block-latest-posts__post-title\" href=\"https:\/\/lfiduras.com\/index.php\/2024\/06\/25\/emission-web-radio-des-eco-delegues\/\">Emission Web Radio des \u00e9co-d\u00e9l\u00e9gu\u00e9s<\/a><\/li>\n<li><a class=\"wp-block-latest-posts__post-title\" href=\"https:\/\/lfiduras.com\/index.php\/2024\/06\/10\/je-filme-le-metier-qui-me-plait\/\">Je filme le m\u00e9tier qui me pla\u00eet<\/a><\/li>\n<li><a class=\"wp-block-latest-posts__post-title\" href=\"https:\/\/lfiduras.com\/index.php\/2024\/05\/21\/concours-cgenial-le-lfiduras-en-finale\/\">Concours CG\u00e9nial &#8211; Le LfiDuras en finale<\/a><\/li>\n<li><a class=\"wp-block-latest-posts__post-title\" href=\"https:\/\/lfiduras.com\/index.php\/2024\/05\/20\/semaine-de-lantiquite\/\">Semaine de l&#8217;antiquit\u00e9<\/a><\/li>\n<li><a class=\"wp-block-latest-posts__post-title\" href=\"https:\/\/lfiduras.com\/index.php\/2024\/04\/01\/les-jeux-dasie\/\">Les jeux d&#8217;Asie<\/a><\/li>\n<li><a class=\"wp-block-latest-posts__post-title\" href=\"https:\/\/lfiduras.com\/index.php\/2024\/03\/26\/quels-sont-les-tresors-de-la-mer\/\">Quels sont les tr\u00e9sors de la mer ?<\/a><\/li>\n<li><a class=\"wp-block-latest-posts__post-title\" href=\"https:\/\/lfiduras.com\/index.php\/2024\/03\/22\/bernard-werber-au-lfiduras\/\">Bernard Werber au LfiDuras<\/a><\/li>\n<li><a class=\"wp-block-latest-posts__post-title\" href=\"https:\/\/lfiduras.com\/index.php\/2024\/03\/18\/tournoi-dechecs-a-la-vfis\/\">Tournoi d&#8217;\u00e9checs \u00e0 la VFIS<\/a><\/li>\n<li><a class=\"wp-block-latest-posts__post-title\" href=\"https:\/\/lfiduras.com\/index.php\/2024\/03\/18\/coupe-dasie-de-football-2\/\">Coupe d&#8217;Asie de football &#8211;<\/a><\/li>\n<li><a class=\"wp-block-latest-posts__post-title\" href=\"https:\/\/lfiduras.com\/index.php\/2024\/03\/08\/journee-internationale-des-droits-de-la-femme-2\/\">Journ\u00e9e internationale des droits de la femme<\/a><\/li>\n<li><a class=\"wp-block-latest-posts__post-title\" href=\"https:\/\/lfiduras.com\/index.php\/2024\/03\/04\/le-plus-beau-poeme-damour\/\">Le plus beau po\u00e8me d&#8217;amour<\/a><\/li>\n<li><a class=\"wp-block-latest-posts__post-title\" href=\"https:\/\/lfiduras.com\/index.php\/2024\/03\/01\/randonnee-des-ps-au-lake-view\/\">Randonn\u00e9e des PS au Lake View<\/a><\/li>\n<li><a class=\"wp-block-latest-posts__post-title\" href=\"https:\/\/lfiduras.com\/index.php\/2024\/02\/27\/exposition-south-africa-from-apartheid-to-the-rainbow-nation\/\">Exposition &#8220;South Africa, from apartheid to the Rainbow Nation&#8221;<\/a><\/li>\n<li><a class=\"wp-block-latest-posts__post-title\" href=\"https:\/\/lfiduras.com\/index.php\/2024\/02\/27\/finale-ambassadeurs-ambassadrices-en-herbe\/\">Finale Ambassadeurs, Ambassadrices en herbe<\/a><\/li>\n<li><a class=\"wp-block-latest-posts__post-title\" href=\"https:\/\/lfiduras.com\/index.php\/2024\/02\/02\/tet-2024\/\">T\u00eat 2024<\/a><\/li>\n<li><a class=\"wp-block-latest-posts__post-title\" href=\"https:\/\/lfiduras.com\/index.php\/2024\/02\/01\/le-duras-time\/\">Le Duras Time<\/a><\/li>\n<li><a class=\"wp-block-latest-posts__post-title\" href=\"https:\/\/lfiduras.com\/index.php\/2024\/01\/25\/le-grand-tour-a-tourane\/\">Le Grand Tour \u00e0 Tourane<\/a><\/li>\n<li><a class=\"wp-block-latest-posts__post-title\" href=\"https:\/\/lfiduras.com\/index.php\/2024\/01\/18\/prozap-escalade\/\">Prozap escalade<\/a><\/li>\n<li><a class=\"wp-block-latest-posts__post-title\" href=\"https:\/\/lfiduras.com\/index.php\/2024\/01\/16\/calligraphie\/\">Calligraphie<\/a><\/li>\n<li><a class=\"wp-block-latest-posts__post-title\" href=\"https:\/\/lfiduras.com\/index.php\/2024\/01\/15\/rencontre-litteraire\/\">Rencontre litt\u00e9raire<\/a><\/li>\n<li><a class=\"wp-block-latest-posts__post-title\" href=\"https:\/\/lfiduras.com\/index.php\/2024\/01\/12\/non-au-harcelement\/\">Non au Harc\u00e8lement<\/a><\/li>\n<li><a class=\"wp-block-latest-posts__post-title\" href=\"https:\/\/lfiduras.com\/index.php\/2024\/01\/11\/remise-dnb\/\">Remise du DNB<\/a><\/li>\n<li><a class=\"wp-block-latest-posts__post-title\" href=\"https:\/\/lfiduras.com\/index.php\/2023\/12\/21\/5728\/\">PROZAP MUN du LFRD de Phnom Penh<\/a><\/li>\n<li><a class=\"wp-block-latest-posts__post-title\" href=\"https:\/\/lfiduras.com\/index.php\/2023\/12\/19\/flashmob-danse-des-jeux\/\">FlashMob \u00ab\u00a0Danse des jeux\u00a0\u00bb<\/a><\/li>\n<li><a class=\"wp-block-latest-posts__post-title\" href=\"https:\/\/lfiduras.com\/index.php\/2023\/12\/18\/concours-de-lecture-a-haute-voix\/\">Concours de lecture \u00e0 haute voix<\/a><\/li>\n<li><a class=\"wp-block-latest-posts__post-title\" href=\"https:\/\/lfiduras.com\/index.php\/2023\/12\/14\/semaine-de-lorientation\/\">Semaine de l&#8217;orientation<\/a><\/li>\n<li><a class=\"wp-block-latest-posts__post-title\" href=\"https:\/\/lfiduras.com\/index.php\/2023\/12\/14\/paysage-dans-loubli-dolivier-dhenin\/\">Paysage dans l&#8217;oubli&#8221; d&#8217;Olivier Dh\u00e9nin\u00a0<\/a><\/li>\n<li><a class=\"wp-block-latest-posts__post-title\" href=\"https:\/\/lfiduras.com\/index.php\/2023\/12\/12\/journees-sportives-francophones\/\">Journ\u00e9es sportives francophones<\/a><\/li>\n<li><a class=\"wp-block-latest-posts__post-title\" href=\"https:\/\/lfiduras.com\/index.php\/2023\/12\/11\/assemblee-generale-de-lassociation-sportive\/\">Assembl\u00e9e g\u00e9n\u00e9rale de l&#8217;Association Sportive<\/a><\/li>\n<li><a class=\"wp-block-latest-posts__post-title\" href=\"https:\/\/lfiduras.com\/index.php\/2023\/12\/05\/sortie-a-la-galerie-lotus\/\">Sortie \u00e0 la galerie Lotus<\/a><\/li>\n<li><a class=\"wp-block-latest-posts__post-title\" href=\"https:\/\/lfiduras.com\/index.php\/2023\/11\/30\/il-etait-une-fois-les-femmes-dans-les-jeux-olympiques\/\">Il \u00e9tait une fois les femmes dans les jeux olympiques<\/a><\/li>\n<li><a class=\"wp-block-latest-posts__post-title\" href=\"https:\/\/lfiduras.com\/index.php\/2023\/11\/27\/commerce-transatlantique-des-esclaves\/\">Commerce transatlantique des esclaves<\/a><\/li>\n<li><a class=\"wp-block-latest-posts__post-title\" href=\"https:\/\/lfiduras.com\/index.php\/2023\/11\/27\/semaine-des-lycees-francais-du-monde-2\/\">Semaine des Lyc\u00e9es Fran\u00e7ais du Monde<\/a><\/li>\n<li><a class=\"wp-block-latest-posts__post-title\" href=\"https:\/\/lfiduras.com\/index.php\/2023\/11\/27\/hybridation\/\">Hybridation<\/a><\/li>\n<li><a class=\"wp-block-latest-posts__post-title\" href=\"https:\/\/lfiduras.com\/index.php\/2023\/11\/23\/cross-reporte\/\">Cross report\u00e9<\/a><\/li>\n<li><a class=\"wp-block-latest-posts__post-title\" href=\"https:\/\/lfiduras.com\/index.php\/2023\/11\/23\/comite-de-pilotage-e3d\/\">Comit\u00e9 de pilotage E3D<\/a><\/li>\n<li><a class=\"wp-block-latest-posts__post-title\" href=\"https:\/\/lfiduras.com\/index.php\/2023\/11\/20\/fete-des-enseignants\/\">F\u00eate des enseignants<\/a><\/li>\n<li><a class=\"wp-block-latest-posts__post-title\" href=\"https:\/\/lfiduras.com\/index.php\/2023\/11\/16\/paysage-dans-loubli\/\">Paysage dans l&#8217;oubli<\/a><\/li>\n<li><a class=\"wp-block-latest-posts__post-title\" href=\"https:\/\/lfiduras.com\/index.php\/2023\/11\/16\/ceremonie-du-11-novembre\/\">C\u00e9r\u00e9monie du 11 novembre<\/a><\/li>\n<li><a class=\"wp-block-latest-posts__post-title\" href=\"https:\/\/lfiduras.com\/index.php\/2023\/11\/09\/concours-le-plus-beau-poeme-damour\/\">Concours\u00a0: Le plus beau po\u00e8me d\u2019amour<\/a><\/li>\n<li><a class=\"wp-block-latest-posts__post-title\" href=\"https:\/\/lfiduras.com\/index.php\/2023\/11\/07\/concours-photo-instagram\/\">Concours photo Instagram<\/a><\/li>\n<li><a class=\"wp-block-latest-posts__post-title\" href=\"https:\/\/lfiduras.com\/index.php\/2023\/10\/02\/visites\/\">Visites<\/a><\/li>\n<li><a class=\"wp-block-latest-posts__post-title\" href=\"https:\/\/lfiduras.com\/index.php\/2023\/10\/02\/concours-de-gout\/\">Concours de go\u00fbt<\/a><\/li>\n<li><a class=\"wp-block-latest-posts__post-title\" href=\"https:\/\/lfiduras.com\/index.php\/2023\/09\/29\/mini-salon-campus-france-2\/\">Mini salon Campus France<\/a><\/li>\n<li><a class=\"wp-block-latest-posts__post-title\" href=\"https:\/\/lfiduras.com\/index.php\/2023\/09\/25\/mini-salon-campus-france\/\">Mini salon Campus France<\/a><\/li>\n<\/ul>","protected":false},"excerpt":{"rendered":"","protected":false},"author":2,"featured_media":0,"parent":0,"menu_order":0,"comment_status":"closed","ping_status":"closed","template":"","meta":{"footnotes":""},"class_list":["post-7921","page","type-page","status-publish","hentry","post"],"_links":{"self":[{"href":"https:\/\/lfiduras.com\/index.php\/wp-json\/wp\/v2\/pages\/7921","targetHints":{"allow":["GET"]}}],"collection":[{"href":"https:\/\/lfiduras.com\/index.php\/wp-json\/wp\/v2\/pages"}],"about":[{"href":"https:\/\/lfiduras.com\/index.php\/wp-json\/wp\/v2\/types\/page"}],"author":[{"embeddable":true,"href":"https:\/\/lfiduras.com\/index.php\/wp-json\/wp\/v2\/users\/2"}],"replies":[{"embeddable":true,"href":"https:\/\/lfiduras.com\/index.php\/wp-json\/wp\/v2\/comments?post=7921"}],"version-history":[{"count":1,"href":"https:\/\/lfiduras.com\/index.php\/wp-json\/wp\/v2\/pages\/7921\/revisions"}],"predecessor-version":[{"id":7922,"href":"https:\/\/lfiduras.com\/index.php\/wp-json\/wp\/v2\/pages\/7921\/revisions\/7922"}],"wp:attachment":[{"href":"https:\/\/lfiduras.com\/index.php\/wp-json\/wp\/v2\/media?parent=7921"}],"curies":[{"name":"wp","href":"https:\/\/api.w.org\/{rel}","templated":true}]}}